{"id":10,"date":"2023-07-20T06:45:41","date_gmt":"2023-07-20T06:45:41","guid":{"rendered":"https:\/\/emdatec.de\/?page_id=10"},"modified":"2024-01-28T21:43:54","modified_gmt":"2024-01-28T21:43:54","slug":"start-2","status":"publish","type":"page","link":"https:\/\/emdatec.de\/de\/","title":{"rendered":"Start"},"content":{"rendered":"\t\t<div data-elementor-type=\"wp-page\" data-elementor-id=\"10\" class=\"elementor elementor-10\" data-elementor-post-type=\"page\">\n\t\t\t\t\t\t<section class=\"elementor-section elementor-top-section elementor-element elementor-element-ff7c21e elementor-section-full_width elementor-section-stretched elementor-section-height-min-height elementor-section-height-default elementor-section-items-middle\" data-id=\"ff7c21e\" data-element_type=\"section\" data-e-type=\"section\" data-settings=\"{&quot;stretch_section&quot;:&quot;section-stretched&quot;}\">\n\t\t\t\t\t\t<div class=\"elementor-container elementor-column-gap-default\">\n\t\t\t\t\t<div class=\"elementor-column elementor-col-100 elementor-top-column elementor-element elementor-element-10296cf\" data-id=\"10296cf\" data-element_type=\"column\" data-e-type=\"column\">\n\t\t\t<div class=\"elementor-widget-wrap elementor-element-populated\">\n\t\t\t\t\t\t<div class=\"elementor-element elementor-element-7943204 elementor--v-position-bottom elementor--h-position-center elementor-pagination-position-inside elementor-widget elementor-widget-slides\" data-id=\"7943204\" data-element_type=\"widget\" data-e-type=\"widget\" data-settings=\"{&quot;navigation&quot;:&quot;dots&quot;,&quot;autoplay&quot;:&quot;yes&quot;,&quot;pause_on_hover&quot;:&quot;yes&quot;,&quot;pause_on_interaction&quot;:&quot;yes&quot;,&quot;autoplay_speed&quot;:5000,&quot;infinite&quot;:&quot;yes&quot;,&quot;transition&quot;:&quot;slide&quot;,&quot;transition_speed&quot;:500}\" data-widget_type=\"slides.default\">\n\t\t\t\t<div class=\"elementor-widget-container\">\n\t\t\t\t\t\t\t\t\t<div class=\"elementor-swiper\">\n\t\t\t\t\t<div class=\"elementor-slides-wrapper elementor-main-swiper swiper\" role=\"region\" aria-roledescription=\"carousel\" aria-label=\"Slider\" dir=\"ltr\" data-animation=\"\">\n\t\t\t\t<div class=\"swiper-wrapper elementor-slides\">\n\t\t\t\t\t\t\t\t\t\t<div class=\"elementor-repeater-item-984fea5 swiper-slide\" role=\"group\" aria-roledescription=\"slide\"><div class=\"swiper-slide-bg\" role=\"img\" aria-label=\"teaser-emdatec\"><\/div><a class=\"swiper-slide-inner\" href=\"https:\/\/emdatec.de\/de\/ueber-uns\/\"><div class=\"swiper-slide-contents\"><div class=\"elementor-slide-heading\"><h1>\u00dcBER 30 JAHRE <br>INNOVATIVE <br>DACHPRODUKTE<\/h1><\/div><div  class=\"elementor-button elementor-slide-button elementor-size-sm\">Zur Firmengeschichte<\/div><\/div><\/a><\/div><div class=\"elementor-repeater-item-0bccc26 swiper-slide\" role=\"group\" aria-roledescription=\"slide\"><div class=\"swiper-slide-bg\" role=\"img\" aria-label=\"emdatec-steildach-hersteller\"><\/div><a class=\"swiper-slide-inner\" href=\"https:\/\/emdatec.de\/de\/service\/\"><div class=\"swiper-slide-contents\"><div class=\"elementor-slide-heading\">KOMPETENTE<br> FERTIGUNG IN<br> EMSDETTEN<\/div><div  class=\"elementor-button elementor-slide-button elementor-size-sm\">Mehr zum Service<\/div><\/div><\/a><\/div><div class=\"elementor-repeater-item-15eacc9 swiper-slide\" role=\"group\" aria-roledescription=\"slide\"><div class=\"swiper-slide-bg\" role=\"img\" aria-label=\"teaser-steildachprodukte\"><\/div><a class=\"swiper-slide-inner\" href=\"https:\/\/emdatec.de\/de\/steildach\/\"><div class=\"swiper-slide-contents\"><div class=\"elementor-slide-heading\">PRODUKTE <br>F\u00dcR DAS <br>STEILDACH<\/div><div  class=\"elementor-button elementor-slide-button elementor-size-sm\">zu den Steildachprodukten<\/div><\/div><\/a><\/div><div class=\"elementor-repeater-item-5e49468 swiper-slide\" role=\"group\" aria-roledescription=\"slide\"><div class=\"swiper-slide-bg\" role=\"img\" aria-label=\"teaser-flachdachprodukte-1\"><\/div><a class=\"swiper-slide-inner\" href=\"https:\/\/emdatec.de\/de\/flachdach\/\"><div class=\"swiper-slide-contents\"><div class=\"elementor-slide-heading\">PRODUKTE <br>F\u00dcR DAS <br>FLACHDACH<\/div><div  class=\"elementor-button elementor-slide-button elementor-size-sm\">zu den Flachdachprodukten<\/div><\/div><\/a><\/div>\t\t\t\t<\/div>\n\t\t\t\t\t\t\t\t\t\t\t\t\t\t\t\t\t\t\t\t<div class=\"swiper-pagination\"><\/div>\n\t\t\t\t\t\t\t\t\t\t\t\t<\/div>\n\t\t\t\t<\/div>\n\t\t\t\t\t\t\t\t<\/div>\n\t\t\t\t<\/div>\n\t\t\t\t\t<\/div>\n\t\t<\/div>\n\t\t\t\t\t<\/div>\n\t\t<\/section>\n\t\t\t\t<section class=\"elementor-section elementor-top-section elementor-element elementor-element-00901b7 elementor-section-boxed elementor-section-height-default elementor-section-height-default\" data-id=\"00901b7\" data-element_type=\"section\" data-e-type=\"section\" data-settings=\"{&quot;background_background&quot;:&quot;classic&quot;}\">\n\t\t\t\t\t\t<div class=\"elementor-container elementor-column-gap-default\">\n\t\t\t\t\t<div class=\"elementor-column elementor-col-100 elementor-top-column elementor-element elementor-element-1842274\" data-id=\"1842274\" data-element_type=\"column\" data-e-type=\"column\">\n\t\t\t<div class=\"elementor-widget-wrap elementor-element-populated\">\n\t\t\t\t\t\t<div class=\"elementor-element elementor-element-f57b7e4 elementor-widget elementor-widget-Swiper Slider\" data-id=\"f57b7e4\" data-element_type=\"widget\" data-e-type=\"widget\" data-widget_type=\"Swiper Slider.default\">\n\t\t\t\t<div class=\"elementor-widget-container\">\n\t\t\t\t\t<div class=\"swiper mySwiper product-slider\"><div class=\"swiper-wrapper\"><div class=\"swiper-slide\"><a href=\"https:\/\/emdatec.de\/de\/mauerabdeckung\/\"><img decoding=\"async\" src=\"https:\/\/emdatec.de\/wp-content\/uploads\/2023\/08\/mauerabdeckung.500x282.jpg\"><h5>Mauerabdeckung<\/h5><p>Professionelle Mauerabdeckung aus Aluminium. Individuelle Fertigung m\u00f6glich. Einfach und sicher bei der Montage.<\/p><h6>zu den Produkten<\/h6><\/a><\/div><div class=\"swiper-slide\"><a href=\"https:\/\/emdatec.de\/de\/steildach\/\"><img decoding=\"async\" src=\"https:\/\/emdatec.de\/wp-content\/uploads\/2023\/08\/steildach-1.320x180.jpg\"><h5>Steildach-Sortiment<\/h5><p>Die EMDATEC GmbH bietet Ihnen f\u00fcr den Ausbau des Daches, eigens hergestellte Produkte f\u00fcr das Steildach in h\u00f6chster Qualit\u00e4t. <\/p><h6>zu den Produkten<\/h6><\/a><\/div><div class=\"swiper-slide\"><a href=\"https:\/\/emdatec.de\/de\/steildach\/first-und-gratrollen\/\"><img decoding=\"async\" src=\"https:\/\/emdatec.de\/wp-content\/uploads\/2023\/08\/steildachprodukte.500x282.jpg\"><h5>First- und Gratrollen<\/h5><p>Hochwertige First- und Gratrollen f\u00fcr eine optimale Bel\u00fcftung zwischen Traufe und First. Die extrem haftstarken Klebestreifen sorgen f\u00fcr einen sicheren Halt.<\/p><h6>zu den Produkten<\/h6><\/a><\/div><div class=\"swiper-slide\"><a href=\"https:\/\/emdatec.de\/de\/steildach\/kamin-und-wandanschlusse\/\"><img decoding=\"async\" src=\"https:\/\/emdatec.de\/wp-content\/uploads\/2023\/08\/kamin-wandanschluss.jpg\"><h5>Kamin- und <br>Wandanschl\u00fcsse<\/h5><p>Universelle L\u00f6sungen zum Abdichten an Wand und Kamin, sowie bei aufgehenden Bauteilen und Durchdringungen. <\/p><h6>zu den Produkten<\/h6><\/a><\/div><div class=\"swiper-slide\"><a href=\"https:\/\/emdatec.de\/de\/dachunterspannbahn\/\"><img decoding=\"async\" src=\"https:\/\/emdatec.de\/wp-content\/uploads\/2023\/08\/emda-premio-us220.320x180.jpg\"><h5>Unterspann- und Fassadenbahnen<\/h5><p>Qualitativ hochwertige Unterdeck-, Unterspann- und Schalungsbahnen, Fassadenbahnen und Dampfbremsfolien.<\/p><h6>zu den Produkten<\/h6><\/a><\/div><div class=\"swiper-slide\"><a href=\"https:\/\/emdatec.de\/de\/steildach\/klebebander\/\"><img decoding=\"async\" src=\"https:\/\/emdatec.de\/wp-content\/uploads\/2023\/08\/klebebaender.500x282.jpg\"><h5>Klebeb\u00e4nder<\/h5><p>Klebeb\u00e4nder f\u00fcr luftdichte Verklebungen und f\u00fcr Reparaturarbeiten an diffusionsoffenen Unterspannbahnen. F\u00fcr Innen und Aussen. <\/p><h6>zu den Produkten<\/h6><\/a><\/div><div class=\"swiper-slide\"><a href=\"https:\/\/emdatec.de\/de\/steildach\/zubehoer\/\"><img decoding=\"async\" src=\"https:\/\/emdatec.de\/wp-content\/uploads\/2023\/08\/emda-kupferband-200-1.320x180.jpg\"><h5>Steildach-Zubeh\u00f6r<\/h5><p>Ob Traufenrollen, Schutzgitter oder L\u00fcftungsleisten \u2013 hier finden Sie weitere Produkte rund um das Steildach. <\/p><h6>zu den Produkten<\/h6><\/a><\/div><div class=\"swiper-slide\"><a href=\"https:\/\/emdatec.de\/de\/flachdach\/\"><img decoding=\"async\" src=\"https:\/\/emdatec.de\/wp-content\/uploads\/2023\/08\/flachdach-1.320x180.jpg\"><h5>Flachdach-Sortiment<\/h5><p>Ob Profile mit Zubeh\u00f6r, Flachdachl\u00fcfter oder Mauerabdeckungen \u2013 \u00fcberzeugen Sie sich von unserer hochwertigen Produktvielfalt. <\/p><h6>zu den Produkten<\/h6><\/a><\/div><div class=\"swiper-slide\"><a href=\"https:\/\/emdatec.de\/de\/flachdach\/mehrteiliges-dachrandabschlussprofil\/\"><img decoding=\"async\" src=\"https:\/\/emdatec.de\/wp-content\/uploads\/2023\/08\/mehrteiliges-flachdachprofil.500x282.jpg\"><h5>Mehrteiliges Dachrandabschlussprofil<\/h5><p>Individuell gefertigte Blende aus Aluminium. Die Abstandshalter sind mit einer einzigen Schraube h\u00f6hen- und neigungsverstellbar. <\/p><h6>zu den Produkten<\/h6><\/a><\/div><div class=\"swiper-slide\"><a href=\"https:\/\/emdatec.de\/de\/wandanschluss-flachdach\/\"><img decoding=\"async\" src=\"https:\/\/emdatec.de\/wp-content\/uploads\/2023\/08\/flachdach-profil.500x282.jpg\"><h5>Wandanschlussprofile<\/h5><p>Hochwertige Anschlussprofile f\u00fcr Befestigungen an aufgehenden Wandfl\u00e4chen und Bauteilen, Parkdecks, Balkonen und Terrassen.<\/p><h6>zu den Produkten<\/h6><\/a><\/div><div class=\"swiper-slide\"><a href=\"https:\/\/emdatec.de\/de\/flachdach\/zweiteiliges-dachrandabschlussprofil\/\"><img decoding=\"async\" src=\"https:\/\/emdatec.de\/wp-content\/uploads\/2023\/08\/dachrandabschlussprofil.500x282.jpg\"><h5>2-Teiliges Dachrandabschlussprofil<\/h5><p>Sicheres Aluminiumprofil mit Klemmleiste zur Befestigung von Bitumenschweissbahnen und Dachfolien. Idealer Halt auch bei unterschiedlicher Witterung.<\/p><h6>zu den Produkten<\/h6><\/a><\/div><div class=\"swiper-slide\"><a href=\"https:\/\/emdatec.de\/de\/flachdach\/zubehor\/\"><img decoding=\"async\" src=\"https:\/\/emdatec.de\/wp-content\/uploads\/2023\/08\/zubehoer-flachdach.500x282-1.jpg\"><h5>Flachdach-Zubeh\u00f6r<\/h5><p>Ob Flachdachl\u00fcfter, Anschlussbahn oder Kiesfangleisten \u2013 hier finden Sie weitere Produkte rund um das Flachdach. <\/p><h6>zu den Produkten<\/h6><\/a><\/div><\/div><\/div><div class=\"swiper-button-prev product-slider-button\"><\/div><div class=\"swiper-button-next product-slider-button\"><\/div>\t\t\t\t<\/div>\n\t\t\t\t<\/div>\n\t\t\t\t\t<\/div>\n\t\t<\/div>\n\t\t\t\t\t<\/div>\n\t\t<\/section>\n\t\t\t\t<section class=\"elementor-section elementor-top-section elementor-element elementor-element-d8bf04f elementor-section-full_width elementor-section-stretched elementor-section-height-default elementor-section-height-default\" data-id=\"d8bf04f\" data-element_type=\"section\" data-e-type=\"section\" data-settings=\"{&quot;background_background&quot;:&quot;classic&quot;,&quot;stretch_section&quot;:&quot;section-stretched&quot;}\">\n\t\t\t\t\t\t<div class=\"elementor-container elementor-column-gap-default\">\n\t\t\t\t\t<div class=\"elementor-column elementor-col-100 elementor-top-column elementor-element elementor-element-26d1516\" data-id=\"26d1516\" data-element_type=\"column\" data-e-type=\"column\">\n\t\t\t<div class=\"elementor-widget-wrap elementor-element-populated\">\n\t\t\t\t\t\t<div class=\"elementor-element elementor-element-ae3d056 elementor-widget elementor-widget-heading\" data-id=\"ae3d056\" data-element_type=\"widget\" data-e-type=\"widget\" data-widget_type=\"heading.default\">\n\t\t\t\t<div class=\"elementor-widget-container\">\n\t\t\t\t\t<h2 class=\"elementor-heading-title elementor-size-default\">QUALIT\u00c4T HAT\n<br>\nOBERSTE PRIORIT\u00c4T<\/h2>\t\t\t\t<\/div>\n\t\t\t\t<\/div>\n\t\t\t\t<div class=\"elementor-element elementor-element-cfce1a6 elementor-widget elementor-widget-image\" data-id=\"cfce1a6\" data-element_type=\"widget\" data-e-type=\"widget\" data-widget_type=\"image.default\">\n\t\t\t\t<div class=\"elementor-widget-container\">\n\t\t\t\t\t\t\t\t\t\t\t\t\t\t\t<img decoding=\"async\" width=\"300\" height=\"43\" src=\"https:\/\/emdatec.de\/wp-content\/uploads\/2023\/07\/made-in-germany-1.300x0-is.png\" class=\"attachment-large size-large wp-image-498\" alt=\"\" \/>\t\t\t\t\t\t\t\t\t\t\t\t\t\t\t<\/div>\n\t\t\t\t<\/div>\n\t\t\t\t\t<\/div>\n\t\t<\/div>\n\t\t\t\t\t<\/div>\n\t\t<\/section>\n\t\t\t\t<\/div>\n\t\t","protected":false},"excerpt":{"rendered":"<p>\u00dcBER 30 JAHRE INNOVATIVE DACHPRODUKTE Zur FirmengeschichteKOMPETENTE FERTIGUNG IN EMSDETTENMehr zum ServicePRODUKTE F\u00dcR DAS STEILDACHzu den SteildachproduktenPRODUKTE F\u00dcR DAS FLACHDACHzu den Flachdachprodukten Mauerabdeckung Professionelle Mauerabdeckung aus Aluminium. Individuelle Fertigung m\u00f6glich. Einfach und sicher bei der Montage. zu den Produkten Steildach-Sortiment Die EMDATEC GmbH bietet Ihnen f\u00fcr den Ausbau des Daches, eigens hergestellte Produkte f\u00fcr das [&hellip;]<\/p>\n","protected":false},"author":1,"featured_media":0,"parent":0,"menu_order":0,"comment_status":"closed","ping_status":"closed","template":"","meta":{"_acf_changed":false,"footnotes":""},"class_list":["post-10","page","type-page","status-publish","hentry"],"acf":[],"yoast_head":"<!-- This site is optimized with the Yoast SEO plugin v27.2 - https:\/\/yoast.com\/product\/yoast-seo-wordpress\/ -->\n<title>Hochwertige Dachprodukte und Zubeh\u00f6r | EMDATEC GmbH<\/title>\n<meta name=\"description\" content=\"Entdecken Sie bei Emdatec hochwertige Dachl\u00f6sungen f\u00fcr Steil- und Flachd\u00e4cher. \u00dcber 30 Jahre Erfahrung in der Herstellung und Innovation. Direkt informieren!\" \/>\n<meta name=\"robots\" content=\"index, follow, max-snippet:-1, max-image-preview:large, max-video-preview:-1\" \/>\n<link rel=\"canonical\" href=\"https:\/\/emdatec.de\/de\/\" \/>\n<meta property=\"og:locale\" content=\"de_DE\" \/>\n<meta property=\"og:type\" content=\"article\" \/>\n<meta property=\"og:title\" content=\"Hochwertige Dachprodukte und Zubeh\u00f6r | EMDATEC GmbH\" \/>\n<meta property=\"og:description\" content=\"Entdecken Sie bei Emdatec hochwertige Dachl\u00f6sungen f\u00fcr Steil- und Flachd\u00e4cher. \u00dcber 30 Jahre Erfahrung in der Herstellung und Innovation. Direkt informieren!\" \/>\n<meta property=\"og:url\" content=\"https:\/\/emdatec.de\/de\/\" \/>\n<meta property=\"og:site_name\" content=\"Emdatec\" \/>\n<meta property=\"article:publisher\" content=\"https:\/\/www.facebook.com\/people\/Emdatec-GmbH\/100054446773033\/?locale=de_DE\" \/>\n<meta property=\"article:modified_time\" content=\"2024-01-28T21:43:54+00:00\" \/>\n<meta property=\"og:image\" content=\"https:\/\/emdatec.de\/wp-content\/uploads\/2023\/08\/mauerabdeckung.500x282.jpg\" \/>\n<meta name=\"twitter:card\" content=\"summary_large_image\" \/>\n<meta name=\"twitter:label1\" content=\"Gesch\u00e4tzte Lesezeit\" \/>\n\t<meta name=\"twitter:data1\" content=\"4\u00a0Minuten\" \/>\n<script type=\"application\/ld+json\" class=\"yoast-schema-graph\">{\"@context\":\"https:\/\/schema.org\",\"@graph\":[{\"@type\":\"WebPage\",\"@id\":\"https:\/\/emdatec.de\/de\/\",\"url\":\"https:\/\/emdatec.de\/de\/\",\"name\":\"Hochwertige Dachprodukte und Zubeh\u00f6r | EMDATEC GmbH\",\"isPartOf\":{\"@id\":\"https:\/\/emdatec.de\/de\/#website\"},\"primaryImageOfPage\":{\"@id\":\"https:\/\/emdatec.de\/de\/#primaryimage\"},\"image\":{\"@id\":\"https:\/\/emdatec.de\/de\/#primaryimage\"},\"thumbnailUrl\":\"https:\/\/emdatec.de\/wp-content\/uploads\/2023\/08\/mauerabdeckung.500x282.jpg\",\"datePublished\":\"2023-07-20T06:45:41+00:00\",\"dateModified\":\"2024-01-28T21:43:54+00:00\",\"description\":\"Entdecken Sie bei Emdatec hochwertige Dachl\u00f6sungen f\u00fcr Steil- und Flachd\u00e4cher. \u00dcber 30 Jahre Erfahrung in der Herstellung und Innovation. Direkt informieren!\",\"inLanguage\":\"de\",\"potentialAction\":[{\"@type\":\"ReadAction\",\"target\":[\"https:\/\/emdatec.de\/de\/\"]}]},{\"@type\":\"ImageObject\",\"inLanguage\":\"de\",\"@id\":\"https:\/\/emdatec.de\/de\/#primaryimage\",\"url\":\"https:\/\/emdatec.de\/wp-content\/uploads\/2023\/08\/mauerabdeckung.500x282.jpg\",\"contentUrl\":\"https:\/\/emdatec.de\/wp-content\/uploads\/2023\/08\/mauerabdeckung.500x282.jpg\"},{\"@type\":\"WebSite\",\"@id\":\"https:\/\/emdatec.de\/de\/#website\",\"url\":\"https:\/\/emdatec.de\/de\/\",\"name\":\"Emdatec\",\"description\":\"\",\"publisher\":{\"@id\":\"https:\/\/emdatec.de\/de\/#organization\"},\"potentialAction\":[{\"@type\":\"SearchAction\",\"target\":{\"@type\":\"EntryPoint\",\"urlTemplate\":\"https:\/\/emdatec.de\/de\/?s={search_term_string}\"},\"query-input\":{\"@type\":\"PropertyValueSpecification\",\"valueRequired\":true,\"valueName\":\"search_term_string\"}}],\"inLanguage\":\"de\"},{\"@type\":\"Organization\",\"@id\":\"https:\/\/emdatec.de\/de\/#organization\",\"name\":\"EMDATEC GmbH\",\"url\":\"https:\/\/emdatec.de\/de\/\",\"logo\":{\"@type\":\"ImageObject\",\"inLanguage\":\"de\",\"@id\":\"https:\/\/emdatec.de\/de\/#\/schema\/logo\/image\/\",\"url\":\"https:\/\/emdatec.de\/wp-content\/uploads\/2023\/07\/logo.png\",\"contentUrl\":\"https:\/\/emdatec.de\/wp-content\/uploads\/2023\/07\/logo.png\",\"width\":758,\"height\":289,\"caption\":\"EMDATEC GmbH\"},\"image\":{\"@id\":\"https:\/\/emdatec.de\/de\/#\/schema\/logo\/image\/\"},\"sameAs\":[\"https:\/\/www.facebook.com\/people\/Emdatec-GmbH\/100054446773033\/?locale=de_DE\"]}]}<\/script>\n<!-- \/ Yoast SEO plugin. -->","yoast_head_json":{"title":"Hochwertige Dachprodukte und Zubeh\u00f6r | EMDATEC GmbH","description":"Entdecken Sie bei Emdatec hochwertige Dachl\u00f6sungen f\u00fcr Steil- und Flachd\u00e4cher. \u00dcber 30 Jahre Erfahrung in der Herstellung und Innovation. Direkt informieren!","robots":{"index":"index","follow":"follow","max-snippet":"max-snippet:-1","max-image-preview":"max-image-preview:large","max-video-preview":"max-video-preview:-1"},"canonical":"https:\/\/emdatec.de\/de\/","og_locale":"de_DE","og_type":"article","og_title":"Hochwertige Dachprodukte und Zubeh\u00f6r | EMDATEC GmbH","og_description":"Entdecken Sie bei Emdatec hochwertige Dachl\u00f6sungen f\u00fcr Steil- und Flachd\u00e4cher. \u00dcber 30 Jahre Erfahrung in der Herstellung und Innovation. Direkt informieren!","og_url":"https:\/\/emdatec.de\/de\/","og_site_name":"Emdatec","article_publisher":"https:\/\/www.facebook.com\/people\/Emdatec-GmbH\/100054446773033\/?locale=de_DE","article_modified_time":"2024-01-28T21:43:54+00:00","og_image":[{"url":"https:\/\/emdatec.de\/wp-content\/uploads\/2023\/08\/mauerabdeckung.500x282.jpg","type":"","width":"","height":""}],"twitter_card":"summary_large_image","twitter_misc":{"Gesch\u00e4tzte Lesezeit":"4\u00a0Minuten"},"schema":{"@context":"https:\/\/schema.org","@graph":[{"@type":"WebPage","@id":"https:\/\/emdatec.de\/de\/","url":"https:\/\/emdatec.de\/de\/","name":"Hochwertige Dachprodukte und Zubeh\u00f6r | EMDATEC GmbH","isPartOf":{"@id":"https:\/\/emdatec.de\/de\/#website"},"primaryImageOfPage":{"@id":"https:\/\/emdatec.de\/de\/#primaryimage"},"image":{"@id":"https:\/\/emdatec.de\/de\/#primaryimage"},"thumbnailUrl":"https:\/\/emdatec.de\/wp-content\/uploads\/2023\/08\/mauerabdeckung.500x282.jpg","datePublished":"2023-07-20T06:45:41+00:00","dateModified":"2024-01-28T21:43:54+00:00","description":"Entdecken Sie bei Emdatec hochwertige Dachl\u00f6sungen f\u00fcr Steil- und Flachd\u00e4cher. \u00dcber 30 Jahre Erfahrung in der Herstellung und Innovation. Direkt informieren!","inLanguage":"de","potentialAction":[{"@type":"ReadAction","target":["https:\/\/emdatec.de\/de\/"]}]},{"@type":"ImageObject","inLanguage":"de","@id":"https:\/\/emdatec.de\/de\/#primaryimage","url":"https:\/\/emdatec.de\/wp-content\/uploads\/2023\/08\/mauerabdeckung.500x282.jpg","contentUrl":"https:\/\/emdatec.de\/wp-content\/uploads\/2023\/08\/mauerabdeckung.500x282.jpg"},{"@type":"WebSite","@id":"https:\/\/emdatec.de\/de\/#website","url":"https:\/\/emdatec.de\/de\/","name":"Emdatec","description":"","publisher":{"@id":"https:\/\/emdatec.de\/de\/#organization"},"potentialAction":[{"@type":"SearchAction","target":{"@type":"EntryPoint","urlTemplate":"https:\/\/emdatec.de\/de\/?s={search_term_string}"},"query-input":{"@type":"PropertyValueSpecification","valueRequired":true,"valueName":"search_term_string"}}],"inLanguage":"de"},{"@type":"Organization","@id":"https:\/\/emdatec.de\/de\/#organization","name":"EMDATEC GmbH","url":"https:\/\/emdatec.de\/de\/","logo":{"@type":"ImageObject","inLanguage":"de","@id":"https:\/\/emdatec.de\/de\/#\/schema\/logo\/image\/","url":"https:\/\/emdatec.de\/wp-content\/uploads\/2023\/07\/logo.png","contentUrl":"https:\/\/emdatec.de\/wp-content\/uploads\/2023\/07\/logo.png","width":758,"height":289,"caption":"EMDATEC GmbH"},"image":{"@id":"https:\/\/emdatec.de\/de\/#\/schema\/logo\/image\/"},"sameAs":["https:\/\/www.facebook.com\/people\/Emdatec-GmbH\/100054446773033\/?locale=de_DE"]}]}},"_links":{"self":[{"href":"https:\/\/emdatec.de\/de\/wp-json\/wp\/v2\/pages\/10","targetHints":{"allow":["GET"]}}],"collection":[{"href":"https:\/\/emdatec.de\/de\/wp-json\/wp\/v2\/pages"}],"about":[{"href":"https:\/\/emdatec.de\/de\/wp-json\/wp\/v2\/types\/page"}],"author":[{"embeddable":true,"href":"https:\/\/emdatec.de\/de\/wp-json\/wp\/v2\/users\/1"}],"replies":[{"embeddable":true,"href":"https:\/\/emdatec.de\/de\/wp-json\/wp\/v2\/comments?post=10"}],"version-history":[{"count":416,"href":"https:\/\/emdatec.de\/de\/wp-json\/wp\/v2\/pages\/10\/revisions"}],"predecessor-version":[{"id":8977,"href":"https:\/\/emdatec.de\/de\/wp-json\/wp\/v2\/pages\/10\/revisions\/8977"}],"wp:attachment":[{"href":"https:\/\/emdatec.de\/de\/wp-json\/wp\/v2\/media?parent=10"}],"curies":[{"name":"wp","href":"https:\/\/api.w.org\/{rel}","templated":true}]}}