{"id":108,"date":"2023-07-26T07:44:02","date_gmt":"2023-07-26T07:44:02","guid":{"rendered":"https:\/\/emdatec.de\/?page_id=108"},"modified":"2024-01-28T21:52:15","modified_gmt":"2024-01-28T21:52:15","slug":"klebebaender","status":"publish","type":"page","link":"https:\/\/emdatec.de\/de\/steildach\/klebebander\/","title":{"rendered":"Klebeb\u00e4nder"},"content":{"rendered":"\t\t<div data-elementor-type=\"wp-page\" data-elementor-id=\"108\" class=\"elementor elementor-108\" data-elementor-post-type=\"page\">\n\t\t\t\t\t\t<section class=\"elementor-section elementor-top-section elementor-element elementor-element-691358e elementor-section-boxed elementor-section-height-default elementor-section-height-default\" data-id=\"691358e\" data-element_type=\"section\" data-e-type=\"section\">\n\t\t\t\t\t\t<div class=\"elementor-container elementor-column-gap-default\">\n\t\t\t\t\t<div class=\"elementor-column elementor-col-100 elementor-top-column elementor-element elementor-element-cbe2071\" data-id=\"cbe2071\" data-element_type=\"column\" data-e-type=\"column\">\n\t\t\t<div class=\"elementor-widget-wrap elementor-element-populated\">\n\t\t\t\t\t\t<section class=\"elementor-section elementor-inner-section elementor-element elementor-element-bca8703 elementor-section-boxed elementor-section-height-default elementor-section-height-default\" data-id=\"bca8703\" data-element_type=\"section\" data-e-type=\"section\">\n\t\t\t\t\t\t<div class=\"elementor-container elementor-column-gap-default\">\n\t\t\t\t\t<div class=\"elementor-column elementor-col-33 elementor-inner-column elementor-element elementor-element-823a84c\" data-id=\"823a84c\" data-element_type=\"column\" data-e-type=\"column\">\n\t\t\t<div class=\"elementor-widget-wrap elementor-element-populated\">\n\t\t\t\t\t\t<div class=\"elementor-element elementor-element-e98ed65 elementor-widget elementor-widget-image\" data-id=\"e98ed65\" data-element_type=\"widget\" data-e-type=\"widget\" data-widget_type=\"image.default\">\n\t\t\t\t<div class=\"elementor-widget-container\">\n\t\t\t\t\t\t\t\t\t\t\t\t\t\t\t\t<a href=\"https:\/\/emdatec.de\/de\/steildach\/klebebander\/emda-usb-tape\/\">\n\t\t\t\t\t\t\t<img fetchpriority=\"high\" decoding=\"async\" width=\"320\" height=\"180\" src=\"https:\/\/emdatec.de\/wp-content\/uploads\/2023\/07\/emda-usb-tape-schwarz-2.320x180.jpg\" class=\"attachment-large size-large wp-image-865\" alt=\"\" srcset=\"https:\/\/emdatec.de\/wp-content\/uploads\/2023\/07\/emda-usb-tape-schwarz-2.320x180.jpg 320w, https:\/\/emdatec.de\/wp-content\/uploads\/2023\/07\/emda-usb-tape-schwarz-2.320x180-300x169.jpg 300w\" sizes=\"(max-width: 320px) 100vw, 320px\" \/>\t\t\t\t\t\t\t\t<\/a>\n\t\t\t\t\t\t\t\t\t\t\t\t\t\t\t<\/div>\n\t\t\t\t<\/div>\n\t\t\t\t<div class=\"elementor-element elementor-element-753abe3 Custom_title elementor-widget elementor-widget-heading\" data-id=\"753abe3\" data-element_type=\"widget\" data-e-type=\"widget\" data-widget_type=\"heading.default\">\n\t\t\t\t<div class=\"elementor-widget-container\">\n\t\t\t\t\t<h2 class=\"elementor-heading-title elementor-size-default\"><a href=\"https:\/\/emdatec.de\/de\/steildach\/klebebander\/emda-usb-tape\/\">EMDA USB-TAPE<\/a><\/h2>\t\t\t\t<\/div>\n\t\t\t\t<\/div>\n\t\t\t\t<div class=\"elementor-element elementor-element-d9894a8 elementor-widget elementor-widget-text-editor\" data-id=\"d9894a8\" data-element_type=\"widget\" data-e-type=\"widget\" data-widget_type=\"text-editor.default\">\n\t\t\t\t<div class=\"elementor-widget-container\">\n\t\t\t\t\t\t\t\t\t<p><a href=\"https:\/\/emdatec.de\/de\/steildach\/klebebander\/emda-usb-tape\/\">Unterspannbahn-Reparaturband<\/a><\/p>\t\t\t\t\t\t\t\t<\/div>\n\t\t\t\t<\/div>\n\t\t\t\t\t<\/div>\n\t\t<\/div>\n\t\t\t\t<div class=\"elementor-column elementor-col-33 elementor-inner-column elementor-element elementor-element-8345485\" data-id=\"8345485\" data-element_type=\"column\" data-e-type=\"column\">\n\t\t\t<div class=\"elementor-widget-wrap elementor-element-populated\">\n\t\t\t\t\t\t<div class=\"elementor-element elementor-element-6881246 elementor-widget elementor-widget-image\" data-id=\"6881246\" data-element_type=\"widget\" data-e-type=\"widget\" data-widget_type=\"image.default\">\n\t\t\t\t<div class=\"elementor-widget-container\">\n\t\t\t\t\t\t\t\t\t\t\t\t\t\t\t\t<a href=\"https:\/\/emdatec.de\/de\/steildach\/klebebander\/emda-dbs-tape-gruen\/\">\n\t\t\t\t\t\t\t<img decoding=\"async\" width=\"320\" height=\"180\" src=\"https:\/\/emdatec.de\/wp-content\/uploads\/2023\/07\/emda-dbs-tape-gruen.320x180.jpg\" class=\"attachment-large size-large wp-image-869\" alt=\"\" srcset=\"https:\/\/emdatec.de\/wp-content\/uploads\/2023\/07\/emda-dbs-tape-gruen.320x180.jpg 320w, https:\/\/emdatec.de\/wp-content\/uploads\/2023\/07\/emda-dbs-tape-gruen.320x180-300x169.jpg 300w\" sizes=\"(max-width: 320px) 100vw, 320px\" \/>\t\t\t\t\t\t\t\t<\/a>\n\t\t\t\t\t\t\t\t\t\t\t\t\t\t\t<\/div>\n\t\t\t\t<\/div>\n\t\t\t\t<div class=\"elementor-element elementor-element-9f346ce Custom_title elementor-widget elementor-widget-heading\" data-id=\"9f346ce\" data-element_type=\"widget\" data-e-type=\"widget\" data-widget_type=\"heading.default\">\n\t\t\t\t<div class=\"elementor-widget-container\">\n\t\t\t\t\t<h2 class=\"elementor-heading-title elementor-size-default\"><a href=\"https:\/\/emdatec.de\/de\/steildach\/klebebander\/emda-dbs-tape-gruen\/\">EMDA DBS-TAPE GR\u00dcN<\/a><\/h2>\t\t\t\t<\/div>\n\t\t\t\t<\/div>\n\t\t\t\t<div class=\"elementor-element elementor-element-ea4fdc3 elementor-widget elementor-widget-text-editor\" data-id=\"ea4fdc3\" data-element_type=\"widget\" data-e-type=\"widget\" data-widget_type=\"text-editor.default\">\n\t\t\t\t<div class=\"elementor-widget-container\">\n\t\t\t\t\t\t\t\t\t<p><a href=\"https:\/\/emdatec.de\/de\/steildach\/klebebander\/emda-dbs-tape-gruen\/\">Klebeband f\u00fcr Dampfbremsen<\/a><\/p>\t\t\t\t\t\t\t\t<\/div>\n\t\t\t\t<\/div>\n\t\t\t\t\t<\/div>\n\t\t<\/div>\n\t\t\t\t<div class=\"elementor-column elementor-col-33 elementor-inner-column elementor-element elementor-element-04a83ee\" data-id=\"04a83ee\" data-element_type=\"column\" data-e-type=\"column\">\n\t\t\t<div class=\"elementor-widget-wrap elementor-element-populated\">\n\t\t\t\t\t\t<div class=\"elementor-element elementor-element-7d56e32 elementor-widget elementor-widget-image\" data-id=\"7d56e32\" data-element_type=\"widget\" data-e-type=\"widget\" data-widget_type=\"image.default\">\n\t\t\t\t<div class=\"elementor-widget-container\">\n\t\t\t\t\t\t\t\t\t\t\t\t\t\t\t\t<a href=\"https:\/\/emdatec.de\/de\/steildach\/klebebander\/emda-dbs-tape-gelb\/\">\n\t\t\t\t\t\t\t<img decoding=\"async\" width=\"800\" height=\"450\" src=\"https:\/\/emdatec.de\/wp-content\/uploads\/2023\/07\/dbs-tape-gelb-1.jpg\" class=\"attachment-large size-large wp-image-893\" alt=\"\" srcset=\"https:\/\/emdatec.de\/wp-content\/uploads\/2023\/07\/dbs-tape-gelb-1.jpg 800w, https:\/\/emdatec.de\/wp-content\/uploads\/2023\/07\/dbs-tape-gelb-1-300x169.jpg 300w, https:\/\/emdatec.de\/wp-content\/uploads\/2023\/07\/dbs-tape-gelb-1-768x432.jpg 768w\" sizes=\"(max-width: 800px) 100vw, 800px\" \/>\t\t\t\t\t\t\t\t<\/a>\n\t\t\t\t\t\t\t\t\t\t\t\t\t\t\t<\/div>\n\t\t\t\t<\/div>\n\t\t\t\t<div class=\"elementor-element elementor-element-5877764 Custom_title elementor-widget elementor-widget-heading\" data-id=\"5877764\" data-element_type=\"widget\" data-e-type=\"widget\" data-widget_type=\"heading.default\">\n\t\t\t\t<div class=\"elementor-widget-container\">\n\t\t\t\t\t<h2 class=\"elementor-heading-title elementor-size-default\"><a href=\"https:\/\/emdatec.de\/de\/steildach\/klebebander\/emda-dbs-tape-gelb\/\">EMDA DBS-TAPE GELB<\/a><\/h2>\t\t\t\t<\/div>\n\t\t\t\t<\/div>\n\t\t\t\t<div class=\"elementor-element elementor-element-10ab306 elementor-widget elementor-widget-text-editor\" data-id=\"10ab306\" data-element_type=\"widget\" data-e-type=\"widget\" data-widget_type=\"text-editor.default\">\n\t\t\t\t<div class=\"elementor-widget-container\">\n\t\t\t\t\t\t\t\t\t<p><a href=\"https:\/\/emdatec.de\/de\/steildach\/klebebander\/emda-dbs-tape-gelb\/\">Klebeband f\u00fcr \u00dcberlappungen und Anschl\u00fcsse im Innenbereich<\/a><\/p>\t\t\t\t\t\t\t\t<\/div>\n\t\t\t\t<\/div>\n\t\t\t\t\t<\/div>\n\t\t<\/div>\n\t\t\t\t\t<\/div>\n\t\t<\/section>\n\t\t\t\t<div class=\"elementor-element elementor-element-593cefd elementor-widget elementor-widget-spacer\" data-id=\"593cefd\" data-element_type=\"widget\" data-e-type=\"widget\" data-widget_type=\"spacer.default\">\n\t\t\t\t<div class=\"elementor-widget-container\">\n\t\t\t\t\t\t\t<div class=\"elementor-spacer\">\n\t\t\t<div class=\"elementor-spacer-inner\"><\/div>\n\t\t<\/div>\n\t\t\t\t\t\t<\/div>\n\t\t\t\t<\/div>\n\t\t\t\t\t<\/div>\n\t\t<\/div>\n\t\t\t\t\t<\/div>\n\t\t<\/section>\n\t\t\t\t<\/div>\n\t\t","protected":false},"excerpt":{"rendered":"<p>EMDA USB-TAPE Unterspannbahn-Reparaturband EMDA DBS-TAPE GR\u00dcN Klebeband f\u00fcr Dampfbremsen EMDA DBS-TAPE GELB Klebeband f\u00fcr \u00dcberlappungen und Anschl\u00fcsse im Innenbereich<\/p>\n","protected":false},"author":1,"featured_media":0,"parent":29,"menu_order":0,"comment_status":"closed","ping_status":"closed","template":"","meta":{"_acf_changed":false,"footnotes":""},"class_list":["post-108","page","type-page","status-publish","hentry"],"acf":[],"yoast_head":"<!-- This site is optimized with the Yoast SEO plugin v27.2 - https:\/\/yoast.com\/product\/yoast-seo-wordpress\/ -->\n<title>Steildach Klebeb\u00e4nder - Speziall\u00f6sungen | EMDATEC GmbH<\/title>\n<meta name=\"description\" content=\"Entdecken Sie unsere robusten Klebeb\u00e4nder f\u00fcr Steild\u00e4cher, ideal f\u00fcr Abdichtung und Verst\u00e4rkung. Qualit\u00e4t und Vielseitigkeit bei Emdatec.\" \/>\n<meta name=\"robots\" content=\"index, follow, max-snippet:-1, max-image-preview:large, max-video-preview:-1\" \/>\n<link rel=\"canonical\" href=\"https:\/\/emdatec.de\/de\/steildach\/klebebander\/\" \/>\n<meta property=\"og:locale\" content=\"de_DE\" \/>\n<meta property=\"og:type\" content=\"article\" \/>\n<meta property=\"og:title\" content=\"Steildach Klebeb\u00e4nder - Speziall\u00f6sungen | EMDATEC GmbH\" \/>\n<meta property=\"og:description\" content=\"Entdecken Sie unsere robusten Klebeb\u00e4nder f\u00fcr Steild\u00e4cher, ideal f\u00fcr Abdichtung und Verst\u00e4rkung. Qualit\u00e4t und Vielseitigkeit bei Emdatec.\" \/>\n<meta property=\"og:url\" content=\"https:\/\/emdatec.de\/de\/steildach\/klebebander\/\" \/>\n<meta property=\"og:site_name\" content=\"Emdatec\" \/>\n<meta property=\"article:publisher\" content=\"https:\/\/www.facebook.com\/people\/Emdatec-GmbH\/100054446773033\/?locale=de_DE\" \/>\n<meta property=\"article:modified_time\" content=\"2024-01-28T21:52:15+00:00\" \/>\n<meta property=\"og:image\" content=\"https:\/\/emdatec.de\/wp-content\/uploads\/2023\/07\/emda-usb-tape-schwarz-2.320x180.jpg\" \/>\n<meta name=\"twitter:card\" content=\"summary_large_image\" \/>\n<meta name=\"twitter:label1\" content=\"Gesch\u00e4tzte Lesezeit\" \/>\n\t<meta name=\"twitter:data1\" content=\"1\u00a0Minute\" \/>\n<script type=\"application\/ld+json\" class=\"yoast-schema-graph\">{\"@context\":\"https:\/\/schema.org\",\"@graph\":[{\"@type\":\"WebPage\",\"@id\":\"https:\/\/emdatec.de\/de\/steildach\/klebebander\/\",\"url\":\"https:\/\/emdatec.de\/de\/steildach\/klebebander\/\",\"name\":\"Steildach Klebeb\u00e4nder - Speziall\u00f6sungen | EMDATEC GmbH\",\"isPartOf\":{\"@id\":\"https:\/\/emdatec.de\/de\/#website\"},\"primaryImageOfPage\":{\"@id\":\"https:\/\/emdatec.de\/de\/steildach\/klebebander\/#primaryimage\"},\"image\":{\"@id\":\"https:\/\/emdatec.de\/de\/steildach\/klebebander\/#primaryimage\"},\"thumbnailUrl\":\"https:\/\/emdatec.de\/wp-content\/uploads\/2023\/07\/emda-usb-tape-schwarz-2.320x180.jpg\",\"datePublished\":\"2023-07-26T07:44:02+00:00\",\"dateModified\":\"2024-01-28T21:52:15+00:00\",\"description\":\"Entdecken Sie unsere robusten Klebeb\u00e4nder f\u00fcr Steild\u00e4cher, ideal f\u00fcr Abdichtung und Verst\u00e4rkung. Qualit\u00e4t und Vielseitigkeit bei Emdatec.\",\"breadcrumb\":{\"@id\":\"https:\/\/emdatec.de\/de\/steildach\/klebebander\/#breadcrumb\"},\"inLanguage\":\"de\",\"potentialAction\":[{\"@type\":\"ReadAction\",\"target\":[\"https:\/\/emdatec.de\/de\/steildach\/klebebander\/\"]}]},{\"@type\":\"ImageObject\",\"inLanguage\":\"de\",\"@id\":\"https:\/\/emdatec.de\/de\/steildach\/klebebander\/#primaryimage\",\"url\":\"https:\/\/emdatec.de\/wp-content\/uploads\/2023\/07\/emda-usb-tape-schwarz-2.320x180.jpg\",\"contentUrl\":\"https:\/\/emdatec.de\/wp-content\/uploads\/2023\/07\/emda-usb-tape-schwarz-2.320x180.jpg\"},{\"@type\":\"BreadcrumbList\",\"@id\":\"https:\/\/emdatec.de\/de\/steildach\/klebebander\/#breadcrumb\",\"itemListElement\":[{\"@type\":\"ListItem\",\"position\":1,\"name\":\"Start\",\"item\":\"https:\/\/emdatec.de\/de\/\"},{\"@type\":\"ListItem\",\"position\":2,\"name\":\"Steildach\",\"item\":\"https:\/\/emdatec.de\/de\/steildach\/\"},{\"@type\":\"ListItem\",\"position\":3,\"name\":\"Klebeb\u00e4nder\"}]},{\"@type\":\"WebSite\",\"@id\":\"https:\/\/emdatec.de\/de\/#website\",\"url\":\"https:\/\/emdatec.de\/de\/\",\"name\":\"Emdatec\",\"description\":\"\",\"publisher\":{\"@id\":\"https:\/\/emdatec.de\/de\/#organization\"},\"potentialAction\":[{\"@type\":\"SearchAction\",\"target\":{\"@type\":\"EntryPoint\",\"urlTemplate\":\"https:\/\/emdatec.de\/de\/?s={search_term_string}\"},\"query-input\":{\"@type\":\"PropertyValueSpecification\",\"valueRequired\":true,\"valueName\":\"search_term_string\"}}],\"inLanguage\":\"de\"},{\"@type\":\"Organization\",\"@id\":\"https:\/\/emdatec.de\/de\/#organization\",\"name\":\"EMDATEC GmbH\",\"url\":\"https:\/\/emdatec.de\/de\/\",\"logo\":{\"@type\":\"ImageObject\",\"inLanguage\":\"de\",\"@id\":\"https:\/\/emdatec.de\/de\/#\/schema\/logo\/image\/\",\"url\":\"https:\/\/emdatec.de\/wp-content\/uploads\/2023\/07\/logo.png\",\"contentUrl\":\"https:\/\/emdatec.de\/wp-content\/uploads\/2023\/07\/logo.png\",\"width\":758,\"height\":289,\"caption\":\"EMDATEC GmbH\"},\"image\":{\"@id\":\"https:\/\/emdatec.de\/de\/#\/schema\/logo\/image\/\"},\"sameAs\":[\"https:\/\/www.facebook.com\/people\/Emdatec-GmbH\/100054446773033\/?locale=de_DE\"]}]}<\/script>\n<!-- \/ Yoast SEO plugin. -->","yoast_head_json":{"title":"Steildach Klebeb\u00e4nder - Speziall\u00f6sungen | EMDATEC GmbH","description":"Entdecken Sie unsere robusten Klebeb\u00e4nder f\u00fcr Steild\u00e4cher, ideal f\u00fcr Abdichtung und Verst\u00e4rkung. Qualit\u00e4t und Vielseitigkeit bei Emdatec.","robots":{"index":"index","follow":"follow","max-snippet":"max-snippet:-1","max-image-preview":"max-image-preview:large","max-video-preview":"max-video-preview:-1"},"canonical":"https:\/\/emdatec.de\/de\/steildach\/klebebander\/","og_locale":"de_DE","og_type":"article","og_title":"Steildach Klebeb\u00e4nder - Speziall\u00f6sungen | EMDATEC GmbH","og_description":"Entdecken Sie unsere robusten Klebeb\u00e4nder f\u00fcr Steild\u00e4cher, ideal f\u00fcr Abdichtung und Verst\u00e4rkung. Qualit\u00e4t und Vielseitigkeit bei Emdatec.","og_url":"https:\/\/emdatec.de\/de\/steildach\/klebebander\/","og_site_name":"Emdatec","article_publisher":"https:\/\/www.facebook.com\/people\/Emdatec-GmbH\/100054446773033\/?locale=de_DE","article_modified_time":"2024-01-28T21:52:15+00:00","og_image":[{"url":"https:\/\/emdatec.de\/wp-content\/uploads\/2023\/07\/emda-usb-tape-schwarz-2.320x180.jpg","type":"","width":"","height":""}],"twitter_card":"summary_large_image","twitter_misc":{"Gesch\u00e4tzte Lesezeit":"1\u00a0Minute"},"schema":{"@context":"https:\/\/schema.org","@graph":[{"@type":"WebPage","@id":"https:\/\/emdatec.de\/de\/steildach\/klebebander\/","url":"https:\/\/emdatec.de\/de\/steildach\/klebebander\/","name":"Steildach Klebeb\u00e4nder - Speziall\u00f6sungen | EMDATEC GmbH","isPartOf":{"@id":"https:\/\/emdatec.de\/de\/#website"},"primaryImageOfPage":{"@id":"https:\/\/emdatec.de\/de\/steildach\/klebebander\/#primaryimage"},"image":{"@id":"https:\/\/emdatec.de\/de\/steildach\/klebebander\/#primaryimage"},"thumbnailUrl":"https:\/\/emdatec.de\/wp-content\/uploads\/2023\/07\/emda-usb-tape-schwarz-2.320x180.jpg","datePublished":"2023-07-26T07:44:02+00:00","dateModified":"2024-01-28T21:52:15+00:00","description":"Entdecken Sie unsere robusten Klebeb\u00e4nder f\u00fcr Steild\u00e4cher, ideal f\u00fcr Abdichtung und Verst\u00e4rkung. Qualit\u00e4t und Vielseitigkeit bei Emdatec.","breadcrumb":{"@id":"https:\/\/emdatec.de\/de\/steildach\/klebebander\/#breadcrumb"},"inLanguage":"de","potentialAction":[{"@type":"ReadAction","target":["https:\/\/emdatec.de\/de\/steildach\/klebebander\/"]}]},{"@type":"ImageObject","inLanguage":"de","@id":"https:\/\/emdatec.de\/de\/steildach\/klebebander\/#primaryimage","url":"https:\/\/emdatec.de\/wp-content\/uploads\/2023\/07\/emda-usb-tape-schwarz-2.320x180.jpg","contentUrl":"https:\/\/emdatec.de\/wp-content\/uploads\/2023\/07\/emda-usb-tape-schwarz-2.320x180.jpg"},{"@type":"BreadcrumbList","@id":"https:\/\/emdatec.de\/de\/steildach\/klebebander\/#breadcrumb","itemListElement":[{"@type":"ListItem","position":1,"name":"Start","item":"https:\/\/emdatec.de\/de\/"},{"@type":"ListItem","position":2,"name":"Steildach","item":"https:\/\/emdatec.de\/de\/steildach\/"},{"@type":"ListItem","position":3,"name":"Klebeb\u00e4nder"}]},{"@type":"WebSite","@id":"https:\/\/emdatec.de\/de\/#website","url":"https:\/\/emdatec.de\/de\/","name":"Emdatec","description":"","publisher":{"@id":"https:\/\/emdatec.de\/de\/#organization"},"potentialAction":[{"@type":"SearchAction","target":{"@type":"EntryPoint","urlTemplate":"https:\/\/emdatec.de\/de\/?s={search_term_string}"},"query-input":{"@type":"PropertyValueSpecification","valueRequired":true,"valueName":"search_term_string"}}],"inLanguage":"de"},{"@type":"Organization","@id":"https:\/\/emdatec.de\/de\/#organization","name":"EMDATEC GmbH","url":"https:\/\/emdatec.de\/de\/","logo":{"@type":"ImageObject","inLanguage":"de","@id":"https:\/\/emdatec.de\/de\/#\/schema\/logo\/image\/","url":"https:\/\/emdatec.de\/wp-content\/uploads\/2023\/07\/logo.png","contentUrl":"https:\/\/emdatec.de\/wp-content\/uploads\/2023\/07\/logo.png","width":758,"height":289,"caption":"EMDATEC GmbH"},"image":{"@id":"https:\/\/emdatec.de\/de\/#\/schema\/logo\/image\/"},"sameAs":["https:\/\/www.facebook.com\/people\/Emdatec-GmbH\/100054446773033\/?locale=de_DE"]}]}},"_links":{"self":[{"href":"https:\/\/emdatec.de\/de\/wp-json\/wp\/v2\/pages\/108","targetHints":{"allow":["GET"]}}],"collection":[{"href":"https:\/\/emdatec.de\/de\/wp-json\/wp\/v2\/pages"}],"about":[{"href":"https:\/\/emdatec.de\/de\/wp-json\/wp\/v2\/types\/page"}],"author":[{"embeddable":true,"href":"https:\/\/emdatec.de\/de\/wp-json\/wp\/v2\/users\/1"}],"replies":[{"embeddable":true,"href":"https:\/\/emdatec.de\/de\/wp-json\/wp\/v2\/comments?post=108"}],"version-history":[{"count":41,"href":"https:\/\/emdatec.de\/de\/wp-json\/wp\/v2\/pages\/108\/revisions"}],"predecessor-version":[{"id":7233,"href":"https:\/\/emdatec.de\/de\/wp-json\/wp\/v2\/pages\/108\/revisions\/7233"}],"up":[{"embeddable":true,"href":"https:\/\/emdatec.de\/de\/wp-json\/wp\/v2\/pages\/29"}],"wp:attachment":[{"href":"https:\/\/emdatec.de\/de\/wp-json\/wp\/v2\/media?parent=108"}],"curies":[{"name":"wp","href":"https:\/\/api.w.org\/{rel}","templated":true}]}}