{"id":110,"date":"2023-07-26T07:44:26","date_gmt":"2023-07-26T07:44:26","guid":{"rendered":"https:\/\/emdatec.de\/?page_id=110"},"modified":"2024-01-28T21:56:15","modified_gmt":"2024-01-28T21:56:15","slug":"emda-premio-us-130","status":"publish","type":"page","link":"https:\/\/emdatec.de\/de\/dachunterspannbahn\/emda-premio-us-130\/","title":{"rendered":"EMDA PREMIO US 130"},"content":{"rendered":"\t\t<div data-elementor-type=\"wp-page\" data-elementor-id=\"110\" class=\"elementor elementor-110\" data-elementor-post-type=\"page\">\n\t\t\t\t\t\t<section class=\"elementor-section elementor-top-section elementor-element elementor-element-7be10044 elementor-section-full_width elementor-section-height-default elementor-section-height-default\" data-id=\"7be10044\" data-element_type=\"section\" data-e-type=\"section\">\n\t\t\t\t\t\t<div class=\"elementor-container elementor-column-gap-default\">\n\t\t\t\t\t<div class=\"elementor-column elementor-col-100 elementor-top-column elementor-element elementor-element-61dc50b1\" data-id=\"61dc50b1\" data-element_type=\"column\" data-e-type=\"column\">\n\t\t\t<div class=\"elementor-widget-wrap elementor-element-populated\">\n\t\t\t\t\t\t<div class=\"elementor-element elementor-element-7aad5c2a elementor-widget elementor-widget-image\" data-id=\"7aad5c2a\" data-element_type=\"widget\" data-e-type=\"widget\" data-widget_type=\"image.default\">\n\t\t\t\t<div class=\"elementor-widget-container\">\n\t\t\t\t\t\t\t\t\t\t\t\t\t\t\t<img fetchpriority=\"high\" decoding=\"async\" width=\"800\" height=\"450\" src=\"https:\/\/emdatec.de\/wp-content\/uploads\/2023\/07\/unterspannbahn.jpg\" class=\"attachment-large size-large wp-image-1866\" alt=\"\" srcset=\"https:\/\/emdatec.de\/wp-content\/uploads\/2023\/07\/unterspannbahn.jpg 800w, https:\/\/emdatec.de\/wp-content\/uploads\/2023\/07\/unterspannbahn-300x169.jpg 300w, https:\/\/emdatec.de\/wp-content\/uploads\/2023\/07\/unterspannbahn-768x432.jpg 768w\" sizes=\"(max-width: 800px) 100vw, 800px\" \/>\t\t\t\t\t\t\t\t\t\t\t\t\t\t\t<\/div>\n\t\t\t\t<\/div>\n\t\t\t\t\t<\/div>\n\t\t<\/div>\n\t\t\t\t\t<\/div>\n\t\t<\/section>\n\t\t\t\t<section class=\"elementor-section elementor-top-section elementor-element elementor-element-4a9a5f20 elementor-section-boxed elementor-section-height-default elementor-section-height-default\" data-id=\"4a9a5f20\" data-element_type=\"section\" data-e-type=\"section\">\n\t\t\t\t\t\t<div class=\"elementor-container elementor-column-gap-default\">\n\t\t\t\t\t<div class=\"elementor-column elementor-col-100 elementor-top-column elementor-element elementor-element-1b615378\" data-id=\"1b615378\" data-element_type=\"column\" data-e-type=\"column\">\n\t\t\t<div class=\"elementor-widget-wrap elementor-element-populated\">\n\t\t\t\t\t\t<div class=\"elementor-element elementor-element-fd11dfb elementor-widget elementor-widget-heading\" data-id=\"fd11dfb\" data-element_type=\"widget\" data-e-type=\"widget\" data-widget_type=\"heading.default\">\n\t\t\t\t<div class=\"elementor-widget-container\">\n\t\t\t\t\t<h2 class=\"elementor-heading-title elementor-size-default\">3-lagige Dachunterspannbahn\n<\/h2>\t\t\t\t<\/div>\n\t\t\t\t<\/div>\n\t\t\t\t<div class=\"elementor-element elementor-element-5c414a8d elementor-widget elementor-widget-text-editor\" data-id=\"5c414a8d\" data-element_type=\"widget\" data-e-type=\"widget\" data-widget_type=\"text-editor.default\">\n\t\t\t\t<div class=\"elementor-widget-container\">\n\t\t\t\t\t\t\t\t\t<p>Diffusionsoffene Unterdeck-, Unterspann- und Schalungsbahn auf Basis Polypropylen f\u00fcr alle vollged\u00e4mmten Steild\u00e4cher nach USB-A \/ UDB-A gem\u00e4\u00df ZVDH. Hohe Dampfdurch- l\u00e4ssigkeit. Sicherer Schutz f\u00fcr die D\u00e4mmung und Konstruktion vor Regen und Flugschnee. Hohe Rei\u00dffestigkeit und besonders trittsicher. Mit SK-Streifen f\u00fcr einen einfachen \u00dcberlappungsanschluss.<br \/><br \/>SD Wert nach DIN EN ISO 12572 = 0,02 m Fl\u00e4chengewicht: 130 g \/ m\u00b2<\/p>\t\t\t\t\t\t\t\t<\/div>\n\t\t\t\t<\/div>\n\t\t\t\t\t<\/div>\n\t\t<\/div>\n\t\t\t\t\t<\/div>\n\t\t<\/section>\n\t\t\t\t<section class=\"elementor-section elementor-top-section elementor-element elementor-element-45ef2bab steildach-outer elementor-section-boxed elementor-section-height-default elementor-section-height-default\" data-id=\"45ef2bab\" data-element_type=\"section\" data-e-type=\"section\">\n\t\t\t\t\t\t<div class=\"elementor-container elementor-column-gap-default\">\n\t\t\t\t\t<div class=\"elementor-column elementor-col-100 elementor-top-column elementor-element elementor-element-6b5e8af1\" data-id=\"6b5e8af1\" data-element_type=\"column\" data-e-type=\"column\">\n\t\t\t<div class=\"elementor-widget-wrap elementor-element-populated\">\n\t\t\t\t\t\t<div class=\"elementor-element elementor-element-32dc23a5 elementor-view-stacked elementor-position-inline-start elementor-widget__width-initial Custom_list elementor-mobile-position-inline-start elementor-shape-circle elementor-widget elementor-widget-icon-box\" data-id=\"32dc23a5\" data-element_type=\"widget\" data-e-type=\"widget\" data-widget_type=\"icon-box.default\">\n\t\t\t\t<div class=\"elementor-widget-container\">\n\t\t\t\t\t\t\t<div class=\"elementor-icon-box-wrapper\">\n\n\t\t\t\t\t\t<div class=\"elementor-icon-box-icon\">\n\t\t\t\t<span  class=\"elementor-icon\">\n\t\t\t\t<svg xmlns=\"http:\/\/www.w3.org\/2000\/svg\" xmlns:xlink=\"http:\/\/www.w3.org\/1999\/xlink\" id=\"Ebene_1\" x=\"0px\" y=\"0px\" viewBox=\"0 0 8.5 8.5\" height=\"150\" width=\"150\" style=\"enable-background:new 0 0 8.5 8.5;\" xml:space=\"preserve\"><style type=\"text\/css\">\t.st0{clip-path:url(#SVGID_2_);fill:none;stroke:#FFFFFF;stroke-width:1.097;}<\/style><g>\t<defs>\t\t<rect id=\"SVGID_1_\" x=\"2.3\" y=\"1.5\" width=\"3.9\" height=\"6\"><\/rect>\t<\/defs>\t<clipPath id=\"SVGID_2_\">\t\t<use xlink:href=\"#SVGID_1_\" style=\"overflow:visible;\"><\/use>\t<\/clipPath>\t<polyline class=\"st0\" points=\"2.8,3.7 3.7,6.1 5.7,1.7  \"><\/polyline><\/g><\/svg>\t\t\t\t<\/span>\n\t\t\t<\/div>\n\t\t\t\n\t\t\t\t\t\t<div class=\"elementor-icon-box-content\">\n\n\t\t\t\t\t\t\t\t\t<span class=\"elementor-icon-box-title\">\n\t\t\t\t\t\t<span  >\n\t\t\t\t\t\t\tCE-Zertifiziert DIN 13859-1\t\t\t\t\t\t<\/span>\n\t\t\t\t\t<\/span>\n\t\t\t\t\n\t\t\t\t\n\t\t\t<\/div>\n\t\t\t\n\t\t<\/div>\n\t\t\t\t\t\t<\/div>\n\t\t\t\t<\/div>\n\t\t\t\t<div class=\"elementor-element elementor-element-58cff909 elementor-view-stacked elementor-position-inline-start elementor-widget__width-initial elementor-mobile-position-inline-start elementor-shape-circle elementor-widget elementor-widget-icon-box\" data-id=\"58cff909\" data-element_type=\"widget\" data-e-type=\"widget\" data-widget_type=\"icon-box.default\">\n\t\t\t\t<div class=\"elementor-widget-container\">\n\t\t\t\t\t\t\t<div class=\"elementor-icon-box-wrapper\">\n\n\t\t\t\t\t\t<div class=\"elementor-icon-box-icon\">\n\t\t\t\t<span  class=\"elementor-icon\">\n\t\t\t\t<svg xmlns=\"http:\/\/www.w3.org\/2000\/svg\" xmlns:xlink=\"http:\/\/www.w3.org\/1999\/xlink\" id=\"Ebene_1\" x=\"0px\" y=\"0px\" viewBox=\"0 0 8.5 8.5\" height=\"150\" width=\"150\" style=\"enable-background:new 0 0 8.5 8.5;\" xml:space=\"preserve\"><style type=\"text\/css\">\t.st0{clip-path:url(#SVGID_2_);fill:none;stroke:#FFFFFF;stroke-width:1.097;}<\/style><g>\t<defs>\t\t<rect id=\"SVGID_1_\" x=\"2.3\" y=\"1.5\" width=\"3.9\" height=\"6\"><\/rect>\t<\/defs>\t<clipPath id=\"SVGID_2_\">\t\t<use xlink:href=\"#SVGID_1_\" style=\"overflow:visible;\"><\/use>\t<\/clipPath>\t<polyline class=\"st0\" points=\"2.8,3.7 3.7,6.1 5.7,1.7  \"><\/polyline><\/g><\/svg>\t\t\t\t<\/span>\n\t\t\t<\/div>\n\t\t\t\n\t\t\t\t\t\t<div class=\"elementor-icon-box-content\">\n\n\t\t\t\t\t\t\t\t\t<span class=\"elementor-icon-box-title\">\n\t\t\t\t\t\t<span  >\n\t\t\t\t\t\t\tMaterialgarantie hinterlegt beim ZVDH\t\t\t\t\t\t<\/span>\n\t\t\t\t\t<\/span>\n\t\t\t\t\n\t\t\t\t\n\t\t\t<\/div>\n\t\t\t\n\t\t<\/div>\n\t\t\t\t\t\t<\/div>\n\t\t\t\t<\/div>\n\t\t\t\t<div class=\"elementor-element elementor-element-d00cedd elementor-view-stacked elementor-position-inline-start elementor-widget__width-initial elementor-mobile-position-inline-start elementor-shape-circle elementor-widget elementor-widget-icon-box\" data-id=\"d00cedd\" data-element_type=\"widget\" data-e-type=\"widget\" data-widget_type=\"icon-box.default\">\n\t\t\t\t<div class=\"elementor-widget-container\">\n\t\t\t\t\t\t\t<div class=\"elementor-icon-box-wrapper\">\n\n\t\t\t\t\t\t<div class=\"elementor-icon-box-icon\">\n\t\t\t\t<span  class=\"elementor-icon\">\n\t\t\t\t<svg xmlns=\"http:\/\/www.w3.org\/2000\/svg\" xmlns:xlink=\"http:\/\/www.w3.org\/1999\/xlink\" id=\"Ebene_1\" x=\"0px\" y=\"0px\" viewBox=\"0 0 8.5 8.5\" height=\"150\" width=\"150\" style=\"enable-background:new 0 0 8.5 8.5;\" xml:space=\"preserve\"><style type=\"text\/css\">\t.st0{clip-path:url(#SVGID_2_);fill:none;stroke:#FFFFFF;stroke-width:1.097;}<\/style><g>\t<defs>\t\t<rect id=\"SVGID_1_\" x=\"2.3\" y=\"1.5\" width=\"3.9\" height=\"6\"><\/rect>\t<\/defs>\t<clipPath id=\"SVGID_2_\">\t\t<use xlink:href=\"#SVGID_1_\" style=\"overflow:visible;\"><\/use>\t<\/clipPath>\t<polyline class=\"st0\" points=\"2.8,3.7 3.7,6.1 5.7,1.7  \"><\/polyline><\/g><\/svg>\t\t\t\t<\/span>\n\t\t\t<\/div>\n\t\t\t\n\t\t\t\t\t\t<div class=\"elementor-icon-box-content\">\n\n\t\t\t\t\t\t\t\t\t<span class=\"elementor-icon-box-title\">\n\t\t\t\t\t\t<span  >\n\t\t\t\t\t\t\t3 Monate UV Best\u00e4ndigkeit bei Freibewitterung\t\t\t\t\t\t<\/span>\n\t\t\t\t\t<\/span>\n\t\t\t\t\n\t\t\t\t\n\t\t\t<\/div>\n\t\t\t\n\t\t<\/div>\n\t\t\t\t\t\t<\/div>\n\t\t\t\t<\/div>\n\t\t\t\t\t<\/div>\n\t\t<\/div>\n\t\t\t\t\t<\/div>\n\t\t<\/section>\n\t\t\t\t<section class=\"elementor-section elementor-top-section elementor-element elementor-element-306af5b0 elementor-section-full_width elementor-section-height-default elementor-section-height-default\" data-id=\"306af5b0\" data-element_type=\"section\" data-e-type=\"section\">\n\t\t\t\t\t\t<div class=\"elementor-container elementor-column-gap-default\">\n\t\t\t\t\t<div class=\"elementor-column elementor-col-100 elementor-top-column elementor-element elementor-element-516d517b\" data-id=\"516d517b\" data-element_type=\"column\" data-e-type=\"column\">\n\t\t\t<div class=\"elementor-widget-wrap elementor-element-populated\">\n\t\t\t\t\t\t<div class=\"elementor-element elementor-element-5eac9ae1 elementor-widget elementor-widget-image\" data-id=\"5eac9ae1\" data-element_type=\"widget\" data-e-type=\"widget\" data-widget_type=\"image.default\">\n\t\t\t\t<div class=\"elementor-widget-container\">\n\t\t\t\t\t\t\t\t\t\t\t\t\t\t\t<img decoding=\"async\" width=\"800\" height=\"450\" src=\"https:\/\/emdatec.de\/wp-content\/uploads\/2023\/07\/emda-premio-us130.jpg\" class=\"attachment-large size-large wp-image-1887\" alt=\"\" srcset=\"https:\/\/emdatec.de\/wp-content\/uploads\/2023\/07\/emda-premio-us130.jpg 800w, https:\/\/emdatec.de\/wp-content\/uploads\/2023\/07\/emda-premio-us130-300x169.jpg 300w, https:\/\/emdatec.de\/wp-content\/uploads\/2023\/07\/emda-premio-us130-768x432.jpg 768w\" sizes=\"(max-width: 800px) 100vw, 800px\" \/>\t\t\t\t\t\t\t\t\t\t\t\t\t\t\t<\/div>\n\t\t\t\t<\/div>\n\t\t\t\t\t<\/div>\n\t\t<\/div>\n\t\t\t\t\t<\/div>\n\t\t<\/section>\n\t\t\t\t<section class=\"elementor-section elementor-top-section elementor-element elementor-element-49677549 elementor-section-boxed elementor-section-height-default elementor-section-height-default\" data-id=\"49677549\" data-element_type=\"section\" data-e-type=\"section\">\n\t\t\t\t\t\t<div class=\"elementor-container elementor-column-gap-default\">\n\t\t\t\t\t<div class=\"elementor-column elementor-col-100 elementor-top-column elementor-element elementor-element-4e3a57a5\" data-id=\"4e3a57a5\" data-element_type=\"column\" data-e-type=\"column\">\n\t\t\t<div class=\"elementor-widget-wrap elementor-element-populated\">\n\t\t\t\t\t\t<div class=\"elementor-element elementor-element-4aba1bc elementor-widget elementor-widget-spacer\" data-id=\"4aba1bc\" data-element_type=\"widget\" data-e-type=\"widget\" data-widget_type=\"spacer.default\">\n\t\t\t\t<div class=\"elementor-widget-container\">\n\t\t\t\t\t\t\t<div class=\"elementor-spacer\">\n\t\t\t<div class=\"elementor-spacer-inner\"><\/div>\n\t\t<\/div>\n\t\t\t\t\t\t<\/div>\n\t\t\t\t<\/div>\n\t\t\t\t<div class=\"elementor-element elementor-element-54007013 elementor-widget elementor-widget-text-editor\" data-id=\"54007013\" data-element_type=\"widget\" data-e-type=\"widget\" data-widget_type=\"text-editor.default\">\n\t\t\t\t<div class=\"elementor-widget-container\">\n\t\t\t\t\t\t\t\t\t<p>Sie haben Interesse die\u00a0<strong>EMDA PREMIO US 130<\/strong>\u00a0zu vertreiben\u00a0oder haben weitere Fragen zu diesem Produkt?\u00a0Dann kontaktieren Sie uns gern!<\/p>\t\t\t\t\t\t\t\t<\/div>\n\t\t\t\t<\/div>\n\t\t\t\t<div class=\"elementor-element elementor-element-53cf9e01 elementor-align-left Custom-btn elementor-widget elementor-widget-button\" data-id=\"53cf9e01\" data-element_type=\"widget\" data-e-type=\"widget\" data-widget_type=\"button.default\">\n\t\t\t\t<div class=\"elementor-widget-container\">\n\t\t\t\t\t\t\t\t\t<div class=\"elementor-button-wrapper\">\n\t\t\t\t\t<a class=\"elementor-button elementor-button-link elementor-size-sm\" href=\"tel:+49(0)2572%209323-0\">\n\t\t\t\t\t\t<span class=\"elementor-button-content-wrapper\">\n\t\t\t\t\t\t\t\t\t<span class=\"elementor-button-text\">+49(0)2572 9323-0<\/span>\n\t\t\t\t\t<\/span>\n\t\t\t\t\t<\/a>\n\t\t\t\t<\/div>\n\t\t\t\t\t\t\t\t<\/div>\n\t\t\t\t<\/div>\n\t\t\t\t<div class=\"elementor-element elementor-element-88844ca elementor-align-left Custom-btn elementor-widget elementor-widget-button\" data-id=\"88844ca\" data-element_type=\"widget\" data-e-type=\"widget\" data-widget_type=\"button.default\">\n\t\t\t\t<div class=\"elementor-widget-container\">\n\t\t\t\t\t\t\t\t\t<div class=\"elementor-button-wrapper\">\n\t\t\t\t\t<a class=\"elementor-button elementor-button-link elementor-size-sm\" href=\"mailto:info@emdatec.de\">\n\t\t\t\t\t\t<span class=\"elementor-button-content-wrapper\">\n\t\t\t\t\t\t\t\t\t<span class=\"elementor-button-text\">info@emdatec.de<\/span>\n\t\t\t\t\t<\/span>\n\t\t\t\t\t<\/a>\n\t\t\t\t<\/div>\n\t\t\t\t\t\t\t\t<\/div>\n\t\t\t\t<\/div>\n\t\t\t\t<div class=\"elementor-element elementor-element-15d4883b elementor-widget elementor-widget-spacer\" data-id=\"15d4883b\" data-element_type=\"widget\" data-e-type=\"widget\" data-widget_type=\"spacer.default\">\n\t\t\t\t<div class=\"elementor-widget-container\">\n\t\t\t\t\t\t\t<div class=\"elementor-spacer\">\n\t\t\t<div class=\"elementor-spacer-inner\"><\/div>\n\t\t<\/div>\n\t\t\t\t\t\t<\/div>\n\t\t\t\t<\/div>\n\t\t\t\t\t<\/div>\n\t\t<\/div>\n\t\t\t\t\t<\/div>\n\t\t<\/section>\n\t\t\t\t<\/div>\n\t\t","protected":false},"excerpt":{"rendered":"<p>3-lagige Dachunterspannbahn Diffusionsoffene Unterdeck-, Unterspann- und Schalungsbahn auf Basis Polypropylen f\u00fcr alle vollged\u00e4mmten Steild\u00e4cher nach USB-A \/ UDB-A gem\u00e4\u00df ZVDH. Hohe Dampfdurch- l\u00e4ssigkeit. Sicherer Schutz f\u00fcr die D\u00e4mmung und Konstruktion vor Regen und Flugschnee. Hohe Rei\u00dffestigkeit und besonders trittsicher. Mit SK-Streifen f\u00fcr einen einfachen \u00dcberlappungsanschluss. SD Wert nach DIN EN ISO 12572 = 0,02 m [&hellip;]<\/p>\n","protected":false},"author":1,"featured_media":0,"parent":94,"menu_order":0,"comment_status":"closed","ping_status":"closed","template":"","meta":{"_acf_changed":false,"footnotes":""},"class_list":["post-110","page","type-page","status-publish","hentry"],"acf":[],"yoast_head":"<!-- This site is optimized with the Yoast SEO plugin v27.2 - https:\/\/yoast.com\/product\/yoast-seo-wordpress\/ -->\n<title>Emda Premio US-130 Dachunterspannbahn | EMDATEC GmbH<\/title>\n<meta name=\"description\" content=\"Optimale Dachabdichtung mit Emda Premio US-130 Dachunterspannbahn. Hochwertige L\u00f6sung f\u00fcr Ihr Bauprojekt. Direkt hier mehr Erfahren!\" \/>\n<meta name=\"robots\" content=\"index, follow, max-snippet:-1, max-image-preview:large, max-video-preview:-1\" \/>\n<link rel=\"canonical\" href=\"https:\/\/emdatec.de\/de\/dachunterspannbahn\/emda-premio-us-130\/\" \/>\n<meta property=\"og:locale\" content=\"de_DE\" \/>\n<meta property=\"og:type\" content=\"article\" \/>\n<meta property=\"og:title\" content=\"Emda Premio US-130 Dachunterspannbahn | EMDATEC GmbH\" \/>\n<meta property=\"og:description\" content=\"Optimale Dachabdichtung mit Emda Premio US-130 Dachunterspannbahn. Hochwertige L\u00f6sung f\u00fcr Ihr Bauprojekt. Direkt hier mehr Erfahren!\" \/>\n<meta property=\"og:url\" content=\"https:\/\/emdatec.de\/de\/dachunterspannbahn\/emda-premio-us-130\/\" \/>\n<meta property=\"og:site_name\" content=\"Emdatec\" \/>\n<meta property=\"article:publisher\" content=\"https:\/\/www.facebook.com\/people\/Emdatec-GmbH\/100054446773033\/?locale=de_DE\" \/>\n<meta property=\"article:modified_time\" content=\"2024-01-28T21:56:15+00:00\" \/>\n<meta property=\"og:image\" content=\"https:\/\/emdatec.de\/wp-content\/uploads\/2023\/07\/unterspannbahn.jpg\" \/>\n<meta name=\"twitter:card\" content=\"summary_large_image\" \/>\n<meta name=\"twitter:label1\" content=\"Gesch\u00e4tzte Lesezeit\" \/>\n\t<meta name=\"twitter:data1\" content=\"1\u00a0Minute\" \/>\n<script type=\"application\/ld+json\" class=\"yoast-schema-graph\">{\"@context\":\"https:\/\/schema.org\",\"@graph\":[{\"@type\":\"WebPage\",\"@id\":\"https:\/\/emdatec.de\/de\/dachunterspannbahn\/emda-premio-us-130\/\",\"url\":\"https:\/\/emdatec.de\/de\/dachunterspannbahn\/emda-premio-us-130\/\",\"name\":\"Emda Premio US-130 Dachunterspannbahn | EMDATEC GmbH\",\"isPartOf\":{\"@id\":\"https:\/\/emdatec.de\/de\/#website\"},\"primaryImageOfPage\":{\"@id\":\"https:\/\/emdatec.de\/de\/dachunterspannbahn\/emda-premio-us-130\/#primaryimage\"},\"image\":{\"@id\":\"https:\/\/emdatec.de\/de\/dachunterspannbahn\/emda-premio-us-130\/#primaryimage\"},\"thumbnailUrl\":\"https:\/\/emdatec.de\/wp-content\/uploads\/2023\/07\/unterspannbahn.jpg\",\"datePublished\":\"2023-07-26T07:44:26+00:00\",\"dateModified\":\"2024-01-28T21:56:15+00:00\",\"description\":\"Optimale Dachabdichtung mit Emda Premio US-130 Dachunterspannbahn. Hochwertige L\u00f6sung f\u00fcr Ihr Bauprojekt. Direkt hier mehr Erfahren!\",\"breadcrumb\":{\"@id\":\"https:\/\/emdatec.de\/de\/dachunterspannbahn\/emda-premio-us-130\/#breadcrumb\"},\"inLanguage\":\"de\",\"potentialAction\":[{\"@type\":\"ReadAction\",\"target\":[\"https:\/\/emdatec.de\/de\/dachunterspannbahn\/emda-premio-us-130\/\"]}]},{\"@type\":\"ImageObject\",\"inLanguage\":\"de\",\"@id\":\"https:\/\/emdatec.de\/de\/dachunterspannbahn\/emda-premio-us-130\/#primaryimage\",\"url\":\"https:\/\/emdatec.de\/wp-content\/uploads\/2023\/07\/unterspannbahn.jpg\",\"contentUrl\":\"https:\/\/emdatec.de\/wp-content\/uploads\/2023\/07\/unterspannbahn.jpg\"},{\"@type\":\"BreadcrumbList\",\"@id\":\"https:\/\/emdatec.de\/de\/dachunterspannbahn\/emda-premio-us-130\/#breadcrumb\",\"itemListElement\":[{\"@type\":\"ListItem\",\"position\":1,\"name\":\"Start\",\"item\":\"https:\/\/emdatec.de\/de\/\"},{\"@type\":\"ListItem\",\"position\":2,\"name\":\"Steildach\",\"item\":\"https:\/\/emdatec.de\/de\/steildach\/\"},{\"@type\":\"ListItem\",\"position\":3,\"name\":\"Dachunterspannbahn\",\"item\":\"https:\/\/emdatec.de\/de\/dachunterspannbahn\/\"},{\"@type\":\"ListItem\",\"position\":4,\"name\":\"EMDA PREMIO US 130\"}]},{\"@type\":\"WebSite\",\"@id\":\"https:\/\/emdatec.de\/de\/#website\",\"url\":\"https:\/\/emdatec.de\/de\/\",\"name\":\"Emdatec\",\"description\":\"\",\"publisher\":{\"@id\":\"https:\/\/emdatec.de\/de\/#organization\"},\"potentialAction\":[{\"@type\":\"SearchAction\",\"target\":{\"@type\":\"EntryPoint\",\"urlTemplate\":\"https:\/\/emdatec.de\/de\/?s={search_term_string}\"},\"query-input\":{\"@type\":\"PropertyValueSpecification\",\"valueRequired\":true,\"valueName\":\"search_term_string\"}}],\"inLanguage\":\"de\"},{\"@type\":\"Organization\",\"@id\":\"https:\/\/emdatec.de\/de\/#organization\",\"name\":\"EMDATEC GmbH\",\"url\":\"https:\/\/emdatec.de\/de\/\",\"logo\":{\"@type\":\"ImageObject\",\"inLanguage\":\"de\",\"@id\":\"https:\/\/emdatec.de\/de\/#\/schema\/logo\/image\/\",\"url\":\"https:\/\/emdatec.de\/wp-content\/uploads\/2023\/07\/logo.png\",\"contentUrl\":\"https:\/\/emdatec.de\/wp-content\/uploads\/2023\/07\/logo.png\",\"width\":758,\"height\":289,\"caption\":\"EMDATEC GmbH\"},\"image\":{\"@id\":\"https:\/\/emdatec.de\/de\/#\/schema\/logo\/image\/\"},\"sameAs\":[\"https:\/\/www.facebook.com\/people\/Emdatec-GmbH\/100054446773033\/?locale=de_DE\"]}]}<\/script>\n<!-- \/ Yoast SEO plugin. -->","yoast_head_json":{"title":"Emda Premio US-130 Dachunterspannbahn | EMDATEC GmbH","description":"Optimale Dachabdichtung mit Emda Premio US-130 Dachunterspannbahn. Hochwertige L\u00f6sung f\u00fcr Ihr Bauprojekt. Direkt hier mehr Erfahren!","robots":{"index":"index","follow":"follow","max-snippet":"max-snippet:-1","max-image-preview":"max-image-preview:large","max-video-preview":"max-video-preview:-1"},"canonical":"https:\/\/emdatec.de\/de\/dachunterspannbahn\/emda-premio-us-130\/","og_locale":"de_DE","og_type":"article","og_title":"Emda Premio US-130 Dachunterspannbahn | EMDATEC GmbH","og_description":"Optimale Dachabdichtung mit Emda Premio US-130 Dachunterspannbahn. Hochwertige L\u00f6sung f\u00fcr Ihr Bauprojekt. Direkt hier mehr Erfahren!","og_url":"https:\/\/emdatec.de\/de\/dachunterspannbahn\/emda-premio-us-130\/","og_site_name":"Emdatec","article_publisher":"https:\/\/www.facebook.com\/people\/Emdatec-GmbH\/100054446773033\/?locale=de_DE","article_modified_time":"2024-01-28T21:56:15+00:00","og_image":[{"url":"https:\/\/emdatec.de\/wp-content\/uploads\/2023\/07\/unterspannbahn.jpg","type":"","width":"","height":""}],"twitter_card":"summary_large_image","twitter_misc":{"Gesch\u00e4tzte Lesezeit":"1\u00a0Minute"},"schema":{"@context":"https:\/\/schema.org","@graph":[{"@type":"WebPage","@id":"https:\/\/emdatec.de\/de\/dachunterspannbahn\/emda-premio-us-130\/","url":"https:\/\/emdatec.de\/de\/dachunterspannbahn\/emda-premio-us-130\/","name":"Emda Premio US-130 Dachunterspannbahn | EMDATEC GmbH","isPartOf":{"@id":"https:\/\/emdatec.de\/de\/#website"},"primaryImageOfPage":{"@id":"https:\/\/emdatec.de\/de\/dachunterspannbahn\/emda-premio-us-130\/#primaryimage"},"image":{"@id":"https:\/\/emdatec.de\/de\/dachunterspannbahn\/emda-premio-us-130\/#primaryimage"},"thumbnailUrl":"https:\/\/emdatec.de\/wp-content\/uploads\/2023\/07\/unterspannbahn.jpg","datePublished":"2023-07-26T07:44:26+00:00","dateModified":"2024-01-28T21:56:15+00:00","description":"Optimale Dachabdichtung mit Emda Premio US-130 Dachunterspannbahn. Hochwertige L\u00f6sung f\u00fcr Ihr Bauprojekt. Direkt hier mehr Erfahren!","breadcrumb":{"@id":"https:\/\/emdatec.de\/de\/dachunterspannbahn\/emda-premio-us-130\/#breadcrumb"},"inLanguage":"de","potentialAction":[{"@type":"ReadAction","target":["https:\/\/emdatec.de\/de\/dachunterspannbahn\/emda-premio-us-130\/"]}]},{"@type":"ImageObject","inLanguage":"de","@id":"https:\/\/emdatec.de\/de\/dachunterspannbahn\/emda-premio-us-130\/#primaryimage","url":"https:\/\/emdatec.de\/wp-content\/uploads\/2023\/07\/unterspannbahn.jpg","contentUrl":"https:\/\/emdatec.de\/wp-content\/uploads\/2023\/07\/unterspannbahn.jpg"},{"@type":"BreadcrumbList","@id":"https:\/\/emdatec.de\/de\/dachunterspannbahn\/emda-premio-us-130\/#breadcrumb","itemListElement":[{"@type":"ListItem","position":1,"name":"Start","item":"https:\/\/emdatec.de\/de\/"},{"@type":"ListItem","position":2,"name":"Steildach","item":"https:\/\/emdatec.de\/de\/steildach\/"},{"@type":"ListItem","position":3,"name":"Dachunterspannbahn","item":"https:\/\/emdatec.de\/de\/dachunterspannbahn\/"},{"@type":"ListItem","position":4,"name":"EMDA PREMIO US 130"}]},{"@type":"WebSite","@id":"https:\/\/emdatec.de\/de\/#website","url":"https:\/\/emdatec.de\/de\/","name":"Emdatec","description":"","publisher":{"@id":"https:\/\/emdatec.de\/de\/#organization"},"potentialAction":[{"@type":"SearchAction","target":{"@type":"EntryPoint","urlTemplate":"https:\/\/emdatec.de\/de\/?s={search_term_string}"},"query-input":{"@type":"PropertyValueSpecification","valueRequired":true,"valueName":"search_term_string"}}],"inLanguage":"de"},{"@type":"Organization","@id":"https:\/\/emdatec.de\/de\/#organization","name":"EMDATEC GmbH","url":"https:\/\/emdatec.de\/de\/","logo":{"@type":"ImageObject","inLanguage":"de","@id":"https:\/\/emdatec.de\/de\/#\/schema\/logo\/image\/","url":"https:\/\/emdatec.de\/wp-content\/uploads\/2023\/07\/logo.png","contentUrl":"https:\/\/emdatec.de\/wp-content\/uploads\/2023\/07\/logo.png","width":758,"height":289,"caption":"EMDATEC GmbH"},"image":{"@id":"https:\/\/emdatec.de\/de\/#\/schema\/logo\/image\/"},"sameAs":["https:\/\/www.facebook.com\/people\/Emdatec-GmbH\/100054446773033\/?locale=de_DE"]}]}},"_links":{"self":[{"href":"https:\/\/emdatec.de\/de\/wp-json\/wp\/v2\/pages\/110","targetHints":{"allow":["GET"]}}],"collection":[{"href":"https:\/\/emdatec.de\/de\/wp-json\/wp\/v2\/pages"}],"about":[{"href":"https:\/\/emdatec.de\/de\/wp-json\/wp\/v2\/types\/page"}],"author":[{"embeddable":true,"href":"https:\/\/emdatec.de\/de\/wp-json\/wp\/v2\/users\/1"}],"replies":[{"embeddable":true,"href":"https:\/\/emdatec.de\/de\/wp-json\/wp\/v2\/comments?post=110"}],"version-history":[{"count":45,"href":"https:\/\/emdatec.de\/de\/wp-json\/wp\/v2\/pages\/110\/revisions"}],"predecessor-version":[{"id":7431,"href":"https:\/\/emdatec.de\/de\/wp-json\/wp\/v2\/pages\/110\/revisions\/7431"}],"up":[{"embeddable":true,"href":"https:\/\/emdatec.de\/de\/wp-json\/wp\/v2\/pages\/94"}],"wp:attachment":[{"href":"https:\/\/emdatec.de\/de\/wp-json\/wp\/v2\/media?parent=110"}],"curies":[{"name":"wp","href":"https:\/\/api.w.org\/{rel}","templated":true}]}}