{"id":149,"date":"2023-07-26T07:55:57","date_gmt":"2023-07-26T07:55:57","guid":{"rendered":"https:\/\/emdatec.de\/?page_id=149"},"modified":"2023-12-29T22:35:22","modified_gmt":"2023-12-29T22:35:22","slug":"emda-kehldichtstreifen","status":"publish","type":"page","link":"https:\/\/emdatec.de\/de\/kehldichtstreifen\/","title":{"rendered":"EMDA KEHLDICHTSTREIFEN"},"content":{"rendered":"\t\t<div data-elementor-type=\"wp-page\" data-elementor-id=\"149\" class=\"elementor elementor-149\" data-elementor-post-type=\"page\">\n\t\t\t\t\t\t<section class=\"elementor-section elementor-top-section elementor-element elementor-element-96633a5 elementor-section-full_width elementor-section-height-default elementor-section-height-default\" data-id=\"96633a5\" data-element_type=\"section\" data-e-type=\"section\">\n\t\t\t\t\t\t<div class=\"elementor-container elementor-column-gap-default\">\n\t\t\t\t\t<div class=\"elementor-column elementor-col-100 elementor-top-column elementor-element elementor-element-d3631ea\" data-id=\"d3631ea\" data-element_type=\"column\" data-e-type=\"column\">\n\t\t\t<div class=\"elementor-widget-wrap elementor-element-populated\">\n\t\t\t\t\t\t<div class=\"elementor-element elementor-element-b520062 elementor-widget elementor-widget-image\" data-id=\"b520062\" data-element_type=\"widget\" data-e-type=\"widget\" data-widget_type=\"image.default\">\n\t\t\t\t<div class=\"elementor-widget-container\">\n\t\t\t\t\t\t\t\t\t\t\t\t\t\t\t<img fetchpriority=\"high\" decoding=\"async\" width=\"800\" height=\"450\" src=\"https:\/\/emdatec.de\/wp-content\/uploads\/2023\/07\/kehldichtstreifen-1.jpg\" class=\"attachment-large size-large wp-image-1522\" alt=\"\" srcset=\"https:\/\/emdatec.de\/wp-content\/uploads\/2023\/07\/kehldichtstreifen-1.jpg 800w, https:\/\/emdatec.de\/wp-content\/uploads\/2023\/07\/kehldichtstreifen-1-300x169.jpg 300w, https:\/\/emdatec.de\/wp-content\/uploads\/2023\/07\/kehldichtstreifen-1-768x432.jpg 768w\" sizes=\"(max-width: 800px) 100vw, 800px\" \/>\t\t\t\t\t\t\t\t\t\t\t\t\t\t\t<\/div>\n\t\t\t\t<\/div>\n\t\t\t\t\t<\/div>\n\t\t<\/div>\n\t\t\t\t\t<\/div>\n\t\t<\/section>\n\t\t\t\t<section class=\"elementor-section elementor-top-section elementor-element elementor-element-64bce06 elementor-section-boxed elementor-section-height-default elementor-section-height-default\" data-id=\"64bce06\" data-element_type=\"section\" data-e-type=\"section\">\n\t\t\t\t\t\t<div class=\"elementor-container elementor-column-gap-default\">\n\t\t\t\t\t<div class=\"elementor-column elementor-col-100 elementor-top-column elementor-element elementor-element-9939bcf\" data-id=\"9939bcf\" data-element_type=\"column\" data-e-type=\"column\">\n\t\t\t<div class=\"elementor-widget-wrap elementor-element-populated\">\n\t\t\t\t\t\t<div class=\"elementor-element elementor-element-f37d2c1 Custom_title elementor-widget elementor-widget-heading\" data-id=\"f37d2c1\" data-element_type=\"widget\" data-e-type=\"widget\" data-widget_type=\"heading.default\">\n\t\t\t\t<div class=\"elementor-widget-container\">\n\t\t\t\t\t<h2 class=\"elementor-heading-title elementor-size-default\">Idealer Schutz vor Dreck und Feuchtigkeit\n<\/h2>\t\t\t\t<\/div>\n\t\t\t\t<\/div>\n\t\t\t\t<div class=\"elementor-element elementor-element-6e9c8e0 elementor-widget elementor-widget-text-editor\" data-id=\"6e9c8e0\" data-element_type=\"widget\" data-e-type=\"widget\" data-widget_type=\"text-editor.default\">\n\t\t\t\t<div class=\"elementor-widget-container\">\n\t\t\t\t\t\t\t\t\t<p>SK-Dichtstreifen f\u00fcr die Abdichtung zwischen Dacheindeckung und Kehlblech. Vermindert das Eindringen von Schmutz, Feuchtigkeit und Schnee.<\/p>\t\t\t\t\t\t\t\t<\/div>\n\t\t\t\t<\/div>\n\t\t\t\t<div class=\"elementor-element elementor-element-0029295 elementor-widget elementor-widget-spacer\" data-id=\"0029295\" data-element_type=\"widget\" data-e-type=\"widget\" data-widget_type=\"spacer.default\">\n\t\t\t\t<div class=\"elementor-widget-container\">\n\t\t\t\t\t\t\t<div class=\"elementor-spacer\">\n\t\t\t<div class=\"elementor-spacer-inner\"><\/div>\n\t\t<\/div>\n\t\t\t\t\t\t<\/div>\n\t\t\t\t<\/div>\n\t\t\t\t\t<\/div>\n\t\t<\/div>\n\t\t\t\t\t<\/div>\n\t\t<\/section>\n\t\t\t\t<section class=\"elementor-section elementor-top-section elementor-element elementor-element-74aab21 elementor-section-boxed elementor-section-height-default elementor-section-height-default\" data-id=\"74aab21\" data-element_type=\"section\" data-e-type=\"section\">\n\t\t\t\t\t\t<div class=\"elementor-container elementor-column-gap-default\">\n\t\t\t\t\t<div class=\"elementor-column elementor-col-100 elementor-top-column elementor-element elementor-element-7864cc9\" data-id=\"7864cc9\" data-element_type=\"column\" data-e-type=\"column\">\n\t\t\t<div class=\"elementor-widget-wrap elementor-element-populated\">\n\t\t\t\t\t\t<div class=\"elementor-element elementor-element-38b4e66 elementor-widget elementor-widget-text-editor\" data-id=\"38b4e66\" data-element_type=\"widget\" data-e-type=\"widget\" data-widget_type=\"text-editor.default\">\n\t\t\t\t<div class=\"elementor-widget-container\">\n\t\t\t\t\t\t\t\t\t<p>Sie haben Interesse\u00a0<strong>EMDA KEHLDICHTSTREIFEN<\/strong>\u00a0zu vertreiben\u00a0oder haben weitere Fragen zu diesem Produkt?\u00a0Dann kontaktieren Sie uns gern!<\/p>\t\t\t\t\t\t\t\t<\/div>\n\t\t\t\t<\/div>\n\t\t\t\t<div class=\"elementor-element elementor-element-bb8ba1f elementor-align-left Custom-btn elementor-widget elementor-widget-button\" data-id=\"bb8ba1f\" data-element_type=\"widget\" data-e-type=\"widget\" data-widget_type=\"button.default\">\n\t\t\t\t<div class=\"elementor-widget-container\">\n\t\t\t\t\t\t\t\t\t<div class=\"elementor-button-wrapper\">\n\t\t\t\t\t<a class=\"elementor-button elementor-button-link elementor-size-sm\" href=\"tel:+49(0)2572%209323-0\">\n\t\t\t\t\t\t<span class=\"elementor-button-content-wrapper\">\n\t\t\t\t\t\t\t\t\t<span class=\"elementor-button-text\">+49(0)2572 9323-0<\/span>\n\t\t\t\t\t<\/span>\n\t\t\t\t\t<\/a>\n\t\t\t\t<\/div>\n\t\t\t\t\t\t\t\t<\/div>\n\t\t\t\t<\/div>\n\t\t\t\t<div class=\"elementor-element elementor-element-90070c2 elementor-align-left Custom-btn elementor-widget elementor-widget-button\" data-id=\"90070c2\" data-element_type=\"widget\" data-e-type=\"widget\" data-widget_type=\"button.default\">\n\t\t\t\t<div class=\"elementor-widget-container\">\n\t\t\t\t\t\t\t\t\t<div class=\"elementor-button-wrapper\">\n\t\t\t\t\t<a class=\"elementor-button elementor-button-link elementor-size-sm\" href=\"mailto:info@emdatec.de\">\n\t\t\t\t\t\t<span class=\"elementor-button-content-wrapper\">\n\t\t\t\t\t\t\t\t\t<span class=\"elementor-button-text\">info@emdatec.de<\/span>\n\t\t\t\t\t<\/span>\n\t\t\t\t\t<\/a>\n\t\t\t\t<\/div>\n\t\t\t\t\t\t\t\t<\/div>\n\t\t\t\t<\/div>\n\t\t\t\t<div class=\"elementor-element elementor-element-17a9747 elementor-widget elementor-widget-spacer\" data-id=\"17a9747\" data-element_type=\"widget\" data-e-type=\"widget\" data-widget_type=\"spacer.default\">\n\t\t\t\t<div class=\"elementor-widget-container\">\n\t\t\t\t\t\t\t<div class=\"elementor-spacer\">\n\t\t\t<div class=\"elementor-spacer-inner\"><\/div>\n\t\t<\/div>\n\t\t\t\t\t\t<\/div>\n\t\t\t\t<\/div>\n\t\t\t\t\t<\/div>\n\t\t<\/div>\n\t\t\t\t\t<\/div>\n\t\t<\/section>\n\t\t\t\t<\/div>\n\t\t","protected":false},"excerpt":{"rendered":"<p>Idealer Schutz vor Dreck und Feuchtigkeit SK-Dichtstreifen f\u00fcr die Abdichtung zwischen Dacheindeckung und Kehlblech. Vermindert das Eindringen von Schmutz, Feuchtigkeit und Schnee. Sie haben Interesse\u00a0EMDA KEHLDICHTSTREIFEN\u00a0zu vertreiben\u00a0oder haben weitere Fragen zu diesem Produkt?\u00a0Dann kontaktieren Sie uns gern! +49(0)2572 9323-0 info@emdatec.de<\/p>\n","protected":false},"author":1,"featured_media":0,"parent":40,"menu_order":0,"comment_status":"closed","ping_status":"closed","template":"","meta":{"_acf_changed":false,"footnotes":""},"class_list":["post-149","page","type-page","status-publish","hentry"],"acf":[],"yoast_head":"<!-- This site is optimized with the Yoast SEO plugin v27.2 - https:\/\/yoast.com\/product\/yoast-seo-wordpress\/ -->\n<title>Kehldichtstreifen - Abdichtung f\u00fcr Ihr Steildach | EMDATEC<\/title>\n<meta name=\"description\" content=\"Entdecken Sie hochwertige Emda Kehldichtstreifen f\u00fcr eine zuverl\u00e4ssige Abdichtung Ihres Steildachs. Vertrauen Sie Emdatec f\u00fcr professionelles Zubeh\u00f6r.\" \/>\n<meta name=\"robots\" content=\"index, follow, max-snippet:-1, max-image-preview:large, max-video-preview:-1\" \/>\n<link rel=\"canonical\" href=\"https:\/\/emdatec.de\/de\/kehldichtstreifen\/\" \/>\n<meta property=\"og:locale\" content=\"de_DE\" \/>\n<meta property=\"og:type\" content=\"article\" \/>\n<meta property=\"og:title\" content=\"Kehldichtstreifen - Abdichtung f\u00fcr Ihr Steildach | EMDATEC\" \/>\n<meta property=\"og:description\" content=\"Entdecken Sie hochwertige Emda Kehldichtstreifen f\u00fcr eine zuverl\u00e4ssige Abdichtung Ihres Steildachs. Vertrauen Sie Emdatec f\u00fcr professionelles Zubeh\u00f6r.\" \/>\n<meta property=\"og:url\" content=\"https:\/\/emdatec.de\/de\/kehldichtstreifen\/\" \/>\n<meta property=\"og:site_name\" content=\"Emdatec\" \/>\n<meta property=\"article:publisher\" content=\"https:\/\/www.facebook.com\/people\/Emdatec-GmbH\/100054446773033\/?locale=de_DE\" \/>\n<meta property=\"article:modified_time\" content=\"2023-12-29T22:35:22+00:00\" \/>\n<meta property=\"og:image\" content=\"https:\/\/emdatec.de\/wp-content\/uploads\/2023\/07\/kehldichtstreifen-1.jpg\" \/>\n<meta name=\"twitter:card\" content=\"summary_large_image\" \/>\n<meta name=\"twitter:label1\" content=\"Gesch\u00e4tzte Lesezeit\" \/>\n\t<meta name=\"twitter:data1\" content=\"1\u00a0Minute\" \/>\n<script type=\"application\/ld+json\" class=\"yoast-schema-graph\">{\"@context\":\"https:\/\/schema.org\",\"@graph\":[{\"@type\":\"WebPage\",\"@id\":\"https:\/\/emdatec.de\/de\/kehldichtstreifen\/\",\"url\":\"https:\/\/emdatec.de\/de\/kehldichtstreifen\/\",\"name\":\"Kehldichtstreifen - Abdichtung f\u00fcr Ihr Steildach | EMDATEC\",\"isPartOf\":{\"@id\":\"https:\/\/emdatec.de\/de\/#website\"},\"primaryImageOfPage\":{\"@id\":\"https:\/\/emdatec.de\/de\/kehldichtstreifen\/#primaryimage\"},\"image\":{\"@id\":\"https:\/\/emdatec.de\/de\/kehldichtstreifen\/#primaryimage\"},\"thumbnailUrl\":\"https:\/\/emdatec.de\/wp-content\/uploads\/2023\/07\/kehldichtstreifen-1.jpg\",\"datePublished\":\"2023-07-26T07:55:57+00:00\",\"dateModified\":\"2023-12-29T22:35:22+00:00\",\"description\":\"Entdecken Sie hochwertige Emda Kehldichtstreifen f\u00fcr eine zuverl\u00e4ssige Abdichtung Ihres Steildachs. Vertrauen Sie Emdatec f\u00fcr professionelles Zubeh\u00f6r.\",\"breadcrumb\":{\"@id\":\"https:\/\/emdatec.de\/de\/kehldichtstreifen\/#breadcrumb\"},\"inLanguage\":\"de\",\"potentialAction\":[{\"@type\":\"ReadAction\",\"target\":[\"https:\/\/emdatec.de\/de\/kehldichtstreifen\/\"]}]},{\"@type\":\"ImageObject\",\"inLanguage\":\"de\",\"@id\":\"https:\/\/emdatec.de\/de\/kehldichtstreifen\/#primaryimage\",\"url\":\"https:\/\/emdatec.de\/wp-content\/uploads\/2023\/07\/kehldichtstreifen-1.jpg\",\"contentUrl\":\"https:\/\/emdatec.de\/wp-content\/uploads\/2023\/07\/kehldichtstreifen-1.jpg\"},{\"@type\":\"BreadcrumbList\",\"@id\":\"https:\/\/emdatec.de\/de\/kehldichtstreifen\/#breadcrumb\",\"itemListElement\":[{\"@type\":\"ListItem\",\"position\":1,\"name\":\"Start\",\"item\":\"https:\/\/emdatec.de\/de\/\"},{\"@type\":\"ListItem\",\"position\":2,\"name\":\"Steildach\",\"item\":\"https:\/\/emdatec.de\/de\/steildach\/\"},{\"@type\":\"ListItem\",\"position\":3,\"name\":\"Zubeh\u00f6r\",\"item\":\"https:\/\/emdatec.de\/de\/steildach\/zubehoer\/\"},{\"@type\":\"ListItem\",\"position\":4,\"name\":\"EMDA KEHLDICHTSTREIFEN\"}]},{\"@type\":\"WebSite\",\"@id\":\"https:\/\/emdatec.de\/de\/#website\",\"url\":\"https:\/\/emdatec.de\/de\/\",\"name\":\"Emdatec\",\"description\":\"\",\"publisher\":{\"@id\":\"https:\/\/emdatec.de\/de\/#organization\"},\"potentialAction\":[{\"@type\":\"SearchAction\",\"target\":{\"@type\":\"EntryPoint\",\"urlTemplate\":\"https:\/\/emdatec.de\/de\/?s={search_term_string}\"},\"query-input\":{\"@type\":\"PropertyValueSpecification\",\"valueRequired\":true,\"valueName\":\"search_term_string\"}}],\"inLanguage\":\"de\"},{\"@type\":\"Organization\",\"@id\":\"https:\/\/emdatec.de\/de\/#organization\",\"name\":\"EMDATEC GmbH\",\"url\":\"https:\/\/emdatec.de\/de\/\",\"logo\":{\"@type\":\"ImageObject\",\"inLanguage\":\"de\",\"@id\":\"https:\/\/emdatec.de\/de\/#\/schema\/logo\/image\/\",\"url\":\"https:\/\/emdatec.de\/wp-content\/uploads\/2023\/07\/logo.png\",\"contentUrl\":\"https:\/\/emdatec.de\/wp-content\/uploads\/2023\/07\/logo.png\",\"width\":758,\"height\":289,\"caption\":\"EMDATEC GmbH\"},\"image\":{\"@id\":\"https:\/\/emdatec.de\/de\/#\/schema\/logo\/image\/\"},\"sameAs\":[\"https:\/\/www.facebook.com\/people\/Emdatec-GmbH\/100054446773033\/?locale=de_DE\"]}]}<\/script>\n<!-- \/ Yoast SEO plugin. -->","yoast_head_json":{"title":"Kehldichtstreifen - Abdichtung f\u00fcr Ihr Steildach | EMDATEC","description":"Entdecken Sie hochwertige Emda Kehldichtstreifen f\u00fcr eine zuverl\u00e4ssige Abdichtung Ihres Steildachs. Vertrauen Sie Emdatec f\u00fcr professionelles Zubeh\u00f6r.","robots":{"index":"index","follow":"follow","max-snippet":"max-snippet:-1","max-image-preview":"max-image-preview:large","max-video-preview":"max-video-preview:-1"},"canonical":"https:\/\/emdatec.de\/de\/kehldichtstreifen\/","og_locale":"de_DE","og_type":"article","og_title":"Kehldichtstreifen - Abdichtung f\u00fcr Ihr Steildach | EMDATEC","og_description":"Entdecken Sie hochwertige Emda Kehldichtstreifen f\u00fcr eine zuverl\u00e4ssige Abdichtung Ihres Steildachs. Vertrauen Sie Emdatec f\u00fcr professionelles Zubeh\u00f6r.","og_url":"https:\/\/emdatec.de\/de\/kehldichtstreifen\/","og_site_name":"Emdatec","article_publisher":"https:\/\/www.facebook.com\/people\/Emdatec-GmbH\/100054446773033\/?locale=de_DE","article_modified_time":"2023-12-29T22:35:22+00:00","og_image":[{"url":"https:\/\/emdatec.de\/wp-content\/uploads\/2023\/07\/kehldichtstreifen-1.jpg","type":"","width":"","height":""}],"twitter_card":"summary_large_image","twitter_misc":{"Gesch\u00e4tzte Lesezeit":"1\u00a0Minute"},"schema":{"@context":"https:\/\/schema.org","@graph":[{"@type":"WebPage","@id":"https:\/\/emdatec.de\/de\/kehldichtstreifen\/","url":"https:\/\/emdatec.de\/de\/kehldichtstreifen\/","name":"Kehldichtstreifen - Abdichtung f\u00fcr Ihr Steildach | EMDATEC","isPartOf":{"@id":"https:\/\/emdatec.de\/de\/#website"},"primaryImageOfPage":{"@id":"https:\/\/emdatec.de\/de\/kehldichtstreifen\/#primaryimage"},"image":{"@id":"https:\/\/emdatec.de\/de\/kehldichtstreifen\/#primaryimage"},"thumbnailUrl":"https:\/\/emdatec.de\/wp-content\/uploads\/2023\/07\/kehldichtstreifen-1.jpg","datePublished":"2023-07-26T07:55:57+00:00","dateModified":"2023-12-29T22:35:22+00:00","description":"Entdecken Sie hochwertige Emda Kehldichtstreifen f\u00fcr eine zuverl\u00e4ssige Abdichtung Ihres Steildachs. Vertrauen Sie Emdatec f\u00fcr professionelles Zubeh\u00f6r.","breadcrumb":{"@id":"https:\/\/emdatec.de\/de\/kehldichtstreifen\/#breadcrumb"},"inLanguage":"de","potentialAction":[{"@type":"ReadAction","target":["https:\/\/emdatec.de\/de\/kehldichtstreifen\/"]}]},{"@type":"ImageObject","inLanguage":"de","@id":"https:\/\/emdatec.de\/de\/kehldichtstreifen\/#primaryimage","url":"https:\/\/emdatec.de\/wp-content\/uploads\/2023\/07\/kehldichtstreifen-1.jpg","contentUrl":"https:\/\/emdatec.de\/wp-content\/uploads\/2023\/07\/kehldichtstreifen-1.jpg"},{"@type":"BreadcrumbList","@id":"https:\/\/emdatec.de\/de\/kehldichtstreifen\/#breadcrumb","itemListElement":[{"@type":"ListItem","position":1,"name":"Start","item":"https:\/\/emdatec.de\/de\/"},{"@type":"ListItem","position":2,"name":"Steildach","item":"https:\/\/emdatec.de\/de\/steildach\/"},{"@type":"ListItem","position":3,"name":"Zubeh\u00f6r","item":"https:\/\/emdatec.de\/de\/steildach\/zubehoer\/"},{"@type":"ListItem","position":4,"name":"EMDA KEHLDICHTSTREIFEN"}]},{"@type":"WebSite","@id":"https:\/\/emdatec.de\/de\/#website","url":"https:\/\/emdatec.de\/de\/","name":"Emdatec","description":"","publisher":{"@id":"https:\/\/emdatec.de\/de\/#organization"},"potentialAction":[{"@type":"SearchAction","target":{"@type":"EntryPoint","urlTemplate":"https:\/\/emdatec.de\/de\/?s={search_term_string}"},"query-input":{"@type":"PropertyValueSpecification","valueRequired":true,"valueName":"search_term_string"}}],"inLanguage":"de"},{"@type":"Organization","@id":"https:\/\/emdatec.de\/de\/#organization","name":"EMDATEC GmbH","url":"https:\/\/emdatec.de\/de\/","logo":{"@type":"ImageObject","inLanguage":"de","@id":"https:\/\/emdatec.de\/de\/#\/schema\/logo\/image\/","url":"https:\/\/emdatec.de\/wp-content\/uploads\/2023\/07\/logo.png","contentUrl":"https:\/\/emdatec.de\/wp-content\/uploads\/2023\/07\/logo.png","width":758,"height":289,"caption":"EMDATEC GmbH"},"image":{"@id":"https:\/\/emdatec.de\/de\/#\/schema\/logo\/image\/"},"sameAs":["https:\/\/www.facebook.com\/people\/Emdatec-GmbH\/100054446773033\/?locale=de_DE"]}]}},"_links":{"self":[{"href":"https:\/\/emdatec.de\/de\/wp-json\/wp\/v2\/pages\/149","targetHints":{"allow":["GET"]}}],"collection":[{"href":"https:\/\/emdatec.de\/de\/wp-json\/wp\/v2\/pages"}],"about":[{"href":"https:\/\/emdatec.de\/de\/wp-json\/wp\/v2\/types\/page"}],"author":[{"embeddable":true,"href":"https:\/\/emdatec.de\/de\/wp-json\/wp\/v2\/users\/1"}],"replies":[{"embeddable":true,"href":"https:\/\/emdatec.de\/de\/wp-json\/wp\/v2\/comments?post=149"}],"version-history":[{"count":28,"href":"https:\/\/emdatec.de\/de\/wp-json\/wp\/v2\/pages\/149\/revisions"}],"predecessor-version":[{"id":7395,"href":"https:\/\/emdatec.de\/de\/wp-json\/wp\/v2\/pages\/149\/revisions\/7395"}],"up":[{"embeddable":true,"href":"https:\/\/emdatec.de\/de\/wp-json\/wp\/v2\/pages\/40"}],"wp:attachment":[{"href":"https:\/\/emdatec.de\/de\/wp-json\/wp\/v2\/media?parent=149"}],"curies":[{"name":"wp","href":"https:\/\/api.w.org\/{rel}","templated":true}]}}