{"id":153,"date":"2023-07-26T07:56:39","date_gmt":"2023-07-26T07:56:39","guid":{"rendered":"https:\/\/emdatec.de\/?page_id=153"},"modified":"2024-01-28T21:58:40","modified_gmt":"2024-01-28T21:58:40","slug":"emda-repa-tape","status":"publish","type":"page","link":"https:\/\/emdatec.de\/de\/steildach\/zubehor\/emda-repa-tape\/","title":{"rendered":"EMDA REPA-TAPE"},"content":{"rendered":"\t\t<div data-elementor-type=\"wp-page\" data-elementor-id=\"153\" class=\"elementor elementor-153\" data-elementor-post-type=\"page\">\n\t\t\t\t\t\t<section class=\"elementor-section elementor-top-section elementor-element elementor-element-7d0c259 elementor-section-full_width elementor-section-height-default elementor-section-height-default\" data-id=\"7d0c259\" data-element_type=\"section\" data-e-type=\"section\">\n\t\t\t\t\t\t<div class=\"elementor-container elementor-column-gap-default\">\n\t\t\t\t\t<div class=\"elementor-column elementor-col-100 elementor-top-column elementor-element elementor-element-1f9d1f2\" data-id=\"1f9d1f2\" data-element_type=\"column\" data-e-type=\"column\">\n\t\t\t<div class=\"elementor-widget-wrap elementor-element-populated\">\n\t\t\t\t\t\t<div class=\"elementor-element elementor-element-99002ff elementor-widget elementor-widget-image\" data-id=\"99002ff\" data-element_type=\"widget\" data-e-type=\"widget\" data-widget_type=\"image.default\">\n\t\t\t\t<div class=\"elementor-widget-container\">\n\t\t\t\t\t\t\t\t\t\t\t\t\t\t\t<img fetchpriority=\"high\" decoding=\"async\" width=\"800\" height=\"450\" src=\"https:\/\/emdatec.de\/wp-content\/uploads\/2023\/07\/bitumen-klebeband.jpg\" class=\"attachment-large size-large wp-image-1553\" alt=\"\" srcset=\"https:\/\/emdatec.de\/wp-content\/uploads\/2023\/07\/bitumen-klebeband.jpg 800w, https:\/\/emdatec.de\/wp-content\/uploads\/2023\/07\/bitumen-klebeband-300x169.jpg 300w, https:\/\/emdatec.de\/wp-content\/uploads\/2023\/07\/bitumen-klebeband-768x432.jpg 768w\" sizes=\"(max-width: 800px) 100vw, 800px\" \/>\t\t\t\t\t\t\t\t\t\t\t\t\t\t\t<\/div>\n\t\t\t\t<\/div>\n\t\t\t\t\t<\/div>\n\t\t<\/div>\n\t\t\t\t\t<\/div>\n\t\t<\/section>\n\t\t\t\t<section class=\"elementor-section elementor-top-section elementor-element elementor-element-18c0872 elementor-section-boxed elementor-section-height-default elementor-section-height-default\" data-id=\"18c0872\" data-element_type=\"section\" data-e-type=\"section\">\n\t\t\t\t\t\t<div class=\"elementor-container elementor-column-gap-default\">\n\t\t\t\t\t<div class=\"elementor-column elementor-col-100 elementor-top-column elementor-element elementor-element-c9498a8\" data-id=\"c9498a8\" data-element_type=\"column\" data-e-type=\"column\">\n\t\t\t<div class=\"elementor-widget-wrap elementor-element-populated\">\n\t\t\t\t\t\t<div class=\"elementor-element elementor-element-6260a16 Custom_title elementor-widget elementor-widget-heading\" data-id=\"6260a16\" data-element_type=\"widget\" data-e-type=\"widget\" data-widget_type=\"heading.default\">\n\t\t\t\t<div class=\"elementor-widget-container\">\n\t\t\t\t\t<h2 class=\"elementor-heading-title elementor-size-default\">Bitumen-Reparaturband\n<\/h2>\t\t\t\t<\/div>\n\t\t\t\t<\/div>\n\t\t\t\t<div class=\"elementor-element elementor-element-7edd45a elementor-widget elementor-widget-text-editor\" data-id=\"7edd45a\" data-element_type=\"widget\" data-e-type=\"widget\" data-widget_type=\"text-editor.default\">\n\t\t\t\t<div class=\"elementor-widget-container\">\n\t\t\t\t\t\t\t\t\t<p>Klebeband auf Basis Polymer- Bitumen mit Alubeschichtung f\u00fcr witterungsbest\u00e4ndige Abdichtungs- und Reparaturarbeiten am Dach und Haus.\u00a0Ideal zum Abdichten von Dachrinnen, reparieren von Anschl\u00fcssen und Metallkonstruktionen. Auch am Flachdach und Lichtkuppeln anzuwenden.<\/p>\t\t\t\t\t\t\t\t<\/div>\n\t\t\t\t<\/div>\n\t\t\t\t\t<\/div>\n\t\t<\/div>\n\t\t\t\t\t<\/div>\n\t\t<\/section>\n\t\t\t\t<section class=\"elementor-section elementor-top-section elementor-element elementor-element-d1b0b15 steildach-outer elementor-section-boxed elementor-section-height-default elementor-section-height-default\" data-id=\"d1b0b15\" data-element_type=\"section\" data-e-type=\"section\">\n\t\t\t\t\t\t<div class=\"elementor-container elementor-column-gap-default\">\n\t\t\t\t\t<div class=\"elementor-column elementor-col-100 elementor-top-column elementor-element elementor-element-ce1cccb\" data-id=\"ce1cccb\" data-element_type=\"column\" data-e-type=\"column\">\n\t\t\t<div class=\"elementor-widget-wrap elementor-element-populated\">\n\t\t\t\t\t\t<div class=\"elementor-element elementor-element-832b053 elementor-view-stacked elementor-position-inline-start elementor-widget__width-initial Custom_list elementor-mobile-position-inline-start elementor-shape-circle elementor-widget elementor-widget-icon-box\" data-id=\"832b053\" data-element_type=\"widget\" data-e-type=\"widget\" data-widget_type=\"icon-box.default\">\n\t\t\t\t<div class=\"elementor-widget-container\">\n\t\t\t\t\t\t\t<div class=\"elementor-icon-box-wrapper\">\n\n\t\t\t\t\t\t<div class=\"elementor-icon-box-icon\">\n\t\t\t\t<span  class=\"elementor-icon\">\n\t\t\t\t<svg xmlns=\"http:\/\/www.w3.org\/2000\/svg\" xmlns:xlink=\"http:\/\/www.w3.org\/1999\/xlink\" id=\"Ebene_1\" x=\"0px\" y=\"0px\" viewBox=\"0 0 8.5 8.5\" height=\"150\" width=\"150\" style=\"enable-background:new 0 0 8.5 8.5;\" xml:space=\"preserve\"><style type=\"text\/css\">\t.st0{clip-path:url(#SVGID_2_);fill:none;stroke:#FFFFFF;stroke-width:1.097;}<\/style><g>\t<defs>\t\t<rect id=\"SVGID_1_\" x=\"2.3\" y=\"1.5\" width=\"3.9\" height=\"6\"><\/rect>\t<\/defs>\t<clipPath id=\"SVGID_2_\">\t\t<use xlink:href=\"#SVGID_1_\" style=\"overflow:visible;\"><\/use>\t<\/clipPath>\t<polyline class=\"st0\" points=\"2.8,3.7 3.7,6.1 5.7,1.7  \"><\/polyline><\/g><\/svg>\t\t\t\t<\/span>\n\t\t\t<\/div>\n\t\t\t\n\t\t\t\t\t\t<div class=\"elementor-icon-box-content\">\n\n\t\t\t\t\t\t\t\t\t<span class=\"elementor-icon-box-title\">\n\t\t\t\t\t\t<span  >\n\t\t\t\t\t\t\tBesonders hohe Haftkraft\t\t\t\t\t\t<\/span>\n\t\t\t\t\t<\/span>\n\t\t\t\t\n\t\t\t\t\n\t\t\t<\/div>\n\t\t\t\n\t\t<\/div>\n\t\t\t\t\t\t<\/div>\n\t\t\t\t<\/div>\n\t\t\t\t<div class=\"elementor-element elementor-element-a84dadc elementor-view-stacked elementor-position-inline-start elementor-widget__width-initial elementor-mobile-position-inline-start elementor-shape-circle elementor-widget elementor-widget-icon-box\" data-id=\"a84dadc\" data-element_type=\"widget\" data-e-type=\"widget\" data-widget_type=\"icon-box.default\">\n\t\t\t\t<div class=\"elementor-widget-container\">\n\t\t\t\t\t\t\t<div class=\"elementor-icon-box-wrapper\">\n\n\t\t\t\t\t\t<div class=\"elementor-icon-box-icon\">\n\t\t\t\t<span  class=\"elementor-icon\">\n\t\t\t\t<svg xmlns=\"http:\/\/www.w3.org\/2000\/svg\" xmlns:xlink=\"http:\/\/www.w3.org\/1999\/xlink\" id=\"Ebene_1\" x=\"0px\" y=\"0px\" viewBox=\"0 0 8.5 8.5\" height=\"150\" width=\"150\" style=\"enable-background:new 0 0 8.5 8.5;\" xml:space=\"preserve\"><style type=\"text\/css\">\t.st0{clip-path:url(#SVGID_2_);fill:none;stroke:#FFFFFF;stroke-width:1.097;}<\/style><g>\t<defs>\t\t<rect id=\"SVGID_1_\" x=\"2.3\" y=\"1.5\" width=\"3.9\" height=\"6\"><\/rect>\t<\/defs>\t<clipPath id=\"SVGID_2_\">\t\t<use xlink:href=\"#SVGID_1_\" style=\"overflow:visible;\"><\/use>\t<\/clipPath>\t<polyline class=\"st0\" points=\"2.8,3.7 3.7,6.1 5.7,1.7  \"><\/polyline><\/g><\/svg>\t\t\t\t<\/span>\n\t\t\t<\/div>\n\t\t\t\n\t\t\t\t\t\t<div class=\"elementor-icon-box-content\">\n\n\t\t\t\t\t\t\t\t\t<span class=\"elementor-icon-box-title\">\n\t\t\t\t\t\t<span  >\n\t\t\t\t\t\t\tAlterungsbest\u00e4ndig\t\t\t\t\t\t<\/span>\n\t\t\t\t\t<\/span>\n\t\t\t\t\n\t\t\t\t\n\t\t\t<\/div>\n\t\t\t\n\t\t<\/div>\n\t\t\t\t\t\t<\/div>\n\t\t\t\t<\/div>\n\t\t\t\t<div class=\"elementor-element elementor-element-f35e67b elementor-view-stacked elementor-position-inline-start elementor-widget__width-initial elementor-mobile-position-inline-start elementor-shape-circle elementor-widget elementor-widget-icon-box\" data-id=\"f35e67b\" data-element_type=\"widget\" data-e-type=\"widget\" data-widget_type=\"icon-box.default\">\n\t\t\t\t<div class=\"elementor-widget-container\">\n\t\t\t\t\t\t\t<div class=\"elementor-icon-box-wrapper\">\n\n\t\t\t\t\t\t<div class=\"elementor-icon-box-icon\">\n\t\t\t\t<span  class=\"elementor-icon\">\n\t\t\t\t<svg xmlns=\"http:\/\/www.w3.org\/2000\/svg\" xmlns:xlink=\"http:\/\/www.w3.org\/1999\/xlink\" id=\"Ebene_1\" x=\"0px\" y=\"0px\" viewBox=\"0 0 8.5 8.5\" height=\"150\" width=\"150\" style=\"enable-background:new 0 0 8.5 8.5;\" xml:space=\"preserve\"><style type=\"text\/css\">\t.st0{clip-path:url(#SVGID_2_);fill:none;stroke:#FFFFFF;stroke-width:1.097;}<\/style><g>\t<defs>\t\t<rect id=\"SVGID_1_\" x=\"2.3\" y=\"1.5\" width=\"3.9\" height=\"6\"><\/rect>\t<\/defs>\t<clipPath id=\"SVGID_2_\">\t\t<use xlink:href=\"#SVGID_1_\" style=\"overflow:visible;\"><\/use>\t<\/clipPath>\t<polyline class=\"st0\" points=\"2.8,3.7 3.7,6.1 5.7,1.7  \"><\/polyline><\/g><\/svg>\t\t\t\t<\/span>\n\t\t\t<\/div>\n\t\t\t\n\t\t\t\t\t\t<div class=\"elementor-icon-box-content\">\n\n\t\t\t\t\t\t\t\t\t<span class=\"elementor-icon-box-title\">\n\t\t\t\t\t\t<span  >\n\t\t\t\t\t\t\tWitterungsbest\u00e4ndig\t\t\t\t\t\t<\/span>\n\t\t\t\t\t<\/span>\n\t\t\t\t\n\t\t\t\t\n\t\t\t<\/div>\n\t\t\t\n\t\t<\/div>\n\t\t\t\t\t\t<\/div>\n\t\t\t\t<\/div>\n\t\t\t\t\t<\/div>\n\t\t<\/div>\n\t\t\t\t\t<\/div>\n\t\t<\/section>\n\t\t\t\t<section class=\"elementor-section elementor-top-section elementor-element elementor-element-a9bfdd8 elementor-section-full_width elementor-section-height-default elementor-section-height-default\" data-id=\"a9bfdd8\" data-element_type=\"section\" data-e-type=\"section\">\n\t\t\t\t\t\t<div class=\"elementor-container elementor-column-gap-default\">\n\t\t\t\t\t<div class=\"elementor-column elementor-col-100 elementor-top-column elementor-element elementor-element-e037980\" data-id=\"e037980\" data-element_type=\"column\" data-e-type=\"column\">\n\t\t\t<div class=\"elementor-widget-wrap elementor-element-populated\">\n\t\t\t\t\t\t<div class=\"elementor-element elementor-element-7d96383 elementor-widget elementor-widget-image\" data-id=\"7d96383\" data-element_type=\"widget\" data-e-type=\"widget\" data-widget_type=\"image.default\">\n\t\t\t\t<div class=\"elementor-widget-container\">\n\t\t\t\t\t\t\t\t\t\t\t\t\t\t\t<img decoding=\"async\" width=\"800\" height=\"450\" src=\"https:\/\/emdatec.de\/wp-content\/uploads\/2023\/07\/anwendung-bitumen-reparaturband-1.png\" class=\"attachment-large size-large wp-image-1546\" alt=\"\" srcset=\"https:\/\/emdatec.de\/wp-content\/uploads\/2023\/07\/anwendung-bitumen-reparaturband-1.png 800w, https:\/\/emdatec.de\/wp-content\/uploads\/2023\/07\/anwendung-bitumen-reparaturband-1-300x169.png 300w, https:\/\/emdatec.de\/wp-content\/uploads\/2023\/07\/anwendung-bitumen-reparaturband-1-768x432.png 768w\" sizes=\"(max-width: 800px) 100vw, 800px\" \/>\t\t\t\t\t\t\t\t\t\t\t\t\t\t\t<\/div>\n\t\t\t\t<\/div>\n\t\t\t\t\t<\/div>\n\t\t<\/div>\n\t\t\t\t\t<\/div>\n\t\t<\/section>\n\t\t\t\t<section class=\"elementor-section elementor-top-section elementor-element elementor-element-e3f7c9d elementor-section-boxed elementor-section-height-default elementor-section-height-default\" data-id=\"e3f7c9d\" data-element_type=\"section\" data-e-type=\"section\">\n\t\t\t\t\t\t<div class=\"elementor-container elementor-column-gap-default\">\n\t\t\t\t\t<div class=\"elementor-column elementor-col-100 elementor-top-column elementor-element elementor-element-4ef8fbf\" data-id=\"4ef8fbf\" data-element_type=\"column\" data-e-type=\"column\">\n\t\t\t<div class=\"elementor-widget-wrap elementor-element-populated\">\n\t\t\t\t\t\t<div class=\"elementor-element elementor-element-5cb1dfe elementor-widget elementor-widget-text-editor\" data-id=\"5cb1dfe\" data-element_type=\"widget\" data-e-type=\"widget\" data-widget_type=\"text-editor.default\">\n\t\t\t\t<div class=\"elementor-widget-container\">\n\t\t\t\t\t\t\t\t\t<p>Sie haben Interesse\u00a0<strong>EMDA REPA-TAPE\u00a0<\/strong>zu vertreiben\u00a0oder haben weitere Fragen zu diesem Produkt?\u00a0Dann kontaktieren Sie uns gern!<\/p>\t\t\t\t\t\t\t\t<\/div>\n\t\t\t\t<\/div>\n\t\t\t\t<div class=\"elementor-element elementor-element-710ee6c elementor-align-left Custom-btn elementor-widget elementor-widget-button\" data-id=\"710ee6c\" data-element_type=\"widget\" data-e-type=\"widget\" data-widget_type=\"button.default\">\n\t\t\t\t<div class=\"elementor-widget-container\">\n\t\t\t\t\t\t\t\t\t<div class=\"elementor-button-wrapper\">\n\t\t\t\t\t<a class=\"elementor-button elementor-button-link elementor-size-sm\" href=\"tel:+49(0)2572%209323-0\">\n\t\t\t\t\t\t<span class=\"elementor-button-content-wrapper\">\n\t\t\t\t\t\t\t\t\t<span class=\"elementor-button-text\">+49(0)2572 9323-0<\/span>\n\t\t\t\t\t<\/span>\n\t\t\t\t\t<\/a>\n\t\t\t\t<\/div>\n\t\t\t\t\t\t\t\t<\/div>\n\t\t\t\t<\/div>\n\t\t\t\t<div class=\"elementor-element elementor-element-2a4e7a0 elementor-align-left Custom-btn elementor-widget elementor-widget-button\" data-id=\"2a4e7a0\" data-element_type=\"widget\" data-e-type=\"widget\" data-widget_type=\"button.default\">\n\t\t\t\t<div class=\"elementor-widget-container\">\n\t\t\t\t\t\t\t\t\t<div class=\"elementor-button-wrapper\">\n\t\t\t\t\t<a class=\"elementor-button elementor-button-link elementor-size-sm\" href=\"mailto:info@emdatec.de\">\n\t\t\t\t\t\t<span class=\"elementor-button-content-wrapper\">\n\t\t\t\t\t\t\t\t\t<span class=\"elementor-button-text\">info@emdatec.de<\/span>\n\t\t\t\t\t<\/span>\n\t\t\t\t\t<\/a>\n\t\t\t\t<\/div>\n\t\t\t\t\t\t\t\t<\/div>\n\t\t\t\t<\/div>\n\t\t\t\t<div class=\"elementor-element elementor-element-3a0438c elementor-widget elementor-widget-spacer\" data-id=\"3a0438c\" data-element_type=\"widget\" data-e-type=\"widget\" data-widget_type=\"spacer.default\">\n\t\t\t\t<div class=\"elementor-widget-container\">\n\t\t\t\t\t\t\t<div class=\"elementor-spacer\">\n\t\t\t<div class=\"elementor-spacer-inner\"><\/div>\n\t\t<\/div>\n\t\t\t\t\t\t<\/div>\n\t\t\t\t<\/div>\n\t\t\t\t\t<\/div>\n\t\t<\/div>\n\t\t\t\t\t<\/div>\n\t\t<\/section>\n\t\t\t\t<\/div>\n\t\t","protected":false},"excerpt":{"rendered":"<p>Bitumen-Reparaturband Klebeband auf Basis Polymer- Bitumen mit Alubeschichtung f\u00fcr witterungsbest\u00e4ndige Abdichtungs- und Reparaturarbeiten am Dach und Haus.\u00a0Ideal zum Abdichten von Dachrinnen, reparieren von Anschl\u00fcssen und Metallkonstruktionen. Auch am Flachdach und Lichtkuppeln anzuwenden. Besonders hohe Haftkraft Alterungsbest\u00e4ndig Witterungsbest\u00e4ndig Sie haben Interesse\u00a0EMDA REPA-TAPE\u00a0zu vertreiben\u00a0oder haben weitere Fragen zu diesem Produkt?\u00a0Dann kontaktieren Sie uns gern! +49(0)2572 9323-0 info@emdatec.de<\/p>\n","protected":false},"author":1,"featured_media":0,"parent":40,"menu_order":0,"comment_status":"closed","ping_status":"closed","template":"","meta":{"_acf_changed":false,"footnotes":""},"class_list":["post-153","page","type-page","status-publish","hentry"],"acf":[],"yoast_head":"<!-- This site is optimized with the Yoast SEO plugin v27.2 - https:\/\/yoast.com\/product\/yoast-seo-wordpress\/ -->\n<title>Emda Repa-Tape Zubeh\u00f6r | EMDATEC GmbH<\/title>\n<meta name=\"description\" content=\"Zuverl\u00e4ssige Reparaturen mit Emda Repa-Tape Zubeh\u00f6r f\u00fcr Steild\u00e4cher. Hochwertige L\u00f6sungen f\u00fcr Dachreparaturen. Direkt entdecken und reparieren!\" \/>\n<meta name=\"robots\" content=\"index, follow, max-snippet:-1, max-image-preview:large, max-video-preview:-1\" \/>\n<link rel=\"canonical\" href=\"https:\/\/emdatec.de\/de\/steildach\/zubehor\/emda-repa-tape\/\" \/>\n<meta property=\"og:locale\" content=\"de_DE\" \/>\n<meta property=\"og:type\" content=\"article\" \/>\n<meta property=\"og:title\" content=\"Emda Repa-Tape Zubeh\u00f6r | EMDATEC GmbH\" \/>\n<meta property=\"og:description\" content=\"Zuverl\u00e4ssige Reparaturen mit Emda Repa-Tape Zubeh\u00f6r f\u00fcr Steild\u00e4cher. Hochwertige L\u00f6sungen f\u00fcr Dachreparaturen. Direkt entdecken und reparieren!\" \/>\n<meta property=\"og:url\" content=\"https:\/\/emdatec.de\/de\/steildach\/zubehor\/emda-repa-tape\/\" \/>\n<meta property=\"og:site_name\" content=\"Emdatec\" \/>\n<meta property=\"article:publisher\" content=\"https:\/\/www.facebook.com\/people\/Emdatec-GmbH\/100054446773033\/?locale=de_DE\" \/>\n<meta property=\"article:modified_time\" content=\"2024-01-28T21:58:40+00:00\" \/>\n<meta property=\"og:image\" content=\"https:\/\/emdatec.de\/wp-content\/uploads\/2023\/07\/bitumen-klebeband.jpg\" \/>\n<meta name=\"twitter:card\" content=\"summary_large_image\" \/>\n<meta name=\"twitter:label1\" content=\"Gesch\u00e4tzte Lesezeit\" \/>\n\t<meta name=\"twitter:data1\" content=\"1\u00a0Minute\" \/>\n<script type=\"application\/ld+json\" class=\"yoast-schema-graph\">{\"@context\":\"https:\/\/schema.org\",\"@graph\":[{\"@type\":\"WebPage\",\"@id\":\"https:\/\/emdatec.de\/de\/steildach\/zubehor\/emda-repa-tape\/\",\"url\":\"https:\/\/emdatec.de\/de\/steildach\/zubehor\/emda-repa-tape\/\",\"name\":\"Emda Repa-Tape Zubeh\u00f6r | EMDATEC GmbH\",\"isPartOf\":{\"@id\":\"https:\/\/emdatec.de\/de\/#website\"},\"primaryImageOfPage\":{\"@id\":\"https:\/\/emdatec.de\/de\/steildach\/zubehor\/emda-repa-tape\/#primaryimage\"},\"image\":{\"@id\":\"https:\/\/emdatec.de\/de\/steildach\/zubehor\/emda-repa-tape\/#primaryimage\"},\"thumbnailUrl\":\"https:\/\/emdatec.de\/wp-content\/uploads\/2023\/07\/bitumen-klebeband.jpg\",\"datePublished\":\"2023-07-26T07:56:39+00:00\",\"dateModified\":\"2024-01-28T21:58:40+00:00\",\"description\":\"Zuverl\u00e4ssige Reparaturen mit Emda Repa-Tape Zubeh\u00f6r f\u00fcr Steild\u00e4cher. Hochwertige L\u00f6sungen f\u00fcr Dachreparaturen. Direkt entdecken und reparieren!\",\"breadcrumb\":{\"@id\":\"https:\/\/emdatec.de\/de\/steildach\/zubehor\/emda-repa-tape\/#breadcrumb\"},\"inLanguage\":\"de\",\"potentialAction\":[{\"@type\":\"ReadAction\",\"target\":[\"https:\/\/emdatec.de\/de\/steildach\/zubehor\/emda-repa-tape\/\"]}]},{\"@type\":\"ImageObject\",\"inLanguage\":\"de\",\"@id\":\"https:\/\/emdatec.de\/de\/steildach\/zubehor\/emda-repa-tape\/#primaryimage\",\"url\":\"https:\/\/emdatec.de\/wp-content\/uploads\/2023\/07\/bitumen-klebeband.jpg\",\"contentUrl\":\"https:\/\/emdatec.de\/wp-content\/uploads\/2023\/07\/bitumen-klebeband.jpg\"},{\"@type\":\"BreadcrumbList\",\"@id\":\"https:\/\/emdatec.de\/de\/steildach\/zubehor\/emda-repa-tape\/#breadcrumb\",\"itemListElement\":[{\"@type\":\"ListItem\",\"position\":1,\"name\":\"Start\",\"item\":\"https:\/\/emdatec.de\/de\/\"},{\"@type\":\"ListItem\",\"position\":2,\"name\":\"Steildach\",\"item\":\"https:\/\/emdatec.de\/de\/steildach\/\"},{\"@type\":\"ListItem\",\"position\":3,\"name\":\"Zubeh\u00f6r\",\"item\":\"https:\/\/emdatec.de\/de\/steildach\/zubehoer\/\"},{\"@type\":\"ListItem\",\"position\":4,\"name\":\"EMDA REPA-TAPE\"}]},{\"@type\":\"WebSite\",\"@id\":\"https:\/\/emdatec.de\/de\/#website\",\"url\":\"https:\/\/emdatec.de\/de\/\",\"name\":\"Emdatec\",\"description\":\"\",\"publisher\":{\"@id\":\"https:\/\/emdatec.de\/de\/#organization\"},\"potentialAction\":[{\"@type\":\"SearchAction\",\"target\":{\"@type\":\"EntryPoint\",\"urlTemplate\":\"https:\/\/emdatec.de\/de\/?s={search_term_string}\"},\"query-input\":{\"@type\":\"PropertyValueSpecification\",\"valueRequired\":true,\"valueName\":\"search_term_string\"}}],\"inLanguage\":\"de\"},{\"@type\":\"Organization\",\"@id\":\"https:\/\/emdatec.de\/de\/#organization\",\"name\":\"EMDATEC GmbH\",\"url\":\"https:\/\/emdatec.de\/de\/\",\"logo\":{\"@type\":\"ImageObject\",\"inLanguage\":\"de\",\"@id\":\"https:\/\/emdatec.de\/de\/#\/schema\/logo\/image\/\",\"url\":\"https:\/\/emdatec.de\/wp-content\/uploads\/2023\/07\/logo.png\",\"contentUrl\":\"https:\/\/emdatec.de\/wp-content\/uploads\/2023\/07\/logo.png\",\"width\":758,\"height\":289,\"caption\":\"EMDATEC GmbH\"},\"image\":{\"@id\":\"https:\/\/emdatec.de\/de\/#\/schema\/logo\/image\/\"},\"sameAs\":[\"https:\/\/www.facebook.com\/people\/Emdatec-GmbH\/100054446773033\/?locale=de_DE\"]}]}<\/script>\n<!-- \/ Yoast SEO plugin. -->","yoast_head_json":{"title":"Emda Repa-Tape Zubeh\u00f6r | EMDATEC GmbH","description":"Zuverl\u00e4ssige Reparaturen mit Emda Repa-Tape Zubeh\u00f6r f\u00fcr Steild\u00e4cher. Hochwertige L\u00f6sungen f\u00fcr Dachreparaturen. Direkt entdecken und reparieren!","robots":{"index":"index","follow":"follow","max-snippet":"max-snippet:-1","max-image-preview":"max-image-preview:large","max-video-preview":"max-video-preview:-1"},"canonical":"https:\/\/emdatec.de\/de\/steildach\/zubehor\/emda-repa-tape\/","og_locale":"de_DE","og_type":"article","og_title":"Emda Repa-Tape Zubeh\u00f6r | EMDATEC GmbH","og_description":"Zuverl\u00e4ssige Reparaturen mit Emda Repa-Tape Zubeh\u00f6r f\u00fcr Steild\u00e4cher. Hochwertige L\u00f6sungen f\u00fcr Dachreparaturen. Direkt entdecken und reparieren!","og_url":"https:\/\/emdatec.de\/de\/steildach\/zubehor\/emda-repa-tape\/","og_site_name":"Emdatec","article_publisher":"https:\/\/www.facebook.com\/people\/Emdatec-GmbH\/100054446773033\/?locale=de_DE","article_modified_time":"2024-01-28T21:58:40+00:00","og_image":[{"url":"https:\/\/emdatec.de\/wp-content\/uploads\/2023\/07\/bitumen-klebeband.jpg","type":"","width":"","height":""}],"twitter_card":"summary_large_image","twitter_misc":{"Gesch\u00e4tzte Lesezeit":"1\u00a0Minute"},"schema":{"@context":"https:\/\/schema.org","@graph":[{"@type":"WebPage","@id":"https:\/\/emdatec.de\/de\/steildach\/zubehor\/emda-repa-tape\/","url":"https:\/\/emdatec.de\/de\/steildach\/zubehor\/emda-repa-tape\/","name":"Emda Repa-Tape Zubeh\u00f6r | EMDATEC GmbH","isPartOf":{"@id":"https:\/\/emdatec.de\/de\/#website"},"primaryImageOfPage":{"@id":"https:\/\/emdatec.de\/de\/steildach\/zubehor\/emda-repa-tape\/#primaryimage"},"image":{"@id":"https:\/\/emdatec.de\/de\/steildach\/zubehor\/emda-repa-tape\/#primaryimage"},"thumbnailUrl":"https:\/\/emdatec.de\/wp-content\/uploads\/2023\/07\/bitumen-klebeband.jpg","datePublished":"2023-07-26T07:56:39+00:00","dateModified":"2024-01-28T21:58:40+00:00","description":"Zuverl\u00e4ssige Reparaturen mit Emda Repa-Tape Zubeh\u00f6r f\u00fcr Steild\u00e4cher. Hochwertige L\u00f6sungen f\u00fcr Dachreparaturen. Direkt entdecken und reparieren!","breadcrumb":{"@id":"https:\/\/emdatec.de\/de\/steildach\/zubehor\/emda-repa-tape\/#breadcrumb"},"inLanguage":"de","potentialAction":[{"@type":"ReadAction","target":["https:\/\/emdatec.de\/de\/steildach\/zubehor\/emda-repa-tape\/"]}]},{"@type":"ImageObject","inLanguage":"de","@id":"https:\/\/emdatec.de\/de\/steildach\/zubehor\/emda-repa-tape\/#primaryimage","url":"https:\/\/emdatec.de\/wp-content\/uploads\/2023\/07\/bitumen-klebeband.jpg","contentUrl":"https:\/\/emdatec.de\/wp-content\/uploads\/2023\/07\/bitumen-klebeband.jpg"},{"@type":"BreadcrumbList","@id":"https:\/\/emdatec.de\/de\/steildach\/zubehor\/emda-repa-tape\/#breadcrumb","itemListElement":[{"@type":"ListItem","position":1,"name":"Start","item":"https:\/\/emdatec.de\/de\/"},{"@type":"ListItem","position":2,"name":"Steildach","item":"https:\/\/emdatec.de\/de\/steildach\/"},{"@type":"ListItem","position":3,"name":"Zubeh\u00f6r","item":"https:\/\/emdatec.de\/de\/steildach\/zubehoer\/"},{"@type":"ListItem","position":4,"name":"EMDA REPA-TAPE"}]},{"@type":"WebSite","@id":"https:\/\/emdatec.de\/de\/#website","url":"https:\/\/emdatec.de\/de\/","name":"Emdatec","description":"","publisher":{"@id":"https:\/\/emdatec.de\/de\/#organization"},"potentialAction":[{"@type":"SearchAction","target":{"@type":"EntryPoint","urlTemplate":"https:\/\/emdatec.de\/de\/?s={search_term_string}"},"query-input":{"@type":"PropertyValueSpecification","valueRequired":true,"valueName":"search_term_string"}}],"inLanguage":"de"},{"@type":"Organization","@id":"https:\/\/emdatec.de\/de\/#organization","name":"EMDATEC GmbH","url":"https:\/\/emdatec.de\/de\/","logo":{"@type":"ImageObject","inLanguage":"de","@id":"https:\/\/emdatec.de\/de\/#\/schema\/logo\/image\/","url":"https:\/\/emdatec.de\/wp-content\/uploads\/2023\/07\/logo.png","contentUrl":"https:\/\/emdatec.de\/wp-content\/uploads\/2023\/07\/logo.png","width":758,"height":289,"caption":"EMDATEC GmbH"},"image":{"@id":"https:\/\/emdatec.de\/de\/#\/schema\/logo\/image\/"},"sameAs":["https:\/\/www.facebook.com\/people\/Emdatec-GmbH\/100054446773033\/?locale=de_DE"]}]}},"_links":{"self":[{"href":"https:\/\/emdatec.de\/de\/wp-json\/wp\/v2\/pages\/153","targetHints":{"allow":["GET"]}}],"collection":[{"href":"https:\/\/emdatec.de\/de\/wp-json\/wp\/v2\/pages"}],"about":[{"href":"https:\/\/emdatec.de\/de\/wp-json\/wp\/v2\/types\/page"}],"author":[{"embeddable":true,"href":"https:\/\/emdatec.de\/de\/wp-json\/wp\/v2\/users\/1"}],"replies":[{"embeddable":true,"href":"https:\/\/emdatec.de\/de\/wp-json\/wp\/v2\/comments?post=153"}],"version-history":[{"count":26,"href":"https:\/\/emdatec.de\/de\/wp-json\/wp\/v2\/pages\/153\/revisions"}],"predecessor-version":[{"id":7401,"href":"https:\/\/emdatec.de\/de\/wp-json\/wp\/v2\/pages\/153\/revisions\/7401"}],"up":[{"embeddable":true,"href":"https:\/\/emdatec.de\/de\/wp-json\/wp\/v2\/pages\/40"}],"wp:attachment":[{"href":"https:\/\/emdatec.de\/de\/wp-json\/wp\/v2\/media?parent=153"}],"curies":[{"name":"wp","href":"https:\/\/api.w.org\/{rel}","templated":true}]}}