{"id":2053,"date":"2023-07-31T10:30:10","date_gmt":"2023-07-31T10:30:10","guid":{"rendered":"https:\/\/emdatec.de\/?page_id=2053"},"modified":"2024-01-28T21:51:58","modified_gmt":"2024-01-28T21:51:58","slug":"flachdach-zubehoer","status":"publish","type":"page","link":"https:\/\/emdatec.de\/de\/flachdach\/zubehor\/","title":{"rendered":"Zubeh\u00f6r"},"content":{"rendered":"\t\t<div data-elementor-type=\"wp-page\" data-elementor-id=\"2053\" class=\"elementor elementor-2053\" data-elementor-post-type=\"page\">\n\t\t\t\t\t\t<section class=\"elementor-section elementor-top-section elementor-element elementor-element-60f0363 elementor-section-boxed elementor-section-height-default elementor-section-height-default\" data-id=\"60f0363\" data-element_type=\"section\" data-e-type=\"section\">\n\t\t\t\t\t\t<div class=\"elementor-container elementor-column-gap-default\">\n\t\t\t\t\t<div class=\"elementor-column elementor-col-100 elementor-top-column elementor-element elementor-element-b24079b\" data-id=\"b24079b\" data-element_type=\"column\" data-e-type=\"column\">\n\t\t\t<div class=\"elementor-widget-wrap elementor-element-populated\">\n\t\t\t\t\t\t<section class=\"elementor-section elementor-inner-section elementor-element elementor-element-d353987 elementor-section-boxed elementor-section-height-default elementor-section-height-default\" data-id=\"d353987\" data-element_type=\"section\" data-e-type=\"section\">\n\t\t\t\t\t\t<div class=\"elementor-container elementor-column-gap-default\">\n\t\t\t\t\t<div class=\"elementor-column elementor-col-25 elementor-inner-column elementor-element elementor-element-2964956c\" data-id=\"2964956c\" data-element_type=\"column\" data-e-type=\"column\">\n\t\t\t<div class=\"elementor-widget-wrap elementor-element-populated\">\n\t\t\t\t\t\t<div class=\"elementor-element elementor-element-b4df25b elementor-widget elementor-widget-image\" data-id=\"b4df25b\" data-element_type=\"widget\" data-e-type=\"widget\" data-widget_type=\"image.default\">\n\t\t\t\t<div class=\"elementor-widget-container\">\n\t\t\t\t\t\t\t\t\t\t\t\t\t\t\t\t<a href=\"https:\/\/emdatec.de\/de\/flachdachluefter\/\">\n\t\t\t\t\t\t\t<img fetchpriority=\"high\" decoding=\"async\" width=\"500\" height=\"282\" src=\"https:\/\/emdatec.de\/wp-content\/uploads\/2023\/08\/zubehoer-flachdach.500x282.jpg\" class=\"attachment-large size-large wp-image-3521\" alt=\"\" srcset=\"https:\/\/emdatec.de\/wp-content\/uploads\/2023\/08\/zubehoer-flachdach.500x282.jpg 500w, https:\/\/emdatec.de\/wp-content\/uploads\/2023\/08\/zubehoer-flachdach.500x282-300x169.jpg 300w\" sizes=\"(max-width: 500px) 100vw, 500px\" \/>\t\t\t\t\t\t\t\t<\/a>\n\t\t\t\t\t\t\t\t\t\t\t\t\t\t\t<\/div>\n\t\t\t\t<\/div>\n\t\t\t\t<div class=\"elementor-element elementor-element-e99ef0f elementor-widget elementor-widget-heading\" data-id=\"e99ef0f\" data-element_type=\"widget\" data-e-type=\"widget\" data-widget_type=\"heading.default\">\n\t\t\t\t<div class=\"elementor-widget-container\">\n\t\t\t\t\t<h2 class=\"elementor-heading-title elementor-size-default\"><a href=\"https:\/\/emdatec.de\/de\/flachdachluefter\/\">EMDA FLACHDACHL\u00dcFTER\n<\/a><\/h2>\t\t\t\t<\/div>\n\t\t\t\t<\/div>\n\t\t\t\t<div class=\"elementor-element elementor-element-17e638f elementor-widget elementor-widget-text-editor\" data-id=\"17e638f\" data-element_type=\"widget\" data-e-type=\"widget\" data-widget_type=\"text-editor.default\">\n\t\t\t\t<div class=\"elementor-widget-container\">\n\t\t\t\t\t\t\t\t\t<p><a href=\"https:\/\/emdatec.de\/de\/flachdach\/zubehor\/emda-flachdachluefter\/\">Entl\u00fcftungssystem<\/a><\/p>\t\t\t\t\t\t\t\t<\/div>\n\t\t\t\t<\/div>\n\t\t\t\t\t<\/div>\n\t\t<\/div>\n\t\t\t\t<div class=\"elementor-column elementor-col-25 elementor-inner-column elementor-element elementor-element-5f3fadea\" data-id=\"5f3fadea\" data-element_type=\"column\" data-e-type=\"column\">\n\t\t\t<div class=\"elementor-widget-wrap elementor-element-populated\">\n\t\t\t\t\t\t<div class=\"elementor-element elementor-element-7cbc87d5 elementor-widget-tablet__width-inherit elementor-widget elementor-widget-image\" data-id=\"7cbc87d5\" data-element_type=\"widget\" data-e-type=\"widget\" data-widget_type=\"image.default\">\n\t\t\t\t<div class=\"elementor-widget-container\">\n\t\t\t\t\t\t\t\t\t\t\t\t\t\t\t\t<a href=\"https:\/\/emdatec.de\/de\/flachdach\/zubehor\/emda-flex-1000\/\">\n\t\t\t\t\t\t\t<img decoding=\"async\" width=\"500\" height=\"282\" src=\"https:\/\/emdatec.de\/wp-content\/uploads\/2023\/08\/flex.500x282.jpg\" class=\"attachment-large size-large wp-image-3523\" alt=\"\" srcset=\"https:\/\/emdatec.de\/wp-content\/uploads\/2023\/08\/flex.500x282.jpg 500w, https:\/\/emdatec.de\/wp-content\/uploads\/2023\/08\/flex.500x282-300x169.jpg 300w\" sizes=\"(max-width: 500px) 100vw, 500px\" \/>\t\t\t\t\t\t\t\t<\/a>\n\t\t\t\t\t\t\t\t\t\t\t\t\t\t\t<\/div>\n\t\t\t\t<\/div>\n\t\t\t\t<div class=\"elementor-element elementor-element-4812309f elementor-widget elementor-widget-heading\" data-id=\"4812309f\" data-element_type=\"widget\" data-e-type=\"widget\" data-widget_type=\"heading.default\">\n\t\t\t\t<div class=\"elementor-widget-container\">\n\t\t\t\t\t<h2 class=\"elementor-heading-title elementor-size-default\"><a href=\"https:\/\/emdatec.de\/de\/flachdach\/zubehor\/emda-flex-1000\/\">EMDA FLEX 1000\n<\/a><\/h2>\t\t\t\t<\/div>\n\t\t\t\t<\/div>\n\t\t\t\t<div class=\"elementor-element elementor-element-6fe6f04e elementor-widget elementor-widget-text-editor\" data-id=\"6fe6f04e\" data-element_type=\"widget\" data-e-type=\"widget\" data-widget_type=\"text-editor.default\">\n\t\t\t\t<div class=\"elementor-widget-container\">\n\t\t\t\t\t\t\t\t\t<p><a href=\"https:\/\/emdatec.de\/de\/flachdach\/zubehor\/emda-flex-1000\/\">Anschlussbahn<\/a><\/p>\t\t\t\t\t\t\t\t<\/div>\n\t\t\t\t<\/div>\n\t\t\t\t\t<\/div>\n\t\t<\/div>\n\t\t\t\t<div class=\"elementor-column elementor-col-25 elementor-inner-column elementor-element elementor-element-7d3dc89a\" data-id=\"7d3dc89a\" data-element_type=\"column\" data-e-type=\"column\">\n\t\t\t<div class=\"elementor-widget-wrap elementor-element-populated\">\n\t\t\t\t\t\t<div class=\"elementor-element elementor-element-12b2f71 elementor-widget elementor-widget-image\" data-id=\"12b2f71\" data-element_type=\"widget\" data-e-type=\"widget\" data-widget_type=\"image.default\">\n\t\t\t\t<div class=\"elementor-widget-container\">\n\t\t\t\t\t\t\t\t\t\t\t\t\t\t\t\t<a href=\"https:\/\/emdatec.de\/de\/kiesfangleiste\/\">\n\t\t\t\t\t\t\t<img decoding=\"async\" width=\"800\" height=\"450\" src=\"https:\/\/emdatec.de\/wp-content\/uploads\/2023\/08\/kiesfangleiste-123.jpg\" class=\"attachment-large size-large wp-image-3525\" alt=\"\" srcset=\"https:\/\/emdatec.de\/wp-content\/uploads\/2023\/08\/kiesfangleiste-123.jpg 1000w, https:\/\/emdatec.de\/wp-content\/uploads\/2023\/08\/kiesfangleiste-123-300x169.jpg 300w, https:\/\/emdatec.de\/wp-content\/uploads\/2023\/08\/kiesfangleiste-123-768x432.jpg 768w\" sizes=\"(max-width: 800px) 100vw, 800px\" \/>\t\t\t\t\t\t\t\t<\/a>\n\t\t\t\t\t\t\t\t\t\t\t\t\t\t\t<\/div>\n\t\t\t\t<\/div>\n\t\t\t\t<div class=\"elementor-element elementor-element-6df27429 elementor-widget elementor-widget-heading\" data-id=\"6df27429\" data-element_type=\"widget\" data-e-type=\"widget\" data-widget_type=\"heading.default\">\n\t\t\t\t<div class=\"elementor-widget-container\">\n\t\t\t\t\t<h2 class=\"elementor-heading-title elementor-size-default\"><a href=\"https:\/\/emdatec.de\/de\/kiesfangleiste\/\">EMDA KIESFANGLEISTE<\/a><\/h2>\t\t\t\t<\/div>\n\t\t\t\t<\/div>\n\t\t\t\t<div class=\"elementor-element elementor-element-6af1be93 elementor-widget elementor-widget-text-editor\" data-id=\"6af1be93\" data-element_type=\"widget\" data-e-type=\"widget\" data-widget_type=\"text-editor.default\">\n\t\t\t\t<div class=\"elementor-widget-container\">\n\t\t\t\t\t\t\t\t\t<p><a href=\"https:\/\/emdatec.de\/de\/flachdach\/zubehor\/emda-kiesfangleiste\/\">Abgrenzungsprofil\u00a0<\/a><\/p>\t\t\t\t\t\t\t\t<\/div>\n\t\t\t\t<\/div>\n\t\t\t\t\t<\/div>\n\t\t<\/div>\n\t\t\t\t<div class=\"elementor-column elementor-col-25 elementor-inner-column elementor-element elementor-element-1ab7f1ac\" data-id=\"1ab7f1ac\" data-element_type=\"column\" data-e-type=\"column\">\n\t\t\t<div class=\"elementor-widget-wrap elementor-element-populated\">\n\t\t\t\t\t\t<div class=\"elementor-element elementor-element-26268ff2 elementor-widget-tablet__width-inherit elementor-widget elementor-widget-image\" data-id=\"26268ff2\" data-element_type=\"widget\" data-e-type=\"widget\" data-widget_type=\"image.default\">\n\t\t\t\t<div class=\"elementor-widget-container\">\n\t\t\t\t\t\t\t\t\t\t\t\t\t\t\t\t<a href=\"https:\/\/emdatec.de\/de\/flachdach\/zubehor\/emda-laub-stopp-flachdach\/\">\n\t\t\t\t\t\t\t<img loading=\"lazy\" decoding=\"async\" width=\"800\" height=\"450\" src=\"https:\/\/emdatec.de\/wp-content\/uploads\/2023\/08\/laubstopp-1.jpg\" class=\"attachment-large size-large wp-image-3527\" alt=\"\" srcset=\"https:\/\/emdatec.de\/wp-content\/uploads\/2023\/08\/laubstopp-1.jpg 800w, https:\/\/emdatec.de\/wp-content\/uploads\/2023\/08\/laubstopp-1-300x169.jpg 300w, https:\/\/emdatec.de\/wp-content\/uploads\/2023\/08\/laubstopp-1-768x432.jpg 768w\" sizes=\"(max-width: 800px) 100vw, 800px\" \/>\t\t\t\t\t\t\t\t<\/a>\n\t\t\t\t\t\t\t\t\t\t\t\t\t\t\t<\/div>\n\t\t\t\t<\/div>\n\t\t\t\t<div class=\"elementor-element elementor-element-d1da2e2 elementor-widget elementor-widget-heading\" data-id=\"d1da2e2\" data-element_type=\"widget\" data-e-type=\"widget\" data-widget_type=\"heading.default\">\n\t\t\t\t<div class=\"elementor-widget-container\">\n\t\t\t\t\t<h2 class=\"elementor-heading-title elementor-size-default\"><a href=\"https:\/\/emdatec.de\/de\/flachdach\/zubehor\/emda-laub-stopp-flachdach\/\">EMDA LAUB-STOPP<\/a><\/h2>\t\t\t\t<\/div>\n\t\t\t\t<\/div>\n\t\t\t\t<div class=\"elementor-element elementor-element-3d8253f2 elementor-widget elementor-widget-text-editor\" data-id=\"3d8253f2\" data-element_type=\"widget\" data-e-type=\"widget\" data-widget_type=\"text-editor.default\">\n\t\t\t\t<div class=\"elementor-widget-container\">\n\t\t\t\t\t\t\t\t\t<p><a href=\"https:\/\/emdatec.de\/de\/flachdach\/zubehor\/emda-laub-stopp-flachdach\/\">Laubschutzgitter<\/a><\/p>\t\t\t\t\t\t\t\t<\/div>\n\t\t\t\t<\/div>\n\t\t\t\t\t<\/div>\n\t\t<\/div>\n\t\t\t\t\t<\/div>\n\t\t<\/section>\n\t\t\t\t<div class=\"elementor-element elementor-element-fbd347f elementor-widget elementor-widget-spacer\" data-id=\"fbd347f\" data-element_type=\"widget\" data-e-type=\"widget\" data-widget_type=\"spacer.default\">\n\t\t\t\t<div class=\"elementor-widget-container\">\n\t\t\t\t\t\t\t<div class=\"elementor-spacer\">\n\t\t\t<div class=\"elementor-spacer-inner\"><\/div>\n\t\t<\/div>\n\t\t\t\t\t\t<\/div>\n\t\t\t\t<\/div>\n\t\t\t\t\t<\/div>\n\t\t<\/div>\n\t\t\t\t\t<\/div>\n\t\t<\/section>\n\t\t\t\t<\/div>\n\t\t","protected":false},"excerpt":{"rendered":"<p>EMDA FLACHDACHL\u00dcFTER Entl\u00fcftungssystem EMDA FLEX 1000 Anschlussbahn EMDA KIESFANGLEISTE Abgrenzungsprofil\u00a0 EMDA LAUB-STOPP Laubschutzgitter<\/p>\n","protected":false},"author":1,"featured_media":0,"parent":25,"menu_order":0,"comment_status":"closed","ping_status":"closed","template":"","meta":{"_acf_changed":false,"footnotes":""},"class_list":["post-2053","page","type-page","status-publish","hentry"],"acf":[],"yoast_head":"<!-- This site is optimized with the Yoast SEO plugin v27.2 - https:\/\/yoast.com\/product\/yoast-seo-wordpress\/ -->\n<title>Flachdach-Zubeh\u00f6r - Professionelle L\u00f6sungen | EMDATEC GmbH<\/title>\n<meta name=\"description\" content=\"Entdecken Sie unsere Auswahl an Flachdach-Zubeh\u00f6r, einschlie\u00dflich hochwertiger Abschlussprofile und Werkzeuge, f\u00fcr langlebige Dachl\u00f6sungen.\" \/>\n<meta name=\"robots\" content=\"index, follow, max-snippet:-1, max-image-preview:large, max-video-preview:-1\" \/>\n<link rel=\"canonical\" href=\"https:\/\/emdatec.de\/de\/flachdach\/zubehor\/\" \/>\n<meta property=\"og:locale\" content=\"de_DE\" \/>\n<meta property=\"og:type\" content=\"article\" \/>\n<meta property=\"og:title\" content=\"Flachdach-Zubeh\u00f6r - Professionelle L\u00f6sungen | EMDATEC GmbH\" \/>\n<meta property=\"og:description\" content=\"Entdecken Sie unsere Auswahl an Flachdach-Zubeh\u00f6r, einschlie\u00dflich hochwertiger Abschlussprofile und Werkzeuge, f\u00fcr langlebige Dachl\u00f6sungen.\" \/>\n<meta property=\"og:url\" content=\"https:\/\/emdatec.de\/de\/flachdach\/zubehor\/\" \/>\n<meta property=\"og:site_name\" content=\"Emdatec\" \/>\n<meta property=\"article:publisher\" content=\"https:\/\/www.facebook.com\/people\/Emdatec-GmbH\/100054446773033\/?locale=de_DE\" \/>\n<meta property=\"article:modified_time\" content=\"2024-01-28T21:51:58+00:00\" \/>\n<meta property=\"og:image\" content=\"https:\/\/emdatec.de\/wp-content\/uploads\/2023\/08\/zubehoer-flachdach.500x282.jpg\" \/>\n<meta name=\"twitter:card\" content=\"summary_large_image\" \/>\n<meta name=\"twitter:label1\" content=\"Gesch\u00e4tzte Lesezeit\" \/>\n\t<meta name=\"twitter:data1\" content=\"1\u00a0Minute\" \/>\n<script type=\"application\/ld+json\" class=\"yoast-schema-graph\">{\"@context\":\"https:\/\/schema.org\",\"@graph\":[{\"@type\":\"WebPage\",\"@id\":\"https:\/\/emdatec.de\/de\/flachdach\/zubehor\/\",\"url\":\"https:\/\/emdatec.de\/de\/flachdach\/zubehor\/\",\"name\":\"Flachdach-Zubeh\u00f6r - Professionelle L\u00f6sungen | EMDATEC GmbH\",\"isPartOf\":{\"@id\":\"https:\/\/emdatec.de\/de\/#website\"},\"primaryImageOfPage\":{\"@id\":\"https:\/\/emdatec.de\/de\/flachdach\/zubehor\/#primaryimage\"},\"image\":{\"@id\":\"https:\/\/emdatec.de\/de\/flachdach\/zubehor\/#primaryimage\"},\"thumbnailUrl\":\"https:\/\/emdatec.de\/wp-content\/uploads\/2023\/08\/zubehoer-flachdach.500x282.jpg\",\"datePublished\":\"2023-07-31T10:30:10+00:00\",\"dateModified\":\"2024-01-28T21:51:58+00:00\",\"description\":\"Entdecken Sie unsere Auswahl an Flachdach-Zubeh\u00f6r, einschlie\u00dflich hochwertiger Abschlussprofile und Werkzeuge, f\u00fcr langlebige Dachl\u00f6sungen.\",\"breadcrumb\":{\"@id\":\"https:\/\/emdatec.de\/de\/flachdach\/zubehor\/#breadcrumb\"},\"inLanguage\":\"de\",\"potentialAction\":[{\"@type\":\"ReadAction\",\"target\":[\"https:\/\/emdatec.de\/de\/flachdach\/zubehor\/\"]}]},{\"@type\":\"ImageObject\",\"inLanguage\":\"de\",\"@id\":\"https:\/\/emdatec.de\/de\/flachdach\/zubehor\/#primaryimage\",\"url\":\"https:\/\/emdatec.de\/wp-content\/uploads\/2023\/08\/zubehoer-flachdach.500x282.jpg\",\"contentUrl\":\"https:\/\/emdatec.de\/wp-content\/uploads\/2023\/08\/zubehoer-flachdach.500x282.jpg\"},{\"@type\":\"BreadcrumbList\",\"@id\":\"https:\/\/emdatec.de\/de\/flachdach\/zubehor\/#breadcrumb\",\"itemListElement\":[{\"@type\":\"ListItem\",\"position\":1,\"name\":\"Start\",\"item\":\"https:\/\/emdatec.de\/de\/\"},{\"@type\":\"ListItem\",\"position\":2,\"name\":\"Flachdach\",\"item\":\"https:\/\/emdatec.de\/de\/flachdach\/\"},{\"@type\":\"ListItem\",\"position\":3,\"name\":\"Zubeh\u00f6r\"}]},{\"@type\":\"WebSite\",\"@id\":\"https:\/\/emdatec.de\/de\/#website\",\"url\":\"https:\/\/emdatec.de\/de\/\",\"name\":\"Emdatec\",\"description\":\"\",\"publisher\":{\"@id\":\"https:\/\/emdatec.de\/de\/#organization\"},\"potentialAction\":[{\"@type\":\"SearchAction\",\"target\":{\"@type\":\"EntryPoint\",\"urlTemplate\":\"https:\/\/emdatec.de\/de\/?s={search_term_string}\"},\"query-input\":{\"@type\":\"PropertyValueSpecification\",\"valueRequired\":true,\"valueName\":\"search_term_string\"}}],\"inLanguage\":\"de\"},{\"@type\":\"Organization\",\"@id\":\"https:\/\/emdatec.de\/de\/#organization\",\"name\":\"EMDATEC GmbH\",\"url\":\"https:\/\/emdatec.de\/de\/\",\"logo\":{\"@type\":\"ImageObject\",\"inLanguage\":\"de\",\"@id\":\"https:\/\/emdatec.de\/de\/#\/schema\/logo\/image\/\",\"url\":\"https:\/\/emdatec.de\/wp-content\/uploads\/2023\/07\/logo.png\",\"contentUrl\":\"https:\/\/emdatec.de\/wp-content\/uploads\/2023\/07\/logo.png\",\"width\":758,\"height\":289,\"caption\":\"EMDATEC GmbH\"},\"image\":{\"@id\":\"https:\/\/emdatec.de\/de\/#\/schema\/logo\/image\/\"},\"sameAs\":[\"https:\/\/www.facebook.com\/people\/Emdatec-GmbH\/100054446773033\/?locale=de_DE\"]}]}<\/script>\n<!-- \/ Yoast SEO plugin. -->","yoast_head_json":{"title":"Flachdach-Zubeh\u00f6r - Professionelle L\u00f6sungen | EMDATEC GmbH","description":"Entdecken Sie unsere Auswahl an Flachdach-Zubeh\u00f6r, einschlie\u00dflich hochwertiger Abschlussprofile und Werkzeuge, f\u00fcr langlebige Dachl\u00f6sungen.","robots":{"index":"index","follow":"follow","max-snippet":"max-snippet:-1","max-image-preview":"max-image-preview:large","max-video-preview":"max-video-preview:-1"},"canonical":"https:\/\/emdatec.de\/de\/flachdach\/zubehor\/","og_locale":"de_DE","og_type":"article","og_title":"Flachdach-Zubeh\u00f6r - Professionelle L\u00f6sungen | EMDATEC GmbH","og_description":"Entdecken Sie unsere Auswahl an Flachdach-Zubeh\u00f6r, einschlie\u00dflich hochwertiger Abschlussprofile und Werkzeuge, f\u00fcr langlebige Dachl\u00f6sungen.","og_url":"https:\/\/emdatec.de\/de\/flachdach\/zubehor\/","og_site_name":"Emdatec","article_publisher":"https:\/\/www.facebook.com\/people\/Emdatec-GmbH\/100054446773033\/?locale=de_DE","article_modified_time":"2024-01-28T21:51:58+00:00","og_image":[{"url":"https:\/\/emdatec.de\/wp-content\/uploads\/2023\/08\/zubehoer-flachdach.500x282.jpg","type":"","width":"","height":""}],"twitter_card":"summary_large_image","twitter_misc":{"Gesch\u00e4tzte Lesezeit":"1\u00a0Minute"},"schema":{"@context":"https:\/\/schema.org","@graph":[{"@type":"WebPage","@id":"https:\/\/emdatec.de\/de\/flachdach\/zubehor\/","url":"https:\/\/emdatec.de\/de\/flachdach\/zubehor\/","name":"Flachdach-Zubeh\u00f6r - Professionelle L\u00f6sungen | EMDATEC GmbH","isPartOf":{"@id":"https:\/\/emdatec.de\/de\/#website"},"primaryImageOfPage":{"@id":"https:\/\/emdatec.de\/de\/flachdach\/zubehor\/#primaryimage"},"image":{"@id":"https:\/\/emdatec.de\/de\/flachdach\/zubehor\/#primaryimage"},"thumbnailUrl":"https:\/\/emdatec.de\/wp-content\/uploads\/2023\/08\/zubehoer-flachdach.500x282.jpg","datePublished":"2023-07-31T10:30:10+00:00","dateModified":"2024-01-28T21:51:58+00:00","description":"Entdecken Sie unsere Auswahl an Flachdach-Zubeh\u00f6r, einschlie\u00dflich hochwertiger Abschlussprofile und Werkzeuge, f\u00fcr langlebige Dachl\u00f6sungen.","breadcrumb":{"@id":"https:\/\/emdatec.de\/de\/flachdach\/zubehor\/#breadcrumb"},"inLanguage":"de","potentialAction":[{"@type":"ReadAction","target":["https:\/\/emdatec.de\/de\/flachdach\/zubehor\/"]}]},{"@type":"ImageObject","inLanguage":"de","@id":"https:\/\/emdatec.de\/de\/flachdach\/zubehor\/#primaryimage","url":"https:\/\/emdatec.de\/wp-content\/uploads\/2023\/08\/zubehoer-flachdach.500x282.jpg","contentUrl":"https:\/\/emdatec.de\/wp-content\/uploads\/2023\/08\/zubehoer-flachdach.500x282.jpg"},{"@type":"BreadcrumbList","@id":"https:\/\/emdatec.de\/de\/flachdach\/zubehor\/#breadcrumb","itemListElement":[{"@type":"ListItem","position":1,"name":"Start","item":"https:\/\/emdatec.de\/de\/"},{"@type":"ListItem","position":2,"name":"Flachdach","item":"https:\/\/emdatec.de\/de\/flachdach\/"},{"@type":"ListItem","position":3,"name":"Zubeh\u00f6r"}]},{"@type":"WebSite","@id":"https:\/\/emdatec.de\/de\/#website","url":"https:\/\/emdatec.de\/de\/","name":"Emdatec","description":"","publisher":{"@id":"https:\/\/emdatec.de\/de\/#organization"},"potentialAction":[{"@type":"SearchAction","target":{"@type":"EntryPoint","urlTemplate":"https:\/\/emdatec.de\/de\/?s={search_term_string}"},"query-input":{"@type":"PropertyValueSpecification","valueRequired":true,"valueName":"search_term_string"}}],"inLanguage":"de"},{"@type":"Organization","@id":"https:\/\/emdatec.de\/de\/#organization","name":"EMDATEC GmbH","url":"https:\/\/emdatec.de\/de\/","logo":{"@type":"ImageObject","inLanguage":"de","@id":"https:\/\/emdatec.de\/de\/#\/schema\/logo\/image\/","url":"https:\/\/emdatec.de\/wp-content\/uploads\/2023\/07\/logo.png","contentUrl":"https:\/\/emdatec.de\/wp-content\/uploads\/2023\/07\/logo.png","width":758,"height":289,"caption":"EMDATEC GmbH"},"image":{"@id":"https:\/\/emdatec.de\/de\/#\/schema\/logo\/image\/"},"sameAs":["https:\/\/www.facebook.com\/people\/Emdatec-GmbH\/100054446773033\/?locale=de_DE"]}]}},"_links":{"self":[{"href":"https:\/\/emdatec.de\/de\/wp-json\/wp\/v2\/pages\/2053","targetHints":{"allow":["GET"]}}],"collection":[{"href":"https:\/\/emdatec.de\/de\/wp-json\/wp\/v2\/pages"}],"about":[{"href":"https:\/\/emdatec.de\/de\/wp-json\/wp\/v2\/types\/page"}],"author":[{"embeddable":true,"href":"https:\/\/emdatec.de\/de\/wp-json\/wp\/v2\/users\/1"}],"replies":[{"embeddable":true,"href":"https:\/\/emdatec.de\/de\/wp-json\/wp\/v2\/comments?post=2053"}],"version-history":[{"count":66,"href":"https:\/\/emdatec.de\/de\/wp-json\/wp\/v2\/pages\/2053\/revisions"}],"predecessor-version":[{"id":7563,"href":"https:\/\/emdatec.de\/de\/wp-json\/wp\/v2\/pages\/2053\/revisions\/7563"}],"up":[{"embeddable":true,"href":"https:\/\/emdatec.de\/de\/wp-json\/wp\/v2\/pages\/25"}],"wp:attachment":[{"href":"https:\/\/emdatec.de\/de\/wp-json\/wp\/v2\/media?parent=2053"}],"curies":[{"name":"wp","href":"https:\/\/api.w.org\/{rel}","templated":true}]}}