{"id":36,"date":"2023-07-26T07:16:33","date_gmt":"2023-07-26T07:16:33","guid":{"rendered":"https:\/\/emdatec.de\/?page_id=36"},"modified":"2024-04-11T23:46:40","modified_gmt":"2024-04-11T23:46:40","slug":"mauerabdeckung","status":"publish","type":"page","link":"https:\/\/emdatec.de\/de\/mauerabdeckung\/","title":{"rendered":"Mauerabdeckung"},"content":{"rendered":"\t\t<div data-elementor-type=\"wp-page\" data-elementor-id=\"36\" class=\"elementor elementor-36\" data-elementor-post-type=\"page\">\n\t\t\t\t\t\t<section class=\"elementor-section elementor-top-section elementor-element elementor-element-58d36f8 elementor-section-boxed elementor-section-height-default elementor-section-height-default\" data-id=\"58d36f8\" data-element_type=\"section\" data-e-type=\"section\">\n\t\t\t\t\t\t<div class=\"elementor-container elementor-column-gap-default\">\n\t\t\t\t\t<div class=\"elementor-column elementor-col-100 elementor-top-column elementor-element elementor-element-ba4d4a3\" data-id=\"ba4d4a3\" data-element_type=\"column\" data-e-type=\"column\">\n\t\t\t<div class=\"elementor-widget-wrap elementor-element-populated\">\n\t\t\t\t\t\t<section class=\"elementor-section elementor-inner-section elementor-element elementor-element-4b538f5 elementor-section-boxed elementor-section-height-default elementor-section-height-default\" data-id=\"4b538f5\" data-element_type=\"section\" data-e-type=\"section\">\n\t\t\t\t\t\t<div class=\"elementor-container elementor-column-gap-default\">\n\t\t\t\t\t<div class=\"elementor-column elementor-col-33 elementor-inner-column elementor-element elementor-element-f002800\" data-id=\"f002800\" data-element_type=\"column\" data-e-type=\"column\">\n\t\t\t<div class=\"elementor-widget-wrap elementor-element-populated\">\n\t\t\t\t\t\t<div class=\"elementor-element elementor-element-87374fa elementor-widget elementor-widget-image\" data-id=\"87374fa\" data-element_type=\"widget\" data-e-type=\"widget\" data-widget_type=\"image.default\">\n\t\t\t\t<div class=\"elementor-widget-container\">\n\t\t\t\t\t\t\t\t\t\t\t\t\t\t\t\t<a href=\"https:\/\/emdatec.de\/de\/flachdach\/mauerabdeckung\/emda-abkantvarianten\/\">\n\t\t\t\t\t\t\t<img fetchpriority=\"high\" decoding=\"async\" width=\"500\" height=\"282\" src=\"https:\/\/emdatec.de\/wp-content\/uploads\/2023\/08\/mauerabdeckung_500x282.500x282.jpg\" class=\"attachment-large size-large wp-image-2819\" alt=\"\" srcset=\"https:\/\/emdatec.de\/wp-content\/uploads\/2023\/08\/mauerabdeckung_500x282.500x282.jpg 500w, https:\/\/emdatec.de\/wp-content\/uploads\/2023\/08\/mauerabdeckung_500x282.500x282-300x169.jpg 300w\" sizes=\"(max-width: 500px) 100vw, 500px\" \/>\t\t\t\t\t\t\t\t<\/a>\n\t\t\t\t\t\t\t\t\t\t\t\t\t\t\t<\/div>\n\t\t\t\t<\/div>\n\t\t\t\t<div class=\"elementor-element elementor-element-2ee178b elementor-widget elementor-widget-heading\" data-id=\"2ee178b\" data-element_type=\"widget\" data-e-type=\"widget\" data-widget_type=\"heading.default\">\n\t\t\t\t<div class=\"elementor-widget-container\">\n\t\t\t\t\t<h2 class=\"elementor-heading-title elementor-size-default\"><a href=\"https:\/\/emdatec.de\/de\/flachdach\/mauerabdeckung\/emda-abkantvarianten\/\">EMDA ABKANTVARIANTEN<\/a><\/h2>\t\t\t\t<\/div>\n\t\t\t\t<\/div>\n\t\t\t\t<div class=\"elementor-element elementor-element-b8c3c62 elementor-widget elementor-widget-text-editor\" data-id=\"b8c3c62\" data-element_type=\"widget\" data-e-type=\"widget\" data-widget_type=\"text-editor.default\">\n\t\t\t\t<div class=\"elementor-widget-container\">\n\t\t\t\t\t\t\t\t\t<p><a href=\"https:\/\/emdatec.de\/de\/flachdach\/mauerabdeckung\/emda-abkantvarianten\/\">Individuell gefertigte Abdeckung aus Aluminium<\/a><\/p>\t\t\t\t\t\t\t\t<\/div>\n\t\t\t\t<\/div>\n\t\t\t\t\t<\/div>\n\t\t<\/div>\n\t\t\t\t<div class=\"elementor-column elementor-col-33 elementor-inner-column elementor-element elementor-element-42854fa\" data-id=\"42854fa\" data-element_type=\"column\" data-e-type=\"column\">\n\t\t\t<div class=\"elementor-widget-wrap elementor-element-populated\">\n\t\t\t\t\t\t<div class=\"elementor-element elementor-element-a760acb elementor-widget elementor-widget-image\" data-id=\"a760acb\" data-element_type=\"widget\" data-e-type=\"widget\" data-widget_type=\"image.default\">\n\t\t\t\t<div class=\"elementor-widget-container\">\n\t\t\t\t\t\t\t\t\t\t\t\t\t\t\t\t<a href=\"https:\/\/emdatec.de\/de\/flachdach\/mauerabdeckung\/emda-gummidichtung\/\">\n\t\t\t\t\t\t\t<img decoding=\"async\" width=\"500\" height=\"282\" src=\"https:\/\/emdatec.de\/wp-content\/uploads\/2023\/08\/halter-3.500x282.jpg\" class=\"attachment-large size-large wp-image-2824\" alt=\"\" srcset=\"https:\/\/emdatec.de\/wp-content\/uploads\/2023\/08\/halter-3.500x282.jpg 500w, https:\/\/emdatec.de\/wp-content\/uploads\/2023\/08\/halter-3.500x282-300x169.jpg 300w\" sizes=\"(max-width: 500px) 100vw, 500px\" \/>\t\t\t\t\t\t\t\t<\/a>\n\t\t\t\t\t\t\t\t\t\t\t\t\t\t\t<\/div>\n\t\t\t\t<\/div>\n\t\t\t\t<div class=\"elementor-element elementor-element-ca93d45 elementor-widget elementor-widget-heading\" data-id=\"ca93d45\" data-element_type=\"widget\" data-e-type=\"widget\" data-widget_type=\"heading.default\">\n\t\t\t\t<div class=\"elementor-widget-container\">\n\t\t\t\t\t<h2 class=\"elementor-heading-title elementor-size-default\"><a href=\"https:\/\/emdatec.de\/de\/flachdach\/mauerabdeckung\/emda-gummidichtung\/\">EMDA HALTERPROFIL<\/a><\/h2>\t\t\t\t<\/div>\n\t\t\t\t<\/div>\n\t\t\t\t<div class=\"elementor-element elementor-element-01b162d elementor-widget elementor-widget-text-editor\" data-id=\"01b162d\" data-element_type=\"widget\" data-e-type=\"widget\" data-widget_type=\"text-editor.default\">\n\t\t\t\t<div class=\"elementor-widget-container\">\n\t\t\t\t\t\t\t\t\t<p><a href=\"https:\/\/emdatec.de\/de\/flachdach\/mauerabdeckung\/emda-gummidichtung\/\">Alu-Befestigungsblech mit Rillenprofil und Dichtungsgummi f\u00fcr die Befestigung der Mauerabdeckung.<\/a><\/p>\t\t\t\t\t\t\t\t<\/div>\n\t\t\t\t<\/div>\n\t\t\t\t\t<\/div>\n\t\t<\/div>\n\t\t\t\t<div class=\"elementor-column elementor-col-33 elementor-inner-column elementor-element elementor-element-305013f\" data-id=\"305013f\" data-element_type=\"column\" data-e-type=\"column\">\n\t\t\t<div class=\"elementor-widget-wrap elementor-element-populated\">\n\t\t\t\t\t\t<div class=\"elementor-element elementor-element-b49eb30 elementor-widget elementor-widget-image\" data-id=\"b49eb30\" data-element_type=\"widget\" data-e-type=\"widget\" data-widget_type=\"image.default\">\n\t\t\t\t<div class=\"elementor-widget-container\">\n\t\t\t\t\t\t\t\t\t\t\t\t\t\t\t\t<a href=\"https:\/\/emdatec.de\/de\/flachdach\/mauerabdeckung\/emda-halterprofil\/\">\n\t\t\t\t\t\t\t<img decoding=\"async\" width=\"800\" height=\"450\" src=\"https:\/\/emdatec.de\/wp-content\/uploads\/2023\/08\/gummidichtung-1.jpg\" class=\"attachment-large size-large wp-image-3008\" alt=\"\" srcset=\"https:\/\/emdatec.de\/wp-content\/uploads\/2023\/08\/gummidichtung-1.jpg 800w, https:\/\/emdatec.de\/wp-content\/uploads\/2023\/08\/gummidichtung-1-300x169.jpg 300w, https:\/\/emdatec.de\/wp-content\/uploads\/2023\/08\/gummidichtung-1-768x432.jpg 768w\" sizes=\"(max-width: 800px) 100vw, 800px\" \/>\t\t\t\t\t\t\t\t<\/a>\n\t\t\t\t\t\t\t\t\t\t\t\t\t\t\t<\/div>\n\t\t\t\t<\/div>\n\t\t\t\t<div class=\"elementor-element elementor-element-3a04037 elementor-widget elementor-widget-heading\" data-id=\"3a04037\" data-element_type=\"widget\" data-e-type=\"widget\" data-widget_type=\"heading.default\">\n\t\t\t\t<div class=\"elementor-widget-container\">\n\t\t\t\t\t<h2 class=\"elementor-heading-title elementor-size-default\"><a href=\"https:\/\/emdatec.de\/de\/flachdach\/mauerabdeckung\/emda-halterprofil\/\">EMDA GUMMIDICHTUNG<\/a><\/h2>\t\t\t\t<\/div>\n\t\t\t\t<\/div>\n\t\t\t\t<div class=\"elementor-element elementor-element-38e5816 elementor-widget elementor-widget-text-editor\" data-id=\"38e5816\" data-element_type=\"widget\" data-e-type=\"widget\" data-widget_type=\"text-editor.default\">\n\t\t\t\t<div class=\"elementor-widget-container\">\n\t\t\t\t\t\t\t\t\t<p><a href=\"https:\/\/emdatec.de\/de\/flachdach\/mauerabdeckung\/emda-halterprofil\/\">Gummidichtung f\u00fcr EMDA Halterprofil<\/a><\/p>\t\t\t\t\t\t\t\t<\/div>\n\t\t\t\t<\/div>\n\t\t\t\t\t<\/div>\n\t\t<\/div>\n\t\t\t\t\t<\/div>\n\t\t<\/section>\n\t\t\t\t<div class=\"elementor-element elementor-element-bdddade elementor-widget elementor-widget-spacer\" data-id=\"bdddade\" data-element_type=\"widget\" data-e-type=\"widget\" data-widget_type=\"spacer.default\">\n\t\t\t\t<div class=\"elementor-widget-container\">\n\t\t\t\t\t\t\t<div class=\"elementor-spacer\">\n\t\t\t<div class=\"elementor-spacer-inner\"><\/div>\n\t\t<\/div>\n\t\t\t\t\t\t<\/div>\n\t\t\t\t<\/div>\n\t\t\t\t\t<\/div>\n\t\t<\/div>\n\t\t\t\t\t<\/div>\n\t\t<\/section>\n\t\t\t\t<section class=\"elementor-section elementor-top-section elementor-element elementor-element-ad8d8c8 elementor-section-full_width elementor-section-height-default elementor-section-height-default\" data-id=\"ad8d8c8\" data-element_type=\"section\" data-e-type=\"section\">\n\t\t\t\t\t\t<div class=\"elementor-container elementor-column-gap-default\">\n\t\t\t\t\t<div class=\"elementor-column elementor-col-100 elementor-top-column elementor-element elementor-element-1912c01\" data-id=\"1912c01\" data-element_type=\"column\" data-e-type=\"column\">\n\t\t\t<div class=\"elementor-widget-wrap elementor-element-populated\">\n\t\t\t\t\t\t<section class=\"elementor-section elementor-inner-section elementor-element elementor-element-9a9ea45 elementor-section-boxed elementor-section-height-default elementor-section-height-default\" data-id=\"9a9ea45\" data-element_type=\"section\" data-e-type=\"section\">\n\t\t\t\t\t\t<div class=\"elementor-container elementor-column-gap-default\">\n\t\t\t\t\t<div class=\"elementor-column elementor-col-100 elementor-inner-column elementor-element elementor-element-83c0760\" data-id=\"83c0760\" data-element_type=\"column\" data-e-type=\"column\">\n\t\t\t<div class=\"elementor-widget-wrap elementor-element-populated\">\n\t\t\t\t\t\t<div class=\"elementor-element elementor-element-e23145f Custom_title elementor-widget elementor-widget-heading\" data-id=\"e23145f\" data-element_type=\"widget\" data-e-type=\"widget\" data-widget_type=\"heading.default\">\n\t\t\t\t<div class=\"elementor-widget-container\">\n\t\t\t\t\t<h2 class=\"elementor-heading-title elementor-size-default\">Die richtige Flachdach Mauerabdeckung w\u00e4hlen<\/h2>\t\t\t\t<\/div>\n\t\t\t\t<\/div>\n\t\t\t\t<div class=\"elementor-element elementor-element-2accee9 elementor-widget elementor-widget-text-editor\" data-id=\"2accee9\" data-element_type=\"widget\" data-e-type=\"widget\" data-widget_type=\"text-editor.default\">\n\t\t\t\t<div class=\"elementor-widget-container\">\n\t\t\t\t\t\t\t\t\t<p>Bei der Auswahl der richtigen <strong>Mauerabdeckung f\u00fcr ein Flachdach<\/strong> gibt es verschiedene Faktoren zu beachten. Zun\u00e4chst ist es wichtig, die Funktionen der Mauerabdeckung zu betrachten, da sie <strong>nicht nur als \u00e4sthetisches Element dient, sondern auch einen wichtigen Schutz vor Witterungseinfl\u00fcssen bietet<\/strong>.<\/p><p>Ein wichtiger Faktor bei der Auswahl ist das Material der Flachdach Mauerabdeckung. Es gibt verschiedene Optionen wie Beton, Metall oder Bitumen, die jeweils unterschiedliche Vorteile bieten. Der Witterungseinfluss, die Beanspruchung und die \u00e4sthetischen Anforderungen sollten bei der Materialwahl ber\u00fccksichtigt werden.<\/p><p>Ein weiterer Faktor ist die Dichtigkeit der Mauerabdeckung. Da Flachd\u00e4cher anf\u00e4llig f\u00fcr Wasseransammlungen sind, ist es wichtig, eine Mauerabdeckung zu w\u00e4hlen, die wasserdicht ist und das Eindringen von Feuchtigkeit verhindert.<\/p><p>Die Wartung und Pflege der Mauerabdeckung sollte ebenfalls ber\u00fccksichtigt werden. Einige Materialien erfordern regelm\u00e4\u00dfige Inspektionen und Instandhaltung, w\u00e4hrend andere nahezu wartungsfrei sind.<\/p>\t\t\t\t\t\t\t\t<\/div>\n\t\t\t\t<\/div>\n\t\t\t\t<div class=\"elementor-element elementor-element-b91e77c Custom_title elementor-widget elementor-widget-heading\" data-id=\"b91e77c\" data-element_type=\"widget\" data-e-type=\"widget\" data-widget_type=\"heading.default\">\n\t\t\t\t<div class=\"elementor-widget-container\">\n\t\t\t\t\t<h3 class=\"elementor-heading-title elementor-size-default\">Vorteile der Verwendung der Aluminium-Mauerabdeckungen von EMDATEC<\/h3>\t\t\t\t<\/div>\n\t\t\t\t<\/div>\n\t\t\t\t<div class=\"elementor-element elementor-element-55ff4c9 elementor-widget elementor-widget-text-editor\" data-id=\"55ff4c9\" data-element_type=\"widget\" data-e-type=\"widget\" data-widget_type=\"text-editor.default\">\n\t\t\t\t<div class=\"elementor-widget-container\">\n\t\t\t\t\t\t\t\t\t<p>Die <strong>Flachdach Aluminium-Mauerabdeckungen<\/strong> von EMDATEC bieten zahlreiche Vorteile f\u00fcr den perfekten Abschluss von Mauern. Dank der Verwendung von stabilem Aluminium sind diese Abdeckungen besonders <strong>robust und langlebig<\/strong>. Sie <strong>widerstehen verschiedenen Witterungsbedingungen und garantieren so eine lange Lebensdauer<\/strong>.<\/p><p>Ein weiterer gro\u00dfer Vorteil der Aluminium-Mauerabdeckungen ist ihre schnelle und einfache Montage. Durch das leichte Gewicht des Materials gestaltet sich die Installation problemlos und zeitsparend. Das spart sowohl Zeit als auch Arbeitskosten, insbesondere bei gr\u00f6\u00dferen Projekten.<\/p><p>Zus\u00e4tzlich bietet <a href=\"https:\/\/emdatec.de\/\">EMDATEC<\/a> eine breite Palette von RAL-Farbt\u00f6nen f\u00fcr die Aluminium-Mauerabdeckungen an. Dadurch k\u00f6nnen Sie Ihre Fassade individuell gestalten und an die gew\u00fcnschte \u00c4sthetik anpassen. Dies erm\u00f6glicht eine harmonische Integration der Abdeckungen in das Gesamtbild des Geb\u00e4udes.<\/p><p>F\u00fcr spezielle Anforderungen bietet EMDATEC auch eine individuelle Fertigung der Aluminium-Mauerabdeckungen an. So k\u00f6nnen Sie die Abdeckungen exakt an Ihre Bed\u00fcrfnisse und Abmessungen anpassen lassen und erhalten somit ma\u00dfgeschneiderte L\u00f6sungen.<\/p>\t\t\t\t\t\t\t\t<\/div>\n\t\t\t\t<\/div>\n\t\t\t\t\t<\/div>\n\t\t<\/div>\n\t\t\t\t\t<\/div>\n\t\t<\/section>\n\t\t\t\t\t<\/div>\n\t\t<\/div>\n\t\t\t\t\t<\/div>\n\t\t<\/section>\n\t\t\t\t<\/div>\n\t\t","protected":false},"excerpt":{"rendered":"<p>EMDA ABKANTVARIANTEN Individuell gefertigte Abdeckung aus Aluminium EMDA HALTERPROFIL Alu-Befestigungsblech mit Rillenprofil und Dichtungsgummi f\u00fcr die Befestigung der Mauerabdeckung. EMDA GUMMIDICHTUNG Gummidichtung f\u00fcr EMDA Halterprofil Die richtige Flachdach Mauerabdeckung w\u00e4hlen Bei der Auswahl der richtigen Mauerabdeckung f\u00fcr ein Flachdach gibt es verschiedene Faktoren zu beachten. Zun\u00e4chst ist es wichtig, die Funktionen der Mauerabdeckung zu betrachten, [&hellip;]<\/p>\n","protected":false},"author":1,"featured_media":0,"parent":25,"menu_order":0,"comment_status":"closed","ping_status":"closed","template":"","meta":{"_acf_changed":false,"footnotes":""},"class_list":["post-36","page","type-page","status-publish","hentry"],"acf":[],"yoast_head":"<!-- This site is optimized with the Yoast SEO plugin v27.2 - https:\/\/yoast.com\/product\/yoast-seo-wordpress\/ -->\n<title>Flachdach Aluminium Mauerabdeckungen &amp; Zubeh\u00f6r | EMDATEC GmbH<\/title>\n<meta name=\"description\" content=\"Hochwertige Flachdach Mauerabdeckungen aus Aluminium und passendes Zubeh\u00f6r f\u00fcr Schutz und \u00c4sthetik Ihrer Geb\u00e4ude. Ma\u00dfgefertigt von Emdatec. Direkt informieren!\" \/>\n<meta name=\"robots\" content=\"index, follow, max-snippet:-1, max-image-preview:large, max-video-preview:-1\" \/>\n<link rel=\"canonical\" href=\"https:\/\/emdatec.de\/de\/mauerabdeckung\/\" \/>\n<meta property=\"og:locale\" content=\"de_DE\" \/>\n<meta property=\"og:type\" content=\"article\" \/>\n<meta property=\"og:title\" content=\"Flachdach Aluminium Mauerabdeckungen &amp; Zubeh\u00f6r | EMDATEC GmbH\" \/>\n<meta property=\"og:description\" content=\"Hochwertige Flachdach Mauerabdeckungen aus Aluminium und passendes Zubeh\u00f6r f\u00fcr Schutz und \u00c4sthetik Ihrer Geb\u00e4ude. Ma\u00dfgefertigt von Emdatec. Direkt informieren!\" \/>\n<meta property=\"og:url\" content=\"https:\/\/emdatec.de\/de\/mauerabdeckung\/\" \/>\n<meta property=\"og:site_name\" content=\"Emdatec\" \/>\n<meta property=\"article:publisher\" content=\"https:\/\/www.facebook.com\/people\/Emdatec-GmbH\/100054446773033\/?locale=de_DE\" \/>\n<meta property=\"article:modified_time\" content=\"2024-04-11T23:46:40+00:00\" \/>\n<meta property=\"og:image\" content=\"https:\/\/emdatec.de\/wp-content\/uploads\/2023\/08\/mauerabdeckung_500x282.500x282.jpg\" \/>\n<meta name=\"twitter:card\" content=\"summary_large_image\" \/>\n<meta name=\"twitter:label1\" content=\"Gesch\u00e4tzte Lesezeit\" \/>\n\t<meta name=\"twitter:data1\" content=\"2\u00a0Minuten\" \/>\n<script type=\"application\/ld+json\" class=\"yoast-schema-graph\">{\"@context\":\"https:\/\/schema.org\",\"@graph\":[{\"@type\":\"WebPage\",\"@id\":\"https:\/\/emdatec.de\/de\/mauerabdeckung\/\",\"url\":\"https:\/\/emdatec.de\/de\/mauerabdeckung\/\",\"name\":\"Flachdach Aluminium Mauerabdeckungen & Zubeh\u00f6r | EMDATEC GmbH\",\"isPartOf\":{\"@id\":\"https:\/\/emdatec.de\/de\/#website\"},\"primaryImageOfPage\":{\"@id\":\"https:\/\/emdatec.de\/de\/mauerabdeckung\/#primaryimage\"},\"image\":{\"@id\":\"https:\/\/emdatec.de\/de\/mauerabdeckung\/#primaryimage\"},\"thumbnailUrl\":\"https:\/\/emdatec.de\/wp-content\/uploads\/2023\/08\/mauerabdeckung_500x282.500x282.jpg\",\"datePublished\":\"2023-07-26T07:16:33+00:00\",\"dateModified\":\"2024-04-11T23:46:40+00:00\",\"description\":\"Hochwertige Flachdach Mauerabdeckungen aus Aluminium und passendes Zubeh\u00f6r f\u00fcr Schutz und \u00c4sthetik Ihrer Geb\u00e4ude. Ma\u00dfgefertigt von Emdatec. Direkt informieren!\",\"breadcrumb\":{\"@id\":\"https:\/\/emdatec.de\/de\/mauerabdeckung\/#breadcrumb\"},\"inLanguage\":\"de\",\"potentialAction\":[{\"@type\":\"ReadAction\",\"target\":[\"https:\/\/emdatec.de\/de\/mauerabdeckung\/\"]}]},{\"@type\":\"ImageObject\",\"inLanguage\":\"de\",\"@id\":\"https:\/\/emdatec.de\/de\/mauerabdeckung\/#primaryimage\",\"url\":\"https:\/\/emdatec.de\/wp-content\/uploads\/2023\/08\/mauerabdeckung_500x282.500x282.jpg\",\"contentUrl\":\"https:\/\/emdatec.de\/wp-content\/uploads\/2023\/08\/mauerabdeckung_500x282.500x282.jpg\"},{\"@type\":\"BreadcrumbList\",\"@id\":\"https:\/\/emdatec.de\/de\/mauerabdeckung\/#breadcrumb\",\"itemListElement\":[{\"@type\":\"ListItem\",\"position\":1,\"name\":\"Start\",\"item\":\"https:\/\/emdatec.de\/de\/\"},{\"@type\":\"ListItem\",\"position\":2,\"name\":\"Flachdach\",\"item\":\"https:\/\/emdatec.de\/de\/flachdach\/\"},{\"@type\":\"ListItem\",\"position\":3,\"name\":\"Mauerabdeckung\"}]},{\"@type\":\"WebSite\",\"@id\":\"https:\/\/emdatec.de\/de\/#website\",\"url\":\"https:\/\/emdatec.de\/de\/\",\"name\":\"Emdatec\",\"description\":\"\",\"publisher\":{\"@id\":\"https:\/\/emdatec.de\/de\/#organization\"},\"potentialAction\":[{\"@type\":\"SearchAction\",\"target\":{\"@type\":\"EntryPoint\",\"urlTemplate\":\"https:\/\/emdatec.de\/de\/?s={search_term_string}\"},\"query-input\":{\"@type\":\"PropertyValueSpecification\",\"valueRequired\":true,\"valueName\":\"search_term_string\"}}],\"inLanguage\":\"de\"},{\"@type\":\"Organization\",\"@id\":\"https:\/\/emdatec.de\/de\/#organization\",\"name\":\"EMDATEC GmbH\",\"url\":\"https:\/\/emdatec.de\/de\/\",\"logo\":{\"@type\":\"ImageObject\",\"inLanguage\":\"de\",\"@id\":\"https:\/\/emdatec.de\/de\/#\/schema\/logo\/image\/\",\"url\":\"https:\/\/emdatec.de\/wp-content\/uploads\/2023\/07\/logo.png\",\"contentUrl\":\"https:\/\/emdatec.de\/wp-content\/uploads\/2023\/07\/logo.png\",\"width\":758,\"height\":289,\"caption\":\"EMDATEC GmbH\"},\"image\":{\"@id\":\"https:\/\/emdatec.de\/de\/#\/schema\/logo\/image\/\"},\"sameAs\":[\"https:\/\/www.facebook.com\/people\/Emdatec-GmbH\/100054446773033\/?locale=de_DE\"]}]}<\/script>\n<!-- \/ Yoast SEO plugin. -->","yoast_head_json":{"title":"Flachdach Aluminium Mauerabdeckungen & Zubeh\u00f6r | EMDATEC GmbH","description":"Hochwertige Flachdach Mauerabdeckungen aus Aluminium und passendes Zubeh\u00f6r f\u00fcr Schutz und \u00c4sthetik Ihrer Geb\u00e4ude. Ma\u00dfgefertigt von Emdatec. Direkt informieren!","robots":{"index":"index","follow":"follow","max-snippet":"max-snippet:-1","max-image-preview":"max-image-preview:large","max-video-preview":"max-video-preview:-1"},"canonical":"https:\/\/emdatec.de\/de\/mauerabdeckung\/","og_locale":"de_DE","og_type":"article","og_title":"Flachdach Aluminium Mauerabdeckungen & Zubeh\u00f6r | EMDATEC GmbH","og_description":"Hochwertige Flachdach Mauerabdeckungen aus Aluminium und passendes Zubeh\u00f6r f\u00fcr Schutz und \u00c4sthetik Ihrer Geb\u00e4ude. Ma\u00dfgefertigt von Emdatec. Direkt informieren!","og_url":"https:\/\/emdatec.de\/de\/mauerabdeckung\/","og_site_name":"Emdatec","article_publisher":"https:\/\/www.facebook.com\/people\/Emdatec-GmbH\/100054446773033\/?locale=de_DE","article_modified_time":"2024-04-11T23:46:40+00:00","og_image":[{"url":"https:\/\/emdatec.de\/wp-content\/uploads\/2023\/08\/mauerabdeckung_500x282.500x282.jpg","type":"","width":"","height":""}],"twitter_card":"summary_large_image","twitter_misc":{"Gesch\u00e4tzte Lesezeit":"2\u00a0Minuten"},"schema":{"@context":"https:\/\/schema.org","@graph":[{"@type":"WebPage","@id":"https:\/\/emdatec.de\/de\/mauerabdeckung\/","url":"https:\/\/emdatec.de\/de\/mauerabdeckung\/","name":"Flachdach Aluminium Mauerabdeckungen & Zubeh\u00f6r | EMDATEC GmbH","isPartOf":{"@id":"https:\/\/emdatec.de\/de\/#website"},"primaryImageOfPage":{"@id":"https:\/\/emdatec.de\/de\/mauerabdeckung\/#primaryimage"},"image":{"@id":"https:\/\/emdatec.de\/de\/mauerabdeckung\/#primaryimage"},"thumbnailUrl":"https:\/\/emdatec.de\/wp-content\/uploads\/2023\/08\/mauerabdeckung_500x282.500x282.jpg","datePublished":"2023-07-26T07:16:33+00:00","dateModified":"2024-04-11T23:46:40+00:00","description":"Hochwertige Flachdach Mauerabdeckungen aus Aluminium und passendes Zubeh\u00f6r f\u00fcr Schutz und \u00c4sthetik Ihrer Geb\u00e4ude. Ma\u00dfgefertigt von Emdatec. Direkt informieren!","breadcrumb":{"@id":"https:\/\/emdatec.de\/de\/mauerabdeckung\/#breadcrumb"},"inLanguage":"de","potentialAction":[{"@type":"ReadAction","target":["https:\/\/emdatec.de\/de\/mauerabdeckung\/"]}]},{"@type":"ImageObject","inLanguage":"de","@id":"https:\/\/emdatec.de\/de\/mauerabdeckung\/#primaryimage","url":"https:\/\/emdatec.de\/wp-content\/uploads\/2023\/08\/mauerabdeckung_500x282.500x282.jpg","contentUrl":"https:\/\/emdatec.de\/wp-content\/uploads\/2023\/08\/mauerabdeckung_500x282.500x282.jpg"},{"@type":"BreadcrumbList","@id":"https:\/\/emdatec.de\/de\/mauerabdeckung\/#breadcrumb","itemListElement":[{"@type":"ListItem","position":1,"name":"Start","item":"https:\/\/emdatec.de\/de\/"},{"@type":"ListItem","position":2,"name":"Flachdach","item":"https:\/\/emdatec.de\/de\/flachdach\/"},{"@type":"ListItem","position":3,"name":"Mauerabdeckung"}]},{"@type":"WebSite","@id":"https:\/\/emdatec.de\/de\/#website","url":"https:\/\/emdatec.de\/de\/","name":"Emdatec","description":"","publisher":{"@id":"https:\/\/emdatec.de\/de\/#organization"},"potentialAction":[{"@type":"SearchAction","target":{"@type":"EntryPoint","urlTemplate":"https:\/\/emdatec.de\/de\/?s={search_term_string}"},"query-input":{"@type":"PropertyValueSpecification","valueRequired":true,"valueName":"search_term_string"}}],"inLanguage":"de"},{"@type":"Organization","@id":"https:\/\/emdatec.de\/de\/#organization","name":"EMDATEC GmbH","url":"https:\/\/emdatec.de\/de\/","logo":{"@type":"ImageObject","inLanguage":"de","@id":"https:\/\/emdatec.de\/de\/#\/schema\/logo\/image\/","url":"https:\/\/emdatec.de\/wp-content\/uploads\/2023\/07\/logo.png","contentUrl":"https:\/\/emdatec.de\/wp-content\/uploads\/2023\/07\/logo.png","width":758,"height":289,"caption":"EMDATEC GmbH"},"image":{"@id":"https:\/\/emdatec.de\/de\/#\/schema\/logo\/image\/"},"sameAs":["https:\/\/www.facebook.com\/people\/Emdatec-GmbH\/100054446773033\/?locale=de_DE"]}]}},"_links":{"self":[{"href":"https:\/\/emdatec.de\/de\/wp-json\/wp\/v2\/pages\/36","targetHints":{"allow":["GET"]}}],"collection":[{"href":"https:\/\/emdatec.de\/de\/wp-json\/wp\/v2\/pages"}],"about":[{"href":"https:\/\/emdatec.de\/de\/wp-json\/wp\/v2\/types\/page"}],"author":[{"embeddable":true,"href":"https:\/\/emdatec.de\/de\/wp-json\/wp\/v2\/users\/1"}],"replies":[{"embeddable":true,"href":"https:\/\/emdatec.de\/de\/wp-json\/wp\/v2\/comments?post=36"}],"version-history":[{"count":67,"href":"https:\/\/emdatec.de\/de\/wp-json\/wp\/v2\/pages\/36\/revisions"}],"predecessor-version":[{"id":9026,"href":"https:\/\/emdatec.de\/de\/wp-json\/wp\/v2\/pages\/36\/revisions\/9026"}],"up":[{"embeddable":true,"href":"https:\/\/emdatec.de\/de\/wp-json\/wp\/v2\/pages\/25"}],"wp:attachment":[{"href":"https:\/\/emdatec.de\/de\/wp-json\/wp\/v2\/media?parent=36"}],"curies":[{"name":"wp","href":"https:\/\/api.w.org\/{rel}","templated":true}]}}