{"id":46,"date":"2023-07-26T07:21:44","date_gmt":"2023-07-26T07:21:44","guid":{"rendered":"https:\/\/emdatec.de\/?page_id=46"},"modified":"2024-01-28T21:44:24","modified_gmt":"2024-01-28T21:44:24","slug":"ueber-uns","status":"publish","type":"page","link":"https:\/\/emdatec.de\/de\/ueber-uns\/","title":{"rendered":"\u00dcber Uns"},"content":{"rendered":"\t\t<div data-elementor-type=\"wp-page\" data-elementor-id=\"46\" class=\"elementor elementor-46\" data-elementor-post-type=\"page\">\n\t\t\t\t\t\t<section class=\"elementor-section elementor-top-section elementor-element elementor-element-4171050 elementor-section-full_width elementor-section-height-default elementor-section-height-default\" data-id=\"4171050\" data-element_type=\"section\" data-e-type=\"section\">\n\t\t\t\t\t\t<div class=\"elementor-container elementor-column-gap-default\">\n\t\t\t\t\t<div class=\"elementor-column elementor-col-100 elementor-top-column elementor-element elementor-element-01fc83f\" data-id=\"01fc83f\" data-element_type=\"column\" data-e-type=\"column\">\n\t\t\t<div class=\"elementor-widget-wrap elementor-element-populated\">\n\t\t\t\t\t\t<section class=\"elementor-section elementor-inner-section elementor-element elementor-element-44968a0 elementor-section-boxed elementor-section-height-default elementor-section-height-default\" data-id=\"44968a0\" data-element_type=\"section\" data-e-type=\"section\">\n\t\t\t\t\t\t<div class=\"elementor-container elementor-column-gap-default\">\n\t\t\t\t\t<div class=\"elementor-column elementor-col-100 elementor-inner-column elementor-element elementor-element-22cdf02\" data-id=\"22cdf02\" data-element_type=\"column\" data-e-type=\"column\">\n\t\t\t<div class=\"elementor-widget-wrap elementor-element-populated\">\n\t\t\t\t\t\t<div class=\"elementor-element elementor-element-fcf90dc elementor-widget elementor-widget-image\" data-id=\"fcf90dc\" data-element_type=\"widget\" data-e-type=\"widget\" data-widget_type=\"image.default\">\n\t\t\t\t<div class=\"elementor-widget-container\">\n\t\t\t\t\t\t\t\t\t\t\t\t\t\t\t<img fetchpriority=\"high\" decoding=\"async\" width=\"800\" height=\"169\" src=\"https:\/\/emdatec.de\/wp-content\/uploads\/2023\/08\/team-emdatec-1024x216.png\" class=\"attachment-large size-large wp-image-3719\" alt=\"\" srcset=\"https:\/\/emdatec.de\/wp-content\/uploads\/2023\/08\/team-emdatec-1024x216.png 1024w, https:\/\/emdatec.de\/wp-content\/uploads\/2023\/08\/team-emdatec-300x63.png 300w, https:\/\/emdatec.de\/wp-content\/uploads\/2023\/08\/team-emdatec-768x162.png 768w, https:\/\/emdatec.de\/wp-content\/uploads\/2023\/08\/team-emdatec.png 1107w\" sizes=\"(max-width: 800px) 100vw, 800px\" \/>\t\t\t\t\t\t\t\t\t\t\t\t\t\t\t<\/div>\n\t\t\t\t<\/div>\n\t\t\t\t<div class=\"elementor-element elementor-element-553a871 elementor-widget elementor-widget-heading\" data-id=\"553a871\" data-element_type=\"widget\" data-e-type=\"widget\" data-widget_type=\"heading.default\">\n\t\t\t\t<div class=\"elementor-widget-container\">\n\t\t\t\t\t<h2 class=\"elementor-heading-title elementor-size-default\">Ihr Team f\u00fcr innovative Dachl\u00f6sungen\n\n\n\n\n\n<\/h2>\t\t\t\t<\/div>\n\t\t\t\t<\/div>\n\t\t\t\t<div class=\"elementor-element elementor-element-fdb0c4a elementor-widget elementor-widget-text-editor\" data-id=\"fdb0c4a\" data-element_type=\"widget\" data-e-type=\"widget\" data-widget_type=\"text-editor.default\">\n\t\t\t\t<div class=\"elementor-widget-container\">\n\t\t\t\t\t\t\t\t\t<p>Wir verstehen den Begriff \u00bbHandel\u00ab noch als das was es ist \u2013 die W\u00fcnsche und Vorstellungen jedes einzelnen Kunden zu ber\u00fccksichtigen und die optimalen L\u00f6sungen zu finden.\u00a0Vom ersten Handelsgesch\u00e4ft aus Emsdetten hin zum europaweit exportierenden Dachzubeh\u00f6r Hersteller \u2013 dazwischen liegen mittlerweile \u00fcber 30 Jahre mit wegweisenden Entscheidungen und vielen technologischen Meilensteinen.\u00a0Doch auch in Zukunft setzten wir weiterhin auf innovative L\u00f6sungen und kompetenten Service im Steil- und Flachdachbereich.<\/p>\t\t\t\t\t\t\t\t<\/div>\n\t\t\t\t<\/div>\n\t\t\t\t\t<\/div>\n\t\t<\/div>\n\t\t\t\t\t<\/div>\n\t\t<\/section>\n\t\t\t\t<section class=\"elementor-section elementor-inner-section elementor-element elementor-element-9e85e16 steildach-outer elementor-section-boxed elementor-section-height-default elementor-section-height-default\" data-id=\"9e85e16\" data-element_type=\"section\" data-e-type=\"section\">\n\t\t\t\t\t\t<div class=\"elementor-container elementor-column-gap-default\">\n\t\t\t\t\t<div class=\"elementor-column elementor-col-100 elementor-inner-column elementor-element elementor-element-80b018f\" data-id=\"80b018f\" data-element_type=\"column\" data-e-type=\"column\">\n\t\t\t<div class=\"elementor-widget-wrap elementor-element-populated\">\n\t\t\t\t\t\t<div class=\"elementor-element elementor-element-3de4312 elementor-view-stacked elementor-position-inline-start elementor-widget__width-initial Custom_list elementor-mobile-position-inline-start elementor-widget-tablet__width-initial elementor-shape-circle elementor-widget elementor-widget-icon-box\" data-id=\"3de4312\" data-element_type=\"widget\" data-e-type=\"widget\" data-widget_type=\"icon-box.default\">\n\t\t\t\t<div class=\"elementor-widget-container\">\n\t\t\t\t\t\t\t<div class=\"elementor-icon-box-wrapper\">\n\n\t\t\t\t\t\t<div class=\"elementor-icon-box-icon\">\n\t\t\t\t<span  class=\"elementor-icon\">\n\t\t\t\t<svg xmlns=\"http:\/\/www.w3.org\/2000\/svg\" xmlns:xlink=\"http:\/\/www.w3.org\/1999\/xlink\" id=\"Ebene_1\" x=\"0px\" y=\"0px\" viewBox=\"0 0 8.5 8.5\" height=\"150\" width=\"150\" style=\"enable-background:new 0 0 8.5 8.5;\" xml:space=\"preserve\"><style type=\"text\/css\">\t.st0{clip-path:url(#SVGID_2_);fill:none;stroke:#FFFFFF;stroke-width:1.097;}<\/style><g>\t<defs>\t\t<rect id=\"SVGID_1_\" x=\"2.3\" y=\"1.5\" width=\"3.9\" height=\"6\"><\/rect>\t<\/defs>\t<clipPath id=\"SVGID_2_\">\t\t<use xlink:href=\"#SVGID_1_\" style=\"overflow:visible;\"><\/use>\t<\/clipPath>\t<polyline class=\"st0\" points=\"2.8,3.7 3.7,6.1 5.7,1.7  \"><\/polyline><\/g><\/svg>\t\t\t\t<\/span>\n\t\t\t<\/div>\n\t\t\t\n\t\t\t\t\t\t<div class=\"elementor-icon-box-content\">\n\n\t\t\t\t\t\t\t\t\t<span class=\"elementor-icon-box-title\">\n\t\t\t\t\t\t<span  >\n\t\t\t\t\t\t\tSpezialist f\u00fcr Steil- und Flachdachprodukte\t\t\t\t\t\t<\/span>\n\t\t\t\t\t<\/span>\n\t\t\t\t\n\t\t\t\t\n\t\t\t<\/div>\n\t\t\t\n\t\t<\/div>\n\t\t\t\t\t\t<\/div>\n\t\t\t\t<\/div>\n\t\t\t\t<div class=\"elementor-element elementor-element-d2ba862 elementor-view-stacked elementor-position-inline-start elementor-widget__width-initial Custom_list elementor-mobile-position-inline-start elementor-shape-circle elementor-widget elementor-widget-icon-box\" data-id=\"d2ba862\" data-element_type=\"widget\" data-e-type=\"widget\" data-widget_type=\"icon-box.default\">\n\t\t\t\t<div class=\"elementor-widget-container\">\n\t\t\t\t\t\t\t<div class=\"elementor-icon-box-wrapper\">\n\n\t\t\t\t\t\t<div class=\"elementor-icon-box-icon\">\n\t\t\t\t<span  class=\"elementor-icon\">\n\t\t\t\t<svg xmlns=\"http:\/\/www.w3.org\/2000\/svg\" xmlns:xlink=\"http:\/\/www.w3.org\/1999\/xlink\" id=\"Ebene_1\" x=\"0px\" y=\"0px\" viewBox=\"0 0 8.5 8.5\" height=\"150\" width=\"150\" style=\"enable-background:new 0 0 8.5 8.5;\" xml:space=\"preserve\"><style type=\"text\/css\">\t.st0{clip-path:url(#SVGID_2_);fill:none;stroke:#FFFFFF;stroke-width:1.097;}<\/style><g>\t<defs>\t\t<rect id=\"SVGID_1_\" x=\"2.3\" y=\"1.5\" width=\"3.9\" height=\"6\"><\/rect>\t<\/defs>\t<clipPath id=\"SVGID_2_\">\t\t<use xlink:href=\"#SVGID_1_\" style=\"overflow:visible;\"><\/use>\t<\/clipPath>\t<polyline class=\"st0\" points=\"2.8,3.7 3.7,6.1 5.7,1.7  \"><\/polyline><\/g><\/svg>\t\t\t\t<\/span>\n\t\t\t<\/div>\n\t\t\t\n\t\t\t\t\t\t<div class=\"elementor-icon-box-content\">\n\n\t\t\t\t\t\t\t\t\t<span class=\"elementor-icon-box-title\">\n\t\t\t\t\t\t<span  >\n\t\t\t\t\t\t\tLeistungsstark und kundenorientiert\t\t\t\t\t\t<\/span>\n\t\t\t\t\t<\/span>\n\t\t\t\t\n\t\t\t\t\n\t\t\t<\/div>\n\t\t\t\n\t\t<\/div>\n\t\t\t\t\t\t<\/div>\n\t\t\t\t<\/div>\n\t\t\t\t<div class=\"elementor-element elementor-element-e8fe400 elementor-view-stacked elementor-position-inline-start elementor-widget__width-initial Custom_list elementor-mobile-position-inline-start elementor-shape-circle elementor-widget elementor-widget-icon-box\" data-id=\"e8fe400\" data-element_type=\"widget\" data-e-type=\"widget\" data-widget_type=\"icon-box.default\">\n\t\t\t\t<div class=\"elementor-widget-container\">\n\t\t\t\t\t\t\t<div class=\"elementor-icon-box-wrapper\">\n\n\t\t\t\t\t\t<div class=\"elementor-icon-box-icon\">\n\t\t\t\t<span  class=\"elementor-icon\">\n\t\t\t\t<svg xmlns=\"http:\/\/www.w3.org\/2000\/svg\" xmlns:xlink=\"http:\/\/www.w3.org\/1999\/xlink\" id=\"Ebene_1\" x=\"0px\" y=\"0px\" viewBox=\"0 0 8.5 8.5\" height=\"150\" width=\"150\" style=\"enable-background:new 0 0 8.5 8.5;\" xml:space=\"preserve\"><style type=\"text\/css\">\t.st0{clip-path:url(#SVGID_2_);fill:none;stroke:#FFFFFF;stroke-width:1.097;}<\/style><g>\t<defs>\t\t<rect id=\"SVGID_1_\" x=\"2.3\" y=\"1.5\" width=\"3.9\" height=\"6\"><\/rect>\t<\/defs>\t<clipPath id=\"SVGID_2_\">\t\t<use xlink:href=\"#SVGID_1_\" style=\"overflow:visible;\"><\/use>\t<\/clipPath>\t<polyline class=\"st0\" points=\"2.8,3.7 3.7,6.1 5.7,1.7  \"><\/polyline><\/g><\/svg>\t\t\t\t<\/span>\n\t\t\t<\/div>\n\t\t\t\n\t\t\t\t\t\t<div class=\"elementor-icon-box-content\">\n\n\t\t\t\t\t\t\t\t\t<span class=\"elementor-icon-box-title\">\n\t\t\t\t\t\t<span  >\n\t\t\t\t\t\t\tHoher Qualit\u00e4tsstandard\t\t\t\t\t\t<\/span>\n\t\t\t\t\t<\/span>\n\t\t\t\t\n\t\t\t\t\n\t\t\t<\/div>\n\t\t\t\n\t\t<\/div>\n\t\t\t\t\t\t<\/div>\n\t\t\t\t<\/div>\n\t\t\t\t<div class=\"elementor-element elementor-element-769f8c9 elementor-view-stacked elementor-position-inline-start elementor-widget__width-initial Custom_list elementor-mobile-position-inline-start elementor-shape-circle elementor-widget elementor-widget-icon-box\" data-id=\"769f8c9\" data-element_type=\"widget\" data-e-type=\"widget\" data-widget_type=\"icon-box.default\">\n\t\t\t\t<div class=\"elementor-widget-container\">\n\t\t\t\t\t\t\t<div class=\"elementor-icon-box-wrapper\">\n\n\t\t\t\t\t\t<div class=\"elementor-icon-box-icon\">\n\t\t\t\t<span  class=\"elementor-icon\">\n\t\t\t\t<svg xmlns=\"http:\/\/www.w3.org\/2000\/svg\" xmlns:xlink=\"http:\/\/www.w3.org\/1999\/xlink\" id=\"Ebene_1\" x=\"0px\" y=\"0px\" viewBox=\"0 0 8.5 8.5\" height=\"150\" width=\"150\" style=\"enable-background:new 0 0 8.5 8.5;\" xml:space=\"preserve\"><style type=\"text\/css\">\t.st0{clip-path:url(#SVGID_2_);fill:none;stroke:#FFFFFF;stroke-width:1.097;}<\/style><g>\t<defs>\t\t<rect id=\"SVGID_1_\" x=\"2.3\" y=\"1.5\" width=\"3.9\" height=\"6\"><\/rect>\t<\/defs>\t<clipPath id=\"SVGID_2_\">\t\t<use xlink:href=\"#SVGID_1_\" style=\"overflow:visible;\"><\/use>\t<\/clipPath>\t<polyline class=\"st0\" points=\"2.8,3.7 3.7,6.1 5.7,1.7  \"><\/polyline><\/g><\/svg>\t\t\t\t<\/span>\n\t\t\t<\/div>\n\t\t\t\n\t\t\t\t\t\t<div class=\"elementor-icon-box-content\">\n\n\t\t\t\t\t\t\t\t\t<span class=\"elementor-icon-box-title\">\n\t\t\t\t\t\t<span  >\n\t\t\t\t\t\t\tKurze Wege und schnelles Handeln\t\t\t\t\t\t<\/span>\n\t\t\t\t\t<\/span>\n\t\t\t\t\n\t\t\t\t\n\t\t\t<\/div>\n\t\t\t\n\t\t<\/div>\n\t\t\t\t\t\t<\/div>\n\t\t\t\t<\/div>\n\t\t\t\t<div class=\"elementor-element elementor-element-607b0bf elementor-view-stacked elementor-position-inline-start elementor-widget__width-initial Custom_list elementor-mobile-position-inline-start elementor-shape-circle elementor-widget elementor-widget-icon-box\" data-id=\"607b0bf\" data-element_type=\"widget\" data-e-type=\"widget\" data-widget_type=\"icon-box.default\">\n\t\t\t\t<div class=\"elementor-widget-container\">\n\t\t\t\t\t\t\t<div class=\"elementor-icon-box-wrapper\">\n\n\t\t\t\t\t\t<div class=\"elementor-icon-box-icon\">\n\t\t\t\t<span  class=\"elementor-icon\">\n\t\t\t\t<svg xmlns=\"http:\/\/www.w3.org\/2000\/svg\" xmlns:xlink=\"http:\/\/www.w3.org\/1999\/xlink\" id=\"Ebene_1\" x=\"0px\" y=\"0px\" viewBox=\"0 0 8.5 8.5\" height=\"150\" width=\"150\" style=\"enable-background:new 0 0 8.5 8.5;\" xml:space=\"preserve\"><style type=\"text\/css\">\t.st0{clip-path:url(#SVGID_2_);fill:none;stroke:#FFFFFF;stroke-width:1.097;}<\/style><g>\t<defs>\t\t<rect id=\"SVGID_1_\" x=\"2.3\" y=\"1.5\" width=\"3.9\" height=\"6\"><\/rect>\t<\/defs>\t<clipPath id=\"SVGID_2_\">\t\t<use xlink:href=\"#SVGID_1_\" style=\"overflow:visible;\"><\/use>\t<\/clipPath>\t<polyline class=\"st0\" points=\"2.8,3.7 3.7,6.1 5.7,1.7  \"><\/polyline><\/g><\/svg>\t\t\t\t<\/span>\n\t\t\t<\/div>\n\t\t\t\n\t\t\t\t\t\t<div class=\"elementor-icon-box-content\">\n\n\t\t\t\t\t\t\t\t\t<span class=\"elementor-icon-box-title\">\n\t\t\t\t\t\t<span  >\n\t\t\t\t\t\t\tFreundliche und motivierte Mitarbeiter\t\t\t\t\t\t<\/span>\n\t\t\t\t\t<\/span>\n\t\t\t\t\n\t\t\t\t\n\t\t\t<\/div>\n\t\t\t\n\t\t<\/div>\n\t\t\t\t\t\t<\/div>\n\t\t\t\t<\/div>\n\t\t\t\t\t<\/div>\n\t\t<\/div>\n\t\t\t\t\t<\/div>\n\t\t<\/section>\n\t\t\t\t<div class=\"elementor-element elementor-element-c529d47 elementor-widget elementor-widget-spacer\" data-id=\"c529d47\" data-element_type=\"widget\" data-e-type=\"widget\" data-widget_type=\"spacer.default\">\n\t\t\t\t<div class=\"elementor-widget-container\">\n\t\t\t\t\t\t\t<div class=\"elementor-spacer\">\n\t\t\t<div class=\"elementor-spacer-inner\"><\/div>\n\t\t<\/div>\n\t\t\t\t\t\t<\/div>\n\t\t\t\t<\/div>\n\t\t\t\t\t<\/div>\n\t\t<\/div>\n\t\t\t\t\t<\/div>\n\t\t<\/section>\n\t\t\t\t<section class=\"elementor-section elementor-top-section elementor-element elementor-element-5b12b65 elementor-section-boxed elementor-section-height-default elementor-section-height-default\" data-id=\"5b12b65\" data-element_type=\"section\" data-e-type=\"section\">\n\t\t\t\t\t\t<div class=\"elementor-container elementor-column-gap-default\">\n\t\t\t\t\t<div class=\"elementor-column elementor-col-100 elementor-top-column elementor-element elementor-element-240e4c7\" data-id=\"240e4c7\" data-element_type=\"column\" data-e-type=\"column\">\n\t\t\t<div class=\"elementor-widget-wrap elementor-element-populated\">\n\t\t\t\t\t\t<div class=\"elementor-element elementor-element-199d21b elementor-widget__width-initial elementor-widget-tablet__width-inherit elementor-widget-mobile__width-auto elementor-widget elementor-widget-History Widget\" data-id=\"199d21b\" data-element_type=\"widget\" data-e-type=\"widget\" data-widget_type=\"History Widget.default\">\n\t\t\t\t<div class=\"elementor-widget-container\">\n\t\t\t\t\t<div id=chronik><div class=\"c_item rechts\"><div class=\" links_point\"><\/div><div class=\"c_year rechts_c_year\"><h2>2017<\/h2><p><strong>Er\u00f6ffnung Werk II<\/strong><br \/>Aluminiumverarbeitung<\/p>\n<\/div><\/div><div class=\"c_item links\"><div class=\" rechts_point\"><\/div><div class=\"c_year links_c_year\"><h2>2016<\/h2><p><strong>Generationswechsel <\/strong><br \/>Gesch\u00e4ftsf\u00fchrer Fabian L\u00f6ckener<\/p>\n<\/div><\/div><div class=\"c_item rechts\"><div class=\" links_point\"><\/div><div class=\"c_year rechts_c_year\"><h2>2011<\/h2><p><strong>Neubau <\/strong><br \/>Verwaltung und Produktion an der Gutenbergstra\u00dfe<\/p>\n<\/div><\/div><div class=\"c_item links\"><div class=\" rechts_point\"><\/div><div class=\"c_year links_c_year\"><h2>2010<\/h2><p><strong>Private Label<\/strong><br \/>Herstellung von Private Label Produktionslinien<\/p>\n<\/div><\/div><div class=\"c_item rechts\"><div class=\" links_point\"><\/div><div class=\"c_year rechts_c_year\"><h2>2007<\/h2><p><strong>Internationaler Handel<\/strong><br \/>Beginn des weltweiten Exportgesch\u00e4fts<\/p>\n<\/div><\/div><div class=\"c_item links\"><div class=\" rechts_point\"><\/div><div class=\"c_year links_c_year\"><h2>2006<\/h2><p><strong>Eigene Produktion <\/strong><br \/>Vom H\u00e4ndler zum Hersteller<\/p>\n<\/div><\/div><div class=\"c_item rechts\"><div class=\" links_point\"><\/div><div class=\"c_year rechts_c_year\"><h2>2001<\/h2><p><strong>Eigene Flachdachprodukte<\/strong><br \/>Fertigung eigener Aluminiumprofile<\/p>\n<\/div><\/div><div class=\"c_item links\"><div class=\" rechts_point\"><\/div><div class=\"c_year links_c_year\"><h2>1994<\/h2><p><strong>Neues Geb\u00e4ude <\/strong><br \/>Einzug in neu gebaute B\u00fcros und die dazugeh\u00f6rige Halle (Heute Werk II)<\/p>\n<\/div><\/div><div class=\"c_item rechts\"><div class=\" links_point\"><\/div><div class=\"c_year rechts_c_year\"><h2>1991<\/h2><p><strong>EMDATEC GmbH <\/strong><br \/>Hans-Peter L\u00f6ckener gr\u00fcndet die EMDATEC GmbH<\/p>\n<\/div><\/div><div class=\"c_item links\"><div class=\" rechts_point\"><\/div><div class=\"c_year links_c_year\"><h2>1988<\/h2><p><strong>Grundstein <\/strong><br \/>Hans-Peter L\u00f6ckener macht sich am 02.01.1988 selbstst\u00e4ndig<\/p>\n<\/div><\/div><\/div>\t\t\t\t<\/div>\n\t\t\t\t<\/div>\n\t\t\t\t\t<\/div>\n\t\t<\/div>\n\t\t\t\t\t<\/div>\n\t\t<\/section>\n\t\t\t\t<\/div>\n\t\t","protected":false},"excerpt":{"rendered":"<p>Ihr Team f\u00fcr innovative Dachl\u00f6sungen Wir verstehen den Begriff \u00bbHandel\u00ab noch als das was es ist \u2013 die W\u00fcnsche und Vorstellungen jedes einzelnen Kunden zu ber\u00fccksichtigen und die optimalen L\u00f6sungen zu finden.\u00a0Vom ersten Handelsgesch\u00e4ft aus Emsdetten hin zum europaweit exportierenden Dachzubeh\u00f6r Hersteller \u2013 dazwischen liegen mittlerweile \u00fcber 30 Jahre mit wegweisenden Entscheidungen und vielen technologischen [&hellip;]<\/p>\n","protected":false},"author":1,"featured_media":0,"parent":10,"menu_order":0,"comment_status":"closed","ping_status":"closed","template":"","meta":{"_acf_changed":false,"footnotes":""},"class_list":["post-46","page","type-page","status-publish","hentry"],"acf":[],"yoast_head":"<!-- This site is optimized with the Yoast SEO plugin v27.2 - https:\/\/yoast.com\/product\/yoast-seo-wordpress\/ -->\n<title>\u00dcber uns: Experten f\u00fcr Dachl\u00f6sungen seit 1988 | EMDATEC GmbH<\/title>\n<meta name=\"description\" content=\"Lernen Sie Emdatec kennen: Ihr Partner f\u00fcr innovative Dachprodukte seit \u00fcber 30 Jahren mit starkem Fokus auf Qualit\u00e4t und Kundenorientierung.\" \/>\n<meta name=\"robots\" content=\"index, follow, max-snippet:-1, max-image-preview:large, max-video-preview:-1\" \/>\n<link rel=\"canonical\" href=\"https:\/\/emdatec.de\/de\/ueber-uns\/\" \/>\n<meta property=\"og:locale\" content=\"de_DE\" \/>\n<meta property=\"og:type\" content=\"article\" \/>\n<meta property=\"og:title\" content=\"\u00dcber uns: Experten f\u00fcr Dachl\u00f6sungen seit 1988 | EMDATEC GmbH\" \/>\n<meta property=\"og:description\" content=\"Lernen Sie Emdatec kennen: Ihr Partner f\u00fcr innovative Dachprodukte seit \u00fcber 30 Jahren mit starkem Fokus auf Qualit\u00e4t und Kundenorientierung.\" \/>\n<meta property=\"og:url\" content=\"https:\/\/emdatec.de\/de\/ueber-uns\/\" \/>\n<meta property=\"og:site_name\" content=\"Emdatec\" \/>\n<meta property=\"article:publisher\" content=\"https:\/\/www.facebook.com\/people\/Emdatec-GmbH\/100054446773033\/?locale=de_DE\" \/>\n<meta property=\"article:modified_time\" content=\"2024-01-28T21:44:24+00:00\" \/>\n<meta property=\"og:image\" content=\"https:\/\/emdatec.de\/wp-content\/uploads\/2023\/08\/team-emdatec-1024x216.png\" \/>\n<meta name=\"twitter:card\" content=\"summary_large_image\" \/>\n<meta name=\"twitter:label1\" content=\"Gesch\u00e4tzte Lesezeit\" \/>\n\t<meta name=\"twitter:data1\" content=\"1\u00a0Minute\" \/>\n<script type=\"application\/ld+json\" class=\"yoast-schema-graph\">{\"@context\":\"https:\/\/schema.org\",\"@graph\":[{\"@type\":\"WebPage\",\"@id\":\"https:\/\/emdatec.de\/de\/ueber-uns\/\",\"url\":\"https:\/\/emdatec.de\/de\/ueber-uns\/\",\"name\":\"\u00dcber uns: Experten f\u00fcr Dachl\u00f6sungen seit 1988 | EMDATEC GmbH\",\"isPartOf\":{\"@id\":\"https:\/\/emdatec.de\/de\/#website\"},\"primaryImageOfPage\":{\"@id\":\"https:\/\/emdatec.de\/de\/ueber-uns\/#primaryimage\"},\"image\":{\"@id\":\"https:\/\/emdatec.de\/de\/ueber-uns\/#primaryimage\"},\"thumbnailUrl\":\"https:\/\/emdatec.de\/wp-content\/uploads\/2023\/08\/team-emdatec-1024x216.png\",\"datePublished\":\"2023-07-26T07:21:44+00:00\",\"dateModified\":\"2024-01-28T21:44:24+00:00\",\"description\":\"Lernen Sie Emdatec kennen: Ihr Partner f\u00fcr innovative Dachprodukte seit \u00fcber 30 Jahren mit starkem Fokus auf Qualit\u00e4t und Kundenorientierung.\",\"breadcrumb\":{\"@id\":\"https:\/\/emdatec.de\/de\/ueber-uns\/#breadcrumb\"},\"inLanguage\":\"de\",\"potentialAction\":[{\"@type\":\"ReadAction\",\"target\":[\"https:\/\/emdatec.de\/de\/ueber-uns\/\"]}]},{\"@type\":\"ImageObject\",\"inLanguage\":\"de\",\"@id\":\"https:\/\/emdatec.de\/de\/ueber-uns\/#primaryimage\",\"url\":\"https:\/\/emdatec.de\/wp-content\/uploads\/2023\/08\/team-emdatec-1024x216.png\",\"contentUrl\":\"https:\/\/emdatec.de\/wp-content\/uploads\/2023\/08\/team-emdatec-1024x216.png\"},{\"@type\":\"BreadcrumbList\",\"@id\":\"https:\/\/emdatec.de\/de\/ueber-uns\/#breadcrumb\",\"itemListElement\":[{\"@type\":\"ListItem\",\"position\":1,\"name\":\"Start\",\"item\":\"https:\/\/emdatec.de\/de\/\"},{\"@type\":\"ListItem\",\"position\":2,\"name\":\"\u00dcber Uns\"}]},{\"@type\":\"WebSite\",\"@id\":\"https:\/\/emdatec.de\/de\/#website\",\"url\":\"https:\/\/emdatec.de\/de\/\",\"name\":\"Emdatec\",\"description\":\"\",\"publisher\":{\"@id\":\"https:\/\/emdatec.de\/de\/#organization\"},\"potentialAction\":[{\"@type\":\"SearchAction\",\"target\":{\"@type\":\"EntryPoint\",\"urlTemplate\":\"https:\/\/emdatec.de\/de\/?s={search_term_string}\"},\"query-input\":{\"@type\":\"PropertyValueSpecification\",\"valueRequired\":true,\"valueName\":\"search_term_string\"}}],\"inLanguage\":\"de\"},{\"@type\":\"Organization\",\"@id\":\"https:\/\/emdatec.de\/de\/#organization\",\"name\":\"EMDATEC GmbH\",\"url\":\"https:\/\/emdatec.de\/de\/\",\"logo\":{\"@type\":\"ImageObject\",\"inLanguage\":\"de\",\"@id\":\"https:\/\/emdatec.de\/de\/#\/schema\/logo\/image\/\",\"url\":\"https:\/\/emdatec.de\/wp-content\/uploads\/2023\/07\/logo.png\",\"contentUrl\":\"https:\/\/emdatec.de\/wp-content\/uploads\/2023\/07\/logo.png\",\"width\":758,\"height\":289,\"caption\":\"EMDATEC GmbH\"},\"image\":{\"@id\":\"https:\/\/emdatec.de\/de\/#\/schema\/logo\/image\/\"},\"sameAs\":[\"https:\/\/www.facebook.com\/people\/Emdatec-GmbH\/100054446773033\/?locale=de_DE\"]}]}<\/script>\n<!-- \/ Yoast SEO plugin. -->","yoast_head_json":{"title":"\u00dcber uns: Experten f\u00fcr Dachl\u00f6sungen seit 1988 | EMDATEC GmbH","description":"Lernen Sie Emdatec kennen: Ihr Partner f\u00fcr innovative Dachprodukte seit \u00fcber 30 Jahren mit starkem Fokus auf Qualit\u00e4t und Kundenorientierung.","robots":{"index":"index","follow":"follow","max-snippet":"max-snippet:-1","max-image-preview":"max-image-preview:large","max-video-preview":"max-video-preview:-1"},"canonical":"https:\/\/emdatec.de\/de\/ueber-uns\/","og_locale":"de_DE","og_type":"article","og_title":"\u00dcber uns: Experten f\u00fcr Dachl\u00f6sungen seit 1988 | EMDATEC GmbH","og_description":"Lernen Sie Emdatec kennen: Ihr Partner f\u00fcr innovative Dachprodukte seit \u00fcber 30 Jahren mit starkem Fokus auf Qualit\u00e4t und Kundenorientierung.","og_url":"https:\/\/emdatec.de\/de\/ueber-uns\/","og_site_name":"Emdatec","article_publisher":"https:\/\/www.facebook.com\/people\/Emdatec-GmbH\/100054446773033\/?locale=de_DE","article_modified_time":"2024-01-28T21:44:24+00:00","og_image":[{"url":"https:\/\/emdatec.de\/wp-content\/uploads\/2023\/08\/team-emdatec-1024x216.png","type":"","width":"","height":""}],"twitter_card":"summary_large_image","twitter_misc":{"Gesch\u00e4tzte Lesezeit":"1\u00a0Minute"},"schema":{"@context":"https:\/\/schema.org","@graph":[{"@type":"WebPage","@id":"https:\/\/emdatec.de\/de\/ueber-uns\/","url":"https:\/\/emdatec.de\/de\/ueber-uns\/","name":"\u00dcber uns: Experten f\u00fcr Dachl\u00f6sungen seit 1988 | EMDATEC GmbH","isPartOf":{"@id":"https:\/\/emdatec.de\/de\/#website"},"primaryImageOfPage":{"@id":"https:\/\/emdatec.de\/de\/ueber-uns\/#primaryimage"},"image":{"@id":"https:\/\/emdatec.de\/de\/ueber-uns\/#primaryimage"},"thumbnailUrl":"https:\/\/emdatec.de\/wp-content\/uploads\/2023\/08\/team-emdatec-1024x216.png","datePublished":"2023-07-26T07:21:44+00:00","dateModified":"2024-01-28T21:44:24+00:00","description":"Lernen Sie Emdatec kennen: Ihr Partner f\u00fcr innovative Dachprodukte seit \u00fcber 30 Jahren mit starkem Fokus auf Qualit\u00e4t und Kundenorientierung.","breadcrumb":{"@id":"https:\/\/emdatec.de\/de\/ueber-uns\/#breadcrumb"},"inLanguage":"de","potentialAction":[{"@type":"ReadAction","target":["https:\/\/emdatec.de\/de\/ueber-uns\/"]}]},{"@type":"ImageObject","inLanguage":"de","@id":"https:\/\/emdatec.de\/de\/ueber-uns\/#primaryimage","url":"https:\/\/emdatec.de\/wp-content\/uploads\/2023\/08\/team-emdatec-1024x216.png","contentUrl":"https:\/\/emdatec.de\/wp-content\/uploads\/2023\/08\/team-emdatec-1024x216.png"},{"@type":"BreadcrumbList","@id":"https:\/\/emdatec.de\/de\/ueber-uns\/#breadcrumb","itemListElement":[{"@type":"ListItem","position":1,"name":"Start","item":"https:\/\/emdatec.de\/de\/"},{"@type":"ListItem","position":2,"name":"\u00dcber Uns"}]},{"@type":"WebSite","@id":"https:\/\/emdatec.de\/de\/#website","url":"https:\/\/emdatec.de\/de\/","name":"Emdatec","description":"","publisher":{"@id":"https:\/\/emdatec.de\/de\/#organization"},"potentialAction":[{"@type":"SearchAction","target":{"@type":"EntryPoint","urlTemplate":"https:\/\/emdatec.de\/de\/?s={search_term_string}"},"query-input":{"@type":"PropertyValueSpecification","valueRequired":true,"valueName":"search_term_string"}}],"inLanguage":"de"},{"@type":"Organization","@id":"https:\/\/emdatec.de\/de\/#organization","name":"EMDATEC GmbH","url":"https:\/\/emdatec.de\/de\/","logo":{"@type":"ImageObject","inLanguage":"de","@id":"https:\/\/emdatec.de\/de\/#\/schema\/logo\/image\/","url":"https:\/\/emdatec.de\/wp-content\/uploads\/2023\/07\/logo.png","contentUrl":"https:\/\/emdatec.de\/wp-content\/uploads\/2023\/07\/logo.png","width":758,"height":289,"caption":"EMDATEC GmbH"},"image":{"@id":"https:\/\/emdatec.de\/de\/#\/schema\/logo\/image\/"},"sameAs":["https:\/\/www.facebook.com\/people\/Emdatec-GmbH\/100054446773033\/?locale=de_DE"]}]}},"_links":{"self":[{"href":"https:\/\/emdatec.de\/de\/wp-json\/wp\/v2\/pages\/46","targetHints":{"allow":["GET"]}}],"collection":[{"href":"https:\/\/emdatec.de\/de\/wp-json\/wp\/v2\/pages"}],"about":[{"href":"https:\/\/emdatec.de\/de\/wp-json\/wp\/v2\/types\/page"}],"author":[{"embeddable":true,"href":"https:\/\/emdatec.de\/de\/wp-json\/wp\/v2\/users\/1"}],"replies":[{"embeddable":true,"href":"https:\/\/emdatec.de\/de\/wp-json\/wp\/v2\/comments?post=46"}],"version-history":[{"count":53,"href":"https:\/\/emdatec.de\/de\/wp-json\/wp\/v2\/pages\/46\/revisions"}],"predecessor-version":[{"id":8737,"href":"https:\/\/emdatec.de\/de\/wp-json\/wp\/v2\/pages\/46\/revisions\/8737"}],"up":[{"embeddable":true,"href":"https:\/\/emdatec.de\/de\/wp-json\/wp\/v2\/pages\/10"}],"wp:attachment":[{"href":"https:\/\/emdatec.de\/de\/wp-json\/wp\/v2\/media?parent=46"}],"curies":[{"name":"wp","href":"https:\/\/api.w.org\/{rel}","templated":true}]}}