{"id":52,"date":"2023-07-26T07:27:13","date_gmt":"2023-07-26T07:27:13","guid":{"rendered":"https:\/\/emdatec.de\/?page_id=52"},"modified":"2024-01-28T21:47:35","modified_gmt":"2024-01-28T21:47:35","slug":"kontakt","status":"publish","type":"page","link":"https:\/\/emdatec.de\/de\/kontakt\/","title":{"rendered":"Kontakt"},"content":{"rendered":"\t\t<div data-elementor-type=\"wp-page\" data-elementor-id=\"52\" class=\"elementor elementor-52\" data-elementor-post-type=\"page\">\n\t\t\t\t\t\t<section class=\"elementor-section elementor-top-section elementor-element elementor-element-1703fab elementor-section-full_width page-kontakt elementor-section-height-default elementor-section-height-default\" data-id=\"1703fab\" data-element_type=\"section\" data-e-type=\"section\" data-settings=\"{&quot;background_background&quot;:&quot;classic&quot;}\">\n\t\t\t\t\t\t<div class=\"elementor-container elementor-column-gap-default\">\n\t\t\t\t\t<div class=\"elementor-column elementor-col-100 elementor-top-column elementor-element elementor-element-9d71ac6\" data-id=\"9d71ac6\" data-element_type=\"column\" data-e-type=\"column\">\n\t\t\t<div class=\"elementor-widget-wrap elementor-element-populated\">\n\t\t\t\t\t\t<section class=\"elementor-section elementor-inner-section elementor-element elementor-element-94b711f elementor-section-boxed elementor-section-height-default elementor-section-height-default\" data-id=\"94b711f\" data-element_type=\"section\" data-e-type=\"section\">\n\t\t\t\t\t\t<div class=\"elementor-container elementor-column-gap-default\">\n\t\t\t\t\t<div class=\"elementor-column elementor-col-50 elementor-inner-column elementor-element elementor-element-111430e\" data-id=\"111430e\" data-element_type=\"column\" data-e-type=\"column\">\n\t\t\t<div class=\"elementor-widget-wrap elementor-element-populated\">\n\t\t\t\t\t\t<div class=\"elementor-element elementor-element-f127f94 eael-contact-form-7-button-align-left eael-contact-form-7-button-custom elementor-widget elementor-widget-eael-contact-form-7\" data-id=\"f127f94\" data-element_type=\"widget\" data-e-type=\"widget\" data-widget_type=\"eael-contact-form-7.default\">\n\t\t\t\t<div class=\"elementor-widget-container\">\n\t\t\t\t\t<div class=\"eael-contact-form-7-wrapper\">\n                <div class=\"eael-contact-form eael-contact-form-7 eael-contact-form-f127f94 placeholder-show eael-contact-form-align-default\"><div class=\"eael-contact-form-7-heading\"><h3 class=\"eael-contact-form-title eael-contact-form-7-title\">\n                                    Kontaktformular\n                                <\/h3><\/div>\n<div class=\"wpcf7 no-js\" id=\"wpcf7-f4020-o1\" lang=\"en-US\" dir=\"ltr\" data-wpcf7-id=\"4020\">\n<div class=\"screen-reader-response\"><p role=\"status\" aria-live=\"polite\" aria-atomic=\"true\"><\/p> <ul><\/ul><\/div>\n<form action=\"\/de\/wp-json\/wp\/v2\/pages\/52#wpcf7-f4020-o1\" method=\"post\" class=\"wpcf7-form init\" aria-label=\"Contact form\" novalidate=\"novalidate\" data-status=\"init\">\n<fieldset class=\"hidden-fields-container\"><input type=\"hidden\" name=\"_wpcf7\" value=\"4020\" \/><input type=\"hidden\" name=\"_wpcf7_version\" value=\"6.1.5\" \/><input type=\"hidden\" name=\"_wpcf7_locale\" value=\"en_US\" \/><input type=\"hidden\" name=\"_wpcf7_unit_tag\" value=\"wpcf7-f4020-o1\" \/><input type=\"hidden\" name=\"_wpcf7_container_post\" value=\"0\" \/><input type=\"hidden\" name=\"_wpcf7_posted_data_hash\" value=\"\" \/><input type=\"hidden\" name=\"_wpcf7_recaptcha_response\" value=\"\" \/>\n<\/fieldset>\n<div class=\"column-tablet-4 column-6\">\n\t<div class=\"contact-form\">\n\t\t<p><label for=\"form-fist-name\"><\/label><span class=\"wpcf7-form-control-wrap\" data-name=\"your-fist-name\"><input size=\"40\" maxlength=\"400\" class=\"wpcf7-form-control wpcf7-text\" id=\"form-fist-name\" aria-invalid=\"false\" placeholder=\"Vorname\" value=\"\" type=\"text\" name=\"your-fist-name\" \/><\/span>\n\t\t<\/p>\n\t<\/div>\n<\/div>\n<div class=\"column-tablet-4 column-6\">\n\t<div class=\"contact-form\">\n\t\t<p><label for=\"form-lastname\"><\/label><span class=\"wpcf7-form-control-wrap\" data-name=\"your-last-name\"><input size=\"40\" maxlength=\"400\" class=\"wpcf7-form-control wpcf7-text\" id=\"form-lastname\" aria-invalid=\"false\" placeholder=\"Name\" value=\"\" type=\"text\" name=\"your-last-name\" \/><\/span>\n\t\t<\/p>\n\t<\/div>\n<\/div>\n<div class=\"column-tablet-4 column-6\">\n\t<div class=\"contact-form\">\n\t\t<p><label for=\"form-email\"><\/label><span class=\"wpcf7-form-control-wrap\" data-name=\"your-email\"><input size=\"40\" maxlength=\"400\" class=\"wpcf7-form-control wpcf7-email wpcf7-validates-as-required wpcf7-text wpcf7-validates-as-email\" id=\"form-email\" aria-required=\"true\" aria-invalid=\"false\" placeholder=\"E-Mail\" value=\"\" type=\"email\" name=\"your-email\" \/><\/span>\n\t\t<\/p>\n\t<\/div>\n<\/div>\n<div class=\"column-tablet-4 column-6\">\n\t<div class=\"contact-form\">\n\t\t<p><label for=\"form-telefon\"><\/label><span class=\"wpcf7-form-control-wrap\" data-name=\"your-telefon\"><input size=\"40\" maxlength=\"400\" class=\"wpcf7-form-control wpcf7-text\" id=\"form-telefon\" aria-invalid=\"false\" placeholder=\"Telefon\" value=\"\" type=\"text\" name=\"your-telefon\" \/><\/span>\n\t\t<\/p>\n\t<\/div>\n<\/div>\n<div class=\"column-tablet-4 column-6\">\n\t<div class=\"contact-form\">\n\t\t<p><label for=\"form-Betreff\"><\/label><span class=\"wpcf7-form-control-wrap\" data-name=\"your-Betreff\"><input size=\"40\" maxlength=\"400\" class=\"wpcf7-form-control wpcf7-text\" id=\"form-Betreff\" aria-invalid=\"false\" placeholder=\"Betreff\" value=\"\" type=\"text\" name=\"your-Betreff\" \/><\/span>\n\t\t<\/p>\n\t<\/div>\n<\/div>\n<div class=\"row row-form\">\n\t<div class=\"column-tablet-6 column-12\">\n\t\t<div class=\"contact-form\">\n\t\t\t<p>Hiermit erteile Ich meine Einwilligung zur Nutzung und Verarbeitung der von mir angegebenen personenbezogenen Daten zum Zweck der Bearbeitung meiner Anfrage. Mir ist bekannt dass ich jederzeit das Recht habe, der Verarbeitung meiner Daten zu widersprechen. Weitere Informationen zur Verarbeitung von Ihren personenbezogenen Daten finden Sie in der Datenschutzerkl\u00e4rung.\n\t\t\t<\/p>\n\t\t<\/div>\n\t<\/div>\n<\/div>\n<div class=\"column-tablet-4 column-6\">\n\t<div class=\"widget widget-checkbox widget-checkbox-date w1 first last mandatory\">\n\t\t<fieldset id=\"ctrl_229\" class=\"checkbox_container w1 first last mandatory\">\n\t\t\t<p><span><br \/>\n<label id=\"lbl_229_0\" for=\"opt_229_0\"><br \/>\n\t\t\t\t\t\t<font style=\"vertical-align: inherit;\">Verstanden\n\t\t\t\t\t\t<\/font><input type=\"checkbox\" name=\"Datenschutz\" id=\"opt_229_0\" class=\"checkbox\" value=\"Einverstanden\" required=\"\" \/><br \/>\n<\/label><br \/>\n<\/span>\n\t\t\t<\/p>\n\t\t<\/fieldset>\n\t<\/div>\n<\/div>\n<div class=\"widget widget-submit w1 first last\">\n\t<p><a href=\"https:\/\/emdatec.de\/de\/datenschutz\/\"><button type=\"submit\" id=\"ctrl_182\" class=\"submit w1 first last btn-white\">Datenschutz<\/button><\/a><br \/>\n<button type=\"submit\" id=\"ctrl_182\" class=\"submit w1 first last btn-blue\">Senden<\/button><br \/>\n\t\n\t<\/p>\n<\/div><div class=\"wpcf7-response-output\" aria-hidden=\"true\"><\/div>\n<\/form>\n<\/div>\n<\/div>\n            <\/div>\t\t\t\t<\/div>\n\t\t\t\t<\/div>\n\t\t\t\t\t<\/div>\n\t\t<\/div>\n\t\t\t\t<div class=\"elementor-column elementor-col-50 elementor-inner-column elementor-element elementor-element-f2c907f\" data-id=\"f2c907f\" data-element_type=\"column\" data-e-type=\"column\">\n\t\t\t<div class=\"elementor-widget-wrap elementor-element-populated\">\n\t\t\t\t\t\t<div class=\"elementor-element elementor-element-7b61c6a elementor-widget elementor-widget-heading\" data-id=\"7b61c6a\" data-element_type=\"widget\" data-e-type=\"widget\" data-widget_type=\"heading.default\">\n\t\t\t\t<div class=\"elementor-widget-container\">\n\t\t\t\t\t<h1 class=\"elementor-heading-title elementor-size-default\">Kontakt\n\n\n<\/h1>\t\t\t\t<\/div>\n\t\t\t\t<\/div>\n\t\t\t\t<div class=\"elementor-element elementor-element-c5af8a1 elementor-widget elementor-widget-heading\" data-id=\"c5af8a1\" data-element_type=\"widget\" data-e-type=\"widget\" data-widget_type=\"heading.default\">\n\t\t\t\t<div class=\"elementor-widget-container\">\n\t\t\t\t\t<h2 class=\"elementor-heading-title elementor-size-default\">EMDATEC GmbH\n\n<\/h2>\t\t\t\t<\/div>\n\t\t\t\t<\/div>\n\t\t\t\t<div class=\"elementor-element elementor-element-991ba6e elementor-icon-list--layout-traditional elementor-list-item-link-full_width elementor-widget elementor-widget-icon-list\" data-id=\"991ba6e\" data-element_type=\"widget\" data-e-type=\"widget\" data-widget_type=\"icon-list.default\">\n\t\t\t\t<div class=\"elementor-widget-container\">\n\t\t\t\t\t\t\t<ul class=\"elementor-icon-list-items\">\n\t\t\t\t\t\t\t<li class=\"elementor-icon-list-item\">\n\t\t\t\t\t\t\t\t\t\t<span class=\"elementor-icon-list-text\">Innovative Dachl\u00f6sungen<br> Gutenbergstra\u00dfe 23 <br>48282 Emsdetten<\/span>\n\t\t\t\t\t\t\t\t\t<\/li>\n\t\t\t\t\t\t<\/ul>\n\t\t\t\t\t\t<\/div>\n\t\t\t\t<\/div>\n\t\t\t\t<div class=\"elementor-element elementor-element-8b3cd3c elementor-icon-list--layout-traditional elementor-list-item-link-full_width elementor-widget elementor-widget-icon-list\" data-id=\"8b3cd3c\" data-element_type=\"widget\" data-e-type=\"widget\" data-widget_type=\"icon-list.default\">\n\t\t\t\t<div class=\"elementor-widget-container\">\n\t\t\t\t\t\t\t<ul class=\"elementor-icon-list-items\">\n\t\t\t\t\t\t\t<li class=\"elementor-icon-list-item\">\n\t\t\t\t\t\t\t\t\t\t\t<a href=\"tel:+49(0)2572%209323-0\">\n\n\t\t\t\t\t\t\t\t\t\t\t<span class=\"elementor-icon-list-text\">Tel.: +49(0)2572 9323-0<\/span>\n\t\t\t\t\t\t\t\t\t\t\t<\/a>\n\t\t\t\t\t\t\t\t\t<\/li>\n\t\t\t\t\t\t<\/ul>\n\t\t\t\t\t\t<\/div>\n\t\t\t\t<\/div>\n\t\t\t\t<div class=\"elementor-element elementor-element-11f2fae elementor-icon-list--layout-traditional elementor-list-item-link-full_width elementor-widget elementor-widget-icon-list\" data-id=\"11f2fae\" data-element_type=\"widget\" data-e-type=\"widget\" data-widget_type=\"icon-list.default\">\n\t\t\t\t<div class=\"elementor-widget-container\">\n\t\t\t\t\t\t\t<ul class=\"elementor-icon-list-items\">\n\t\t\t\t\t\t\t<li class=\"elementor-icon-list-item\">\n\t\t\t\t\t\t\t\t\t\t\t<a href=\"mailto:info@emdatec.de\">\n\n\t\t\t\t\t\t\t\t\t\t\t<span class=\"elementor-icon-list-text\">info@emdatec.de<\/span>\n\t\t\t\t\t\t\t\t\t\t\t<\/a>\n\t\t\t\t\t\t\t\t\t<\/li>\n\t\t\t\t\t\t<\/ul>\n\t\t\t\t\t\t<\/div>\n\t\t\t\t<\/div>\n\t\t\t\t\t<\/div>\n\t\t<\/div>\n\t\t\t\t\t<\/div>\n\t\t<\/section>\n\t\t\t\t\t<\/div>\n\t\t<\/div>\n\t\t\t\t\t<\/div>\n\t\t<\/section>\n\t\t\t\t<section class=\"elementor-section elementor-top-section elementor-element elementor-element-3793161 elementor-section-full_width elementor-section-height-min-height elementor-section-height-default elementor-section-items-middle\" data-id=\"3793161\" data-element_type=\"section\" data-e-type=\"section\" data-settings=\"{&quot;background_background&quot;:&quot;classic&quot;}\">\n\t\t\t\t\t\t\t<div class=\"elementor-background-overlay\"><\/div>\n\t\t\t\t\t\t\t<div class=\"elementor-container elementor-column-gap-default\">\n\t\t\t\t\t<div class=\"elementor-column elementor-col-100 elementor-top-column elementor-element elementor-element-62c1265\" data-id=\"62c1265\" data-element_type=\"column\" data-e-type=\"column\">\n\t\t\t<div class=\"elementor-widget-wrap elementor-element-populated\">\n\t\t\t\t\t\t<section class=\"elementor-section elementor-inner-section elementor-element elementor-element-d98b471 elementor-section-boxed elementor-section-height-default elementor-section-height-default\" data-id=\"d98b471\" data-element_type=\"section\" data-e-type=\"section\">\n\t\t\t\t\t\t<div class=\"elementor-container elementor-column-gap-default\">\n\t\t\t\t\t<div class=\"elementor-column elementor-col-100 elementor-inner-column elementor-element elementor-element-f4b5de9\" data-id=\"f4b5de9\" data-element_type=\"column\" data-e-type=\"column\">\n\t\t\t<div class=\"elementor-widget-wrap elementor-element-populated\">\n\t\t\t\t\t\t<div class=\"elementor-element elementor-element-1b0b7e5 elementor-widget elementor-widget-heading\" data-id=\"1b0b7e5\" data-element_type=\"widget\" data-e-type=\"widget\" data-widget_type=\"heading.default\">\n\t\t\t\t<div class=\"elementor-widget-container\">\n\t\t\t\t\t<h2 class=\"elementor-heading-title elementor-size-default\">Google Maps\n<\/h2>\t\t\t\t<\/div>\n\t\t\t\t<\/div>\n\t\t\t\t<div class=\"elementor-element elementor-element-4b5bddd elementor-widget elementor-widget-text-editor\" data-id=\"4b5bddd\" data-element_type=\"widget\" data-e-type=\"widget\" data-widget_type=\"text-editor.default\">\n\t\t\t\t<div class=\"elementor-widget-container\">\n\t\t\t\t\t\t\t\t\t<p>Der Dienst Google Maps verwendet cookies, um z.B. f\u00fcr Sie<br \/>relevantere Anzeigen zu schalten, Besucherzahlen pro Seite zu erfassen, etc..<br \/>Mehr zu den cookies von Google unter:<br \/><span style=\"color: #ffffff;\"><a style=\"color: #ffffff;\" href=\"https:\/\/policies.google.com\/technologies\/cookies?hl=de\" target=\"new\">https:\/\/policies.google.com\/technologies\/cookies?hl=de<\/a><\/span><\/p><p>Wenn Sie den Service von Google Maps nutzen,<br \/>aktivieren Sie die cookies von Google auf dieser Seite.<\/p>\t\t\t\t\t\t\t\t<\/div>\n\t\t\t\t<\/div>\n\t\t\t\t<div class=\"elementor-element elementor-element-29fd629 Custom-btn elementor-widget elementor-widget-button\" data-id=\"29fd629\" data-element_type=\"widget\" data-e-type=\"widget\" data-widget_type=\"button.default\">\n\t\t\t\t<div class=\"elementor-widget-container\">\n\t\t\t\t\t\t\t\t\t<div class=\"elementor-button-wrapper\">\n\t\t\t\t\t<a class=\"elementor-button elementor-button-link elementor-size-sm\" href=\"#\">\n\t\t\t\t\t\t<span class=\"elementor-button-content-wrapper\">\n\t\t\t\t\t\t\t\t\t<span class=\"elementor-button-text\">Google Maps aktivieren<\/span>\n\t\t\t\t\t<\/span>\n\t\t\t\t\t<\/a>\n\t\t\t\t<\/div>\n\t\t\t\t\t\t\t\t<\/div>\n\t\t\t\t<\/div>\n\t\t\t\t\t<\/div>\n\t\t<\/div>\n\t\t\t\t\t<\/div>\n\t\t<\/section>\n\t\t\t\t\t<\/div>\n\t\t<\/div>\n\t\t\t\t\t<\/div>\n\t\t<\/section>\n\t\t\t\t<section class=\"elementor-section elementor-top-section elementor-element elementor-element-b5155eb elementor-section-full_width elementor-section-stretched elementor-section-height-default elementor-section-height-default\" data-id=\"b5155eb\" data-element_type=\"section\" data-e-type=\"section\" data-settings=\"{&quot;background_background&quot;:&quot;classic&quot;,&quot;stretch_section&quot;:&quot;section-stretched&quot;}\">\n\t\t\t\t\t\t<div class=\"elementor-container elementor-column-gap-default\">\n\t\t\t\t\t<div class=\"elementor-column elementor-col-100 elementor-top-column elementor-element elementor-element-49cc9e2\" data-id=\"49cc9e2\" data-element_type=\"column\" data-e-type=\"column\">\n\t\t\t<div class=\"elementor-widget-wrap elementor-element-populated\">\n\t\t\t\t\t\t<div class=\"elementor-element elementor-element-e107363 elementor-widget elementor-widget-heading\" data-id=\"e107363\" data-element_type=\"widget\" data-e-type=\"widget\" data-widget_type=\"heading.default\">\n\t\t\t\t<div class=\"elementor-widget-container\">\n\t\t\t\t\t<h2 class=\"elementor-heading-title elementor-size-default\">\u00bbWIR FREUEN UNS<br>\nAUF IHRE ANFRAGE.\u00ab<\/h2>\t\t\t\t<\/div>\n\t\t\t\t<\/div>\n\t\t\t\t<div class=\"elementor-element elementor-element-1fee1c7 elementor-widget elementor-widget-heading\" data-id=\"1fee1c7\" data-element_type=\"widget\" data-e-type=\"widget\" data-widget_type=\"heading.default\">\n\t\t\t\t<div class=\"elementor-widget-container\">\n\t\t\t\t\t<h2 class=\"elementor-heading-title elementor-size-default\">Das EMDATEC-Team\n\n<\/h2>\t\t\t\t<\/div>\n\t\t\t\t<\/div>\n\t\t\t\t\t<\/div>\n\t\t<\/div>\n\t\t\t\t\t<\/div>\n\t\t<\/section>\n\t\t\t\t<\/div>\n\t\t","protected":false},"excerpt":{"rendered":"<p>Kontaktformular Hiermit erteile Ich meine Einwilligung zur Nutzung und Verarbeitung der von mir angegebenen personenbezogenen Daten zum Zweck der Bearbeitung meiner Anfrage. Mir ist bekannt dass ich jederzeit das Recht habe, der Verarbeitung meiner Daten zu widersprechen. Weitere Informationen zur Verarbeitung von Ihren personenbezogenen Daten finden Sie in der Datenschutzerkl\u00e4rung. Verstanden Datenschutz Senden Kontakt EMDATEC [&hellip;]<\/p>\n","protected":false},"author":1,"featured_media":0,"parent":10,"menu_order":0,"comment_status":"closed","ping_status":"closed","template":"","meta":{"_acf_changed":false,"footnotes":""},"class_list":["post-52","page","type-page","status-publish","hentry"],"acf":[],"yoast_head":"<!-- This site is optimized with the Yoast SEO plugin v27.2 - https:\/\/yoast.com\/product\/yoast-seo-wordpress\/ -->\n<title>Kontaktieren Sie uns f\u00fcr Ihre Anliegen | EMDATEC GmbH<\/title>\n<meta name=\"description\" content=\"Kontaktieren Sie Emdatec f\u00fcr Informationen, Angebote und Support. Wir sind f\u00fcr Ihre Anliegen da. Nehmen Sie Kontakt mit uns auf!\" \/>\n<meta name=\"robots\" content=\"index, follow, max-snippet:-1, max-image-preview:large, max-video-preview:-1\" \/>\n<link rel=\"canonical\" href=\"https:\/\/emdatec.de\/de\/kontakt\/\" \/>\n<meta property=\"og:locale\" content=\"de_DE\" \/>\n<meta property=\"og:type\" content=\"article\" \/>\n<meta property=\"og:title\" content=\"Kontaktieren Sie uns f\u00fcr Ihre Anliegen | EMDATEC GmbH\" \/>\n<meta property=\"og:description\" content=\"Kontaktieren Sie Emdatec f\u00fcr Informationen, Angebote und Support. Wir sind f\u00fcr Ihre Anliegen da. Nehmen Sie Kontakt mit uns auf!\" \/>\n<meta property=\"og:url\" content=\"https:\/\/emdatec.de\/de\/kontakt\/\" \/>\n<meta property=\"og:site_name\" content=\"Emdatec\" \/>\n<meta property=\"article:publisher\" content=\"https:\/\/www.facebook.com\/people\/Emdatec-GmbH\/100054446773033\/?locale=de_DE\" \/>\n<meta property=\"article:modified_time\" content=\"2024-01-28T21:47:35+00:00\" \/>\n<meta name=\"twitter:card\" content=\"summary_large_image\" \/>\n<meta name=\"twitter:label1\" content=\"Gesch\u00e4tzte Lesezeit\" \/>\n\t<meta name=\"twitter:data1\" content=\"1\u00a0Minute\" \/>\n<script type=\"application\/ld+json\" class=\"yoast-schema-graph\">{\"@context\":\"https:\/\/schema.org\",\"@graph\":[{\"@type\":\"WebPage\",\"@id\":\"https:\/\/emdatec.de\/de\/kontakt\/\",\"url\":\"https:\/\/emdatec.de\/de\/kontakt\/\",\"name\":\"Kontaktieren Sie uns f\u00fcr Ihre Anliegen | EMDATEC GmbH\",\"isPartOf\":{\"@id\":\"https:\/\/emdatec.de\/de\/#website\"},\"datePublished\":\"2023-07-26T07:27:13+00:00\",\"dateModified\":\"2024-01-28T21:47:35+00:00\",\"description\":\"Kontaktieren Sie Emdatec f\u00fcr Informationen, Angebote und Support. Wir sind f\u00fcr Ihre Anliegen da. Nehmen Sie Kontakt mit uns auf!\",\"breadcrumb\":{\"@id\":\"https:\/\/emdatec.de\/de\/kontakt\/#breadcrumb\"},\"inLanguage\":\"de\",\"potentialAction\":[{\"@type\":\"ReadAction\",\"target\":[\"https:\/\/emdatec.de\/de\/kontakt\/\"]}]},{\"@type\":\"BreadcrumbList\",\"@id\":\"https:\/\/emdatec.de\/de\/kontakt\/#breadcrumb\",\"itemListElement\":[{\"@type\":\"ListItem\",\"position\":1,\"name\":\"Start\",\"item\":\"https:\/\/emdatec.de\/de\/\"},{\"@type\":\"ListItem\",\"position\":2,\"name\":\"Kontakt\"}]},{\"@type\":\"WebSite\",\"@id\":\"https:\/\/emdatec.de\/de\/#website\",\"url\":\"https:\/\/emdatec.de\/de\/\",\"name\":\"Emdatec\",\"description\":\"\",\"publisher\":{\"@id\":\"https:\/\/emdatec.de\/de\/#organization\"},\"potentialAction\":[{\"@type\":\"SearchAction\",\"target\":{\"@type\":\"EntryPoint\",\"urlTemplate\":\"https:\/\/emdatec.de\/de\/?s={search_term_string}\"},\"query-input\":{\"@type\":\"PropertyValueSpecification\",\"valueRequired\":true,\"valueName\":\"search_term_string\"}}],\"inLanguage\":\"de\"},{\"@type\":\"Organization\",\"@id\":\"https:\/\/emdatec.de\/de\/#organization\",\"name\":\"EMDATEC GmbH\",\"url\":\"https:\/\/emdatec.de\/de\/\",\"logo\":{\"@type\":\"ImageObject\",\"inLanguage\":\"de\",\"@id\":\"https:\/\/emdatec.de\/de\/#\/schema\/logo\/image\/\",\"url\":\"https:\/\/emdatec.de\/wp-content\/uploads\/2023\/07\/logo.png\",\"contentUrl\":\"https:\/\/emdatec.de\/wp-content\/uploads\/2023\/07\/logo.png\",\"width\":758,\"height\":289,\"caption\":\"EMDATEC GmbH\"},\"image\":{\"@id\":\"https:\/\/emdatec.de\/de\/#\/schema\/logo\/image\/\"},\"sameAs\":[\"https:\/\/www.facebook.com\/people\/Emdatec-GmbH\/100054446773033\/?locale=de_DE\"]}]}<\/script>\n<!-- \/ Yoast SEO plugin. -->","yoast_head_json":{"title":"Kontaktieren Sie uns f\u00fcr Ihre Anliegen | EMDATEC GmbH","description":"Kontaktieren Sie Emdatec f\u00fcr Informationen, Angebote und Support. Wir sind f\u00fcr Ihre Anliegen da. Nehmen Sie Kontakt mit uns auf!","robots":{"index":"index","follow":"follow","max-snippet":"max-snippet:-1","max-image-preview":"max-image-preview:large","max-video-preview":"max-video-preview:-1"},"canonical":"https:\/\/emdatec.de\/de\/kontakt\/","og_locale":"de_DE","og_type":"article","og_title":"Kontaktieren Sie uns f\u00fcr Ihre Anliegen | EMDATEC GmbH","og_description":"Kontaktieren Sie Emdatec f\u00fcr Informationen, Angebote und Support. Wir sind f\u00fcr Ihre Anliegen da. Nehmen Sie Kontakt mit uns auf!","og_url":"https:\/\/emdatec.de\/de\/kontakt\/","og_site_name":"Emdatec","article_publisher":"https:\/\/www.facebook.com\/people\/Emdatec-GmbH\/100054446773033\/?locale=de_DE","article_modified_time":"2024-01-28T21:47:35+00:00","twitter_card":"summary_large_image","twitter_misc":{"Gesch\u00e4tzte Lesezeit":"1\u00a0Minute"},"schema":{"@context":"https:\/\/schema.org","@graph":[{"@type":"WebPage","@id":"https:\/\/emdatec.de\/de\/kontakt\/","url":"https:\/\/emdatec.de\/de\/kontakt\/","name":"Kontaktieren Sie uns f\u00fcr Ihre Anliegen | EMDATEC GmbH","isPartOf":{"@id":"https:\/\/emdatec.de\/de\/#website"},"datePublished":"2023-07-26T07:27:13+00:00","dateModified":"2024-01-28T21:47:35+00:00","description":"Kontaktieren Sie Emdatec f\u00fcr Informationen, Angebote und Support. Wir sind f\u00fcr Ihre Anliegen da. Nehmen Sie Kontakt mit uns auf!","breadcrumb":{"@id":"https:\/\/emdatec.de\/de\/kontakt\/#breadcrumb"},"inLanguage":"de","potentialAction":[{"@type":"ReadAction","target":["https:\/\/emdatec.de\/de\/kontakt\/"]}]},{"@type":"BreadcrumbList","@id":"https:\/\/emdatec.de\/de\/kontakt\/#breadcrumb","itemListElement":[{"@type":"ListItem","position":1,"name":"Start","item":"https:\/\/emdatec.de\/de\/"},{"@type":"ListItem","position":2,"name":"Kontakt"}]},{"@type":"WebSite","@id":"https:\/\/emdatec.de\/de\/#website","url":"https:\/\/emdatec.de\/de\/","name":"Emdatec","description":"","publisher":{"@id":"https:\/\/emdatec.de\/de\/#organization"},"potentialAction":[{"@type":"SearchAction","target":{"@type":"EntryPoint","urlTemplate":"https:\/\/emdatec.de\/de\/?s={search_term_string}"},"query-input":{"@type":"PropertyValueSpecification","valueRequired":true,"valueName":"search_term_string"}}],"inLanguage":"de"},{"@type":"Organization","@id":"https:\/\/emdatec.de\/de\/#organization","name":"EMDATEC GmbH","url":"https:\/\/emdatec.de\/de\/","logo":{"@type":"ImageObject","inLanguage":"de","@id":"https:\/\/emdatec.de\/de\/#\/schema\/logo\/image\/","url":"https:\/\/emdatec.de\/wp-content\/uploads\/2023\/07\/logo.png","contentUrl":"https:\/\/emdatec.de\/wp-content\/uploads\/2023\/07\/logo.png","width":758,"height":289,"caption":"EMDATEC GmbH"},"image":{"@id":"https:\/\/emdatec.de\/de\/#\/schema\/logo\/image\/"},"sameAs":["https:\/\/www.facebook.com\/people\/Emdatec-GmbH\/100054446773033\/?locale=de_DE"]}]}},"_links":{"self":[{"href":"https:\/\/emdatec.de\/de\/wp-json\/wp\/v2\/pages\/52","targetHints":{"allow":["GET"]}}],"collection":[{"href":"https:\/\/emdatec.de\/de\/wp-json\/wp\/v2\/pages"}],"about":[{"href":"https:\/\/emdatec.de\/de\/wp-json\/wp\/v2\/types\/page"}],"author":[{"embeddable":true,"href":"https:\/\/emdatec.de\/de\/wp-json\/wp\/v2\/users\/1"}],"replies":[{"embeddable":true,"href":"https:\/\/emdatec.de\/de\/wp-json\/wp\/v2\/comments?post=52"}],"version-history":[{"count":193,"href":"https:\/\/emdatec.de\/de\/wp-json\/wp\/v2\/pages\/52\/revisions"}],"predecessor-version":[{"id":9009,"href":"https:\/\/emdatec.de\/de\/wp-json\/wp\/v2\/pages\/52\/revisions\/9009"}],"up":[{"embeddable":true,"href":"https:\/\/emdatec.de\/de\/wp-json\/wp\/v2\/pages\/10"}],"wp:attachment":[{"href":"https:\/\/emdatec.de\/de\/wp-json\/wp\/v2\/media?parent=52"}],"curies":[{"name":"wp","href":"https:\/\/api.w.org\/{rel}","templated":true}]}}