{"id":59,"date":"2023-07-26T07:28:06","date_gmt":"2023-07-26T07:28:06","guid":{"rendered":"https:\/\/emdatec.de\/?page_id=59"},"modified":"2024-01-28T21:59:01","modified_gmt":"2024-01-28T21:59:01","slug":"emda-fd-m-traeger","status":"publish","type":"page","link":"https:\/\/emdatec.de\/de\/flachdach\/mehrteiliges-dachrandabschlussprofil\/emda-fd-m-traeger\/","title":{"rendered":"EMDA FD-M TR\u00c4GER"},"content":{"rendered":"\t\t<div data-elementor-type=\"wp-page\" data-elementor-id=\"59\" class=\"elementor elementor-59\" data-elementor-post-type=\"page\">\n\t\t\t\t\t\t<section class=\"elementor-section elementor-top-section elementor-element elementor-element-e44624d elementor-section-full_width elementor-section-height-default elementor-section-height-default\" data-id=\"e44624d\" data-element_type=\"section\" data-e-type=\"section\">\n\t\t\t\t\t\t<div class=\"elementor-container elementor-column-gap-default\">\n\t\t\t\t\t<div class=\"elementor-column elementor-col-100 elementor-top-column elementor-element elementor-element-0732e1c\" data-id=\"0732e1c\" data-element_type=\"column\" data-e-type=\"column\">\n\t\t\t<div class=\"elementor-widget-wrap elementor-element-populated\">\n\t\t\t\t\t\t<div class=\"elementor-element elementor-element-9ac80af elementor-widget elementor-widget-image\" data-id=\"9ac80af\" data-element_type=\"widget\" data-e-type=\"widget\" data-widget_type=\"image.default\">\n\t\t\t\t<div class=\"elementor-widget-container\">\n\t\t\t\t\t\t\t\t\t\t\t\t\t\t\t<img fetchpriority=\"high\" decoding=\"async\" width=\"800\" height=\"450\" src=\"https:\/\/emdatec.de\/wp-content\/uploads\/2023\/08\/traeger-1.jpg\" class=\"attachment-large size-large wp-image-2621\" alt=\"\" srcset=\"https:\/\/emdatec.de\/wp-content\/uploads\/2023\/08\/traeger-1.jpg 800w, https:\/\/emdatec.de\/wp-content\/uploads\/2023\/08\/traeger-1-300x169.jpg 300w, https:\/\/emdatec.de\/wp-content\/uploads\/2023\/08\/traeger-1-768x432.jpg 768w\" sizes=\"(max-width: 800px) 100vw, 800px\" \/>\t\t\t\t\t\t\t\t\t\t\t\t\t\t\t<\/div>\n\t\t\t\t<\/div>\n\t\t\t\t\t<\/div>\n\t\t<\/div>\n\t\t\t\t\t<\/div>\n\t\t<\/section>\n\t\t\t\t<section class=\"elementor-section elementor-top-section elementor-element elementor-element-e8a2652 elementor-section-boxed elementor-section-height-default elementor-section-height-default\" data-id=\"e8a2652\" data-element_type=\"section\" data-e-type=\"section\">\n\t\t\t\t\t\t<div class=\"elementor-container elementor-column-gap-default\">\n\t\t\t\t\t<div class=\"elementor-column elementor-col-100 elementor-top-column elementor-element elementor-element-9693317\" data-id=\"9693317\" data-element_type=\"column\" data-e-type=\"column\">\n\t\t\t<div class=\"elementor-widget-wrap elementor-element-populated\">\n\t\t\t\t\t\t<div class=\"elementor-element elementor-element-9b2515c Custom_title elementor-widget elementor-widget-heading\" data-id=\"9b2515c\" data-element_type=\"widget\" data-e-type=\"widget\" data-widget_type=\"heading.default\">\n\t\t\t\t<div class=\"elementor-widget-container\">\n\t\t\t\t\t<h2 class=\"elementor-heading-title elementor-size-default\">Tr\u00e4ger f\u00fcr Dachrandabschlussprofil\n\n\n\n<\/h2>\t\t\t\t<\/div>\n\t\t\t\t<\/div>\n\t\t\t\t\t<\/div>\n\t\t<\/div>\n\t\t\t\t\t<\/div>\n\t\t<\/section>\n\t\t\t\t<section class=\"elementor-section elementor-top-section elementor-element elementor-element-95ba6c6 steildach-outer elementor-section-boxed elementor-section-height-default elementor-section-height-default\" data-id=\"95ba6c6\" data-element_type=\"section\" data-e-type=\"section\">\n\t\t\t\t\t\t<div class=\"elementor-container elementor-column-gap-default\">\n\t\t\t\t\t<div class=\"elementor-column elementor-col-100 elementor-top-column elementor-element elementor-element-13e5840\" data-id=\"13e5840\" data-element_type=\"column\" data-e-type=\"column\">\n\t\t\t<div class=\"elementor-widget-wrap elementor-element-populated\">\n\t\t\t\t\t\t<div class=\"elementor-element elementor-element-bf849e7 elementor-view-stacked elementor-position-inline-start elementor-widget__width-initial Custom_list elementor-mobile-position-inline-start elementor-shape-circle elementor-widget elementor-widget-icon-box\" data-id=\"bf849e7\" data-element_type=\"widget\" data-e-type=\"widget\" data-widget_type=\"icon-box.default\">\n\t\t\t\t<div class=\"elementor-widget-container\">\n\t\t\t\t\t\t\t<div class=\"elementor-icon-box-wrapper\">\n\n\t\t\t\t\t\t<div class=\"elementor-icon-box-icon\">\n\t\t\t\t<span  class=\"elementor-icon\">\n\t\t\t\t<svg xmlns=\"http:\/\/www.w3.org\/2000\/svg\" xmlns:xlink=\"http:\/\/www.w3.org\/1999\/xlink\" id=\"Ebene_1\" x=\"0px\" y=\"0px\" viewBox=\"0 0 8.5 8.5\" height=\"150\" width=\"150\" style=\"enable-background:new 0 0 8.5 8.5;\" xml:space=\"preserve\"><style type=\"text\/css\">\t.st0{clip-path:url(#SVGID_2_);fill:none;stroke:#FFFFFF;stroke-width:1.097;}<\/style><g>\t<defs>\t\t<rect id=\"SVGID_1_\" x=\"2.3\" y=\"1.5\" width=\"3.9\" height=\"6\"><\/rect>\t<\/defs>\t<clipPath id=\"SVGID_2_\">\t\t<use xlink:href=\"#SVGID_1_\" style=\"overflow:visible;\"><\/use>\t<\/clipPath>\t<polyline class=\"st0\" points=\"2.8,3.7 3.7,6.1 5.7,1.7  \"><\/polyline><\/g><\/svg>\t\t\t\t<\/span>\n\t\t\t<\/div>\n\t\t\t\n\t\t\t\t\t\t<div class=\"elementor-icon-box-content\">\n\n\t\t\t\t\t\t\t\t\t<span class=\"elementor-icon-box-title\">\n\t\t\t\t\t\t<span  >\n\t\t\t\t\t\t\tEinfache Montage\t\t\t\t\t\t<\/span>\n\t\t\t\t\t<\/span>\n\t\t\t\t\n\t\t\t\t\n\t\t\t<\/div>\n\t\t\t\n\t\t<\/div>\n\t\t\t\t\t\t<\/div>\n\t\t\t\t<\/div>\n\t\t\t\t<div class=\"elementor-element elementor-element-1a69616 elementor-view-stacked elementor-position-inline-start elementor-widget__width-initial elementor-mobile-position-inline-start elementor-shape-circle elementor-widget elementor-widget-icon-box\" data-id=\"1a69616\" data-element_type=\"widget\" data-e-type=\"widget\" data-widget_type=\"icon-box.default\">\n\t\t\t\t<div class=\"elementor-widget-container\">\n\t\t\t\t\t\t\t<div class=\"elementor-icon-box-wrapper\">\n\n\t\t\t\t\t\t<div class=\"elementor-icon-box-icon\">\n\t\t\t\t<span  class=\"elementor-icon\">\n\t\t\t\t<svg xmlns=\"http:\/\/www.w3.org\/2000\/svg\" xmlns:xlink=\"http:\/\/www.w3.org\/1999\/xlink\" id=\"Ebene_1\" x=\"0px\" y=\"0px\" viewBox=\"0 0 8.5 8.5\" height=\"150\" width=\"150\" style=\"enable-background:new 0 0 8.5 8.5;\" xml:space=\"preserve\"><style type=\"text\/css\">\t.st0{clip-path:url(#SVGID_2_);fill:none;stroke:#FFFFFF;stroke-width:1.097;}<\/style><g>\t<defs>\t\t<rect id=\"SVGID_1_\" x=\"2.3\" y=\"1.5\" width=\"3.9\" height=\"6\"><\/rect>\t<\/defs>\t<clipPath id=\"SVGID_2_\">\t\t<use xlink:href=\"#SVGID_1_\" style=\"overflow:visible;\"><\/use>\t<\/clipPath>\t<polyline class=\"st0\" points=\"2.8,3.7 3.7,6.1 5.7,1.7  \"><\/polyline><\/g><\/svg>\t\t\t\t<\/span>\n\t\t\t<\/div>\n\t\t\t\n\t\t\t\t\t\t<div class=\"elementor-icon-box-content\">\n\n\t\t\t\t\t\t\t\t\t<span class=\"elementor-icon-box-title\">\n\t\t\t\t\t\t<span  >\n\t\t\t\t\t\t\tHochwertige Qualit\u00e4t\t\t\t\t\t\t<\/span>\n\t\t\t\t\t<\/span>\n\t\t\t\t\n\t\t\t\t\n\t\t\t<\/div>\n\t\t\t\n\t\t<\/div>\n\t\t\t\t\t\t<\/div>\n\t\t\t\t<\/div>\n\t\t\t\t\t<\/div>\n\t\t<\/div>\n\t\t\t\t\t<\/div>\n\t\t<\/section>\n\t\t\t\t<section class=\"elementor-section elementor-top-section elementor-element elementor-element-5ad3fcd elementor-section-full_width elementor-section-height-default elementor-section-height-default\" data-id=\"5ad3fcd\" data-element_type=\"section\" data-e-type=\"section\">\n\t\t\t\t\t\t<div class=\"elementor-container elementor-column-gap-default\">\n\t\t\t\t\t<div class=\"elementor-column elementor-col-100 elementor-top-column elementor-element elementor-element-96012da\" data-id=\"96012da\" data-element_type=\"column\" data-e-type=\"column\">\n\t\t\t<div class=\"elementor-widget-wrap elementor-element-populated\">\n\t\t\t\t\t\t<div class=\"elementor-element elementor-element-5aea512 elementor-widget elementor-widget-image\" data-id=\"5aea512\" data-element_type=\"widget\" data-e-type=\"widget\" data-widget_type=\"image.default\">\n\t\t\t\t<div class=\"elementor-widget-container\">\n\t\t\t\t\t\t\t\t\t\t\t\t\t\t\t<img decoding=\"async\" width=\"800\" height=\"450\" src=\"https:\/\/emdatec.de\/wp-content\/uploads\/2023\/08\/auflageblech.jpg\" class=\"attachment-large size-large wp-image-2622\" alt=\"\" srcset=\"https:\/\/emdatec.de\/wp-content\/uploads\/2023\/08\/auflageblech.jpg 800w, https:\/\/emdatec.de\/wp-content\/uploads\/2023\/08\/auflageblech-300x169.jpg 300w, https:\/\/emdatec.de\/wp-content\/uploads\/2023\/08\/auflageblech-768x432.jpg 768w\" sizes=\"(max-width: 800px) 100vw, 800px\" \/>\t\t\t\t\t\t\t\t\t\t\t\t\t\t\t<\/div>\n\t\t\t\t<\/div>\n\t\t\t\t\t<\/div>\n\t\t<\/div>\n\t\t\t\t\t<\/div>\n\t\t<\/section>\n\t\t\t\t<section class=\"elementor-section elementor-top-section elementor-element elementor-element-101792c elementor-section-boxed elementor-section-height-default elementor-section-height-default\" data-id=\"101792c\" data-element_type=\"section\" data-e-type=\"section\">\n\t\t\t\t\t\t<div class=\"elementor-container elementor-column-gap-default\">\n\t\t\t\t\t<div class=\"elementor-column elementor-col-100 elementor-top-column elementor-element elementor-element-6a40e2c\" data-id=\"6a40e2c\" data-element_type=\"column\" data-e-type=\"column\">\n\t\t\t<div class=\"elementor-widget-wrap elementor-element-populated\">\n\t\t\t\t\t\t<div class=\"elementor-element elementor-element-aea405d elementor-widget elementor-widget-text-editor\" data-id=\"aea405d\" data-element_type=\"widget\" data-e-type=\"widget\" data-widget_type=\"text-editor.default\">\n\t\t\t\t<div class=\"elementor-widget-container\">\n\t\t\t\t\t\t\t\t\t<p>Sie haben Interesse an\u00a0<strong>EMDA FD-M Tr\u00e4gern<\/strong>\u00a0oder haben weitere Fragen zu diesem Produkt?\u00a0Dann kontaktieren Sie uns gern!<\/p>\t\t\t\t\t\t\t\t<\/div>\n\t\t\t\t<\/div>\n\t\t\t\t<div class=\"elementor-element elementor-element-3995469 elementor-align-left Custom-btn elementor-widget elementor-widget-button\" data-id=\"3995469\" data-element_type=\"widget\" data-e-type=\"widget\" data-widget_type=\"button.default\">\n\t\t\t\t<div class=\"elementor-widget-container\">\n\t\t\t\t\t\t\t\t\t<div class=\"elementor-button-wrapper\">\n\t\t\t\t\t<a class=\"elementor-button elementor-button-link elementor-size-sm\" href=\"tel:+49(0)2572%209323-0\">\n\t\t\t\t\t\t<span class=\"elementor-button-content-wrapper\">\n\t\t\t\t\t\t\t\t\t<span class=\"elementor-button-text\">+49(0)2572 9323-0<\/span>\n\t\t\t\t\t<\/span>\n\t\t\t\t\t<\/a>\n\t\t\t\t<\/div>\n\t\t\t\t\t\t\t\t<\/div>\n\t\t\t\t<\/div>\n\t\t\t\t<div class=\"elementor-element elementor-element-613c194 elementor-align-left Custom-btn elementor-widget elementor-widget-button\" data-id=\"613c194\" data-element_type=\"widget\" data-e-type=\"widget\" data-widget_type=\"button.default\">\n\t\t\t\t<div class=\"elementor-widget-container\">\n\t\t\t\t\t\t\t\t\t<div class=\"elementor-button-wrapper\">\n\t\t\t\t\t<a class=\"elementor-button elementor-button-link elementor-size-sm\" href=\"mailto:info@emdatec.de\">\n\t\t\t\t\t\t<span class=\"elementor-button-content-wrapper\">\n\t\t\t\t\t\t\t\t\t<span class=\"elementor-button-text\">info@emdatec.de<\/span>\n\t\t\t\t\t<\/span>\n\t\t\t\t\t<\/a>\n\t\t\t\t<\/div>\n\t\t\t\t\t\t\t\t<\/div>\n\t\t\t\t<\/div>\n\t\t\t\t<div class=\"elementor-element elementor-element-06ae40f elementor-widget elementor-widget-spacer\" data-id=\"06ae40f\" data-element_type=\"widget\" data-e-type=\"widget\" data-widget_type=\"spacer.default\">\n\t\t\t\t<div class=\"elementor-widget-container\">\n\t\t\t\t\t\t\t<div class=\"elementor-spacer\">\n\t\t\t<div class=\"elementor-spacer-inner\"><\/div>\n\t\t<\/div>\n\t\t\t\t\t\t<\/div>\n\t\t\t\t<\/div>\n\t\t\t\t\t<\/div>\n\t\t<\/div>\n\t\t\t\t\t<\/div>\n\t\t<\/section>\n\t\t\t\t<\/div>\n\t\t","protected":false},"excerpt":{"rendered":"<p>Tr\u00e4ger f\u00fcr Dachrandabschlussprofil Einfache Montage Hochwertige Qualit\u00e4t Sie haben Interesse an\u00a0EMDA FD-M Tr\u00e4gern\u00a0oder haben weitere Fragen zu diesem Produkt?\u00a0Dann kontaktieren Sie uns gern! +49(0)2572 9323-0 info@emdatec.de<\/p>\n","protected":false},"author":1,"featured_media":0,"parent":33,"menu_order":0,"comment_status":"closed","ping_status":"closed","template":"","meta":{"_acf_changed":false,"footnotes":""},"class_list":["post-59","page","type-page","status-publish","hentry"],"acf":[],"yoast_head":"<!-- This site is optimized with the Yoast SEO plugin v27.2 - https:\/\/yoast.com\/product\/yoast-seo-wordpress\/ -->\n<title>Emda FD-M Tr\u00e4ger Flachdach | EMDATEC GmbH<\/title>\n<meta name=\"description\" content=\"Stabile Tr\u00e4gerl\u00f6sungen mit Emda FD-M Tr\u00e4gern f\u00fcr mehrteilige Dachrandabschlussprofile. Perfekt f\u00fcr Ihr Flachdachprojekt. Jetzt entdecken und installieren!\" \/>\n<meta name=\"robots\" content=\"index, follow, max-snippet:-1, max-image-preview:large, max-video-preview:-1\" \/>\n<link rel=\"canonical\" href=\"https:\/\/emdatec.de\/de\/flachdach\/mehrteiliges-dachrandabschlussprofil\/emda-fd-m-traeger\/\" \/>\n<meta property=\"og:locale\" content=\"de_DE\" \/>\n<meta property=\"og:type\" content=\"article\" \/>\n<meta property=\"og:title\" content=\"Emda FD-M Tr\u00e4ger Flachdach | EMDATEC GmbH\" \/>\n<meta property=\"og:description\" content=\"Stabile Tr\u00e4gerl\u00f6sungen mit Emda FD-M Tr\u00e4gern f\u00fcr mehrteilige Dachrandabschlussprofile. Perfekt f\u00fcr Ihr Flachdachprojekt. Jetzt entdecken und installieren!\" \/>\n<meta property=\"og:url\" content=\"https:\/\/emdatec.de\/de\/flachdach\/mehrteiliges-dachrandabschlussprofil\/emda-fd-m-traeger\/\" \/>\n<meta property=\"og:site_name\" content=\"Emdatec\" \/>\n<meta property=\"article:publisher\" content=\"https:\/\/www.facebook.com\/people\/Emdatec-GmbH\/100054446773033\/?locale=de_DE\" \/>\n<meta property=\"article:modified_time\" content=\"2024-01-28T21:59:01+00:00\" \/>\n<meta property=\"og:image\" content=\"https:\/\/emdatec.de\/wp-content\/uploads\/2023\/08\/traeger-1.jpg\" \/>\n<meta name=\"twitter:card\" content=\"summary_large_image\" \/>\n<meta name=\"twitter:label1\" content=\"Gesch\u00e4tzte Lesezeit\" \/>\n\t<meta name=\"twitter:data1\" content=\"1\u00a0Minute\" \/>\n<script type=\"application\/ld+json\" class=\"yoast-schema-graph\">{\"@context\":\"https:\/\/schema.org\",\"@graph\":[{\"@type\":\"WebPage\",\"@id\":\"https:\/\/emdatec.de\/de\/flachdach\/mehrteiliges-dachrandabschlussprofil\/emda-fd-m-traeger\/\",\"url\":\"https:\/\/emdatec.de\/de\/flachdach\/mehrteiliges-dachrandabschlussprofil\/emda-fd-m-traeger\/\",\"name\":\"Emda FD-M Tr\u00e4ger Flachdach | EMDATEC GmbH\",\"isPartOf\":{\"@id\":\"https:\/\/emdatec.de\/de\/#website\"},\"primaryImageOfPage\":{\"@id\":\"https:\/\/emdatec.de\/de\/flachdach\/mehrteiliges-dachrandabschlussprofil\/emda-fd-m-traeger\/#primaryimage\"},\"image\":{\"@id\":\"https:\/\/emdatec.de\/de\/flachdach\/mehrteiliges-dachrandabschlussprofil\/emda-fd-m-traeger\/#primaryimage\"},\"thumbnailUrl\":\"https:\/\/emdatec.de\/wp-content\/uploads\/2023\/08\/traeger-1.jpg\",\"datePublished\":\"2023-07-26T07:28:06+00:00\",\"dateModified\":\"2024-01-28T21:59:01+00:00\",\"description\":\"Stabile Tr\u00e4gerl\u00f6sungen mit Emda FD-M Tr\u00e4gern f\u00fcr mehrteilige Dachrandabschlussprofile. Perfekt f\u00fcr Ihr Flachdachprojekt. Jetzt entdecken und installieren!\",\"breadcrumb\":{\"@id\":\"https:\/\/emdatec.de\/de\/flachdach\/mehrteiliges-dachrandabschlussprofil\/emda-fd-m-traeger\/#breadcrumb\"},\"inLanguage\":\"de\",\"potentialAction\":[{\"@type\":\"ReadAction\",\"target\":[\"https:\/\/emdatec.de\/de\/flachdach\/mehrteiliges-dachrandabschlussprofil\/emda-fd-m-traeger\/\"]}]},{\"@type\":\"ImageObject\",\"inLanguage\":\"de\",\"@id\":\"https:\/\/emdatec.de\/de\/flachdach\/mehrteiliges-dachrandabschlussprofil\/emda-fd-m-traeger\/#primaryimage\",\"url\":\"https:\/\/emdatec.de\/wp-content\/uploads\/2023\/08\/traeger-1.jpg\",\"contentUrl\":\"https:\/\/emdatec.de\/wp-content\/uploads\/2023\/08\/traeger-1.jpg\"},{\"@type\":\"BreadcrumbList\",\"@id\":\"https:\/\/emdatec.de\/de\/flachdach\/mehrteiliges-dachrandabschlussprofil\/emda-fd-m-traeger\/#breadcrumb\",\"itemListElement\":[{\"@type\":\"ListItem\",\"position\":1,\"name\":\"Start\",\"item\":\"https:\/\/emdatec.de\/de\/\"},{\"@type\":\"ListItem\",\"position\":2,\"name\":\"Flachdach\",\"item\":\"https:\/\/emdatec.de\/de\/flachdach\/\"},{\"@type\":\"ListItem\",\"position\":3,\"name\":\"Mehrteiliges Dachrandabschlussprofil\",\"item\":\"https:\/\/emdatec.de\/de\/flachdach\/mehrteiliges-dachrandabschlussprofil\/\"},{\"@type\":\"ListItem\",\"position\":4,\"name\":\"EMDA FD-M TR\u00c4GER\"}]},{\"@type\":\"WebSite\",\"@id\":\"https:\/\/emdatec.de\/de\/#website\",\"url\":\"https:\/\/emdatec.de\/de\/\",\"name\":\"Emdatec\",\"description\":\"\",\"publisher\":{\"@id\":\"https:\/\/emdatec.de\/de\/#organization\"},\"potentialAction\":[{\"@type\":\"SearchAction\",\"target\":{\"@type\":\"EntryPoint\",\"urlTemplate\":\"https:\/\/emdatec.de\/de\/?s={search_term_string}\"},\"query-input\":{\"@type\":\"PropertyValueSpecification\",\"valueRequired\":true,\"valueName\":\"search_term_string\"}}],\"inLanguage\":\"de\"},{\"@type\":\"Organization\",\"@id\":\"https:\/\/emdatec.de\/de\/#organization\",\"name\":\"EMDATEC GmbH\",\"url\":\"https:\/\/emdatec.de\/de\/\",\"logo\":{\"@type\":\"ImageObject\",\"inLanguage\":\"de\",\"@id\":\"https:\/\/emdatec.de\/de\/#\/schema\/logo\/image\/\",\"url\":\"https:\/\/emdatec.de\/wp-content\/uploads\/2023\/07\/logo.png\",\"contentUrl\":\"https:\/\/emdatec.de\/wp-content\/uploads\/2023\/07\/logo.png\",\"width\":758,\"height\":289,\"caption\":\"EMDATEC GmbH\"},\"image\":{\"@id\":\"https:\/\/emdatec.de\/de\/#\/schema\/logo\/image\/\"},\"sameAs\":[\"https:\/\/www.facebook.com\/people\/Emdatec-GmbH\/100054446773033\/?locale=de_DE\"]}]}<\/script>\n<!-- \/ Yoast SEO plugin. -->","yoast_head_json":{"title":"Emda FD-M Tr\u00e4ger Flachdach | EMDATEC GmbH","description":"Stabile Tr\u00e4gerl\u00f6sungen mit Emda FD-M Tr\u00e4gern f\u00fcr mehrteilige Dachrandabschlussprofile. Perfekt f\u00fcr Ihr Flachdachprojekt. Jetzt entdecken und installieren!","robots":{"index":"index","follow":"follow","max-snippet":"max-snippet:-1","max-image-preview":"max-image-preview:large","max-video-preview":"max-video-preview:-1"},"canonical":"https:\/\/emdatec.de\/de\/flachdach\/mehrteiliges-dachrandabschlussprofil\/emda-fd-m-traeger\/","og_locale":"de_DE","og_type":"article","og_title":"Emda FD-M Tr\u00e4ger Flachdach | EMDATEC GmbH","og_description":"Stabile Tr\u00e4gerl\u00f6sungen mit Emda FD-M Tr\u00e4gern f\u00fcr mehrteilige Dachrandabschlussprofile. Perfekt f\u00fcr Ihr Flachdachprojekt. Jetzt entdecken und installieren!","og_url":"https:\/\/emdatec.de\/de\/flachdach\/mehrteiliges-dachrandabschlussprofil\/emda-fd-m-traeger\/","og_site_name":"Emdatec","article_publisher":"https:\/\/www.facebook.com\/people\/Emdatec-GmbH\/100054446773033\/?locale=de_DE","article_modified_time":"2024-01-28T21:59:01+00:00","og_image":[{"url":"https:\/\/emdatec.de\/wp-content\/uploads\/2023\/08\/traeger-1.jpg","type":"","width":"","height":""}],"twitter_card":"summary_large_image","twitter_misc":{"Gesch\u00e4tzte Lesezeit":"1\u00a0Minute"},"schema":{"@context":"https:\/\/schema.org","@graph":[{"@type":"WebPage","@id":"https:\/\/emdatec.de\/de\/flachdach\/mehrteiliges-dachrandabschlussprofil\/emda-fd-m-traeger\/","url":"https:\/\/emdatec.de\/de\/flachdach\/mehrteiliges-dachrandabschlussprofil\/emda-fd-m-traeger\/","name":"Emda FD-M Tr\u00e4ger Flachdach | EMDATEC GmbH","isPartOf":{"@id":"https:\/\/emdatec.de\/de\/#website"},"primaryImageOfPage":{"@id":"https:\/\/emdatec.de\/de\/flachdach\/mehrteiliges-dachrandabschlussprofil\/emda-fd-m-traeger\/#primaryimage"},"image":{"@id":"https:\/\/emdatec.de\/de\/flachdach\/mehrteiliges-dachrandabschlussprofil\/emda-fd-m-traeger\/#primaryimage"},"thumbnailUrl":"https:\/\/emdatec.de\/wp-content\/uploads\/2023\/08\/traeger-1.jpg","datePublished":"2023-07-26T07:28:06+00:00","dateModified":"2024-01-28T21:59:01+00:00","description":"Stabile Tr\u00e4gerl\u00f6sungen mit Emda FD-M Tr\u00e4gern f\u00fcr mehrteilige Dachrandabschlussprofile. Perfekt f\u00fcr Ihr Flachdachprojekt. Jetzt entdecken und installieren!","breadcrumb":{"@id":"https:\/\/emdatec.de\/de\/flachdach\/mehrteiliges-dachrandabschlussprofil\/emda-fd-m-traeger\/#breadcrumb"},"inLanguage":"de","potentialAction":[{"@type":"ReadAction","target":["https:\/\/emdatec.de\/de\/flachdach\/mehrteiliges-dachrandabschlussprofil\/emda-fd-m-traeger\/"]}]},{"@type":"ImageObject","inLanguage":"de","@id":"https:\/\/emdatec.de\/de\/flachdach\/mehrteiliges-dachrandabschlussprofil\/emda-fd-m-traeger\/#primaryimage","url":"https:\/\/emdatec.de\/wp-content\/uploads\/2023\/08\/traeger-1.jpg","contentUrl":"https:\/\/emdatec.de\/wp-content\/uploads\/2023\/08\/traeger-1.jpg"},{"@type":"BreadcrumbList","@id":"https:\/\/emdatec.de\/de\/flachdach\/mehrteiliges-dachrandabschlussprofil\/emda-fd-m-traeger\/#breadcrumb","itemListElement":[{"@type":"ListItem","position":1,"name":"Start","item":"https:\/\/emdatec.de\/de\/"},{"@type":"ListItem","position":2,"name":"Flachdach","item":"https:\/\/emdatec.de\/de\/flachdach\/"},{"@type":"ListItem","position":3,"name":"Mehrteiliges Dachrandabschlussprofil","item":"https:\/\/emdatec.de\/de\/flachdach\/mehrteiliges-dachrandabschlussprofil\/"},{"@type":"ListItem","position":4,"name":"EMDA FD-M TR\u00c4GER"}]},{"@type":"WebSite","@id":"https:\/\/emdatec.de\/de\/#website","url":"https:\/\/emdatec.de\/de\/","name":"Emdatec","description":"","publisher":{"@id":"https:\/\/emdatec.de\/de\/#organization"},"potentialAction":[{"@type":"SearchAction","target":{"@type":"EntryPoint","urlTemplate":"https:\/\/emdatec.de\/de\/?s={search_term_string}"},"query-input":{"@type":"PropertyValueSpecification","valueRequired":true,"valueName":"search_term_string"}}],"inLanguage":"de"},{"@type":"Organization","@id":"https:\/\/emdatec.de\/de\/#organization","name":"EMDATEC GmbH","url":"https:\/\/emdatec.de\/de\/","logo":{"@type":"ImageObject","inLanguage":"de","@id":"https:\/\/emdatec.de\/de\/#\/schema\/logo\/image\/","url":"https:\/\/emdatec.de\/wp-content\/uploads\/2023\/07\/logo.png","contentUrl":"https:\/\/emdatec.de\/wp-content\/uploads\/2023\/07\/logo.png","width":758,"height":289,"caption":"EMDATEC GmbH"},"image":{"@id":"https:\/\/emdatec.de\/de\/#\/schema\/logo\/image\/"},"sameAs":["https:\/\/www.facebook.com\/people\/Emdatec-GmbH\/100054446773033\/?locale=de_DE"]}]}},"_links":{"self":[{"href":"https:\/\/emdatec.de\/de\/wp-json\/wp\/v2\/pages\/59","targetHints":{"allow":["GET"]}}],"collection":[{"href":"https:\/\/emdatec.de\/de\/wp-json\/wp\/v2\/pages"}],"about":[{"href":"https:\/\/emdatec.de\/de\/wp-json\/wp\/v2\/types\/page"}],"author":[{"embeddable":true,"href":"https:\/\/emdatec.de\/de\/wp-json\/wp\/v2\/users\/1"}],"replies":[{"embeddable":true,"href":"https:\/\/emdatec.de\/de\/wp-json\/wp\/v2\/comments?post=59"}],"version-history":[{"count":27,"href":"https:\/\/emdatec.de\/de\/wp-json\/wp\/v2\/pages\/59\/revisions"}],"predecessor-version":[{"id":7465,"href":"https:\/\/emdatec.de\/de\/wp-json\/wp\/v2\/pages\/59\/revisions\/7465"}],"up":[{"embeddable":true,"href":"https:\/\/emdatec.de\/de\/wp-json\/wp\/v2\/pages\/33"}],"wp:attachment":[{"href":"https:\/\/emdatec.de\/de\/wp-json\/wp\/v2\/media?parent=59"}],"curies":[{"name":"wp","href":"https:\/\/api.w.org\/{rel}","templated":true}]}}