{"id":76,"date":"2023-07-26T07:32:20","date_gmt":"2023-07-26T07:32:20","guid":{"rendered":"https:\/\/emdatec.de\/?page_id=76"},"modified":"2024-01-28T21:54:37","modified_gmt":"2024-01-28T21:54:37","slug":"emda-wa-60","status":"publish","type":"page","link":"https:\/\/emdatec.de\/de\/flachdach\/wandanschlussprofile\/emda-wa-60\/","title":{"rendered":"EMDA WA 60"},"content":{"rendered":"\t\t<div data-elementor-type=\"wp-page\" data-elementor-id=\"76\" class=\"elementor elementor-76\" data-elementor-post-type=\"page\">\n\t\t\t\t\t\t<section class=\"elementor-section elementor-top-section elementor-element elementor-element-97031bc elementor-section-full_width elementor-section-height-default elementor-section-height-default\" data-id=\"97031bc\" data-element_type=\"section\" data-e-type=\"section\">\n\t\t\t\t\t\t<div class=\"elementor-container elementor-column-gap-default\">\n\t\t\t\t\t<div class=\"elementor-column elementor-col-100 elementor-top-column elementor-element elementor-element-8d3f6ba\" data-id=\"8d3f6ba\" data-element_type=\"column\" data-e-type=\"column\">\n\t\t\t<div class=\"elementor-widget-wrap elementor-element-populated\">\n\t\t\t\t\t\t<div class=\"elementor-element elementor-element-e508c9f elementor-widget elementor-widget-image\" data-id=\"e508c9f\" data-element_type=\"widget\" data-e-type=\"widget\" data-widget_type=\"image.default\">\n\t\t\t\t<div class=\"elementor-widget-container\">\n\t\t\t\t\t\t\t\t\t\t\t\t\t\t\t<img fetchpriority=\"high\" decoding=\"async\" width=\"800\" height=\"450\" src=\"https:\/\/emdatec.de\/wp-content\/uploads\/2023\/08\/wa60-1.jpg\" class=\"attachment-large size-large wp-image-3361\" alt=\"\" srcset=\"https:\/\/emdatec.de\/wp-content\/uploads\/2023\/08\/wa60-1.jpg 800w, https:\/\/emdatec.de\/wp-content\/uploads\/2023\/08\/wa60-1-300x169.jpg 300w, https:\/\/emdatec.de\/wp-content\/uploads\/2023\/08\/wa60-1-768x432.jpg 768w\" sizes=\"(max-width: 800px) 100vw, 800px\" \/>\t\t\t\t\t\t\t\t\t\t\t\t\t\t\t<\/div>\n\t\t\t\t<\/div>\n\t\t\t\t\t<\/div>\n\t\t<\/div>\n\t\t\t\t\t<\/div>\n\t\t<\/section>\n\t\t\t\t<section class=\"elementor-section elementor-top-section elementor-element elementor-element-179804b elementor-section-boxed elementor-section-height-default elementor-section-height-default\" data-id=\"179804b\" data-element_type=\"section\" data-e-type=\"section\">\n\t\t\t\t\t\t<div class=\"elementor-container elementor-column-gap-default\">\n\t\t\t\t\t<div class=\"elementor-column elementor-col-100 elementor-top-column elementor-element elementor-element-e2b633c\" data-id=\"e2b633c\" data-element_type=\"column\" data-e-type=\"column\">\n\t\t\t<div class=\"elementor-widget-wrap elementor-element-populated\">\n\t\t\t\t\t\t<div class=\"elementor-element elementor-element-6193f12 Custom_title elementor-widget elementor-widget-heading\" data-id=\"6193f12\" data-element_type=\"widget\" data-e-type=\"widget\" data-widget_type=\"heading.default\">\n\t\t\t\t<div class=\"elementor-widget-container\">\n\t\t\t\t\t<h2 class=\"elementor-heading-title elementor-size-default\">Wandanschlussprofil aus Aluminium\n\n\n\n\n<\/h2>\t\t\t\t<\/div>\n\t\t\t\t<\/div>\n\t\t\t\t<div class=\"elementor-element elementor-element-2b97695 elementor-widget elementor-widget-text-editor\" data-id=\"2b97695\" data-element_type=\"widget\" data-e-type=\"widget\" data-widget_type=\"text-editor.default\">\n\t\t\t\t<div class=\"elementor-widget-container\">\n\t\t\t\t\t\t\t\t\t<div class=\"item\"><div class=\"item\"><p>Anschlussprofil f\u00fcr die Befestigung an aufgehenden Wandfl\u00e4chen und Bauteilen, Kaminen, Lichtkuppeln, L\u00fcftern, Balkonen und Terrassen zur Abdeckung von Dichtfolien, Bitumenschwei\u00dfbahnen und Dachfolien. Auch in RAL 7016 (anthrazitgrau) erh\u00e4ltlich.<\/p><\/div><\/div>\t\t\t\t\t\t\t\t<\/div>\n\t\t\t\t<\/div>\n\t\t\t\t\t<\/div>\n\t\t<\/div>\n\t\t\t\t\t<\/div>\n\t\t<\/section>\n\t\t\t\t<section class=\"elementor-section elementor-top-section elementor-element elementor-element-b03a086 elementor-section-boxed elementor-section-height-default elementor-section-height-default\" data-id=\"b03a086\" data-element_type=\"section\" data-e-type=\"section\">\n\t\t\t\t\t\t<div class=\"elementor-container elementor-column-gap-default\">\n\t\t\t\t\t<div class=\"elementor-column elementor-col-100 elementor-top-column elementor-element elementor-element-3f11e7b\" data-id=\"3f11e7b\" data-element_type=\"column\" data-e-type=\"column\">\n\t\t\t<div class=\"elementor-widget-wrap elementor-element-populated\">\n\t\t\t\t\t\t<div class=\"elementor-element elementor-element-b37bea7 elementor-widget elementor-widget-heading\" data-id=\"b37bea7\" data-element_type=\"widget\" data-e-type=\"widget\" data-widget_type=\"heading.default\">\n\t\t\t\t<div class=\"elementor-widget-container\">\n\t\t\t\t\t<h2 class=\"elementor-heading-title elementor-size-default\">Technische Daten:\n<\/h2>\t\t\t\t<\/div>\n\t\t\t\t<\/div>\n\t\t\t\t<div class=\"elementor-element elementor-element-6bd7fdc eael-table-align-center eael-dt-th-align-left elementor-widget elementor-widget-eael-data-table\" data-id=\"6bd7fdc\" data-element_type=\"widget\" data-e-type=\"widget\" data-widget_type=\"eael-data-table.default\">\n\t\t\t\t<div class=\"elementor-widget-container\">\n\t\t\t\t\t\t\t<div class=\"eael-data-table-wrap\" data-table_id=\"6bd7fdc\" id=\"eael-data-table-wrapper-6bd7fdc\" data-custom_responsive=\"false\">\n\t\t\t<table class=\"tablesorter eael-data-table center\" id=\"eael-data-table-6bd7fdc\">\n\t\t\t    <thead>\n\t\t\t        <tr class=\"table-header\">\n\t\t\t\t\t\t\t\t\t            <th class=\"\" id=\"\" colspan=\"\">\n\t\t\t\t\t\t\t\t\t\t\t\t\t\t<span class=\"data-table-header-text\">Eigenschaften \/ Merkmale\t<\/span><\/th>\n\t\t\t        \t\t\t\t            <th class=\"\" id=\"\" colspan=\"\">\n\t\t\t\t\t\t\t\t\t\t\t\t\t\t<span class=\"data-table-header-text\">Wert<\/span><\/th>\n\t\t\t        \t\t\t\t        <\/tr>\n\t\t\t    <\/thead>\n\t\t\t  \t<tbody>\n\t\t\t\t\t\t\t\t\t\t\t<tr>\n\t\t\t\t\t\t\t\t\t\t\t\t\t\t\t\t   \t\t\t\t\t\t\t\t\t\t\t<td colspan=\"\" rowspan=\"\" class=\"\" id=\"\">\n\t\t\t\t\t\t\t\t\t\t\t\t<div class=\"td-content-wrapper\"><div class=\"td-content\">\n\t\t\t\t\t\t\t\t\t\t\t\t\tMaterial:    \t\t\t\t\t\t\t\t\t\t\t\t\t<\/div><\/div>\n\t\t\t\t\t\t\t\t\t\t\t<\/td>\n\t\t\t\t\t\t\t\t\t\t\t\t\t\t\t\t\t\t\t\t\t\t\t\t\t\t\t\t\t   \t\t\t\t\t\t\t\t\t\t\t<td colspan=\"\" rowspan=\"\" class=\"\" id=\"\">\n\t\t\t\t\t\t\t\t\t\t\t\t<div class=\"td-content-wrapper\"><div class=\"td-content\">\n\t\t\t\t\t\t\t\t\t\t\t\t\tAluminium\n\t\t\t\t\t\t\t\t\t\t\t\t<\/div><\/div>\n\t\t\t\t\t\t\t\t\t\t\t<\/td>\n\t\t\t\t\t\t\t\t\t\t\t\t\t\t\t\t\t\t\t\t\t\t\t\t\t\t<\/tr>\n\t\t\t        \t\t\t\t\t\t<tr>\n\t\t\t\t\t\t\t\t\t\t\t\t\t\t\t\t   \t\t\t\t\t\t\t\t\t\t\t<td colspan=\"\" rowspan=\"\" class=\"\" id=\"\">\n\t\t\t\t\t\t\t\t\t\t\t\t<div class=\"td-content-wrapper\"><div class=\"td-content\">\n\t\t\t\t\t\t\t\t\t\t\t\t\tLegierung:\t\t\t\t\t\t\t\t\t\t\t\t\t<\/div><\/div>\n\t\t\t\t\t\t\t\t\t\t\t<\/td>\n\t\t\t\t\t\t\t\t\t\t\t\t\t\t\t\t\t\t\t\t\t\t\t\t\t\t\t\t\t   \t\t\t\t\t\t\t\t\t\t\t<td colspan=\"\" rowspan=\"\" class=\"\" id=\"\">\n\t\t\t\t\t\t\t\t\t\t\t\t<div class=\"td-content-wrapper\"><div class=\"td-content\">\n\t\t\t\t\t\t\t\t\t\t\t\t\tAlMgSiO,5F22\n\n\t\t\t\t\t\t\t\t\t\t\t\t<\/div><\/div>\n\t\t\t\t\t\t\t\t\t\t\t<\/td>\n\t\t\t\t\t\t\t\t\t\t\t\t\t\t\t\t\t\t\t\t\t\t\t\t\t\t<\/tr>\n\t\t\t        \t\t\t\t\t\t<tr>\n\t\t\t\t\t\t\t\t\t\t\t\t\t\t\t\t   \t\t\t\t\t\t\t\t\t\t\t<td colspan=\"\" rowspan=\"\" class=\"\" id=\"\">\n\t\t\t\t\t\t\t\t\t\t\t\t<div class=\"td-content-wrapper\"><div class=\"td-content\">\n\t\t\t\t\t\t\t\t\t\t\t\t\tBlendh\u00f6he:\t\t\t\t\t\t\t\t\t\t\t\t\t<\/div><\/div>\n\t\t\t\t\t\t\t\t\t\t\t<\/td>\n\t\t\t\t\t\t\t\t\t\t\t\t\t\t\t\t\t\t\t\t\t\t\t\t\t\t\t\t\t   \t\t\t\t\t\t\t\t\t\t\t<td colspan=\"\" rowspan=\"\" class=\"\" id=\"\">\n\t\t\t\t\t\t\t\t\t\t\t\t<div class=\"td-content-wrapper\"><div class=\"td-content\">\n\t\t\t\t\t\t\t\t\t\t\t\t\t60 mm\n\n\t\t\t\t\t\t\t\t\t\t\t\t<\/div><\/div>\n\t\t\t\t\t\t\t\t\t\t\t<\/td>\n\t\t\t\t\t\t\t\t\t\t\t\t\t\t\t\t\t\t\t\t\t\t\t\t\t\t<\/tr>\n\t\t\t        \t\t\t\t\t\t<tr>\n\t\t\t\t\t\t\t\t\t\t\t\t\t\t\t\t   \t\t\t\t\t\t\t\t\t\t\t<td colspan=\"\" rowspan=\"\" class=\"\" id=\"\">\n\t\t\t\t\t\t\t\t\t\t\t\t<div class=\"td-content-wrapper\"><div class=\"td-content\">\n\t\t\t\t\t\t\t\t\t\t\t\t\tStabl\u00e4nge:\t\t\t\t\t\t\t\t\t\t\t\t\t<\/div><\/div>\n\t\t\t\t\t\t\t\t\t\t\t<\/td>\n\t\t\t\t\t\t\t\t\t\t\t\t\t\t\t\t\t\t\t\t\t\t\t\t\t\t\t\t\t   \t\t\t\t\t\t\t\t\t\t\t<td colspan=\"\" rowspan=\"\" class=\"\" id=\"\">\n\t\t\t\t\t\t\t\t\t\t\t\t<div class=\"td-content-wrapper\"><div class=\"td-content\">\n\t\t\t\t\t\t\t\t\t\t\t\t\t3000 mm\n\t\t\t\t\t\t\t\t\t\t\t\t<\/div><\/div>\n\t\t\t\t\t\t\t\t\t\t\t<\/td>\n\t\t\t\t\t\t\t\t\t\t\t\t\t\t\t\t\t\t\t\t\t\t\t\t\t\t<\/tr>\n\t\t\t        \t\t\t\t\t\t<tr>\n\t\t\t\t\t\t\t\t\t\t\t\t\t\t\t\t   \t\t\t\t\t\t\t\t\t\t\t<td colspan=\"\" rowspan=\"\" class=\"\" id=\"\">\n\t\t\t\t\t\t\t\t\t\t\t\t<div class=\"td-content-wrapper\"><div class=\"td-content\">\n\t\t\t\t\t\t\t\t\t\t\t\t\tLochung: \t\t\t\t\t\t\t\t\t\t\t\t\t<\/div><\/div>\n\t\t\t\t\t\t\t\t\t\t\t<\/td>\n\t\t\t\t\t\t\t\t\t\t\t\t\t\t\t\t\t\t\t\t\t\t\t\t\t\t\t\t\t   \t\t\t\t\t\t\t\t\t\t\t<td colspan=\"\" rowspan=\"\" class=\"\" id=\"\">\n\t\t\t\t\t\t\t\t\t\t\t\t<div class=\"td-content-wrapper\"><div class=\"td-content\">\n\t\t\t\t\t\t\t\t\t\t\t\t\t8 mm\n\t\t\t\t\t\t\t\t\t\t\t\t<\/div><\/div>\n\t\t\t\t\t\t\t\t\t\t\t<\/td>\n\t\t\t\t\t\t\t\t\t\t\t\t\t\t\t\t\t\t\t\t\t\t\t\t\t\t<\/tr>\n\t\t\t        \t\t\t\t\t\t<tr>\n\t\t\t\t\t\t\t\t\t\t\t\t\t\t\t\t   \t\t\t\t\t\t\t\t\t\t\t<td colspan=\"\" rowspan=\"\" class=\"\" id=\"\">\n\t\t\t\t\t\t\t\t\t\t\t\t<div class=\"td-content-wrapper\"><div class=\"td-content\">\n\t\t\t\t\t\t\t\t\t\t\t\t\tLochabstand:\t\t\t\t\t\t\t\t\t\t\t\t\t<\/div><\/div>\n\t\t\t\t\t\t\t\t\t\t\t<\/td>\n\t\t\t\t\t\t\t\t\t\t\t\t\t\t\t\t\t\t\t\t\t\t\t\t\t\t\t\t\t   \t\t\t\t\t\t\t\t\t\t\t<td colspan=\"\" rowspan=\"\" class=\"\" id=\"\">\n\t\t\t\t\t\t\t\t\t\t\t\t<div class=\"td-content-wrapper\"><div class=\"td-content\">\n\t\t\t\t\t\t\t\t\t\t\t\t\t200 mm\n\n\t\t\t\t\t\t\t\t\t\t\t\t<\/div><\/div>\n\t\t\t\t\t\t\t\t\t\t\t<\/td>\n\t\t\t\t\t\t\t\t\t\t\t\t\t\t\t\t\t\t\t\t\t\t\t\t\t\t<\/tr>\n\t\t\t        \t\t\t    <\/tbody>\n\t\t\t<\/table>\n\t\t<\/div>\n\t  \t\t\t\t\t<\/div>\n\t\t\t\t<\/div>\n\t\t\t\t<div class=\"elementor-element elementor-element-8cd9cea elementor-widget elementor-widget-text-editor\" data-id=\"8cd9cea\" data-element_type=\"widget\" data-e-type=\"widget\" data-widget_type=\"text-editor.default\">\n\t\t\t\t<div class=\"elementor-widget-container\">\n\t\t\t\t\t\t\t\t\t<p>Sie haben Interesse am\u00a0<strong>EMDA WA 60\u00a0<\/strong>oder haben weitere Fragen zu dem Produkt?\u00a0Dann kontaktieren Sie uns gern!<\/p>\t\t\t\t\t\t\t\t<\/div>\n\t\t\t\t<\/div>\n\t\t\t\t<div class=\"elementor-element elementor-element-d9c4deb elementor-align-left Custom-btn elementor-widget elementor-widget-button\" data-id=\"d9c4deb\" data-element_type=\"widget\" data-e-type=\"widget\" data-widget_type=\"button.default\">\n\t\t\t\t<div class=\"elementor-widget-container\">\n\t\t\t\t\t\t\t\t\t<div class=\"elementor-button-wrapper\">\n\t\t\t\t\t<a class=\"elementor-button elementor-button-link elementor-size-sm\" href=\"tel:+49(0)2572%209323-0\">\n\t\t\t\t\t\t<span class=\"elementor-button-content-wrapper\">\n\t\t\t\t\t\t\t\t\t<span class=\"elementor-button-text\">+49(0)2572 9323-0<\/span>\n\t\t\t\t\t<\/span>\n\t\t\t\t\t<\/a>\n\t\t\t\t<\/div>\n\t\t\t\t\t\t\t\t<\/div>\n\t\t\t\t<\/div>\n\t\t\t\t<div class=\"elementor-element elementor-element-d5ad52b elementor-align-left Custom-btn elementor-widget elementor-widget-button\" data-id=\"d5ad52b\" data-element_type=\"widget\" data-e-type=\"widget\" data-widget_type=\"button.default\">\n\t\t\t\t<div class=\"elementor-widget-container\">\n\t\t\t\t\t\t\t\t\t<div class=\"elementor-button-wrapper\">\n\t\t\t\t\t<a class=\"elementor-button elementor-button-link elementor-size-sm\" href=\"mailto:info@emdatec.de\">\n\t\t\t\t\t\t<span class=\"elementor-button-content-wrapper\">\n\t\t\t\t\t\t\t\t\t<span class=\"elementor-button-text\">info@emdatec.de<\/span>\n\t\t\t\t\t<\/span>\n\t\t\t\t\t<\/a>\n\t\t\t\t<\/div>\n\t\t\t\t\t\t\t\t<\/div>\n\t\t\t\t<\/div>\n\t\t\t\t<div class=\"elementor-element elementor-element-0318608 elementor-widget elementor-widget-spacer\" data-id=\"0318608\" data-element_type=\"widget\" data-e-type=\"widget\" data-widget_type=\"spacer.default\">\n\t\t\t\t<div class=\"elementor-widget-container\">\n\t\t\t\t\t\t\t<div class=\"elementor-spacer\">\n\t\t\t<div class=\"elementor-spacer-inner\"><\/div>\n\t\t<\/div>\n\t\t\t\t\t\t<\/div>\n\t\t\t\t<\/div>\n\t\t\t\t\t<\/div>\n\t\t<\/div>\n\t\t\t\t\t<\/div>\n\t\t<\/section>\n\t\t\t\t<\/div>\n\t\t","protected":false},"excerpt":{"rendered":"<p>Wandanschlussprofil aus Aluminium Anschlussprofil f\u00fcr die Befestigung an aufgehenden Wandfl\u00e4chen und Bauteilen, Kaminen, Lichtkuppeln, L\u00fcftern, Balkonen und Terrassen zur Abdeckung von Dichtfolien, Bitumenschwei\u00dfbahnen und Dachfolien. Auch in RAL 7016 (anthrazitgrau) erh\u00e4ltlich. Technische Daten: Eigenschaften \/ Merkmale Wert Material: Aluminium Legierung: AlMgSiO,5F22 Blendh\u00f6he: 60 mm Stabl\u00e4nge: 3000 mm Lochung: 8 mm Lochabstand: 200 mm Sie haben [&hellip;]<\/p>\n","protected":false},"author":1,"featured_media":0,"parent":38,"menu_order":0,"comment_status":"closed","ping_status":"closed","template":"","meta":{"_acf_changed":false,"footnotes":""},"class_list":["post-76","page","type-page","status-publish","hentry"],"acf":[],"yoast_head":"<!-- This site is optimized with the Yoast SEO plugin v27.2 - https:\/\/yoast.com\/product\/yoast-seo-wordpress\/ -->\n<title>Emda WA-60 Wandanschlussprofile | EMDATEC GmbH<\/title>\n<meta name=\"description\" content=\"Optimale Wandanschl\u00fcsse f\u00fcr Flachd\u00e4cher mit Emda WA-60 Wandanschlussprofilen. Zuverl\u00e4ssige L\u00f6sungen f\u00fcr Ihr Bauprojekt. Direkt umfassend informieren!\" \/>\n<meta name=\"robots\" content=\"index, follow, max-snippet:-1, max-image-preview:large, max-video-preview:-1\" \/>\n<link rel=\"canonical\" href=\"https:\/\/emdatec.de\/de\/flachdach\/wandanschlussprofile\/emda-wa-60\/\" \/>\n<meta property=\"og:locale\" content=\"de_DE\" \/>\n<meta property=\"og:type\" content=\"article\" \/>\n<meta property=\"og:title\" content=\"Emda WA-60 Wandanschlussprofile | EMDATEC GmbH\" \/>\n<meta property=\"og:description\" content=\"Optimale Wandanschl\u00fcsse f\u00fcr Flachd\u00e4cher mit Emda WA-60 Wandanschlussprofilen. Zuverl\u00e4ssige L\u00f6sungen f\u00fcr Ihr Bauprojekt. Direkt umfassend informieren!\" \/>\n<meta property=\"og:url\" content=\"https:\/\/emdatec.de\/de\/flachdach\/wandanschlussprofile\/emda-wa-60\/\" \/>\n<meta property=\"og:site_name\" content=\"Emdatec\" \/>\n<meta property=\"article:publisher\" content=\"https:\/\/www.facebook.com\/people\/Emdatec-GmbH\/100054446773033\/?locale=de_DE\" \/>\n<meta property=\"article:modified_time\" content=\"2024-01-28T21:54:37+00:00\" \/>\n<meta property=\"og:image\" content=\"https:\/\/emdatec.de\/wp-content\/uploads\/2023\/08\/wa60-1.jpg\" \/>\n<meta name=\"twitter:card\" content=\"summary_large_image\" \/>\n<meta name=\"twitter:label1\" content=\"Gesch\u00e4tzte Lesezeit\" \/>\n\t<meta name=\"twitter:data1\" content=\"1\u00a0Minute\" \/>\n<script type=\"application\/ld+json\" class=\"yoast-schema-graph\">{\"@context\":\"https:\/\/schema.org\",\"@graph\":[{\"@type\":\"WebPage\",\"@id\":\"https:\/\/emdatec.de\/de\/flachdach\/wandanschlussprofile\/emda-wa-60\/\",\"url\":\"https:\/\/emdatec.de\/de\/flachdach\/wandanschlussprofile\/emda-wa-60\/\",\"name\":\"Emda WA-60 Wandanschlussprofile | EMDATEC GmbH\",\"isPartOf\":{\"@id\":\"https:\/\/emdatec.de\/de\/#website\"},\"primaryImageOfPage\":{\"@id\":\"https:\/\/emdatec.de\/de\/flachdach\/wandanschlussprofile\/emda-wa-60\/#primaryimage\"},\"image\":{\"@id\":\"https:\/\/emdatec.de\/de\/flachdach\/wandanschlussprofile\/emda-wa-60\/#primaryimage\"},\"thumbnailUrl\":\"https:\/\/emdatec.de\/wp-content\/uploads\/2023\/08\/wa60-1.jpg\",\"datePublished\":\"2023-07-26T07:32:20+00:00\",\"dateModified\":\"2024-01-28T21:54:37+00:00\",\"description\":\"Optimale Wandanschl\u00fcsse f\u00fcr Flachd\u00e4cher mit Emda WA-60 Wandanschlussprofilen. Zuverl\u00e4ssige L\u00f6sungen f\u00fcr Ihr Bauprojekt. Direkt umfassend informieren!\",\"breadcrumb\":{\"@id\":\"https:\/\/emdatec.de\/de\/flachdach\/wandanschlussprofile\/emda-wa-60\/#breadcrumb\"},\"inLanguage\":\"de\",\"potentialAction\":[{\"@type\":\"ReadAction\",\"target\":[\"https:\/\/emdatec.de\/de\/flachdach\/wandanschlussprofile\/emda-wa-60\/\"]}]},{\"@type\":\"ImageObject\",\"inLanguage\":\"de\",\"@id\":\"https:\/\/emdatec.de\/de\/flachdach\/wandanschlussprofile\/emda-wa-60\/#primaryimage\",\"url\":\"https:\/\/emdatec.de\/wp-content\/uploads\/2023\/08\/wa60-1.jpg\",\"contentUrl\":\"https:\/\/emdatec.de\/wp-content\/uploads\/2023\/08\/wa60-1.jpg\"},{\"@type\":\"BreadcrumbList\",\"@id\":\"https:\/\/emdatec.de\/de\/flachdach\/wandanschlussprofile\/emda-wa-60\/#breadcrumb\",\"itemListElement\":[{\"@type\":\"ListItem\",\"position\":1,\"name\":\"Start\",\"item\":\"https:\/\/emdatec.de\/de\/\"},{\"@type\":\"ListItem\",\"position\":2,\"name\":\"Flachdach\",\"item\":\"https:\/\/emdatec.de\/de\/flachdach\/\"},{\"@type\":\"ListItem\",\"position\":3,\"name\":\"Wandanschlussprofile\",\"item\":\"https:\/\/emdatec.de\/de\/wandanschluss-flachdach\/\"},{\"@type\":\"ListItem\",\"position\":4,\"name\":\"EMDA WA 60\"}]},{\"@type\":\"WebSite\",\"@id\":\"https:\/\/emdatec.de\/de\/#website\",\"url\":\"https:\/\/emdatec.de\/de\/\",\"name\":\"Emdatec\",\"description\":\"\",\"publisher\":{\"@id\":\"https:\/\/emdatec.de\/de\/#organization\"},\"potentialAction\":[{\"@type\":\"SearchAction\",\"target\":{\"@type\":\"EntryPoint\",\"urlTemplate\":\"https:\/\/emdatec.de\/de\/?s={search_term_string}\"},\"query-input\":{\"@type\":\"PropertyValueSpecification\",\"valueRequired\":true,\"valueName\":\"search_term_string\"}}],\"inLanguage\":\"de\"},{\"@type\":\"Organization\",\"@id\":\"https:\/\/emdatec.de\/de\/#organization\",\"name\":\"EMDATEC GmbH\",\"url\":\"https:\/\/emdatec.de\/de\/\",\"logo\":{\"@type\":\"ImageObject\",\"inLanguage\":\"de\",\"@id\":\"https:\/\/emdatec.de\/de\/#\/schema\/logo\/image\/\",\"url\":\"https:\/\/emdatec.de\/wp-content\/uploads\/2023\/07\/logo.png\",\"contentUrl\":\"https:\/\/emdatec.de\/wp-content\/uploads\/2023\/07\/logo.png\",\"width\":758,\"height\":289,\"caption\":\"EMDATEC GmbH\"},\"image\":{\"@id\":\"https:\/\/emdatec.de\/de\/#\/schema\/logo\/image\/\"},\"sameAs\":[\"https:\/\/www.facebook.com\/people\/Emdatec-GmbH\/100054446773033\/?locale=de_DE\"]}]}<\/script>\n<!-- \/ Yoast SEO plugin. -->","yoast_head_json":{"title":"Emda WA-60 Wandanschlussprofile | EMDATEC GmbH","description":"Optimale Wandanschl\u00fcsse f\u00fcr Flachd\u00e4cher mit Emda WA-60 Wandanschlussprofilen. Zuverl\u00e4ssige L\u00f6sungen f\u00fcr Ihr Bauprojekt. Direkt umfassend informieren!","robots":{"index":"index","follow":"follow","max-snippet":"max-snippet:-1","max-image-preview":"max-image-preview:large","max-video-preview":"max-video-preview:-1"},"canonical":"https:\/\/emdatec.de\/de\/flachdach\/wandanschlussprofile\/emda-wa-60\/","og_locale":"de_DE","og_type":"article","og_title":"Emda WA-60 Wandanschlussprofile | EMDATEC GmbH","og_description":"Optimale Wandanschl\u00fcsse f\u00fcr Flachd\u00e4cher mit Emda WA-60 Wandanschlussprofilen. Zuverl\u00e4ssige L\u00f6sungen f\u00fcr Ihr Bauprojekt. Direkt umfassend informieren!","og_url":"https:\/\/emdatec.de\/de\/flachdach\/wandanschlussprofile\/emda-wa-60\/","og_site_name":"Emdatec","article_publisher":"https:\/\/www.facebook.com\/people\/Emdatec-GmbH\/100054446773033\/?locale=de_DE","article_modified_time":"2024-01-28T21:54:37+00:00","og_image":[{"url":"https:\/\/emdatec.de\/wp-content\/uploads\/2023\/08\/wa60-1.jpg","type":"","width":"","height":""}],"twitter_card":"summary_large_image","twitter_misc":{"Gesch\u00e4tzte Lesezeit":"1\u00a0Minute"},"schema":{"@context":"https:\/\/schema.org","@graph":[{"@type":"WebPage","@id":"https:\/\/emdatec.de\/de\/flachdach\/wandanschlussprofile\/emda-wa-60\/","url":"https:\/\/emdatec.de\/de\/flachdach\/wandanschlussprofile\/emda-wa-60\/","name":"Emda WA-60 Wandanschlussprofile | EMDATEC GmbH","isPartOf":{"@id":"https:\/\/emdatec.de\/de\/#website"},"primaryImageOfPage":{"@id":"https:\/\/emdatec.de\/de\/flachdach\/wandanschlussprofile\/emda-wa-60\/#primaryimage"},"image":{"@id":"https:\/\/emdatec.de\/de\/flachdach\/wandanschlussprofile\/emda-wa-60\/#primaryimage"},"thumbnailUrl":"https:\/\/emdatec.de\/wp-content\/uploads\/2023\/08\/wa60-1.jpg","datePublished":"2023-07-26T07:32:20+00:00","dateModified":"2024-01-28T21:54:37+00:00","description":"Optimale Wandanschl\u00fcsse f\u00fcr Flachd\u00e4cher mit Emda WA-60 Wandanschlussprofilen. Zuverl\u00e4ssige L\u00f6sungen f\u00fcr Ihr Bauprojekt. Direkt umfassend informieren!","breadcrumb":{"@id":"https:\/\/emdatec.de\/de\/flachdach\/wandanschlussprofile\/emda-wa-60\/#breadcrumb"},"inLanguage":"de","potentialAction":[{"@type":"ReadAction","target":["https:\/\/emdatec.de\/de\/flachdach\/wandanschlussprofile\/emda-wa-60\/"]}]},{"@type":"ImageObject","inLanguage":"de","@id":"https:\/\/emdatec.de\/de\/flachdach\/wandanschlussprofile\/emda-wa-60\/#primaryimage","url":"https:\/\/emdatec.de\/wp-content\/uploads\/2023\/08\/wa60-1.jpg","contentUrl":"https:\/\/emdatec.de\/wp-content\/uploads\/2023\/08\/wa60-1.jpg"},{"@type":"BreadcrumbList","@id":"https:\/\/emdatec.de\/de\/flachdach\/wandanschlussprofile\/emda-wa-60\/#breadcrumb","itemListElement":[{"@type":"ListItem","position":1,"name":"Start","item":"https:\/\/emdatec.de\/de\/"},{"@type":"ListItem","position":2,"name":"Flachdach","item":"https:\/\/emdatec.de\/de\/flachdach\/"},{"@type":"ListItem","position":3,"name":"Wandanschlussprofile","item":"https:\/\/emdatec.de\/de\/wandanschluss-flachdach\/"},{"@type":"ListItem","position":4,"name":"EMDA WA 60"}]},{"@type":"WebSite","@id":"https:\/\/emdatec.de\/de\/#website","url":"https:\/\/emdatec.de\/de\/","name":"Emdatec","description":"","publisher":{"@id":"https:\/\/emdatec.de\/de\/#organization"},"potentialAction":[{"@type":"SearchAction","target":{"@type":"EntryPoint","urlTemplate":"https:\/\/emdatec.de\/de\/?s={search_term_string}"},"query-input":{"@type":"PropertyValueSpecification","valueRequired":true,"valueName":"search_term_string"}}],"inLanguage":"de"},{"@type":"Organization","@id":"https:\/\/emdatec.de\/de\/#organization","name":"EMDATEC GmbH","url":"https:\/\/emdatec.de\/de\/","logo":{"@type":"ImageObject","inLanguage":"de","@id":"https:\/\/emdatec.de\/de\/#\/schema\/logo\/image\/","url":"https:\/\/emdatec.de\/wp-content\/uploads\/2023\/07\/logo.png","contentUrl":"https:\/\/emdatec.de\/wp-content\/uploads\/2023\/07\/logo.png","width":758,"height":289,"caption":"EMDATEC GmbH"},"image":{"@id":"https:\/\/emdatec.de\/de\/#\/schema\/logo\/image\/"},"sameAs":["https:\/\/www.facebook.com\/people\/Emdatec-GmbH\/100054446773033\/?locale=de_DE"]}]}},"_links":{"self":[{"href":"https:\/\/emdatec.de\/de\/wp-json\/wp\/v2\/pages\/76","targetHints":{"allow":["GET"]}}],"collection":[{"href":"https:\/\/emdatec.de\/de\/wp-json\/wp\/v2\/pages"}],"about":[{"href":"https:\/\/emdatec.de\/de\/wp-json\/wp\/v2\/types\/page"}],"author":[{"embeddable":true,"href":"https:\/\/emdatec.de\/de\/wp-json\/wp\/v2\/users\/1"}],"replies":[{"embeddable":true,"href":"https:\/\/emdatec.de\/de\/wp-json\/wp\/v2\/comments?post=76"}],"version-history":[{"count":25,"href":"https:\/\/emdatec.de\/de\/wp-json\/wp\/v2\/pages\/76\/revisions"}],"predecessor-version":[{"id":7486,"href":"https:\/\/emdatec.de\/de\/wp-json\/wp\/v2\/pages\/76\/revisions\/7486"}],"up":[{"embeddable":true,"href":"https:\/\/emdatec.de\/de\/wp-json\/wp\/v2\/pages\/38"}],"wp:attachment":[{"href":"https:\/\/emdatec.de\/de\/wp-json\/wp\/v2\/media?parent=76"}],"curies":[{"name":"wp","href":"https:\/\/api.w.org\/{rel}","templated":true}]}}