{"id":9042,"date":"2024-06-06T13:30:29","date_gmt":"2024-06-06T13:30:29","guid":{"rendered":"https:\/\/emdatec.de\/?page_id=9042"},"modified":"2024-06-19T18:32:47","modified_gmt":"2024-06-19T18:32:47","slug":"firstrolle","status":"publish","type":"page","link":"https:\/\/emdatec.de\/de\/firstrolle\/","title":{"rendered":"Firstrolle f\u00fcr Ihr Dach aus Kupfer oder Aluminium"},"content":{"rendered":"\t\t<div data-elementor-type=\"wp-page\" data-elementor-id=\"9042\" class=\"elementor elementor-9042\" data-elementor-post-type=\"page\">\n\t\t\t\t\t\t<section class=\"elementor-section elementor-top-section elementor-element elementor-element-5aa55746 elementor-section-boxed elementor-section-height-default elementor-section-height-default\" data-id=\"5aa55746\" data-element_type=\"section\" data-e-type=\"section\">\n\t\t\t\t\t\t<div class=\"elementor-container elementor-column-gap-default\">\n\t\t\t\t\t<div class=\"elementor-column elementor-col-100 elementor-top-column elementor-element elementor-element-596cc5d\" data-id=\"596cc5d\" data-element_type=\"column\" data-e-type=\"column\">\n\t\t\t<div class=\"elementor-widget-wrap elementor-element-populated\">\n\t\t\t\t\t\t<section class=\"elementor-section elementor-inner-section elementor-element elementor-element-5b6fa05a elementor-section-boxed elementor-section-height-default elementor-section-height-default\" data-id=\"5b6fa05a\" data-element_type=\"section\" data-e-type=\"section\">\n\t\t\t\t\t\t<div class=\"elementor-container elementor-column-gap-default\">\n\t\t\t\t\t<div class=\"elementor-column elementor-col-33 elementor-inner-column elementor-element elementor-element-2564689a\" data-id=\"2564689a\" data-element_type=\"column\" data-e-type=\"column\">\n\t\t\t<div class=\"elementor-widget-wrap elementor-element-populated\">\n\t\t\t\t\t\t<div class=\"elementor-element elementor-element-6e35126e elementor-widget elementor-widget-image\" data-id=\"6e35126e\" data-element_type=\"widget\" data-e-type=\"widget\" data-widget_type=\"image.default\">\n\t\t\t\t<div class=\"elementor-widget-container\">\n\t\t\t\t\t\t\t\t\t\t\t\t\t\t\t\t<a href=\"https:\/\/emdatec.de\/de\/steildach\/first-und-gratrollen\/emda-premio-v320-v390\/\">\n\t\t\t\t\t\t\t<img fetchpriority=\"high\" decoding=\"async\" width=\"800\" height=\"450\" src=\"https:\/\/emdatec.de\/wp-content\/uploads\/2023\/07\/emda-premio-v320-v390-1.jpg\" class=\"attachment-large size-large wp-image-856\" alt=\"\" srcset=\"https:\/\/emdatec.de\/wp-content\/uploads\/2023\/07\/emda-premio-v320-v390-1.jpg 800w, https:\/\/emdatec.de\/wp-content\/uploads\/2023\/07\/emda-premio-v320-v390-1-300x169.jpg 300w, https:\/\/emdatec.de\/wp-content\/uploads\/2023\/07\/emda-premio-v320-v390-1-768x432.jpg 768w\" sizes=\"(max-width: 800px) 100vw, 800px\" \/>\t\t\t\t\t\t\t\t<\/a>\n\t\t\t\t\t\t\t\t\t\t\t\t\t\t\t<\/div>\n\t\t\t\t<\/div>\n\t\t\t\t<div class=\"elementor-element elementor-element-1cae13f5 Custom_title elementor-widget elementor-widget-heading\" data-id=\"1cae13f5\" data-element_type=\"widget\" data-e-type=\"widget\" data-widget_type=\"heading.default\">\n\t\t\t\t<div class=\"elementor-widget-container\">\n\t\t\t\t\t<h2 class=\"elementor-heading-title elementor-size-default\"><a href=\"https:\/\/emdatec.de\/de\/steildach\/first-und-gratrollen\/emda-premio-v320-v390\/\">EMDA PREMIO V320, V390<\/a><\/h2>\t\t\t\t<\/div>\n\t\t\t\t<\/div>\n\t\t\t\t<div class=\"elementor-element elementor-element-764e75f1 elementor-widget elementor-widget-text-editor\" data-id=\"764e75f1\" data-element_type=\"widget\" data-e-type=\"widget\" data-widget_type=\"text-editor.default\">\n\t\t\t\t<div class=\"elementor-widget-container\">\n\t\t\t\t\t\t\t\t\t<p><a href=\"https:\/\/emdatec.de\/de\/steildach\/first-und-gratrollen\/emda-premio-v320-v390\/\">First- und Gratrolle<\/a><\/p>\t\t\t\t\t\t\t\t<\/div>\n\t\t\t\t<\/div>\n\t\t\t\t\t<\/div>\n\t\t<\/div>\n\t\t\t\t<div class=\"elementor-column elementor-col-33 elementor-inner-column elementor-element elementor-element-120685e\" data-id=\"120685e\" data-element_type=\"column\" data-e-type=\"column\">\n\t\t\t<div class=\"elementor-widget-wrap elementor-element-populated\">\n\t\t\t\t\t\t<div class=\"elementor-element elementor-element-48f49278 elementor-widget elementor-widget-image\" data-id=\"48f49278\" data-element_type=\"widget\" data-e-type=\"widget\" data-widget_type=\"image.default\">\n\t\t\t\t<div class=\"elementor-widget-container\">\n\t\t\t\t\t\t\t\t\t\t\t\t\t\t\t\t<a href=\"https:\/\/emdatec.de\/de\/steildach\/first-und-gratrollen\/emda-premio-a-220-a-400\/\">\n\t\t\t\t\t\t\t<img decoding=\"async\" width=\"500\" height=\"282\" src=\"https:\/\/emdatec.de\/wp-content\/uploads\/2023\/07\/steildachprodukte.500x282.jpg\" class=\"attachment-large size-large wp-image-857\" alt=\"\" srcset=\"https:\/\/emdatec.de\/wp-content\/uploads\/2023\/07\/steildachprodukte.500x282.jpg 500w, https:\/\/emdatec.de\/wp-content\/uploads\/2023\/07\/steildachprodukte.500x282-300x169.jpg 300w\" sizes=\"(max-width: 500px) 100vw, 500px\" \/>\t\t\t\t\t\t\t\t<\/a>\n\t\t\t\t\t\t\t\t\t\t\t\t\t\t\t<\/div>\n\t\t\t\t<\/div>\n\t\t\t\t<div class=\"elementor-element elementor-element-d11a6a8 Custom_title elementor-widget elementor-widget-heading\" data-id=\"d11a6a8\" data-element_type=\"widget\" data-e-type=\"widget\" data-widget_type=\"heading.default\">\n\t\t\t\t<div class=\"elementor-widget-container\">\n\t\t\t\t\t<h2 class=\"elementor-heading-title elementor-size-default\"><a href=\"https:\/\/emdatec.de\/de\/steildach\/first-und-gratrollen\/emda-premio-a-220-a-400\/\">EMDA PREMIO A 220 \u2013 A 400<\/a><\/h2>\t\t\t\t<\/div>\n\t\t\t\t<\/div>\n\t\t\t\t<div class=\"elementor-element elementor-element-4df0775a elementor-widget elementor-widget-text-editor\" data-id=\"4df0775a\" data-element_type=\"widget\" data-e-type=\"widget\" data-widget_type=\"text-editor.default\">\n\t\t\t\t<div class=\"elementor-widget-container\">\n\t\t\t\t\t\t\t\t\t<p><a href=\"https:\/\/emdatec.de\/de\/steildach\/first-und-gratrollen\/emda-premio-a-220-a-400\/\">First- und Gratrolle aus Vollmetall<\/a><\/p>\t\t\t\t\t\t\t\t<\/div>\n\t\t\t\t<\/div>\n\t\t\t\t\t<\/div>\n\t\t<\/div>\n\t\t\t\t<div class=\"elementor-column elementor-col-33 elementor-inner-column elementor-element elementor-element-579a9e09\" data-id=\"579a9e09\" data-element_type=\"column\" data-e-type=\"column\">\n\t\t\t<div class=\"elementor-widget-wrap elementor-element-populated\">\n\t\t\t\t\t\t<div class=\"elementor-element elementor-element-4a45b88 elementor-widget elementor-widget-image\" data-id=\"4a45b88\" data-element_type=\"widget\" data-e-type=\"widget\" data-widget_type=\"image.default\">\n\t\t\t\t<div class=\"elementor-widget-container\">\n\t\t\t\t\t\t\t\t\t\t\t\t\t\t\t\t<a href=\"https:\/\/emdatec.de\/de\/steildach\/first-und-gratrollen\/emda-premio-cu-320\/\">\n\t\t\t\t\t\t\t<img decoding=\"async\" width=\"320\" height=\"180\" src=\"https:\/\/emdatec.de\/wp-content\/uploads\/2023\/07\/emda-premio-cu-320.320x180.jpg\" class=\"attachment-large size-large wp-image-858\" alt=\"\" srcset=\"https:\/\/emdatec.de\/wp-content\/uploads\/2023\/07\/emda-premio-cu-320.320x180.jpg 320w, https:\/\/emdatec.de\/wp-content\/uploads\/2023\/07\/emda-premio-cu-320.320x180-300x169.jpg 300w\" sizes=\"(max-width: 320px) 100vw, 320px\" \/>\t\t\t\t\t\t\t\t<\/a>\n\t\t\t\t\t\t\t\t\t\t\t\t\t\t\t<\/div>\n\t\t\t\t<\/div>\n\t\t\t\t<div class=\"elementor-element elementor-element-4ed34a36 Custom_title elementor-widget elementor-widget-heading\" data-id=\"4ed34a36\" data-element_type=\"widget\" data-e-type=\"widget\" data-widget_type=\"heading.default\">\n\t\t\t\t<div class=\"elementor-widget-container\">\n\t\t\t\t\t<h2 class=\"elementor-heading-title elementor-size-default\"><a href=\"https:\/\/emdatec.de\/de\/steildach\/first-und-gratrollen\/emda-premio-cu-320\/\">EMDA PREMIO CU 320<\/a><\/h2>\t\t\t\t<\/div>\n\t\t\t\t<\/div>\n\t\t\t\t<div class=\"elementor-element elementor-element-57abf6cf elementor-widget elementor-widget-text-editor\" data-id=\"57abf6cf\" data-element_type=\"widget\" data-e-type=\"widget\" data-widget_type=\"text-editor.default\">\n\t\t\t\t<div class=\"elementor-widget-container\">\n\t\t\t\t\t\t\t\t\t<p><a href=\"https:\/\/emdatec.de\/de\/steildach\/first-und-gratrollen\/emda-premio-cu-320\/\">First- und Gratrolle aus Kupfer<\/a><\/p>\t\t\t\t\t\t\t\t<\/div>\n\t\t\t\t<\/div>\n\t\t\t\t\t<\/div>\n\t\t<\/div>\n\t\t\t\t\t<\/div>\n\t\t<\/section>\n\t\t\t\t<div class=\"elementor-element elementor-element-7293f257 elementor-widget elementor-widget-spacer\" data-id=\"7293f257\" data-element_type=\"widget\" data-e-type=\"widget\" data-widget_type=\"spacer.default\">\n\t\t\t\t<div class=\"elementor-widget-container\">\n\t\t\t\t\t\t\t<div class=\"elementor-spacer\">\n\t\t\t<div class=\"elementor-spacer-inner\"><\/div>\n\t\t<\/div>\n\t\t\t\t\t\t<\/div>\n\t\t\t\t<\/div>\n\t\t\t\t\t<\/div>\n\t\t<\/div>\n\t\t\t\t\t<\/div>\n\t\t<\/section>\n\t\t\t\t<section class=\"elementor-section elementor-top-section elementor-element elementor-element-70a1d19 elementor-section-full_width elementor-section-height-default elementor-section-height-default\" data-id=\"70a1d19\" data-element_type=\"section\" data-e-type=\"section\">\n\t\t\t\t\t\t<div class=\"elementor-container elementor-column-gap-default\">\n\t\t\t\t\t<div class=\"elementor-column elementor-col-100 elementor-top-column elementor-element elementor-element-0885121\" data-id=\"0885121\" data-element_type=\"column\" data-e-type=\"column\">\n\t\t\t<div class=\"elementor-widget-wrap elementor-element-populated\">\n\t\t\t\t\t\t<section class=\"elementor-section elementor-inner-section elementor-element elementor-element-f7fee31 elementor-section-boxed elementor-section-height-default elementor-section-height-default\" data-id=\"f7fee31\" data-element_type=\"section\" data-e-type=\"section\">\n\t\t\t\t\t\t<div class=\"elementor-container elementor-column-gap-default\">\n\t\t\t\t\t<div class=\"elementor-column elementor-col-100 elementor-inner-column elementor-element elementor-element-ec64022\" data-id=\"ec64022\" data-element_type=\"column\" data-e-type=\"column\">\n\t\t\t<div class=\"elementor-widget-wrap elementor-element-populated\">\n\t\t\t\t\t\t<div class=\"elementor-element elementor-element-0a2962a elementor-widget elementor-widget-text-editor\" data-id=\"0a2962a\" data-element_type=\"widget\" data-e-type=\"widget\" data-widget_type=\"text-editor.default\">\n\t\t\t\t<div class=\"elementor-widget-container\">\n\t\t\t\t\t\t\t\t\t<p>Eine <strong>Firstrolle<\/strong> ist <strong>unverzichtbar, wenn es um einen zuverl\u00e4ssigen und fachgerechten Dachschutz geht<\/strong>. Aus Kupfer oder Aluminium bestehend wird sie am h\u00f6chsten Punkt auf dem Dach angebracht, dem sogenannten First. Das Band \u00fcbernimmt eine bedeutende Funktion und sch\u00fctzt vor Schlagregen, Schnee und eindringender Feuchtigkeit. Gleichzeitig stellt es eine gute Bel\u00fcftung sicher. Die Firstrolle ist auch als Firstband bekannt.<\/p>\t\t\t\t\t\t\t\t<\/div>\n\t\t\t\t<\/div>\n\t\t\t\t<div class=\"elementor-element elementor-element-84bac8a Custom_title elementor-widget elementor-widget-heading\" data-id=\"84bac8a\" data-element_type=\"widget\" data-e-type=\"widget\" data-widget_type=\"heading.default\">\n\t\t\t\t<div class=\"elementor-widget-container\">\n\t\t\t\t\t<h2 class=\"elementor-heading-title elementor-size-default\">Aus welchen Materialien besteht ein Firstband?\n<\/h2>\t\t\t\t<\/div>\n\t\t\t\t<\/div>\n\t\t\t\t<div class=\"elementor-element elementor-element-64fc5bd elementor-widget elementor-widget-text-editor\" data-id=\"64fc5bd\" data-element_type=\"widget\" data-e-type=\"widget\" data-widget_type=\"text-editor.default\">\n\t\t\t\t<div class=\"elementor-widget-container\">\n\t\t\t\t\t\t\t\t\t<p>Eine Firstrolle f\u00fcr das Dach ist entweder aus Kupfer oder Aluminium gefertigt. Aluminium pr\u00e4sentiert sich als hochwertiges Material. Es ist UV-best\u00e4ndig, witterungsbest\u00e4ndig und wasserfest. In der Folge stellt es einen trockenen Dachboden sicher. Ein Firstband aus Kupfer weist dieselben Eigenschaften auf und zeigt sich zus\u00e4tzlich resistent gegen\u00fcber Flechten und Moos.<\/p>\t\t\t\t\t\t\t\t<\/div>\n\t\t\t\t<\/div>\n\t\t\t\t<div class=\"elementor-element elementor-element-f155442 Custom_title elementor-widget elementor-widget-heading\" data-id=\"f155442\" data-element_type=\"widget\" data-e-type=\"widget\" data-widget_type=\"heading.default\">\n\t\t\t\t<div class=\"elementor-widget-container\">\n\t\t\t\t\t<h2 class=\"elementor-heading-title elementor-size-default\">Wie ist eine Firstrolle aufgebaut?\n<\/h2>\t\t\t\t<\/div>\n\t\t\t\t<\/div>\n\t\t\t\t<div class=\"elementor-element elementor-element-73e1abc elementor-widget elementor-widget-text-editor\" data-id=\"73e1abc\" data-element_type=\"widget\" data-e-type=\"widget\" data-widget_type=\"text-editor.default\">\n\t\t\t\t<div class=\"elementor-widget-container\">\n\t\t\t\t\t\t\t\t\t<p>Eine Firstrolle besteht aus drei Teilen: Mittelteil, Randbereich und Klebestreifen. Der mittlere Teil \u00fcbernimmt die Funktion, die ein Firstband erf\u00fcllen soll. Er verhindert, dass Wasser und Feuchtigkeit von au\u00dfen in das Innere des Dachs eindringen. Gleichzeitig sorgt er f\u00fcr eine optimale Bel\u00fcftung und stellt sicher, dass die Feuchtigkeit aus dem Dachinneren nach au\u00dfen gelangt. Durch diese Entl\u00fcftungsfunktion beugt das Firstband &#8211; wenn es richtig montiert ist &#8211; der Entstehung von Schimmel und Feuchtigkeitssch\u00e4den vor.<\/p>\t\t\t\t\t\t\t\t<\/div>\n\t\t\t\t<\/div>\n\t\t\t\t<div class=\"elementor-element elementor-element-270c600 Custom_title elementor-widget elementor-widget-heading\" data-id=\"270c600\" data-element_type=\"widget\" data-e-type=\"widget\" data-widget_type=\"heading.default\">\n\t\t\t\t<div class=\"elementor-widget-container\">\n\t\t\t\t\t<h3 class=\"elementor-heading-title elementor-size-default\">Wie wird ein Firstband auf dem Dach montiert?\n<\/h3>\t\t\t\t<\/div>\n\t\t\t\t<\/div>\n\t\t\t\t<div class=\"elementor-element elementor-element-95e8486 elementor-widget elementor-widget-text-editor\" data-id=\"95e8486\" data-element_type=\"widget\" data-e-type=\"widget\" data-widget_type=\"text-editor.default\">\n\t\t\t\t<div class=\"elementor-widget-container\">\n\t\t\t\t\t\t\t\t\t<p>Um eine Firstrolle fachgerecht zu montieren, rollen Sie diese zun\u00e4chst mittig auf dem First aus. Sobald Sie das Band ausgerichtet haben, fixieren Sie es mit einem Tacker. Anschlie\u00dfend ziehen Sie die Schutzklebestreifen ab und straffen das Band. Dr\u00fccken Sie die Rolle aus Aluminium oder Kupfer an den Profilhochpunkten fest und verkleben Sie es sorgf\u00e4ltig.<\/p><p>Bei der Montage ist es wichtig, dass Sie den Dehnbereich beachten. Dieser muss n\u00e4mlich sorgf\u00e4ltig mit der Dachpfanne verklebt werden. Es darf kein Hohlraum zur\u00fcckbleiben, damit die Firstrolle ihre Funktion zuverl\u00e4ssig erf\u00fcllt und Ihr Dach vor Wasser und Feuchtigkeit sch\u00fctzt. Haben Sie die Verklebung mit der Dachpfanne sichergestellt, setzen Sie die Firstziegel auf und bringen diese ordnungsgem\u00e4\u00df an.<\/p>\t\t\t\t\t\t\t\t<\/div>\n\t\t\t\t<\/div>\n\t\t\t\t\t<\/div>\n\t\t<\/div>\n\t\t\t\t\t<\/div>\n\t\t<\/section>\n\t\t\t\t\t<\/div>\n\t\t<\/div>\n\t\t\t\t\t<\/div>\n\t\t<\/section>\n\t\t\t\t<\/div>\n\t\t","protected":false},"excerpt":{"rendered":"<p>EMDA PREMIO V320, V390 First- und Gratrolle EMDA PREMIO A 220 \u2013 A 400 First- und Gratrolle aus Vollmetall EMDA PREMIO CU 320 First- und Gratrolle aus Kupfer Eine Firstrolle ist unverzichtbar, wenn es um einen zuverl\u00e4ssigen und fachgerechten Dachschutz geht. Aus Kupfer oder Aluminium bestehend wird sie am h\u00f6chsten Punkt auf dem Dach angebracht, [&hellip;]<\/p>\n","protected":false},"author":1,"featured_media":0,"parent":0,"menu_order":0,"comment_status":"closed","ping_status":"closed","template":"","meta":{"_acf_changed":false,"footnotes":""},"class_list":["post-9042","page","type-page","status-publish","hentry"],"acf":[],"yoast_head":"<!-- This site is optimized with the Yoast SEO plugin v27.2 - https:\/\/yoast.com\/product\/yoast-seo-wordpress\/ -->\n<title>Firstrolle f\u00fcr Dach aus Kupfer oder Aluminium kaufen<\/title>\n<meta name=\"description\" content=\"Hochwertige Firstrollen aus Kupfer oder Aluminium f\u00fcr Ihr Dach. Direkt bei uns kaufen und von langlebigen Materialien profitieren. Schnelle Lieferung!\" \/>\n<meta name=\"robots\" content=\"index, follow, max-snippet:-1, max-image-preview:large, max-video-preview:-1\" \/>\n<link rel=\"canonical\" href=\"https:\/\/emdatec.de\/de\/firstrolle\/\" \/>\n<meta property=\"og:locale\" content=\"de_DE\" \/>\n<meta property=\"og:type\" content=\"article\" \/>\n<meta property=\"og:title\" content=\"Firstrolle f\u00fcr Dach aus Kupfer oder Aluminium kaufen\" \/>\n<meta property=\"og:description\" content=\"Hochwertige Firstrollen aus Kupfer oder Aluminium f\u00fcr Ihr Dach. Direkt bei uns kaufen und von langlebigen Materialien profitieren. Schnelle Lieferung!\" \/>\n<meta property=\"og:url\" content=\"https:\/\/emdatec.de\/de\/firstrolle\/\" \/>\n<meta property=\"og:site_name\" content=\"Emdatec\" \/>\n<meta property=\"article:publisher\" content=\"https:\/\/www.facebook.com\/people\/Emdatec-GmbH\/100054446773033\/?locale=de_DE\" \/>\n<meta property=\"article:modified_time\" content=\"2024-06-19T18:32:47+00:00\" \/>\n<meta property=\"og:image\" content=\"https:\/\/emdatec.de\/wp-content\/uploads\/2023\/07\/emda-premio-v320-v390-1.jpg\" \/>\n<meta name=\"twitter:card\" content=\"summary_large_image\" \/>\n<meta name=\"twitter:label1\" content=\"Gesch\u00e4tzte Lesezeit\" \/>\n\t<meta name=\"twitter:data1\" content=\"3\u00a0Minuten\" \/>\n<script type=\"application\/ld+json\" class=\"yoast-schema-graph\">{\"@context\":\"https:\/\/schema.org\",\"@graph\":[{\"@type\":\"WebPage\",\"@id\":\"https:\/\/emdatec.de\/de\/firstrolle\/\",\"url\":\"https:\/\/emdatec.de\/de\/firstrolle\/\",\"name\":\"Firstrolle f\u00fcr Dach aus Kupfer oder Aluminium kaufen\",\"isPartOf\":{\"@id\":\"https:\/\/emdatec.de\/de\/#website\"},\"primaryImageOfPage\":{\"@id\":\"https:\/\/emdatec.de\/de\/firstrolle\/#primaryimage\"},\"image\":{\"@id\":\"https:\/\/emdatec.de\/de\/firstrolle\/#primaryimage\"},\"thumbnailUrl\":\"https:\/\/emdatec.de\/wp-content\/uploads\/2023\/07\/emda-premio-v320-v390-1.jpg\",\"datePublished\":\"2024-06-06T13:30:29+00:00\",\"dateModified\":\"2024-06-19T18:32:47+00:00\",\"description\":\"Hochwertige Firstrollen aus Kupfer oder Aluminium f\u00fcr Ihr Dach. Direkt bei uns kaufen und von langlebigen Materialien profitieren. Schnelle Lieferung!\",\"inLanguage\":\"de\",\"potentialAction\":[{\"@type\":\"ReadAction\",\"target\":[\"https:\/\/emdatec.de\/de\/firstrolle\/\"]}]},{\"@type\":\"ImageObject\",\"inLanguage\":\"de\",\"@id\":\"https:\/\/emdatec.de\/de\/firstrolle\/#primaryimage\",\"url\":\"https:\/\/emdatec.de\/wp-content\/uploads\/2023\/07\/emda-premio-v320-v390-1.jpg\",\"contentUrl\":\"https:\/\/emdatec.de\/wp-content\/uploads\/2023\/07\/emda-premio-v320-v390-1.jpg\"},{\"@type\":\"WebSite\",\"@id\":\"https:\/\/emdatec.de\/de\/#website\",\"url\":\"https:\/\/emdatec.de\/de\/\",\"name\":\"Emdatec\",\"description\":\"\",\"publisher\":{\"@id\":\"https:\/\/emdatec.de\/de\/#organization\"},\"potentialAction\":[{\"@type\":\"SearchAction\",\"target\":{\"@type\":\"EntryPoint\",\"urlTemplate\":\"https:\/\/emdatec.de\/de\/?s={search_term_string}\"},\"query-input\":{\"@type\":\"PropertyValueSpecification\",\"valueRequired\":true,\"valueName\":\"search_term_string\"}}],\"inLanguage\":\"de\"},{\"@type\":\"Organization\",\"@id\":\"https:\/\/emdatec.de\/de\/#organization\",\"name\":\"EMDATEC GmbH\",\"url\":\"https:\/\/emdatec.de\/de\/\",\"logo\":{\"@type\":\"ImageObject\",\"inLanguage\":\"de\",\"@id\":\"https:\/\/emdatec.de\/de\/#\/schema\/logo\/image\/\",\"url\":\"https:\/\/emdatec.de\/wp-content\/uploads\/2023\/07\/logo.png\",\"contentUrl\":\"https:\/\/emdatec.de\/wp-content\/uploads\/2023\/07\/logo.png\",\"width\":758,\"height\":289,\"caption\":\"EMDATEC GmbH\"},\"image\":{\"@id\":\"https:\/\/emdatec.de\/de\/#\/schema\/logo\/image\/\"},\"sameAs\":[\"https:\/\/www.facebook.com\/people\/Emdatec-GmbH\/100054446773033\/?locale=de_DE\"]}]}<\/script>\n<!-- \/ Yoast SEO plugin. -->","yoast_head_json":{"title":"Firstrolle f\u00fcr Dach aus Kupfer oder Aluminium kaufen","description":"Hochwertige Firstrollen aus Kupfer oder Aluminium f\u00fcr Ihr Dach. Direkt bei uns kaufen und von langlebigen Materialien profitieren. Schnelle Lieferung!","robots":{"index":"index","follow":"follow","max-snippet":"max-snippet:-1","max-image-preview":"max-image-preview:large","max-video-preview":"max-video-preview:-1"},"canonical":"https:\/\/emdatec.de\/de\/firstrolle\/","og_locale":"de_DE","og_type":"article","og_title":"Firstrolle f\u00fcr Dach aus Kupfer oder Aluminium kaufen","og_description":"Hochwertige Firstrollen aus Kupfer oder Aluminium f\u00fcr Ihr Dach. Direkt bei uns kaufen und von langlebigen Materialien profitieren. Schnelle Lieferung!","og_url":"https:\/\/emdatec.de\/de\/firstrolle\/","og_site_name":"Emdatec","article_publisher":"https:\/\/www.facebook.com\/people\/Emdatec-GmbH\/100054446773033\/?locale=de_DE","article_modified_time":"2024-06-19T18:32:47+00:00","og_image":[{"url":"https:\/\/emdatec.de\/wp-content\/uploads\/2023\/07\/emda-premio-v320-v390-1.jpg","type":"","width":"","height":""}],"twitter_card":"summary_large_image","twitter_misc":{"Gesch\u00e4tzte Lesezeit":"3\u00a0Minuten"},"schema":{"@context":"https:\/\/schema.org","@graph":[{"@type":"WebPage","@id":"https:\/\/emdatec.de\/de\/firstrolle\/","url":"https:\/\/emdatec.de\/de\/firstrolle\/","name":"Firstrolle f\u00fcr Dach aus Kupfer oder Aluminium kaufen","isPartOf":{"@id":"https:\/\/emdatec.de\/de\/#website"},"primaryImageOfPage":{"@id":"https:\/\/emdatec.de\/de\/firstrolle\/#primaryimage"},"image":{"@id":"https:\/\/emdatec.de\/de\/firstrolle\/#primaryimage"},"thumbnailUrl":"https:\/\/emdatec.de\/wp-content\/uploads\/2023\/07\/emda-premio-v320-v390-1.jpg","datePublished":"2024-06-06T13:30:29+00:00","dateModified":"2024-06-19T18:32:47+00:00","description":"Hochwertige Firstrollen aus Kupfer oder Aluminium f\u00fcr Ihr Dach. Direkt bei uns kaufen und von langlebigen Materialien profitieren. Schnelle Lieferung!","inLanguage":"de","potentialAction":[{"@type":"ReadAction","target":["https:\/\/emdatec.de\/de\/firstrolle\/"]}]},{"@type":"ImageObject","inLanguage":"de","@id":"https:\/\/emdatec.de\/de\/firstrolle\/#primaryimage","url":"https:\/\/emdatec.de\/wp-content\/uploads\/2023\/07\/emda-premio-v320-v390-1.jpg","contentUrl":"https:\/\/emdatec.de\/wp-content\/uploads\/2023\/07\/emda-premio-v320-v390-1.jpg"},{"@type":"WebSite","@id":"https:\/\/emdatec.de\/de\/#website","url":"https:\/\/emdatec.de\/de\/","name":"Emdatec","description":"","publisher":{"@id":"https:\/\/emdatec.de\/de\/#organization"},"potentialAction":[{"@type":"SearchAction","target":{"@type":"EntryPoint","urlTemplate":"https:\/\/emdatec.de\/de\/?s={search_term_string}"},"query-input":{"@type":"PropertyValueSpecification","valueRequired":true,"valueName":"search_term_string"}}],"inLanguage":"de"},{"@type":"Organization","@id":"https:\/\/emdatec.de\/de\/#organization","name":"EMDATEC GmbH","url":"https:\/\/emdatec.de\/de\/","logo":{"@type":"ImageObject","inLanguage":"de","@id":"https:\/\/emdatec.de\/de\/#\/schema\/logo\/image\/","url":"https:\/\/emdatec.de\/wp-content\/uploads\/2023\/07\/logo.png","contentUrl":"https:\/\/emdatec.de\/wp-content\/uploads\/2023\/07\/logo.png","width":758,"height":289,"caption":"EMDATEC GmbH"},"image":{"@id":"https:\/\/emdatec.de\/de\/#\/schema\/logo\/image\/"},"sameAs":["https:\/\/www.facebook.com\/people\/Emdatec-GmbH\/100054446773033\/?locale=de_DE"]}]}},"_links":{"self":[{"href":"https:\/\/emdatec.de\/de\/wp-json\/wp\/v2\/pages\/9042","targetHints":{"allow":["GET"]}}],"collection":[{"href":"https:\/\/emdatec.de\/de\/wp-json\/wp\/v2\/pages"}],"about":[{"href":"https:\/\/emdatec.de\/de\/wp-json\/wp\/v2\/types\/page"}],"author":[{"embeddable":true,"href":"https:\/\/emdatec.de\/de\/wp-json\/wp\/v2\/users\/1"}],"replies":[{"embeddable":true,"href":"https:\/\/emdatec.de\/de\/wp-json\/wp\/v2\/comments?post=9042"}],"version-history":[{"count":8,"href":"https:\/\/emdatec.de\/de\/wp-json\/wp\/v2\/pages\/9042\/revisions"}],"predecessor-version":[{"id":9060,"href":"https:\/\/emdatec.de\/de\/wp-json\/wp\/v2\/pages\/9042\/revisions\/9060"}],"wp:attachment":[{"href":"https:\/\/emdatec.de\/de\/wp-json\/wp\/v2\/media?parent=9042"}],"curies":[{"name":"wp","href":"https:\/\/api.w.org\/{rel}","templated":true}]}}