{"id":9114,"date":"2024-08-20T10:46:34","date_gmt":"2024-08-20T10:46:34","guid":{"rendered":"https:\/\/emdatec.de\/?page_id=9114"},"modified":"2024-08-20T11:25:42","modified_gmt":"2024-08-20T11:25:42","slug":"traufenbelueftungsprofil","status":"publish","type":"page","link":"https:\/\/emdatec.de\/de\/traufenbelueftungsprofil\/","title":{"rendered":"Traufenbel\u00fcftungsprofil"},"content":{"rendered":"\t\t<div data-elementor-type=\"wp-page\" data-elementor-id=\"9114\" class=\"elementor elementor-9114\" data-elementor-post-type=\"page\">\n\t\t\t\t\t\t<section class=\"elementor-section elementor-top-section elementor-element elementor-element-5e67df4b elementor-section-full_width elementor-section-height-default elementor-section-height-default\" data-id=\"5e67df4b\" data-element_type=\"section\" data-e-type=\"section\">\n\t\t\t\t\t\t<div class=\"elementor-container elementor-column-gap-default\">\n\t\t\t\t\t<div class=\"elementor-column elementor-col-100 elementor-top-column elementor-element elementor-element-57bffc27\" data-id=\"57bffc27\" data-element_type=\"column\" data-e-type=\"column\">\n\t\t\t<div class=\"elementor-widget-wrap elementor-element-populated\">\n\t\t\t\t\t\t<div class=\"elementor-element elementor-element-3afee725 elementor-widget elementor-widget-image\" data-id=\"3afee725\" data-element_type=\"widget\" data-e-type=\"widget\" data-widget_type=\"image.default\">\n\t\t\t\t<div class=\"elementor-widget-container\">\n\t\t\t\t\t\t\t\t\t\t\t\t\t\t\t<img fetchpriority=\"high\" decoding=\"async\" width=\"800\" height=\"450\" src=\"https:\/\/emdatec.de\/wp-content\/uploads\/2023\/07\/lueftung-1.png\" class=\"attachment-large size-large wp-image-1451\" alt=\"\" srcset=\"https:\/\/emdatec.de\/wp-content\/uploads\/2023\/07\/lueftung-1.png 800w, https:\/\/emdatec.de\/wp-content\/uploads\/2023\/07\/lueftung-1-300x169.png 300w, https:\/\/emdatec.de\/wp-content\/uploads\/2023\/07\/lueftung-1-768x432.png 768w\" sizes=\"(max-width: 800px) 100vw, 800px\" \/>\t\t\t\t\t\t\t\t\t\t\t\t\t\t\t<\/div>\n\t\t\t\t<\/div>\n\t\t\t\t\t<\/div>\n\t\t<\/div>\n\t\t\t\t\t<\/div>\n\t\t<\/section>\n\t\t\t\t<section class=\"elementor-section elementor-top-section elementor-element elementor-element-48a188e9 elementor-section-boxed elementor-section-height-default elementor-section-height-default\" data-id=\"48a188e9\" data-element_type=\"section\" data-e-type=\"section\">\n\t\t\t\t\t\t<div class=\"elementor-container elementor-column-gap-default\">\n\t\t\t\t\t<div class=\"elementor-column elementor-col-100 elementor-top-column elementor-element elementor-element-35c23686\" data-id=\"35c23686\" data-element_type=\"column\" data-e-type=\"column\">\n\t\t\t<div class=\"elementor-widget-wrap elementor-element-populated\">\n\t\t\t\t\t\t<div class=\"elementor-element elementor-element-6069d4de Custom_title elementor-widget elementor-widget-heading\" data-id=\"6069d4de\" data-element_type=\"widget\" data-e-type=\"widget\" data-widget_type=\"heading.default\">\n\t\t\t\t<div class=\"elementor-widget-container\">\n\t\t\t\t\t<h2 class=\"elementor-heading-title elementor-size-default\">Traufenbel\u00fcftungsprofile<\/h2>\t\t\t\t<\/div>\n\t\t\t\t<\/div>\n\t\t\t\t<div class=\"elementor-element elementor-element-2c7678d6 elementor-widget elementor-widget-text-editor\" data-id=\"2c7678d6\" data-element_type=\"widget\" data-e-type=\"widget\" data-widget_type=\"text-editor.default\">\n\t\t\t\t<div class=\"elementor-widget-container\">\n\t\t\t\t\t\t\t\t\t<p>Traufenbel\u00fcftungsprofile in verschiedenen Ausf\u00fchrungen, u.a. L\u00fcftungsleiste mit Kamm (TLLK), L\u00fcftungsleiste ohne Kamm (TLLOK) und Leiste ohne Bel\u00fcftung mit Kamm (TLK). In drei verschiedenen Farben erh\u00e4ltlich (siehe Abbildungen).\u00a0<\/p>\t\t\t\t\t\t\t\t<\/div>\n\t\t\t\t<\/div>\n\t\t\t\t\t<\/div>\n\t\t<\/div>\n\t\t\t\t\t<\/div>\n\t\t<\/section>\n\t\t\t\t<section class=\"elementor-section elementor-top-section elementor-element elementor-element-545e657f steildach-outer elementor-section-boxed elementor-section-height-default elementor-section-height-default\" data-id=\"545e657f\" data-element_type=\"section\" data-e-type=\"section\">\n\t\t\t\t\t\t<div class=\"elementor-container elementor-column-gap-default\">\n\t\t\t\t\t<div class=\"elementor-column elementor-col-100 elementor-top-column elementor-element elementor-element-4b1252c0\" data-id=\"4b1252c0\" data-element_type=\"column\" data-e-type=\"column\">\n\t\t\t<div class=\"elementor-widget-wrap elementor-element-populated\">\n\t\t\t\t\t\t<div class=\"elementor-element elementor-element-3df793a2 elementor-view-stacked elementor-position-inline-start elementor-widget__width-initial Custom_list elementor-mobile-position-inline-start elementor-shape-circle elementor-widget elementor-widget-icon-box\" data-id=\"3df793a2\" data-element_type=\"widget\" data-e-type=\"widget\" data-widget_type=\"icon-box.default\">\n\t\t\t\t<div class=\"elementor-widget-container\">\n\t\t\t\t\t\t\t<div class=\"elementor-icon-box-wrapper\">\n\n\t\t\t\t\t\t<div class=\"elementor-icon-box-icon\">\n\t\t\t\t<span  class=\"elementor-icon\">\n\t\t\t\t<svg xmlns=\"http:\/\/www.w3.org\/2000\/svg\" xmlns:xlink=\"http:\/\/www.w3.org\/1999\/xlink\" id=\"Ebene_1\" x=\"0px\" y=\"0px\" viewBox=\"0 0 8.5 8.5\" height=\"150\" width=\"150\" style=\"enable-background:new 0 0 8.5 8.5;\" xml:space=\"preserve\"><style type=\"text\/css\">\t.st0{clip-path:url(#SVGID_2_);fill:none;stroke:#FFFFFF;stroke-width:1.097;}<\/style><g>\t<defs>\t\t<rect id=\"SVGID_1_\" x=\"2.3\" y=\"1.5\" width=\"3.9\" height=\"6\"><\/rect>\t<\/defs>\t<clipPath id=\"SVGID_2_\">\t\t<use xlink:href=\"#SVGID_1_\" style=\"overflow:visible;\"><\/use>\t<\/clipPath>\t<polyline class=\"st0\" points=\"2.8,3.7 3.7,6.1 5.7,1.7  \"><\/polyline><\/g><\/svg>\t\t\t\t<\/span>\n\t\t\t<\/div>\n\t\t\t\n\t\t\t\t\t\t<div class=\"elementor-icon-box-content\">\n\n\t\t\t\t\t\t\t\t\t<span class=\"elementor-icon-box-title\">\n\t\t\t\t\t\t<span  >\n\t\t\t\t\t\t\tSchlagfest und UV-best\u00e4ndig\t\t\t\t\t\t<\/span>\n\t\t\t\t\t<\/span>\n\t\t\t\t\n\t\t\t\t\n\t\t\t<\/div>\n\t\t\t\n\t\t<\/div>\n\t\t\t\t\t\t<\/div>\n\t\t\t\t<\/div>\n\t\t\t\t<div class=\"elementor-element elementor-element-4d5e80ed elementor-view-stacked elementor-position-inline-start elementor-widget__width-initial elementor-mobile-position-inline-start elementor-shape-circle elementor-widget elementor-widget-icon-box\" data-id=\"4d5e80ed\" data-element_type=\"widget\" data-e-type=\"widget\" data-widget_type=\"icon-box.default\">\n\t\t\t\t<div class=\"elementor-widget-container\">\n\t\t\t\t\t\t\t<div class=\"elementor-icon-box-wrapper\">\n\n\t\t\t\t\t\t<div class=\"elementor-icon-box-icon\">\n\t\t\t\t<span  class=\"elementor-icon\">\n\t\t\t\t<svg xmlns=\"http:\/\/www.w3.org\/2000\/svg\" xmlns:xlink=\"http:\/\/www.w3.org\/1999\/xlink\" id=\"Ebene_1\" x=\"0px\" y=\"0px\" viewBox=\"0 0 8.5 8.5\" height=\"150\" width=\"150\" style=\"enable-background:new 0 0 8.5 8.5;\" xml:space=\"preserve\"><style type=\"text\/css\">\t.st0{clip-path:url(#SVGID_2_);fill:none;stroke:#FFFFFF;stroke-width:1.097;}<\/style><g>\t<defs>\t\t<rect id=\"SVGID_1_\" x=\"2.3\" y=\"1.5\" width=\"3.9\" height=\"6\"><\/rect>\t<\/defs>\t<clipPath id=\"SVGID_2_\">\t\t<use xlink:href=\"#SVGID_1_\" style=\"overflow:visible;\"><\/use>\t<\/clipPath>\t<polyline class=\"st0\" points=\"2.8,3.7 3.7,6.1 5.7,1.7  \"><\/polyline><\/g><\/svg>\t\t\t\t<\/span>\n\t\t\t<\/div>\n\t\t\t\n\t\t\t\t\t\t<div class=\"elementor-icon-box-content\">\n\n\t\t\t\t\t\t\t\t\t<span class=\"elementor-icon-box-title\">\n\t\t\t\t\t\t<span  >\n\t\t\t\t\t\t\tEinfach und schnell zu verlegen\t\t\t\t\t\t<\/span>\n\t\t\t\t\t<\/span>\n\t\t\t\t\n\t\t\t\t\n\t\t\t<\/div>\n\t\t\t\n\t\t<\/div>\n\t\t\t\t\t\t<\/div>\n\t\t\t\t<\/div>\n\t\t\t\t<div class=\"elementor-element elementor-element-21321a91 elementor-view-stacked elementor-position-inline-start elementor-widget__width-initial elementor-mobile-position-inline-start elementor-shape-circle elementor-widget elementor-widget-icon-box\" data-id=\"21321a91\" data-element_type=\"widget\" data-e-type=\"widget\" data-widget_type=\"icon-box.default\">\n\t\t\t\t<div class=\"elementor-widget-container\">\n\t\t\t\t\t\t\t<div class=\"elementor-icon-box-wrapper\">\n\n\t\t\t\t\t\t<div class=\"elementor-icon-box-icon\">\n\t\t\t\t<span  class=\"elementor-icon\">\n\t\t\t\t<svg xmlns=\"http:\/\/www.w3.org\/2000\/svg\" xmlns:xlink=\"http:\/\/www.w3.org\/1999\/xlink\" id=\"Ebene_1\" x=\"0px\" y=\"0px\" viewBox=\"0 0 8.5 8.5\" height=\"150\" width=\"150\" style=\"enable-background:new 0 0 8.5 8.5;\" xml:space=\"preserve\"><style type=\"text\/css\">\t.st0{clip-path:url(#SVGID_2_);fill:none;stroke:#FFFFFF;stroke-width:1.097;}<\/style><g>\t<defs>\t\t<rect id=\"SVGID_1_\" x=\"2.3\" y=\"1.5\" width=\"3.9\" height=\"6\"><\/rect>\t<\/defs>\t<clipPath id=\"SVGID_2_\">\t\t<use xlink:href=\"#SVGID_1_\" style=\"overflow:visible;\"><\/use>\t<\/clipPath>\t<polyline class=\"st0\" points=\"2.8,3.7 3.7,6.1 5.7,1.7  \"><\/polyline><\/g><\/svg>\t\t\t\t<\/span>\n\t\t\t<\/div>\n\t\t\t\n\t\t\t\t\t\t<div class=\"elementor-icon-box-content\">\n\n\t\t\t\t\t\t\t\t\t<span class=\"elementor-icon-box-title\">\n\t\t\t\t\t\t<span  >\n\t\t\t\t\t\t\tWitterungsbest\u00e4ndig\t\t\t\t\t\t<\/span>\n\t\t\t\t\t<\/span>\n\t\t\t\t\n\t\t\t\t\n\t\t\t<\/div>\n\t\t\t\n\t\t<\/div>\n\t\t\t\t\t\t<\/div>\n\t\t\t\t<\/div>\n\t\t\t\t\t<\/div>\n\t\t<\/div>\n\t\t\t\t\t<\/div>\n\t\t<\/section>\n\t\t\t\t<section class=\"elementor-section elementor-top-section elementor-element elementor-element-58763a5a elementor-section-boxed elementor-section-height-default elementor-section-height-default\" data-id=\"58763a5a\" data-element_type=\"section\" data-e-type=\"section\">\n\t\t\t\t\t\t<div class=\"elementor-container elementor-column-gap-default\">\n\t\t\t\t\t<div class=\"elementor-column elementor-col-100 elementor-top-column elementor-element elementor-element-2d1b685\" data-id=\"2d1b685\" data-element_type=\"column\" data-e-type=\"column\">\n\t\t\t<div class=\"elementor-widget-wrap elementor-element-populated\">\n\t\t\t\t\t\t<div class=\"elementor-element elementor-element-1dea9405 elementor-widget elementor-widget-text-editor\" data-id=\"1dea9405\" data-element_type=\"widget\" data-e-type=\"widget\" data-widget_type=\"text-editor.default\">\n\t\t\t\t<div class=\"elementor-widget-container\">\n\t\t\t\t\t\t\t\t\t<p>Sie haben Interesse an\u00a0<strong>EMDA L\u00dcFTUNGSLEISTEN<\/strong>\u00a0oder haben weitere Fragen zu diesem Produkt?\u00a0Dann kontaktieren Sie uns gern!<\/p>\t\t\t\t\t\t\t\t<\/div>\n\t\t\t\t<\/div>\n\t\t\t\t<div class=\"elementor-element elementor-element-62f91aa6 elementor-align-left Custom-btn elementor-widget elementor-widget-button\" data-id=\"62f91aa6\" data-element_type=\"widget\" data-e-type=\"widget\" data-widget_type=\"button.default\">\n\t\t\t\t<div class=\"elementor-widget-container\">\n\t\t\t\t\t\t\t\t\t<div class=\"elementor-button-wrapper\">\n\t\t\t\t\t<a class=\"elementor-button elementor-button-link elementor-size-sm\" href=\"tel:+49(0)2572%209323-0\">\n\t\t\t\t\t\t<span class=\"elementor-button-content-wrapper\">\n\t\t\t\t\t\t\t\t\t<span class=\"elementor-button-text\">+49(0)2572 9323-0<\/span>\n\t\t\t\t\t<\/span>\n\t\t\t\t\t<\/a>\n\t\t\t\t<\/div>\n\t\t\t\t\t\t\t\t<\/div>\n\t\t\t\t<\/div>\n\t\t\t\t<div class=\"elementor-element elementor-element-30a7e1aa elementor-align-left Custom-btn elementor-widget elementor-widget-button\" data-id=\"30a7e1aa\" data-element_type=\"widget\" data-e-type=\"widget\" data-widget_type=\"button.default\">\n\t\t\t\t<div class=\"elementor-widget-container\">\n\t\t\t\t\t\t\t\t\t<div class=\"elementor-button-wrapper\">\n\t\t\t\t\t<a class=\"elementor-button elementor-button-link elementor-size-sm\" href=\"mailto:info@emdatec.de\">\n\t\t\t\t\t\t<span class=\"elementor-button-content-wrapper\">\n\t\t\t\t\t\t\t\t\t<span class=\"elementor-button-text\">info@emdatec.de<\/span>\n\t\t\t\t\t<\/span>\n\t\t\t\t\t<\/a>\n\t\t\t\t<\/div>\n\t\t\t\t\t\t\t\t<\/div>\n\t\t\t\t<\/div>\n\t\t\t\t<div class=\"elementor-element elementor-element-32971943 elementor-widget elementor-widget-spacer\" data-id=\"32971943\" data-element_type=\"widget\" data-e-type=\"widget\" data-widget_type=\"spacer.default\">\n\t\t\t\t<div class=\"elementor-widget-container\">\n\t\t\t\t\t\t\t<div class=\"elementor-spacer\">\n\t\t\t<div class=\"elementor-spacer-inner\"><\/div>\n\t\t<\/div>\n\t\t\t\t\t\t<\/div>\n\t\t\t\t<\/div>\n\t\t\t\t\t<\/div>\n\t\t<\/div>\n\t\t\t\t\t<\/div>\n\t\t<\/section>\n\t\t\t\t<section class=\"elementor-section elementor-top-section elementor-element elementor-element-66734f27 elementor-section-boxed elementor-section-height-default elementor-section-height-default\" data-id=\"66734f27\" data-element_type=\"section\" data-e-type=\"section\">\n\t\t\t\t\t\t<div class=\"elementor-container elementor-column-gap-default\">\n\t\t\t\t\t<div class=\"elementor-column elementor-col-100 elementor-top-column elementor-element elementor-element-6c4f3510\" data-id=\"6c4f3510\" data-element_type=\"column\" data-e-type=\"column\">\n\t\t\t<div class=\"elementor-widget-wrap elementor-element-populated\">\n\t\t\t\t\t\t<div class=\"elementor-element elementor-element-22147406 Custom_title elementor-widget elementor-widget-heading\" data-id=\"22147406\" data-element_type=\"widget\" data-e-type=\"widget\" data-widget_type=\"heading.default\">\n\t\t\t\t<div class=\"elementor-widget-container\">\n\t\t\t\t\t<h2 class=\"elementor-heading-title elementor-size-default\">Traufenbel\u00fcftungsprofile f\u00fcr Ihr Steildach<\/h2>\t\t\t\t<\/div>\n\t\t\t\t<\/div>\n\t\t\t\t<div class=\"elementor-element elementor-element-3dc258ca elementor-widget elementor-widget-text-editor\" data-id=\"3dc258ca\" data-element_type=\"widget\" data-e-type=\"widget\" data-widget_type=\"text-editor.default\">\n\t\t\t\t<div class=\"elementor-widget-container\">\n\t\t\t\t\t\t\t\t\t<p class=\"PlaygroundEditorTheme__paragraph\" dir=\"ltr\">Das <b><strong class=\"PlaygroundEditorTheme__textBold\">EMDATEC Traufenbel\u00fcftungsprofil<\/strong><\/b> ist eine hervorragende Wahl, wenn es um die optimale Bel\u00fcftung Ihrer D\u00e4cher geht. Die robuste Ausf\u00fchrung in eleganter Farbe gew\u00e4hrleistet nicht nur eine ansprechende Optik, sondern auch eine <b><strong class=\"PlaygroundEditorTheme__textBold\">hohe Widerstandsf\u00e4higkeit gegen Witterungseinfl\u00fcsse<\/strong><\/b>. So k\u00f6nnen Sie sicher sein, dass Ihre Dachkonstruktion \u00fcber Jahre hinweg optimal gesch\u00fctzt ist.<\/p><p class=\"PlaygroundEditorTheme__paragraph\" dir=\"ltr\">Die Vorteile unseres Traufenbel\u00fcftungsprofils sind vielf\u00e4ltig. Es sorgt f\u00fcr einen sauberen und b\u00fcndigen Abschluss Ihrer Fassade zur horizontalen und schr\u00e4gen Dachseite, was insbesondere bei Neubauten und Renovierungen von Bedeutung ist. Durch die effektive Traufenbel\u00fcftung wird die Bildung von Feuchtigkeit im Dachraum erheblich reduziert, wodurch das Risiko von Schimmel und anderen sch\u00e4dlichen Mikroorganismen minimiert wird. F\u00fcr Bauprojekte, bei denen eine langfristige Investition in die Qualit\u00e4t und Langlebigkeit von D\u00e4chern angestrebt wird, ist dieses Produkt unerl\u00e4sslich.<\/p><p class=\"PlaygroundEditorTheme__paragraph\" dir=\"ltr\">Die Anwendung des EMDATEC Traufenbel\u00fcftungsprofils ist denkbar einfach. Es eignet sich ideal f\u00fcr die Verwendung in Kombination mit verschiedenen Dachmaterialien und kann problemlos in bestehende Strukturen integriert werden. Egal, ob Sie mit Holz, Putz oder anderen Baustoffen arbeiten, dieses Traufenbel\u00fcftungsprofil wird Ihren Anforderungen gerecht.<\/p><p class=\"PlaygroundEditorTheme__paragraph\" dir=\"ltr\">Die richtige <b><strong class=\"PlaygroundEditorTheme__textBold\">Traufenbel\u00fcftung<\/strong><\/b> spielt eine <b><strong class=\"PlaygroundEditorTheme__textBold\">entscheidende Rolle f\u00fcr die Langlebigkeit von D\u00e4chern<\/strong><\/b>. Durch eine effektive Bel\u00fcftung wird nicht nur die Lebensdauer der Dachkonstruktion erh\u00f6ht, sondern auch die Energieeffizienz Ihres Geb\u00e4udes verbessert. Lassen Sie sich von den Eigenschaften und Vorteilen des Traufenbel\u00fcftungsprofils \u00fcberzeugen und gew\u00e4hrleisten Sie so eine optimale Luftzirkulation in Ihren Dachr\u00e4umen.<\/p>\t\t\t\t\t\t\t\t<\/div>\n\t\t\t\t<\/div>\n\t\t\t\t<div class=\"elementor-element elementor-element-24882394 elementor-widget elementor-widget-spacer\" data-id=\"24882394\" data-element_type=\"widget\" data-e-type=\"widget\" data-widget_type=\"spacer.default\">\n\t\t\t\t<div class=\"elementor-widget-container\">\n\t\t\t\t\t\t\t<div class=\"elementor-spacer\">\n\t\t\t<div class=\"elementor-spacer-inner\"><\/div>\n\t\t<\/div>\n\t\t\t\t\t\t<\/div>\n\t\t\t\t<\/div>\n\t\t\t\t\t<\/div>\n\t\t<\/div>\n\t\t\t\t\t<\/div>\n\t\t<\/section>\n\t\t\t\t<\/div>\n\t\t","protected":false},"excerpt":{"rendered":"<p>Traufenbel\u00fcftungsprofile Traufenbel\u00fcftungsprofile in verschiedenen Ausf\u00fchrungen, u.a. L\u00fcftungsleiste mit Kamm (TLLK), L\u00fcftungsleiste ohne Kamm (TLLOK) und Leiste ohne Bel\u00fcftung mit Kamm (TLK). In drei verschiedenen Farben erh\u00e4ltlich (siehe Abbildungen).\u00a0 Schlagfest und UV-best\u00e4ndig Einfach und schnell zu verlegen Witterungsbest\u00e4ndig Sie haben Interesse an\u00a0EMDA L\u00dcFTUNGSLEISTEN\u00a0oder haben weitere Fragen zu diesem Produkt?\u00a0Dann kontaktieren Sie uns gern! +49(0)2572 9323-0 info@emdatec.de [&hellip;]<\/p>\n","protected":false},"author":1,"featured_media":0,"parent":0,"menu_order":0,"comment_status":"closed","ping_status":"closed","template":"","meta":{"_acf_changed":false,"footnotes":""},"class_list":["post-9114","page","type-page","status-publish","hentry"],"acf":[],"yoast_head":"<!-- This site is optimized with the Yoast SEO plugin v27.2 - https:\/\/yoast.com\/product\/yoast-seo-wordpress\/ -->\n<title>Traufenbel\u00fcftungsprofil - Dachbel\u00fcftung &amp; Schutz | EMDATEC GmbH<\/title>\n<meta name=\"description\" content=\"Das Traufenbel\u00fcftungsprofil sorgt f\u00fcr effektive Dachbel\u00fcftung und sch\u00fctzt vor Feuchtigkeit. Ideal f\u00fcr Neubauten und Renovierungen. Direkt mehr Erfahren!\" \/>\n<meta name=\"robots\" content=\"index, follow, max-snippet:-1, max-image-preview:large, max-video-preview:-1\" \/>\n<link rel=\"canonical\" href=\"https:\/\/emdatec.de\/de\/traufenbelueftungsprofil\/\" \/>\n<meta property=\"og:locale\" content=\"de_DE\" \/>\n<meta property=\"og:type\" content=\"article\" \/>\n<meta property=\"og:title\" content=\"Traufenbel\u00fcftungsprofil - Dachbel\u00fcftung &amp; Schutz | EMDATEC GmbH\" \/>\n<meta property=\"og:description\" content=\"Das Traufenbel\u00fcftungsprofil sorgt f\u00fcr effektive Dachbel\u00fcftung und sch\u00fctzt vor Feuchtigkeit. Ideal f\u00fcr Neubauten und Renovierungen. Direkt mehr Erfahren!\" \/>\n<meta property=\"og:url\" content=\"https:\/\/emdatec.de\/de\/traufenbelueftungsprofil\/\" \/>\n<meta property=\"og:site_name\" content=\"Emdatec\" \/>\n<meta property=\"article:publisher\" content=\"https:\/\/www.facebook.com\/people\/Emdatec-GmbH\/100054446773033\/?locale=de_DE\" \/>\n<meta property=\"article:modified_time\" content=\"2024-08-20T11:25:42+00:00\" \/>\n<meta property=\"og:image\" content=\"https:\/\/emdatec.de\/wp-content\/uploads\/2023\/07\/lueftung-1.png\" \/>\n<meta name=\"twitter:card\" content=\"summary_large_image\" \/>\n<meta name=\"twitter:label1\" content=\"Gesch\u00e4tzte Lesezeit\" \/>\n\t<meta name=\"twitter:data1\" content=\"2\u00a0Minuten\" \/>\n<script type=\"application\/ld+json\" class=\"yoast-schema-graph\">{\"@context\":\"https:\/\/schema.org\",\"@graph\":[{\"@type\":\"WebPage\",\"@id\":\"https:\/\/emdatec.de\/de\/traufenbelueftungsprofil\/\",\"url\":\"https:\/\/emdatec.de\/de\/traufenbelueftungsprofil\/\",\"name\":\"Traufenbel\u00fcftungsprofil - Dachbel\u00fcftung & Schutz | EMDATEC GmbH\",\"isPartOf\":{\"@id\":\"https:\/\/emdatec.de\/de\/#website\"},\"primaryImageOfPage\":{\"@id\":\"https:\/\/emdatec.de\/de\/traufenbelueftungsprofil\/#primaryimage\"},\"image\":{\"@id\":\"https:\/\/emdatec.de\/de\/traufenbelueftungsprofil\/#primaryimage\"},\"thumbnailUrl\":\"https:\/\/emdatec.de\/wp-content\/uploads\/2023\/07\/lueftung-1.png\",\"datePublished\":\"2024-08-20T10:46:34+00:00\",\"dateModified\":\"2024-08-20T11:25:42+00:00\",\"description\":\"Das Traufenbel\u00fcftungsprofil sorgt f\u00fcr effektive Dachbel\u00fcftung und sch\u00fctzt vor Feuchtigkeit. Ideal f\u00fcr Neubauten und Renovierungen. Direkt mehr Erfahren!\",\"inLanguage\":\"de\",\"potentialAction\":[{\"@type\":\"ReadAction\",\"target\":[\"https:\/\/emdatec.de\/de\/traufenbelueftungsprofil\/\"]}]},{\"@type\":\"ImageObject\",\"inLanguage\":\"de\",\"@id\":\"https:\/\/emdatec.de\/de\/traufenbelueftungsprofil\/#primaryimage\",\"url\":\"https:\/\/emdatec.de\/wp-content\/uploads\/2023\/07\/lueftung-1.png\",\"contentUrl\":\"https:\/\/emdatec.de\/wp-content\/uploads\/2023\/07\/lueftung-1.png\"},{\"@type\":\"WebSite\",\"@id\":\"https:\/\/emdatec.de\/de\/#website\",\"url\":\"https:\/\/emdatec.de\/de\/\",\"name\":\"Emdatec\",\"description\":\"\",\"publisher\":{\"@id\":\"https:\/\/emdatec.de\/de\/#organization\"},\"potentialAction\":[{\"@type\":\"SearchAction\",\"target\":{\"@type\":\"EntryPoint\",\"urlTemplate\":\"https:\/\/emdatec.de\/de\/?s={search_term_string}\"},\"query-input\":{\"@type\":\"PropertyValueSpecification\",\"valueRequired\":true,\"valueName\":\"search_term_string\"}}],\"inLanguage\":\"de\"},{\"@type\":\"Organization\",\"@id\":\"https:\/\/emdatec.de\/de\/#organization\",\"name\":\"EMDATEC GmbH\",\"url\":\"https:\/\/emdatec.de\/de\/\",\"logo\":{\"@type\":\"ImageObject\",\"inLanguage\":\"de\",\"@id\":\"https:\/\/emdatec.de\/de\/#\/schema\/logo\/image\/\",\"url\":\"https:\/\/emdatec.de\/wp-content\/uploads\/2023\/07\/logo.png\",\"contentUrl\":\"https:\/\/emdatec.de\/wp-content\/uploads\/2023\/07\/logo.png\",\"width\":758,\"height\":289,\"caption\":\"EMDATEC GmbH\"},\"image\":{\"@id\":\"https:\/\/emdatec.de\/de\/#\/schema\/logo\/image\/\"},\"sameAs\":[\"https:\/\/www.facebook.com\/people\/Emdatec-GmbH\/100054446773033\/?locale=de_DE\"]}]}<\/script>\n<!-- \/ Yoast SEO plugin. -->","yoast_head_json":{"title":"Traufenbel\u00fcftungsprofil - Dachbel\u00fcftung & Schutz | EMDATEC GmbH","description":"Das Traufenbel\u00fcftungsprofil sorgt f\u00fcr effektive Dachbel\u00fcftung und sch\u00fctzt vor Feuchtigkeit. Ideal f\u00fcr Neubauten und Renovierungen. Direkt mehr Erfahren!","robots":{"index":"index","follow":"follow","max-snippet":"max-snippet:-1","max-image-preview":"max-image-preview:large","max-video-preview":"max-video-preview:-1"},"canonical":"https:\/\/emdatec.de\/de\/traufenbelueftungsprofil\/","og_locale":"de_DE","og_type":"article","og_title":"Traufenbel\u00fcftungsprofil - Dachbel\u00fcftung & Schutz | EMDATEC GmbH","og_description":"Das Traufenbel\u00fcftungsprofil sorgt f\u00fcr effektive Dachbel\u00fcftung und sch\u00fctzt vor Feuchtigkeit. Ideal f\u00fcr Neubauten und Renovierungen. Direkt mehr Erfahren!","og_url":"https:\/\/emdatec.de\/de\/traufenbelueftungsprofil\/","og_site_name":"Emdatec","article_publisher":"https:\/\/www.facebook.com\/people\/Emdatec-GmbH\/100054446773033\/?locale=de_DE","article_modified_time":"2024-08-20T11:25:42+00:00","og_image":[{"url":"https:\/\/emdatec.de\/wp-content\/uploads\/2023\/07\/lueftung-1.png","type":"","width":"","height":""}],"twitter_card":"summary_large_image","twitter_misc":{"Gesch\u00e4tzte Lesezeit":"2\u00a0Minuten"},"schema":{"@context":"https:\/\/schema.org","@graph":[{"@type":"WebPage","@id":"https:\/\/emdatec.de\/de\/traufenbelueftungsprofil\/","url":"https:\/\/emdatec.de\/de\/traufenbelueftungsprofil\/","name":"Traufenbel\u00fcftungsprofil - Dachbel\u00fcftung & Schutz | EMDATEC GmbH","isPartOf":{"@id":"https:\/\/emdatec.de\/de\/#website"},"primaryImageOfPage":{"@id":"https:\/\/emdatec.de\/de\/traufenbelueftungsprofil\/#primaryimage"},"image":{"@id":"https:\/\/emdatec.de\/de\/traufenbelueftungsprofil\/#primaryimage"},"thumbnailUrl":"https:\/\/emdatec.de\/wp-content\/uploads\/2023\/07\/lueftung-1.png","datePublished":"2024-08-20T10:46:34+00:00","dateModified":"2024-08-20T11:25:42+00:00","description":"Das Traufenbel\u00fcftungsprofil sorgt f\u00fcr effektive Dachbel\u00fcftung und sch\u00fctzt vor Feuchtigkeit. Ideal f\u00fcr Neubauten und Renovierungen. Direkt mehr Erfahren!","inLanguage":"de","potentialAction":[{"@type":"ReadAction","target":["https:\/\/emdatec.de\/de\/traufenbelueftungsprofil\/"]}]},{"@type":"ImageObject","inLanguage":"de","@id":"https:\/\/emdatec.de\/de\/traufenbelueftungsprofil\/#primaryimage","url":"https:\/\/emdatec.de\/wp-content\/uploads\/2023\/07\/lueftung-1.png","contentUrl":"https:\/\/emdatec.de\/wp-content\/uploads\/2023\/07\/lueftung-1.png"},{"@type":"WebSite","@id":"https:\/\/emdatec.de\/de\/#website","url":"https:\/\/emdatec.de\/de\/","name":"Emdatec","description":"","publisher":{"@id":"https:\/\/emdatec.de\/de\/#organization"},"potentialAction":[{"@type":"SearchAction","target":{"@type":"EntryPoint","urlTemplate":"https:\/\/emdatec.de\/de\/?s={search_term_string}"},"query-input":{"@type":"PropertyValueSpecification","valueRequired":true,"valueName":"search_term_string"}}],"inLanguage":"de"},{"@type":"Organization","@id":"https:\/\/emdatec.de\/de\/#organization","name":"EMDATEC GmbH","url":"https:\/\/emdatec.de\/de\/","logo":{"@type":"ImageObject","inLanguage":"de","@id":"https:\/\/emdatec.de\/de\/#\/schema\/logo\/image\/","url":"https:\/\/emdatec.de\/wp-content\/uploads\/2023\/07\/logo.png","contentUrl":"https:\/\/emdatec.de\/wp-content\/uploads\/2023\/07\/logo.png","width":758,"height":289,"caption":"EMDATEC GmbH"},"image":{"@id":"https:\/\/emdatec.de\/de\/#\/schema\/logo\/image\/"},"sameAs":["https:\/\/www.facebook.com\/people\/Emdatec-GmbH\/100054446773033\/?locale=de_DE"]}]}},"_links":{"self":[{"href":"https:\/\/emdatec.de\/de\/wp-json\/wp\/v2\/pages\/9114","targetHints":{"allow":["GET"]}}],"collection":[{"href":"https:\/\/emdatec.de\/de\/wp-json\/wp\/v2\/pages"}],"about":[{"href":"https:\/\/emdatec.de\/de\/wp-json\/wp\/v2\/types\/page"}],"author":[{"embeddable":true,"href":"https:\/\/emdatec.de\/de\/wp-json\/wp\/v2\/users\/1"}],"replies":[{"embeddable":true,"href":"https:\/\/emdatec.de\/de\/wp-json\/wp\/v2\/comments?post=9114"}],"version-history":[{"count":13,"href":"https:\/\/emdatec.de\/de\/wp-json\/wp\/v2\/pages\/9114\/revisions"}],"predecessor-version":[{"id":9134,"href":"https:\/\/emdatec.de\/de\/wp-json\/wp\/v2\/pages\/9114\/revisions\/9134"}],"wp:attachment":[{"href":"https:\/\/emdatec.de\/de\/wp-json\/wp\/v2\/media?parent=9114"}],"curies":[{"name":"wp","href":"https:\/\/api.w.org\/{rel}","templated":true}]}}