{"id":9126,"date":"2024-08-20T11:23:30","date_gmt":"2024-08-20T11:23:30","guid":{"rendered":"https:\/\/emdatec.de\/?page_id=9126"},"modified":"2024-08-20T11:26:18","modified_gmt":"2024-08-20T11:26:18","slug":"wandanschluss-steildach","status":"publish","type":"page","link":"https:\/\/emdatec.de\/de\/wandanschluss-steildach\/","title":{"rendered":"Wandanschluss Steildach"},"content":{"rendered":"\t\t<div data-elementor-type=\"wp-page\" data-elementor-id=\"9126\" class=\"elementor elementor-9126\" data-elementor-post-type=\"page\">\n\t\t\t\t\t\t<section class=\"elementor-section elementor-top-section elementor-element elementor-element-6e126d60 elementor-section-boxed elementor-section-height-default elementor-section-height-default\" data-id=\"6e126d60\" data-element_type=\"section\" data-e-type=\"section\">\n\t\t\t\t\t\t<div class=\"elementor-container elementor-column-gap-default\">\n\t\t\t\t\t<div class=\"elementor-column elementor-col-100 elementor-top-column elementor-element elementor-element-6ca355d5\" data-id=\"6ca355d5\" data-element_type=\"column\" data-e-type=\"column\">\n\t\t\t<div class=\"elementor-widget-wrap elementor-element-populated\">\n\t\t\t\t\t\t<section class=\"elementor-section elementor-inner-section elementor-element elementor-element-ff079b8 elementor-section-boxed elementor-section-height-default elementor-section-height-default\" data-id=\"ff079b8\" data-element_type=\"section\" data-e-type=\"section\">\n\t\t\t\t\t\t<div class=\"elementor-container elementor-column-gap-default\">\n\t\t\t\t\t<div class=\"elementor-column elementor-col-25 elementor-inner-column elementor-element elementor-element-1ce82f72\" data-id=\"1ce82f72\" data-element_type=\"column\" data-e-type=\"column\">\n\t\t\t<div class=\"elementor-widget-wrap elementor-element-populated\">\n\t\t\t\t\t\t<div class=\"elementor-element elementor-element-39a26b8d elementor-widget elementor-widget-image\" data-id=\"39a26b8d\" data-element_type=\"widget\" data-e-type=\"widget\" data-widget_type=\"image.default\">\n\t\t\t\t<div class=\"elementor-widget-container\">\n\t\t\t\t\t\t\t\t\t\t\t\t\t\t\t\t<a href=\"https:\/\/emdatec.de\/de\/steildach\/kamin-und-wandanschlusse\/emda-aluflex-300-450\/\">\n\t\t\t\t\t\t\t<img fetchpriority=\"high\" decoding=\"async\" width=\"320\" height=\"180\" src=\"https:\/\/emdatec.de\/wp-content\/uploads\/2023\/07\/emda-aluflex.320x180.jpg\" class=\"attachment-large size-large wp-image-829\" alt=\"\" srcset=\"https:\/\/emdatec.de\/wp-content\/uploads\/2023\/07\/emda-aluflex.320x180.jpg 320w, https:\/\/emdatec.de\/wp-content\/uploads\/2023\/07\/emda-aluflex.320x180-300x169.jpg 300w\" sizes=\"(max-width: 320px) 100vw, 320px\" \/>\t\t\t\t\t\t\t\t<\/a>\n\t\t\t\t\t\t\t\t\t\t\t\t\t\t\t<\/div>\n\t\t\t\t<\/div>\n\t\t\t\t<div class=\"elementor-element elementor-element-7a364e30 Custom_title elementor-widget elementor-widget-heading\" data-id=\"7a364e30\" data-element_type=\"widget\" data-e-type=\"widget\" data-widget_type=\"heading.default\">\n\t\t\t\t<div class=\"elementor-widget-container\">\n\t\t\t\t\t<h2 class=\"elementor-heading-title elementor-size-default\"><a href=\"https:\/\/emdatec.de\/de\/steildach\/kamin-und-wandanschlusse\/emda-aluflex-300-450\/\">EMDA ALUFLEX 300 \u2013 450<\/a><\/h2>\t\t\t\t<\/div>\n\t\t\t\t<\/div>\n\t\t\t\t<div class=\"elementor-element elementor-element-13f1f4a5 elementor-widget elementor-widget-text-editor\" data-id=\"13f1f4a5\" data-element_type=\"widget\" data-e-type=\"widget\" data-widget_type=\"text-editor.default\">\n\t\t\t\t<div class=\"elementor-widget-container\">\n\t\t\t\t\t\t\t\t\t<p><a href=\"https:\/\/emdatec.de\/de\/steildach\/kamin-und-wandanschlusse\/emda-aluflex-300-450\/\">Kamin- und Wandanschluss<\/a><\/p>\t\t\t\t\t\t\t\t<\/div>\n\t\t\t\t<\/div>\n\t\t\t\t\t<\/div>\n\t\t<\/div>\n\t\t\t\t<div class=\"elementor-column elementor-col-25 elementor-inner-column elementor-element elementor-element-5dc50372\" data-id=\"5dc50372\" data-element_type=\"column\" data-e-type=\"column\">\n\t\t\t<div class=\"elementor-widget-wrap elementor-element-populated\">\n\t\t\t\t\t\t<div class=\"elementor-element elementor-element-1c4f7416 elementor-widget elementor-widget-image\" data-id=\"1c4f7416\" data-element_type=\"widget\" data-e-type=\"widget\" data-widget_type=\"image.default\">\n\t\t\t\t<div class=\"elementor-widget-container\">\n\t\t\t\t\t\t\t\t\t\t\t\t\t\t\t\t<a href=\"https:\/\/emdatec.de\/de\/steildach\/kamin-und-wandanschlusse\/emda-bleiflex\/\">\n\t\t\t\t\t\t\t<img decoding=\"async\" width=\"320\" height=\"180\" src=\"https:\/\/emdatec.de\/wp-content\/uploads\/2023\/07\/bleiflex-emdatec.320x180.jpg\" class=\"attachment-large size-large wp-image-830\" alt=\"\" srcset=\"https:\/\/emdatec.de\/wp-content\/uploads\/2023\/07\/bleiflex-emdatec.320x180.jpg 320w, https:\/\/emdatec.de\/wp-content\/uploads\/2023\/07\/bleiflex-emdatec.320x180-300x169.jpg 300w\" sizes=\"(max-width: 320px) 100vw, 320px\" \/>\t\t\t\t\t\t\t\t<\/a>\n\t\t\t\t\t\t\t\t\t\t\t\t\t\t\t<\/div>\n\t\t\t\t<\/div>\n\t\t\t\t<div class=\"elementor-element elementor-element-3a97c80a Custom_title elementor-widget elementor-widget-heading\" data-id=\"3a97c80a\" data-element_type=\"widget\" data-e-type=\"widget\" data-widget_type=\"heading.default\">\n\t\t\t\t<div class=\"elementor-widget-container\">\n\t\t\t\t\t<h2 class=\"elementor-heading-title elementor-size-default\"><a href=\"https:\/\/emdatec.de\/de\/steildach\/kamin-und-wandanschlusse\/emda-bleiflex\/\">EMDA BLEIFLEX<\/a><\/h2>\t\t\t\t<\/div>\n\t\t\t\t<\/div>\n\t\t\t\t<div class=\"elementor-element elementor-element-46cd0fea elementor-widget elementor-widget-text-editor\" data-id=\"46cd0fea\" data-element_type=\"widget\" data-e-type=\"widget\" data-widget_type=\"text-editor.default\">\n\t\t\t\t<div class=\"elementor-widget-container\">\n\t\t\t\t\t\t\t\t\t<p><a href=\"https:\/\/emdatec.de\/de\/steildach\/kamin-und-wandanschlusse\/emda-bleiflex\/\">Kamin und Wandanschluss<\/a><\/p>\t\t\t\t\t\t\t\t<\/div>\n\t\t\t\t<\/div>\n\t\t\t\t\t<\/div>\n\t\t<\/div>\n\t\t\t\t<div class=\"elementor-column elementor-col-25 elementor-inner-column elementor-element elementor-element-77ff2af9\" data-id=\"77ff2af9\" data-element_type=\"column\" data-e-type=\"column\">\n\t\t\t<div class=\"elementor-widget-wrap elementor-element-populated\">\n\t\t\t\t\t\t<div class=\"elementor-element elementor-element-64ee74c3 elementor-widget elementor-widget-image\" data-id=\"64ee74c3\" data-element_type=\"widget\" data-e-type=\"widget\" data-widget_type=\"image.default\">\n\t\t\t\t<div class=\"elementor-widget-container\">\n\t\t\t\t\t\t\t\t\t\t\t\t\t\t\t\t<a href=\"https:\/\/emdatec.de\/de\/steildach\/kamin-und-wandanschlusse\/emda-premio-epdm-flex-300\/\">\n\t\t\t\t\t\t\t<img decoding=\"async\" width=\"500\" height=\"282\" src=\"https:\/\/emdatec.de\/wp-content\/uploads\/2023\/07\/epdm.500x282.jpg\" class=\"attachment-large size-large wp-image-831\" alt=\"\" srcset=\"https:\/\/emdatec.de\/wp-content\/uploads\/2023\/07\/epdm.500x282.jpg 500w, https:\/\/emdatec.de\/wp-content\/uploads\/2023\/07\/epdm.500x282-300x169.jpg 300w\" sizes=\"(max-width: 500px) 100vw, 500px\" \/>\t\t\t\t\t\t\t\t<\/a>\n\t\t\t\t\t\t\t\t\t\t\t\t\t\t\t<\/div>\n\t\t\t\t<\/div>\n\t\t\t\t<div class=\"elementor-element elementor-element-428b7a1 Custom_title elementor-widget elementor-widget-heading\" data-id=\"428b7a1\" data-element_type=\"widget\" data-e-type=\"widget\" data-widget_type=\"heading.default\">\n\t\t\t\t<div class=\"elementor-widget-container\">\n\t\t\t\t\t<h2 class=\"elementor-heading-title elementor-size-default\"><a href=\"https:\/\/emdatec.de\/de\/steildach\/kamin-und-wandanschlusse\/emda-premio-epdm-flex-300\/\">EMDA PREMIO EPDM FLEX 300<\/a><\/h2>\t\t\t\t<\/div>\n\t\t\t\t<\/div>\n\t\t\t\t<div class=\"elementor-element elementor-element-32bc5530 elementor-widget elementor-widget-text-editor\" data-id=\"32bc5530\" data-element_type=\"widget\" data-e-type=\"widget\" data-widget_type=\"text-editor.default\">\n\t\t\t\t<div class=\"elementor-widget-container\">\n\t\t\t\t\t\t\t\t\t<p><a href=\"https:\/\/emdatec.de\/de\/steildach\/kamin-und-wandanschlusse\/emda-premio-epdm-flex-300\/\">Kamin- und Wandanschluss<\/a><\/p>\t\t\t\t\t\t\t\t<\/div>\n\t\t\t\t<\/div>\n\t\t\t\t\t<\/div>\n\t\t<\/div>\n\t\t\t\t<div class=\"elementor-column elementor-col-25 elementor-inner-column elementor-element elementor-element-223f8e66\" data-id=\"223f8e66\" data-element_type=\"column\" data-e-type=\"column\">\n\t\t\t<div class=\"elementor-widget-wrap elementor-element-populated\">\n\t\t\t\t\t\t<div class=\"elementor-element elementor-element-6e4ed0d6 elementor-widget elementor-widget-image\" data-id=\"6e4ed0d6\" data-element_type=\"widget\" data-e-type=\"widget\" data-widget_type=\"image.default\">\n\t\t\t\t<div class=\"elementor-widget-container\">\n\t\t\t\t\t\t\t\t\t\t\t\t\t\t\t\t<a href=\"https:\/\/emdatec.de\/de\/steildach\/kamin-und-wandanschlusse\/emda-kupferflex\/\">\n\t\t\t\t\t\t\t<img loading=\"lazy\" decoding=\"async\" width=\"320\" height=\"180\" src=\"https:\/\/emdatec.de\/wp-content\/uploads\/2023\/07\/kupferflex.320x180.jpg\" class=\"attachment-large size-large wp-image-835\" alt=\"\" srcset=\"https:\/\/emdatec.de\/wp-content\/uploads\/2023\/07\/kupferflex.320x180.jpg 320w, https:\/\/emdatec.de\/wp-content\/uploads\/2023\/07\/kupferflex.320x180-300x169.jpg 300w\" sizes=\"(max-width: 320px) 100vw, 320px\" \/>\t\t\t\t\t\t\t\t<\/a>\n\t\t\t\t\t\t\t\t\t\t\t\t\t\t\t<\/div>\n\t\t\t\t<\/div>\n\t\t\t\t<div class=\"elementor-element elementor-element-35d24b24 Custom_title elementor-widget elementor-widget-heading\" data-id=\"35d24b24\" data-element_type=\"widget\" data-e-type=\"widget\" data-widget_type=\"heading.default\">\n\t\t\t\t<div class=\"elementor-widget-container\">\n\t\t\t\t\t<h2 class=\"elementor-heading-title elementor-size-default\"><a href=\"https:\/\/emdatec.de\/de\/steildach\/kamin-und-wandanschlusse\/emda-kupferflex\/\">EMDA KUPFERFLEX<\/a><\/h2>\t\t\t\t<\/div>\n\t\t\t\t<\/div>\n\t\t\t\t<div class=\"elementor-element elementor-element-58bd61c3 elementor-widget elementor-widget-text-editor\" data-id=\"58bd61c3\" data-element_type=\"widget\" data-e-type=\"widget\" data-widget_type=\"text-editor.default\">\n\t\t\t\t<div class=\"elementor-widget-container\">\n\t\t\t\t\t\t\t\t\t<p><a href=\"https:\/\/emdatec.de\/de\/steildach\/kamin-und-wandanschlusse\/emda-kupferflex\/\">Kamin- und Wandanschluss<\/a><\/p>\t\t\t\t\t\t\t\t<\/div>\n\t\t\t\t<\/div>\n\t\t\t\t\t<\/div>\n\t\t<\/div>\n\t\t\t\t\t<\/div>\n\t\t<\/section>\n\t\t\t\t\t<\/div>\n\t\t<\/div>\n\t\t\t\t\t<\/div>\n\t\t<\/section>\n\t\t\t\t<section class=\"elementor-section elementor-top-section elementor-element elementor-element-b62db44 elementor-section-boxed elementor-section-height-default elementor-section-height-default\" data-id=\"b62db44\" data-element_type=\"section\" data-e-type=\"section\">\n\t\t\t\t\t\t<div class=\"elementor-container elementor-column-gap-default\">\n\t\t\t\t\t<div class=\"elementor-column elementor-col-100 elementor-top-column elementor-element elementor-element-e7a0176\" data-id=\"e7a0176\" data-element_type=\"column\" data-e-type=\"column\">\n\t\t\t<div class=\"elementor-widget-wrap elementor-element-populated\">\n\t\t\t\t\t\t<div class=\"elementor-element elementor-element-29d9ccf Custom_title elementor-widget elementor-widget-heading\" data-id=\"29d9ccf\" data-element_type=\"widget\" data-e-type=\"widget\" data-widget_type=\"heading.default\">\n\t\t\t\t<div class=\"elementor-widget-container\">\n\t\t\t\t\t<h2 class=\"elementor-heading-title elementor-size-default\">Steildach Wandanschluss von EMDATEC<\/h2>\t\t\t\t<\/div>\n\t\t\t\t<\/div>\n\t\t\t\t<div class=\"elementor-element elementor-element-083e958 elementor-widget elementor-widget-text-editor\" data-id=\"083e958\" data-element_type=\"widget\" data-e-type=\"widget\" data-widget_type=\"text-editor.default\">\n\t\t\t\t<div class=\"elementor-widget-container\">\n\t\t\t\t\t\t\t\t\t<p class=\"PlaygroundEditorTheme__paragraph\" dir=\"ltr\">Mit dem <b><strong class=\"PlaygroundEditorTheme__textBold\">Wandanschluss f\u00fcr Steild\u00e4cher von EMDATEC<\/strong><\/b> entscheiden Sie sich f\u00fcr eine nachhaltige L\u00f6sung, die sowohl in der Installation als auch in der Leistung \u00fcberzeugt. Dieser hochwertige Wandanschluss ist speziell f\u00fcr die Anforderungen von Steild\u00e4chern entwickelt worden und bietet Ihnen eine exzellente Wetterbest\u00e4ndigkeit, die auf innovativer Technologie basiert. Durch die Verwendung hochwertiger Materialien wird nicht nur eine optimale Abdichtung gew\u00e4hrleistet, sondern auch ein \u00e4sthetisches Erscheinungsbild, das Ihrem Geb\u00e4ude eine saubere und ordentliche Optik verleiht.<\/p><p class=\"PlaygroundEditorTheme__paragraph\" dir=\"ltr\">Die einfache Montage des Wandanschlusses spart Ihnen wertvolle Zeit und Aufwand. Dank der durchdachten Konstruktion passt sich der Anschluss nahtlos an die Dachkonstruktion und die angrenzende Wand an, was ihn zur idealen Wahl f\u00fcr unterschiedlichste Dachneigungen macht. Sie haben die Flexibilit\u00e4t, individuelle L\u00f6sungen f\u00fcr Ihr Bauprojekt zu realisieren, ob bei geneigten oder flachen Dachformen. Dieses Ma\u00df an Anpassungsf\u00e4higkeit ist entscheidend, um den speziellen Anforderungen Ihrer Konstruktion gerecht zu werden.<\/p><p class=\"PlaygroundEditorTheme__paragraph\" dir=\"ltr\">Dar\u00fcber hinaus leisten unsere Wandanschl\u00fcsse einen wichtigen Beitrag zur Langlebigkeit und Nachhaltigkeit Ihrer Bauprojekte. Durch den <b><strong class=\"PlaygroundEditorTheme__textBold\">zuverl\u00e4ssigen Schutz vor Feuchtigkeitssch\u00e4den und \u00e4u\u00dferen Witterungsverh\u00e4ltnissen<\/strong><\/b> wird die Lebensdauer Ihrer D\u00e4cher erheblich verl\u00e4ngert. Investieren Sie in eine zukunftssichere L\u00f6sung, die nicht nur den aktuellen Standards entspricht, sondern auch Ihre langfristigen Ziele in Bezug auf Energieeffizienz und Umweltbewusstsein unterst\u00fctzt.<\/p><p class=\"PlaygroundEditorTheme__paragraph\" dir=\"ltr\">Setzen Sie auf die Qualit\u00e4t und Zuverl\u00e4ssigkeit mit einem Wandanschluss von EMDATEC. Mit unserer Erfahrung und unserem Fokus auf innovative L\u00f6sungen sind wir der Partner, den Sie ben\u00f6tigen, um Ihr Bauprojekt erfolgreich umzusetzen. Kontaktieren Sie uns noch heute und erfahren Sie, wie unsere Produkte Ihnen helfen k\u00f6nnen, die h\u00f6chsten Anspr\u00fcche an Sicherheit, Langlebigkeit und \u00c4sthetik zu erf\u00fcllen.<\/p>\t\t\t\t\t\t\t\t<\/div>\n\t\t\t\t<\/div>\n\t\t\t\t<div class=\"elementor-element elementor-element-0c43965 elementor-widget elementor-widget-spacer\" data-id=\"0c43965\" data-element_type=\"widget\" data-e-type=\"widget\" data-widget_type=\"spacer.default\">\n\t\t\t\t<div class=\"elementor-widget-container\">\n\t\t\t\t\t\t\t<div class=\"elementor-spacer\">\n\t\t\t<div class=\"elementor-spacer-inner\"><\/div>\n\t\t<\/div>\n\t\t\t\t\t\t<\/div>\n\t\t\t\t<\/div>\n\t\t\t\t\t<\/div>\n\t\t<\/div>\n\t\t\t\t\t<\/div>\n\t\t<\/section>\n\t\t\t\t<\/div>\n\t\t","protected":false},"excerpt":{"rendered":"<p>EMDA ALUFLEX 300 \u2013 450 Kamin- und Wandanschluss EMDA BLEIFLEX Kamin und Wandanschluss EMDA PREMIO EPDM FLEX 300 Kamin- und Wandanschluss EMDA KUPFERFLEX Kamin- und Wandanschluss Steildach Wandanschluss von EMDATEC Mit dem Wandanschluss f\u00fcr Steild\u00e4cher von EMDATEC entscheiden Sie sich f\u00fcr eine nachhaltige L\u00f6sung, die sowohl in der Installation als auch in der Leistung \u00fcberzeugt. [&hellip;]<\/p>\n","protected":false},"author":1,"featured_media":0,"parent":0,"menu_order":0,"comment_status":"closed","ping_status":"closed","template":"","meta":{"_acf_changed":false,"footnotes":""},"class_list":["post-9126","page","type-page","status-publish","hentry"],"acf":[],"yoast_head":"<!-- This site is optimized with the Yoast SEO plugin v27.2 - https:\/\/yoast.com\/product\/yoast-seo-wordpress\/ -->\n<title>Wandanschluss f\u00fcrs Steildach - Schutz vor Feuchtigkeit | EMDATEC<\/title>\n<meta name=\"description\" content=\"Finden Sie L\u00f6sungen f\u00fcr den Wandanschluss bei Steild\u00e4chern. Effektiver Schutz vor Witterungseinfl\u00fcssen und langlebige Dichtungen f\u00fcr Ihr Dach.\" \/>\n<meta name=\"robots\" content=\"index, follow, max-snippet:-1, max-image-preview:large, max-video-preview:-1\" \/>\n<link rel=\"canonical\" href=\"https:\/\/emdatec.de\/de\/wandanschluss-steildach\/\" \/>\n<meta property=\"og:locale\" content=\"de_DE\" \/>\n<meta property=\"og:type\" content=\"article\" \/>\n<meta property=\"og:title\" content=\"Wandanschluss f\u00fcrs Steildach - Schutz vor Feuchtigkeit | EMDATEC\" \/>\n<meta property=\"og:description\" content=\"Finden Sie L\u00f6sungen f\u00fcr den Wandanschluss bei Steild\u00e4chern. Effektiver Schutz vor Witterungseinfl\u00fcssen und langlebige Dichtungen f\u00fcr Ihr Dach.\" \/>\n<meta property=\"og:url\" content=\"https:\/\/emdatec.de\/de\/wandanschluss-steildach\/\" \/>\n<meta property=\"og:site_name\" content=\"Emdatec\" \/>\n<meta property=\"article:publisher\" content=\"https:\/\/www.facebook.com\/people\/Emdatec-GmbH\/100054446773033\/?locale=de_DE\" \/>\n<meta property=\"article:modified_time\" content=\"2024-08-20T11:26:18+00:00\" \/>\n<meta property=\"og:image\" content=\"https:\/\/emdatec.de\/wp-content\/uploads\/2023\/07\/emda-aluflex.320x180.jpg\" \/>\n<meta name=\"twitter:card\" content=\"summary_large_image\" \/>\n<meta name=\"twitter:label1\" content=\"Gesch\u00e4tzte Lesezeit\" \/>\n\t<meta name=\"twitter:data1\" content=\"3\u00a0Minuten\" \/>\n<script type=\"application\/ld+json\" class=\"yoast-schema-graph\">{\"@context\":\"https:\/\/schema.org\",\"@graph\":[{\"@type\":\"WebPage\",\"@id\":\"https:\/\/emdatec.de\/de\/wandanschluss-steildach\/\",\"url\":\"https:\/\/emdatec.de\/de\/wandanschluss-steildach\/\",\"name\":\"Wandanschluss f\u00fcrs Steildach - Schutz vor Feuchtigkeit | EMDATEC\",\"isPartOf\":{\"@id\":\"https:\/\/emdatec.de\/de\/#website\"},\"primaryImageOfPage\":{\"@id\":\"https:\/\/emdatec.de\/de\/wandanschluss-steildach\/#primaryimage\"},\"image\":{\"@id\":\"https:\/\/emdatec.de\/de\/wandanschluss-steildach\/#primaryimage\"},\"thumbnailUrl\":\"https:\/\/emdatec.de\/wp-content\/uploads\/2023\/07\/emda-aluflex.320x180.jpg\",\"datePublished\":\"2024-08-20T11:23:30+00:00\",\"dateModified\":\"2024-08-20T11:26:18+00:00\",\"description\":\"Finden Sie L\u00f6sungen f\u00fcr den Wandanschluss bei Steild\u00e4chern. Effektiver Schutz vor Witterungseinfl\u00fcssen und langlebige Dichtungen f\u00fcr Ihr Dach.\",\"inLanguage\":\"de\",\"potentialAction\":[{\"@type\":\"ReadAction\",\"target\":[\"https:\/\/emdatec.de\/de\/wandanschluss-steildach\/\"]}]},{\"@type\":\"ImageObject\",\"inLanguage\":\"de\",\"@id\":\"https:\/\/emdatec.de\/de\/wandanschluss-steildach\/#primaryimage\",\"url\":\"https:\/\/emdatec.de\/wp-content\/uploads\/2023\/07\/emda-aluflex.320x180.jpg\",\"contentUrl\":\"https:\/\/emdatec.de\/wp-content\/uploads\/2023\/07\/emda-aluflex.320x180.jpg\"},{\"@type\":\"WebSite\",\"@id\":\"https:\/\/emdatec.de\/de\/#website\",\"url\":\"https:\/\/emdatec.de\/de\/\",\"name\":\"Emdatec\",\"description\":\"\",\"publisher\":{\"@id\":\"https:\/\/emdatec.de\/de\/#organization\"},\"potentialAction\":[{\"@type\":\"SearchAction\",\"target\":{\"@type\":\"EntryPoint\",\"urlTemplate\":\"https:\/\/emdatec.de\/de\/?s={search_term_string}\"},\"query-input\":{\"@type\":\"PropertyValueSpecification\",\"valueRequired\":true,\"valueName\":\"search_term_string\"}}],\"inLanguage\":\"de\"},{\"@type\":\"Organization\",\"@id\":\"https:\/\/emdatec.de\/de\/#organization\",\"name\":\"EMDATEC GmbH\",\"url\":\"https:\/\/emdatec.de\/de\/\",\"logo\":{\"@type\":\"ImageObject\",\"inLanguage\":\"de\",\"@id\":\"https:\/\/emdatec.de\/de\/#\/schema\/logo\/image\/\",\"url\":\"https:\/\/emdatec.de\/wp-content\/uploads\/2023\/07\/logo.png\",\"contentUrl\":\"https:\/\/emdatec.de\/wp-content\/uploads\/2023\/07\/logo.png\",\"width\":758,\"height\":289,\"caption\":\"EMDATEC GmbH\"},\"image\":{\"@id\":\"https:\/\/emdatec.de\/de\/#\/schema\/logo\/image\/\"},\"sameAs\":[\"https:\/\/www.facebook.com\/people\/Emdatec-GmbH\/100054446773033\/?locale=de_DE\"]}]}<\/script>\n<!-- \/ Yoast SEO plugin. -->","yoast_head_json":{"title":"Wandanschluss f\u00fcrs Steildach - Schutz vor Feuchtigkeit | EMDATEC","description":"Finden Sie L\u00f6sungen f\u00fcr den Wandanschluss bei Steild\u00e4chern. Effektiver Schutz vor Witterungseinfl\u00fcssen und langlebige Dichtungen f\u00fcr Ihr Dach.","robots":{"index":"index","follow":"follow","max-snippet":"max-snippet:-1","max-image-preview":"max-image-preview:large","max-video-preview":"max-video-preview:-1"},"canonical":"https:\/\/emdatec.de\/de\/wandanschluss-steildach\/","og_locale":"de_DE","og_type":"article","og_title":"Wandanschluss f\u00fcrs Steildach - Schutz vor Feuchtigkeit | EMDATEC","og_description":"Finden Sie L\u00f6sungen f\u00fcr den Wandanschluss bei Steild\u00e4chern. Effektiver Schutz vor Witterungseinfl\u00fcssen und langlebige Dichtungen f\u00fcr Ihr Dach.","og_url":"https:\/\/emdatec.de\/de\/wandanschluss-steildach\/","og_site_name":"Emdatec","article_publisher":"https:\/\/www.facebook.com\/people\/Emdatec-GmbH\/100054446773033\/?locale=de_DE","article_modified_time":"2024-08-20T11:26:18+00:00","og_image":[{"url":"https:\/\/emdatec.de\/wp-content\/uploads\/2023\/07\/emda-aluflex.320x180.jpg","type":"","width":"","height":""}],"twitter_card":"summary_large_image","twitter_misc":{"Gesch\u00e4tzte Lesezeit":"3\u00a0Minuten"},"schema":{"@context":"https:\/\/schema.org","@graph":[{"@type":"WebPage","@id":"https:\/\/emdatec.de\/de\/wandanschluss-steildach\/","url":"https:\/\/emdatec.de\/de\/wandanschluss-steildach\/","name":"Wandanschluss f\u00fcrs Steildach - Schutz vor Feuchtigkeit | EMDATEC","isPartOf":{"@id":"https:\/\/emdatec.de\/de\/#website"},"primaryImageOfPage":{"@id":"https:\/\/emdatec.de\/de\/wandanschluss-steildach\/#primaryimage"},"image":{"@id":"https:\/\/emdatec.de\/de\/wandanschluss-steildach\/#primaryimage"},"thumbnailUrl":"https:\/\/emdatec.de\/wp-content\/uploads\/2023\/07\/emda-aluflex.320x180.jpg","datePublished":"2024-08-20T11:23:30+00:00","dateModified":"2024-08-20T11:26:18+00:00","description":"Finden Sie L\u00f6sungen f\u00fcr den Wandanschluss bei Steild\u00e4chern. Effektiver Schutz vor Witterungseinfl\u00fcssen und langlebige Dichtungen f\u00fcr Ihr Dach.","inLanguage":"de","potentialAction":[{"@type":"ReadAction","target":["https:\/\/emdatec.de\/de\/wandanschluss-steildach\/"]}]},{"@type":"ImageObject","inLanguage":"de","@id":"https:\/\/emdatec.de\/de\/wandanschluss-steildach\/#primaryimage","url":"https:\/\/emdatec.de\/wp-content\/uploads\/2023\/07\/emda-aluflex.320x180.jpg","contentUrl":"https:\/\/emdatec.de\/wp-content\/uploads\/2023\/07\/emda-aluflex.320x180.jpg"},{"@type":"WebSite","@id":"https:\/\/emdatec.de\/de\/#website","url":"https:\/\/emdatec.de\/de\/","name":"Emdatec","description":"","publisher":{"@id":"https:\/\/emdatec.de\/de\/#organization"},"potentialAction":[{"@type":"SearchAction","target":{"@type":"EntryPoint","urlTemplate":"https:\/\/emdatec.de\/de\/?s={search_term_string}"},"query-input":{"@type":"PropertyValueSpecification","valueRequired":true,"valueName":"search_term_string"}}],"inLanguage":"de"},{"@type":"Organization","@id":"https:\/\/emdatec.de\/de\/#organization","name":"EMDATEC GmbH","url":"https:\/\/emdatec.de\/de\/","logo":{"@type":"ImageObject","inLanguage":"de","@id":"https:\/\/emdatec.de\/de\/#\/schema\/logo\/image\/","url":"https:\/\/emdatec.de\/wp-content\/uploads\/2023\/07\/logo.png","contentUrl":"https:\/\/emdatec.de\/wp-content\/uploads\/2023\/07\/logo.png","width":758,"height":289,"caption":"EMDATEC GmbH"},"image":{"@id":"https:\/\/emdatec.de\/de\/#\/schema\/logo\/image\/"},"sameAs":["https:\/\/www.facebook.com\/people\/Emdatec-GmbH\/100054446773033\/?locale=de_DE"]}]}},"_links":{"self":[{"href":"https:\/\/emdatec.de\/de\/wp-json\/wp\/v2\/pages\/9126","targetHints":{"allow":["GET"]}}],"collection":[{"href":"https:\/\/emdatec.de\/de\/wp-json\/wp\/v2\/pages"}],"about":[{"href":"https:\/\/emdatec.de\/de\/wp-json\/wp\/v2\/types\/page"}],"author":[{"embeddable":true,"href":"https:\/\/emdatec.de\/de\/wp-json\/wp\/v2\/users\/1"}],"replies":[{"embeddable":true,"href":"https:\/\/emdatec.de\/de\/wp-json\/wp\/v2\/comments?post=9126"}],"version-history":[{"count":4,"href":"https:\/\/emdatec.de\/de\/wp-json\/wp\/v2\/pages\/9126\/revisions"}],"predecessor-version":[{"id":9137,"href":"https:\/\/emdatec.de\/de\/wp-json\/wp\/v2\/pages\/9126\/revisions\/9137"}],"wp:attachment":[{"href":"https:\/\/emdatec.de\/de\/wp-json\/wp\/v2\/media?parent=9126"}],"curies":[{"name":"wp","href":"https:\/\/api.w.org\/{rel}","templated":true}]}}