{"id":94,"date":"2023-07-26T07:39:38","date_gmt":"2023-07-26T07:39:38","guid":{"rendered":"https:\/\/emdatec.de\/?page_id=94"},"modified":"2023-12-29T22:32:46","modified_gmt":"2023-12-29T22:32:46","slug":"dachunterspannbahn","status":"publish","type":"page","link":"https:\/\/emdatec.de\/de\/dachunterspannbahn\/","title":{"rendered":"Dachunterspannbahn"},"content":{"rendered":"\t\t<div data-elementor-type=\"wp-page\" data-elementor-id=\"94\" class=\"elementor elementor-94\" data-elementor-post-type=\"page\">\n\t\t\t\t\t\t<section class=\"elementor-section elementor-top-section elementor-element elementor-element-7d32f9e9 elementor-section-boxed elementor-section-height-default elementor-section-height-default\" data-id=\"7d32f9e9\" data-element_type=\"section\" data-e-type=\"section\">\n\t\t\t\t\t\t<div class=\"elementor-container elementor-column-gap-default\">\n\t\t\t\t\t<div class=\"elementor-column elementor-col-100 elementor-top-column elementor-element elementor-element-5bc41044\" data-id=\"5bc41044\" data-element_type=\"column\" data-e-type=\"column\">\n\t\t\t<div class=\"elementor-widget-wrap elementor-element-populated\">\n\t\t\t\t\t\t<section class=\"elementor-section elementor-inner-section elementor-element elementor-element-6f43ee7f elementor-section-boxed elementor-section-height-default elementor-section-height-default\" data-id=\"6f43ee7f\" data-element_type=\"section\" data-e-type=\"section\">\n\t\t\t\t\t\t<div class=\"elementor-container elementor-column-gap-default\">\n\t\t\t\t\t<div class=\"elementor-column elementor-col-16 elementor-inner-column elementor-element elementor-element-755b51b\" data-id=\"755b51b\" data-element_type=\"column\" data-e-type=\"column\">\n\t\t\t<div class=\"elementor-widget-wrap elementor-element-populated\">\n\t\t\t\t\t\t<div class=\"elementor-element elementor-element-73dab83 elementor-widget elementor-widget-image\" data-id=\"73dab83\" data-element_type=\"widget\" data-e-type=\"widget\" data-widget_type=\"image.default\">\n\t\t\t\t<div class=\"elementor-widget-container\">\n\t\t\t\t\t\t\t\t\t\t\t\t\t\t\t\t<a href=\"https:\/\/emdatec.de\/de\/dachunterspannbahn\/produkt-test-seite\/\">\n\t\t\t\t\t\t\t<img fetchpriority=\"high\" decoding=\"async\" width=\"500\" height=\"282\" src=\"https:\/\/emdatec.de\/wp-content\/uploads\/2023\/07\/300.jpg\" class=\"attachment-large size-large wp-image-1671\" alt=\"\" srcset=\"https:\/\/emdatec.de\/wp-content\/uploads\/2023\/07\/300.jpg 500w, https:\/\/emdatec.de\/wp-content\/uploads\/2023\/07\/300-300x169.jpg 300w\" sizes=\"(max-width: 500px) 100vw, 500px\" \/>\t\t\t\t\t\t\t\t<\/a>\n\t\t\t\t\t\t\t\t\t\t\t\t\t\t\t<\/div>\n\t\t\t\t<\/div>\n\t\t\t\t<div class=\"elementor-element elementor-element-1b8a923 elementor-widget elementor-widget-heading\" data-id=\"1b8a923\" data-element_type=\"widget\" data-e-type=\"widget\" data-widget_type=\"heading.default\">\n\t\t\t\t<div class=\"elementor-widget-container\">\n\t\t\t\t\t<h2 class=\"elementor-heading-title elementor-size-default\"><a href=\"https:\/\/emdatec.de\/de\/dachunterspannbahn\/produkt-test-seite\/\">EMDA US 300 STRONG<\/a><\/h2>\t\t\t\t<\/div>\n\t\t\t\t<\/div>\n\t\t\t\t<div class=\"elementor-element elementor-element-7d18d41 elementor-widget elementor-widget-text-editor\" data-id=\"7d18d41\" data-element_type=\"widget\" data-e-type=\"widget\" data-widget_type=\"text-editor.default\">\n\t\t\t\t<div class=\"elementor-widget-container\">\n\t\t\t\t\t\t\t\t\t<a href=\"https:\/\/emdatec.de\/de\/dachunterspannbahn\/produkt-test-seite\/\">Mit Spezial-Funktionsmembran<\/a>\t\t\t\t\t\t\t\t<\/div>\n\t\t\t\t<\/div>\n\t\t\t\t\t<\/div>\n\t\t<\/div>\n\t\t\t\t<div class=\"elementor-column elementor-col-16 elementor-inner-column elementor-element elementor-element-a755e3f\" data-id=\"a755e3f\" data-element_type=\"column\" data-e-type=\"column\">\n\t\t\t<div class=\"elementor-widget-wrap elementor-element-populated\">\n\t\t\t\t\t\t<div class=\"elementor-element elementor-element-090b65d elementor-widget elementor-widget-image\" data-id=\"090b65d\" data-element_type=\"widget\" data-e-type=\"widget\" data-widget_type=\"image.default\">\n\t\t\t\t<div class=\"elementor-widget-container\">\n\t\t\t\t\t\t\t\t\t\t\t\t\t\t\t\t<a href=\"https:\/\/emdatec.de\/de\/dachunterspannbahn\/produkt-1\/\">\n\t\t\t\t\t\t\t<img decoding=\"async\" width=\"500\" height=\"282\" src=\"https:\/\/emdatec.de\/wp-content\/uploads\/2023\/07\/emda-premio-180.jpg\" class=\"attachment-large size-large wp-image-1672\" alt=\"\" srcset=\"https:\/\/emdatec.de\/wp-content\/uploads\/2023\/07\/emda-premio-180.jpg 500w, https:\/\/emdatec.de\/wp-content\/uploads\/2023\/07\/emda-premio-180-300x169.jpg 300w\" sizes=\"(max-width: 500px) 100vw, 500px\" \/>\t\t\t\t\t\t\t\t<\/a>\n\t\t\t\t\t\t\t\t\t\t\t\t\t\t\t<\/div>\n\t\t\t\t<\/div>\n\t\t\t\t<div class=\"elementor-element elementor-element-abdd160 elementor-widget elementor-widget-heading\" data-id=\"abdd160\" data-element_type=\"widget\" data-e-type=\"widget\" data-widget_type=\"heading.default\">\n\t\t\t\t<div class=\"elementor-widget-container\">\n\t\t\t\t\t<h2 class=\"elementor-heading-title elementor-size-default\"><a href=\"https:\/\/emdatec.de\/de\/dachunterspannbahn\/produkt-1\/\">EMDA PREMIO US 180<\/a><\/h2>\t\t\t\t<\/div>\n\t\t\t\t<\/div>\n\t\t\t\t<div class=\"elementor-element elementor-element-e724b98 elementor-widget elementor-widget-text-editor\" data-id=\"e724b98\" data-element_type=\"widget\" data-e-type=\"widget\" data-widget_type=\"text-editor.default\">\n\t\t\t\t<div class=\"elementor-widget-container\">\n\t\t\t\t\t\t\t\t\t<p><a href=\"https:\/\/emdatec.de\/de\/dachunterspannbahn\/produkt-1\/\">3-lagige Dachunterspannbahn<\/a><\/p>\t\t\t\t\t\t\t\t<\/div>\n\t\t\t\t<\/div>\n\t\t\t\t\t<\/div>\n\t\t<\/div>\n\t\t\t\t<div class=\"elementor-column elementor-col-16 elementor-inner-column elementor-element elementor-element-c97162b\" data-id=\"c97162b\" data-element_type=\"column\" data-e-type=\"column\">\n\t\t\t<div class=\"elementor-widget-wrap elementor-element-populated\">\n\t\t\t\t\t\t<div class=\"elementor-element elementor-element-29b59db elementor-widget elementor-widget-image\" data-id=\"29b59db\" data-element_type=\"widget\" data-e-type=\"widget\" data-widget_type=\"image.default\">\n\t\t\t\t<div class=\"elementor-widget-container\">\n\t\t\t\t\t\t\t\t\t\t\t\t\t\t\t\t<a href=\"https:\/\/emdatec.de\/de\/dachunterspannbahn\/emda-premio-us-150\/\">\n\t\t\t\t\t\t\t<img decoding=\"async\" width=\"500\" height=\"282\" src=\"https:\/\/emdatec.de\/wp-content\/uploads\/2023\/07\/emda-premio150.jpg\" class=\"attachment-large size-large wp-image-1673\" alt=\"\" srcset=\"https:\/\/emdatec.de\/wp-content\/uploads\/2023\/07\/emda-premio150.jpg 500w, https:\/\/emdatec.de\/wp-content\/uploads\/2023\/07\/emda-premio150-300x169.jpg 300w\" sizes=\"(max-width: 500px) 100vw, 500px\" \/>\t\t\t\t\t\t\t\t<\/a>\n\t\t\t\t\t\t\t\t\t\t\t\t\t\t\t<\/div>\n\t\t\t\t<\/div>\n\t\t\t\t<div class=\"elementor-element elementor-element-7aa01d3 elementor-widget elementor-widget-heading\" data-id=\"7aa01d3\" data-element_type=\"widget\" data-e-type=\"widget\" data-widget_type=\"heading.default\">\n\t\t\t\t<div class=\"elementor-widget-container\">\n\t\t\t\t\t<h2 class=\"elementor-heading-title elementor-size-default\"><a href=\"https:\/\/emdatec.de\/de\/dachunterspannbahn\/emda-premio-us-150\/\">EMDA PREMIO US 150<\/a><\/h2>\t\t\t\t<\/div>\n\t\t\t\t<\/div>\n\t\t\t\t<div class=\"elementor-element elementor-element-888522f elementor-widget elementor-widget-text-editor\" data-id=\"888522f\" data-element_type=\"widget\" data-e-type=\"widget\" data-widget_type=\"text-editor.default\">\n\t\t\t\t<div class=\"elementor-widget-container\">\n\t\t\t\t\t\t\t\t\t<a href=\"https:\/\/emdatec.de\/de\/dachunterspannbahn\/emda-premio-us-150\/\">3-lagige Dachunterspannbahn<\/a>\t\t\t\t\t\t\t\t<\/div>\n\t\t\t\t<\/div>\n\t\t\t\t\t<\/div>\n\t\t<\/div>\n\t\t\t\t<div class=\"elementor-column elementor-col-16 elementor-inner-column elementor-element elementor-element-f032987\" data-id=\"f032987\" data-element_type=\"column\" data-e-type=\"column\">\n\t\t\t<div class=\"elementor-widget-wrap elementor-element-populated\">\n\t\t\t\t\t\t<div class=\"elementor-element elementor-element-dc7ef2b elementor-widget elementor-widget-image\" data-id=\"dc7ef2b\" data-element_type=\"widget\" data-e-type=\"widget\" data-widget_type=\"image.default\">\n\t\t\t\t<div class=\"elementor-widget-container\">\n\t\t\t\t\t\t\t\t\t\t\t\t\t\t\t\t<a href=\"https:\/\/emdatec.de\/de\/dachunterspannbahn\/emda-premio-us-130\/\">\n\t\t\t\t\t\t\t<img loading=\"lazy\" decoding=\"async\" width=\"500\" height=\"282\" src=\"https:\/\/emdatec.de\/wp-content\/uploads\/2023\/07\/emda-premio130.jpg\" class=\"attachment-large size-large wp-image-1674\" alt=\"\" srcset=\"https:\/\/emdatec.de\/wp-content\/uploads\/2023\/07\/emda-premio130.jpg 500w, https:\/\/emdatec.de\/wp-content\/uploads\/2023\/07\/emda-premio130-300x169.jpg 300w\" sizes=\"(max-width: 500px) 100vw, 500px\" \/>\t\t\t\t\t\t\t\t<\/a>\n\t\t\t\t\t\t\t\t\t\t\t\t\t\t\t<\/div>\n\t\t\t\t<\/div>\n\t\t\t\t<div class=\"elementor-element elementor-element-69d94c8 elementor-widget elementor-widget-heading\" data-id=\"69d94c8\" data-element_type=\"widget\" data-e-type=\"widget\" data-widget_type=\"heading.default\">\n\t\t\t\t<div class=\"elementor-widget-container\">\n\t\t\t\t\t<h2 class=\"elementor-heading-title elementor-size-default\"><a href=\"https:\/\/emdatec.de\/de\/dachunterspannbahn\/emda-premio-us-130\/\">EMDA PREMIO US 130<\/a><\/h2>\t\t\t\t<\/div>\n\t\t\t\t<\/div>\n\t\t\t\t<div class=\"elementor-element elementor-element-e5fc0aa elementor-widget elementor-widget-text-editor\" data-id=\"e5fc0aa\" data-element_type=\"widget\" data-e-type=\"widget\" data-widget_type=\"text-editor.default\">\n\t\t\t\t<div class=\"elementor-widget-container\">\n\t\t\t\t\t\t\t\t\t<p><a href=\"https:\/\/emdatec.de\/de\/dachunterspannbahn\/emda-premio-us-130\/\">3-lagige Dachunterspannbahn<\/a><\/p>\t\t\t\t\t\t\t\t<\/div>\n\t\t\t\t<\/div>\n\t\t\t\t\t<\/div>\n\t\t<\/div>\n\t\t\t\t<div class=\"elementor-column elementor-col-16 elementor-inner-column elementor-element elementor-element-2c1cdf4\" data-id=\"2c1cdf4\" data-element_type=\"column\" data-e-type=\"column\">\n\t\t\t<div class=\"elementor-widget-wrap elementor-element-populated\">\n\t\t\t\t\t\t<div class=\"elementor-element elementor-element-4c751d0 elementor-widget elementor-widget-image\" data-id=\"4c751d0\" data-element_type=\"widget\" data-e-type=\"widget\" data-widget_type=\"image.default\">\n\t\t\t\t<div class=\"elementor-widget-container\">\n\t\t\t\t\t\t\t\t\t\t\t\t\t\t\t\t<a href=\"https:\/\/emdatec.de\/de\/dachunterspannbahn\/emda-premio-fs-120\/\">\n\t\t\t\t\t\t\t<img loading=\"lazy\" decoding=\"async\" width=\"500\" height=\"282\" src=\"https:\/\/emdatec.de\/wp-content\/uploads\/2023\/07\/emda-premio-fs120.500x282.jpg\" class=\"attachment-large size-large wp-image-1675\" alt=\"\" srcset=\"https:\/\/emdatec.de\/wp-content\/uploads\/2023\/07\/emda-premio-fs120.500x282.jpg 500w, https:\/\/emdatec.de\/wp-content\/uploads\/2023\/07\/emda-premio-fs120.500x282-300x169.jpg 300w\" sizes=\"(max-width: 500px) 100vw, 500px\" \/>\t\t\t\t\t\t\t\t<\/a>\n\t\t\t\t\t\t\t\t\t\t\t\t\t\t\t<\/div>\n\t\t\t\t<\/div>\n\t\t\t\t<div class=\"elementor-element elementor-element-b94739b elementor-widget elementor-widget-heading\" data-id=\"b94739b\" data-element_type=\"widget\" data-e-type=\"widget\" data-widget_type=\"heading.default\">\n\t\t\t\t<div class=\"elementor-widget-container\">\n\t\t\t\t\t<h2 class=\"elementor-heading-title elementor-size-default\"><a href=\"https:\/\/emdatec.de\/de\/dachunterspannbahn\/emda-premio-fs-120\/\">EMDA PREMIO FS 120<\/a><\/h2>\t\t\t\t<\/div>\n\t\t\t\t<\/div>\n\t\t\t\t<div class=\"elementor-element elementor-element-4f3b9d7 elementor-widget elementor-widget-text-editor\" data-id=\"4f3b9d7\" data-element_type=\"widget\" data-e-type=\"widget\" data-widget_type=\"text-editor.default\">\n\t\t\t\t<div class=\"elementor-widget-container\">\n\t\t\t\t\t\t\t\t\t<p><a href=\"https:\/\/emdatec.de\/de\/dachunterspannbahn\/emda-premio-fs-120\/\">2 \u2013 lagige Fassadenbahn<\/a><\/p>\t\t\t\t\t\t\t\t<\/div>\n\t\t\t\t<\/div>\n\t\t\t\t\t<\/div>\n\t\t<\/div>\n\t\t\t\t<div class=\"elementor-column elementor-col-16 elementor-inner-column elementor-element elementor-element-fb575e1\" data-id=\"fb575e1\" data-element_type=\"column\" data-e-type=\"column\">\n\t\t\t<div class=\"elementor-widget-wrap elementor-element-populated\">\n\t\t\t\t\t\t<div class=\"elementor-element elementor-element-78cae99 elementor-widget elementor-widget-image\" data-id=\"78cae99\" data-element_type=\"widget\" data-e-type=\"widget\" data-widget_type=\"image.default\">\n\t\t\t\t<div class=\"elementor-widget-container\">\n\t\t\t\t\t\t\t\t\t\t\t\t\t\t\t\t<a href=\"https:\/\/emdatec.de\/de\/dachunterspannbahn\/emda-dbs\/\">\n\t\t\t\t\t\t\t<img loading=\"lazy\" decoding=\"async\" width=\"500\" height=\"282\" src=\"https:\/\/emdatec.de\/wp-content\/uploads\/2023\/07\/dbs-dampfbremse.500x282.jpg\" class=\"attachment-large size-large wp-image-1676\" alt=\"\" srcset=\"https:\/\/emdatec.de\/wp-content\/uploads\/2023\/07\/dbs-dampfbremse.500x282.jpg 500w, https:\/\/emdatec.de\/wp-content\/uploads\/2023\/07\/dbs-dampfbremse.500x282-300x169.jpg 300w\" sizes=\"(max-width: 500px) 100vw, 500px\" \/>\t\t\t\t\t\t\t\t<\/a>\n\t\t\t\t\t\t\t\t\t\t\t\t\t\t\t<\/div>\n\t\t\t\t<\/div>\n\t\t\t\t<div class=\"elementor-element elementor-element-ceba8e9 elementor-widget elementor-widget-heading\" data-id=\"ceba8e9\" data-element_type=\"widget\" data-e-type=\"widget\" data-widget_type=\"heading.default\">\n\t\t\t\t<div class=\"elementor-widget-container\">\n\t\t\t\t\t<h2 class=\"elementor-heading-title elementor-size-default\"><a href=\"https:\/\/emdatec.de\/de\/dachunterspannbahn\/emda-dbs\/\">EMDA DBS<\/a><\/h2>\t\t\t\t<\/div>\n\t\t\t\t<\/div>\n\t\t\t\t<div class=\"elementor-element elementor-element-56dda7c elementor-widget elementor-widget-text-editor\" data-id=\"56dda7c\" data-element_type=\"widget\" data-e-type=\"widget\" data-widget_type=\"text-editor.default\">\n\t\t\t\t<div class=\"elementor-widget-container\">\n\t\t\t\t\t\t\t\t\t<p><a href=\"https:\/\/emdatec.de\/de\/dachunterspannbahn\/emda-dbs\/\">2-lagige Dampfbremse<\/a><\/p>\t\t\t\t\t\t\t\t<\/div>\n\t\t\t\t<\/div>\n\t\t\t\t\t<\/div>\n\t\t<\/div>\n\t\t\t\t\t<\/div>\n\t\t<\/section>\n\t\t\t\t<div class=\"elementor-element elementor-element-5e6f58c elementor-widget elementor-widget-spacer\" data-id=\"5e6f58c\" data-element_type=\"widget\" data-e-type=\"widget\" data-widget_type=\"spacer.default\">\n\t\t\t\t<div class=\"elementor-widget-container\">\n\t\t\t\t\t\t\t<div class=\"elementor-spacer\">\n\t\t\t<div class=\"elementor-spacer-inner\"><\/div>\n\t\t<\/div>\n\t\t\t\t\t\t<\/div>\n\t\t\t\t<\/div>\n\t\t\t\t\t<\/div>\n\t\t<\/div>\n\t\t\t\t\t<\/div>\n\t\t<\/section>\n\t\t\t\t<\/div>\n\t\t","protected":false},"excerpt":{"rendered":"<p>EMDA US 300 STRONG Mit Spezial-Funktionsmembran EMDA PREMIO US 180 3-lagige Dachunterspannbahn EMDA PREMIO US 150 3-lagige Dachunterspannbahn EMDA PREMIO US 130 3-lagige Dachunterspannbahn EMDA PREMIO FS 120 2 \u2013 lagige Fassadenbahn EMDA DBS 2-lagige Dampfbremse<\/p>\n","protected":false},"author":1,"featured_media":0,"parent":29,"menu_order":0,"comment_status":"closed","ping_status":"closed","template":"","meta":{"_acf_changed":false,"footnotes":""},"class_list":["post-94","page","type-page","status-publish","hentry"],"acf":[],"yoast_head":"<!-- This site is optimized with the Yoast SEO plugin v27.2 - https:\/\/yoast.com\/product\/yoast-seo-wordpress\/ -->\n<title>Dachunterspannbahn - Qualit\u00e4t f\u00fcr Ihr Dach | EMDATEC<\/title>\n<meta name=\"description\" content=\"Erfahren Sie mehr \u00fcber unsere hochwertige Dachunterspannbahn. EMDATEC bietet zuverl\u00e4ssige L\u00f6sungen f\u00fcr Dachabdichtung und Schutz. Jetzt informieren!\" \/>\n<meta name=\"robots\" content=\"index, follow, max-snippet:-1, max-image-preview:large, max-video-preview:-1\" \/>\n<link rel=\"canonical\" href=\"https:\/\/emdatec.de\/de\/dachunterspannbahn\/\" \/>\n<meta property=\"og:locale\" content=\"de_DE\" \/>\n<meta property=\"og:type\" content=\"article\" \/>\n<meta property=\"og:title\" content=\"Dachunterspannbahn - Qualit\u00e4t f\u00fcr Ihr Dach | EMDATEC\" \/>\n<meta property=\"og:description\" content=\"Erfahren Sie mehr \u00fcber unsere hochwertige Dachunterspannbahn. EMDATEC bietet zuverl\u00e4ssige L\u00f6sungen f\u00fcr Dachabdichtung und Schutz. Jetzt informieren!\" \/>\n<meta property=\"og:url\" content=\"https:\/\/emdatec.de\/de\/dachunterspannbahn\/\" \/>\n<meta property=\"og:site_name\" content=\"Emdatec\" \/>\n<meta property=\"article:publisher\" content=\"https:\/\/www.facebook.com\/people\/Emdatec-GmbH\/100054446773033\/?locale=de_DE\" \/>\n<meta property=\"article:modified_time\" content=\"2023-12-29T22:32:46+00:00\" \/>\n<meta property=\"og:image\" content=\"https:\/\/emdatec.de\/wp-content\/uploads\/2023\/07\/300.jpg\" \/>\n<meta name=\"twitter:card\" content=\"summary_large_image\" \/>\n<meta name=\"twitter:label1\" content=\"Gesch\u00e4tzte Lesezeit\" \/>\n\t<meta name=\"twitter:data1\" content=\"2\u00a0Minuten\" \/>\n<script type=\"application\/ld+json\" class=\"yoast-schema-graph\">{\"@context\":\"https:\/\/schema.org\",\"@graph\":[{\"@type\":\"WebPage\",\"@id\":\"https:\/\/emdatec.de\/de\/dachunterspannbahn\/\",\"url\":\"https:\/\/emdatec.de\/de\/dachunterspannbahn\/\",\"name\":\"Dachunterspannbahn - Qualit\u00e4t f\u00fcr Ihr Dach | EMDATEC\",\"isPartOf\":{\"@id\":\"https:\/\/emdatec.de\/de\/#website\"},\"primaryImageOfPage\":{\"@id\":\"https:\/\/emdatec.de\/de\/dachunterspannbahn\/#primaryimage\"},\"image\":{\"@id\":\"https:\/\/emdatec.de\/de\/dachunterspannbahn\/#primaryimage\"},\"thumbnailUrl\":\"https:\/\/emdatec.de\/wp-content\/uploads\/2023\/07\/300.jpg\",\"datePublished\":\"2023-07-26T07:39:38+00:00\",\"dateModified\":\"2023-12-29T22:32:46+00:00\",\"description\":\"Erfahren Sie mehr \u00fcber unsere hochwertige Dachunterspannbahn. EMDATEC bietet zuverl\u00e4ssige L\u00f6sungen f\u00fcr Dachabdichtung und Schutz. Jetzt informieren!\",\"breadcrumb\":{\"@id\":\"https:\/\/emdatec.de\/de\/dachunterspannbahn\/#breadcrumb\"},\"inLanguage\":\"de\",\"potentialAction\":[{\"@type\":\"ReadAction\",\"target\":[\"https:\/\/emdatec.de\/de\/dachunterspannbahn\/\"]}]},{\"@type\":\"ImageObject\",\"inLanguage\":\"de\",\"@id\":\"https:\/\/emdatec.de\/de\/dachunterspannbahn\/#primaryimage\",\"url\":\"https:\/\/emdatec.de\/wp-content\/uploads\/2023\/07\/300.jpg\",\"contentUrl\":\"https:\/\/emdatec.de\/wp-content\/uploads\/2023\/07\/300.jpg\"},{\"@type\":\"BreadcrumbList\",\"@id\":\"https:\/\/emdatec.de\/de\/dachunterspannbahn\/#breadcrumb\",\"itemListElement\":[{\"@type\":\"ListItem\",\"position\":1,\"name\":\"Start\",\"item\":\"https:\/\/emdatec.de\/de\/\"},{\"@type\":\"ListItem\",\"position\":2,\"name\":\"Steildach\",\"item\":\"https:\/\/emdatec.de\/de\/steildach\/\"},{\"@type\":\"ListItem\",\"position\":3,\"name\":\"Dachunterspannbahn\"}]},{\"@type\":\"WebSite\",\"@id\":\"https:\/\/emdatec.de\/de\/#website\",\"url\":\"https:\/\/emdatec.de\/de\/\",\"name\":\"Emdatec\",\"description\":\"\",\"publisher\":{\"@id\":\"https:\/\/emdatec.de\/de\/#organization\"},\"potentialAction\":[{\"@type\":\"SearchAction\",\"target\":{\"@type\":\"EntryPoint\",\"urlTemplate\":\"https:\/\/emdatec.de\/de\/?s={search_term_string}\"},\"query-input\":{\"@type\":\"PropertyValueSpecification\",\"valueRequired\":true,\"valueName\":\"search_term_string\"}}],\"inLanguage\":\"de\"},{\"@type\":\"Organization\",\"@id\":\"https:\/\/emdatec.de\/de\/#organization\",\"name\":\"EMDATEC GmbH\",\"url\":\"https:\/\/emdatec.de\/de\/\",\"logo\":{\"@type\":\"ImageObject\",\"inLanguage\":\"de\",\"@id\":\"https:\/\/emdatec.de\/de\/#\/schema\/logo\/image\/\",\"url\":\"https:\/\/emdatec.de\/wp-content\/uploads\/2023\/07\/logo.png\",\"contentUrl\":\"https:\/\/emdatec.de\/wp-content\/uploads\/2023\/07\/logo.png\",\"width\":758,\"height\":289,\"caption\":\"EMDATEC GmbH\"},\"image\":{\"@id\":\"https:\/\/emdatec.de\/de\/#\/schema\/logo\/image\/\"},\"sameAs\":[\"https:\/\/www.facebook.com\/people\/Emdatec-GmbH\/100054446773033\/?locale=de_DE\"]}]}<\/script>\n<!-- \/ Yoast SEO plugin. -->","yoast_head_json":{"title":"Dachunterspannbahn - Qualit\u00e4t f\u00fcr Ihr Dach | EMDATEC","description":"Erfahren Sie mehr \u00fcber unsere hochwertige Dachunterspannbahn. EMDATEC bietet zuverl\u00e4ssige L\u00f6sungen f\u00fcr Dachabdichtung und Schutz. Jetzt informieren!","robots":{"index":"index","follow":"follow","max-snippet":"max-snippet:-1","max-image-preview":"max-image-preview:large","max-video-preview":"max-video-preview:-1"},"canonical":"https:\/\/emdatec.de\/de\/dachunterspannbahn\/","og_locale":"de_DE","og_type":"article","og_title":"Dachunterspannbahn - Qualit\u00e4t f\u00fcr Ihr Dach | EMDATEC","og_description":"Erfahren Sie mehr \u00fcber unsere hochwertige Dachunterspannbahn. EMDATEC bietet zuverl\u00e4ssige L\u00f6sungen f\u00fcr Dachabdichtung und Schutz. Jetzt informieren!","og_url":"https:\/\/emdatec.de\/de\/dachunterspannbahn\/","og_site_name":"Emdatec","article_publisher":"https:\/\/www.facebook.com\/people\/Emdatec-GmbH\/100054446773033\/?locale=de_DE","article_modified_time":"2023-12-29T22:32:46+00:00","og_image":[{"url":"https:\/\/emdatec.de\/wp-content\/uploads\/2023\/07\/300.jpg","type":"","width":"","height":""}],"twitter_card":"summary_large_image","twitter_misc":{"Gesch\u00e4tzte Lesezeit":"2\u00a0Minuten"},"schema":{"@context":"https:\/\/schema.org","@graph":[{"@type":"WebPage","@id":"https:\/\/emdatec.de\/de\/dachunterspannbahn\/","url":"https:\/\/emdatec.de\/de\/dachunterspannbahn\/","name":"Dachunterspannbahn - Qualit\u00e4t f\u00fcr Ihr Dach | EMDATEC","isPartOf":{"@id":"https:\/\/emdatec.de\/de\/#website"},"primaryImageOfPage":{"@id":"https:\/\/emdatec.de\/de\/dachunterspannbahn\/#primaryimage"},"image":{"@id":"https:\/\/emdatec.de\/de\/dachunterspannbahn\/#primaryimage"},"thumbnailUrl":"https:\/\/emdatec.de\/wp-content\/uploads\/2023\/07\/300.jpg","datePublished":"2023-07-26T07:39:38+00:00","dateModified":"2023-12-29T22:32:46+00:00","description":"Erfahren Sie mehr \u00fcber unsere hochwertige Dachunterspannbahn. EMDATEC bietet zuverl\u00e4ssige L\u00f6sungen f\u00fcr Dachabdichtung und Schutz. Jetzt informieren!","breadcrumb":{"@id":"https:\/\/emdatec.de\/de\/dachunterspannbahn\/#breadcrumb"},"inLanguage":"de","potentialAction":[{"@type":"ReadAction","target":["https:\/\/emdatec.de\/de\/dachunterspannbahn\/"]}]},{"@type":"ImageObject","inLanguage":"de","@id":"https:\/\/emdatec.de\/de\/dachunterspannbahn\/#primaryimage","url":"https:\/\/emdatec.de\/wp-content\/uploads\/2023\/07\/300.jpg","contentUrl":"https:\/\/emdatec.de\/wp-content\/uploads\/2023\/07\/300.jpg"},{"@type":"BreadcrumbList","@id":"https:\/\/emdatec.de\/de\/dachunterspannbahn\/#breadcrumb","itemListElement":[{"@type":"ListItem","position":1,"name":"Start","item":"https:\/\/emdatec.de\/de\/"},{"@type":"ListItem","position":2,"name":"Steildach","item":"https:\/\/emdatec.de\/de\/steildach\/"},{"@type":"ListItem","position":3,"name":"Dachunterspannbahn"}]},{"@type":"WebSite","@id":"https:\/\/emdatec.de\/de\/#website","url":"https:\/\/emdatec.de\/de\/","name":"Emdatec","description":"","publisher":{"@id":"https:\/\/emdatec.de\/de\/#organization"},"potentialAction":[{"@type":"SearchAction","target":{"@type":"EntryPoint","urlTemplate":"https:\/\/emdatec.de\/de\/?s={search_term_string}"},"query-input":{"@type":"PropertyValueSpecification","valueRequired":true,"valueName":"search_term_string"}}],"inLanguage":"de"},{"@type":"Organization","@id":"https:\/\/emdatec.de\/de\/#organization","name":"EMDATEC GmbH","url":"https:\/\/emdatec.de\/de\/","logo":{"@type":"ImageObject","inLanguage":"de","@id":"https:\/\/emdatec.de\/de\/#\/schema\/logo\/image\/","url":"https:\/\/emdatec.de\/wp-content\/uploads\/2023\/07\/logo.png","contentUrl":"https:\/\/emdatec.de\/wp-content\/uploads\/2023\/07\/logo.png","width":758,"height":289,"caption":"EMDATEC GmbH"},"image":{"@id":"https:\/\/emdatec.de\/de\/#\/schema\/logo\/image\/"},"sameAs":["https:\/\/www.facebook.com\/people\/Emdatec-GmbH\/100054446773033\/?locale=de_DE"]}]}},"_links":{"self":[{"href":"https:\/\/emdatec.de\/de\/wp-json\/wp\/v2\/pages\/94","targetHints":{"allow":["GET"]}}],"collection":[{"href":"https:\/\/emdatec.de\/de\/wp-json\/wp\/v2\/pages"}],"about":[{"href":"https:\/\/emdatec.de\/de\/wp-json\/wp\/v2\/types\/page"}],"author":[{"embeddable":true,"href":"https:\/\/emdatec.de\/de\/wp-json\/wp\/v2\/users\/1"}],"replies":[{"embeddable":true,"href":"https:\/\/emdatec.de\/de\/wp-json\/wp\/v2\/comments?post=94"}],"version-history":[{"count":129,"href":"https:\/\/emdatec.de\/de\/wp-json\/wp\/v2\/pages\/94\/revisions"}],"predecessor-version":[{"id":7620,"href":"https:\/\/emdatec.de\/de\/wp-json\/wp\/v2\/pages\/94\/revisions\/7620"}],"up":[{"embeddable":true,"href":"https:\/\/emdatec.de\/de\/wp-json\/wp\/v2\/pages\/29"}],"wp:attachment":[{"href":"https:\/\/emdatec.de\/de\/wp-json\/wp\/v2\/media?parent=94"}],"curies":[{"name":"wp","href":"https:\/\/api.w.org\/{rel}","templated":true}]}}